{"id":4700,"date":"2021-09-26T08:55:00","date_gmt":"2021-09-26T08:55:00","guid":{"rendered":"http:\/\/www.bc-maps.com\/mapa-vectorial-eps\/cala-longa-ibiza-mapa-vectorial-illustrator-eps-ai-2\/"},"modified":"2021-09-27T18:01:35","modified_gmt":"2021-09-27T18:01:35","slug":"portinatx-ibiza-mapa-vectorial-illustrator-eps-ai","status":"publish","type":"page","link":"https:\/\/www.bc-maps.com\/mapa-vectorial-eps\/portinatx-ibiza-mapa-vectorial-illustrator-eps-ai\/","title":{"rendered":"Portinatx mapa vectorial Illustrator eps"},"content":{"rendered":"<h1>Planos y mapas vectoriales de Portinatx<\/h1>\n<h2>Mapas vectoriales editables estructurados con capas de de Portinatx<\/h2>\n<h3>Planos vectoriales de ciudades de Ibiza<\/h3>\n<p>Podemos crear cualquier tipo de mapa de la isla poblaci\u00f3n de Portinatx , planos parciales, planos generales, planos de detalle, \u2026etc.<\/p>\n<p>Los mapas se entregan en formatos editables <a href=\"http:\/\/www.adobe.es\">adobe<\/a> illustrator, eps, corel, freehand.<\/p>\n<p>El contenido de informaci\u00f3n depender\u00e1 del tama\u00f1o de la zona y la escala o medidas de reproducci\u00f3n, ya que no trabajamos con textos inferiores a 5 puntos para que sean legibles.<\/p>\n<figure id=\"attachment_4704\" aria-describedby=\"caption-attachment-4704\" style=\"width: 263px\" class=\"wp-caption alignnone\"><a href=\"http:\/\/www.bc-maps.com\/wp-content\/uploads\/2021\/09\/Portinatx-mapa-vectorial-illustrator-eps.jpg\" target=\"_blank\" rel=\"noopener\"><img loading=\"lazy\" decoding=\"async\" class=\"wp-image-4704 size-medium\" title=\"Portinatx mapa vectorial illustrator eps\" src=\"http:\/\/www.bc-maps.com\/wp-content\/uploads\/2021\/09\/Portinatx-mapa-vectorial-illustrator-eps-263x300.jpg\" alt=\"Portinatx mapa vectorial illustrator eps\" width=\"263\" height=\"300\" srcset=\"https:\/\/www.bc-maps.com\/wp-content\/uploads\/2021\/09\/Portinatx-mapa-vectorial-illustrator-eps-263x300.jpg 263w, https:\/\/www.bc-maps.com\/wp-content\/uploads\/2021\/09\/Portinatx-mapa-vectorial-illustrator-eps-896x1024.jpg 896w, https:\/\/www.bc-maps.com\/wp-content\/uploads\/2021\/09\/Portinatx-mapa-vectorial-illustrator-eps-768x878.jpg 768w, https:\/\/www.bc-maps.com\/wp-content\/uploads\/2021\/09\/Portinatx-mapa-vectorial-illustrator-eps.jpg 1156w\" sizes=\"auto, (max-width: 263px) 100vw, 263px\" \/><\/a><figcaption id=\"caption-attachment-4704\" class=\"wp-caption-text\">Portinatx mapa vectorial illustrator eps<\/figcaption><\/figure>\n<p>El contenido depender\u00e1 del tama\u00f1o de la zona y la escala o medidas de reproducci\u00f3n, no trabajamos con textos inferiores a 5 puntos para que sean legibles.<\/p>\n<p>La informaci\u00f3n disponible va desde\u00a0monumentos, lugares de inter\u00e9s y populares, museos, oficinas de turismo, centros comerciales, medios de transporte.<\/p>\n<p>Tambi\u00e9n podemos a\u00f1adir cualquier otra informaci\u00f3n pr\u00e1ctica que nos soliciten ustedes.<\/p>\n<p>Nuestros mapas est\u00e1n estructurados por medio de capas y son totalmente editables, modificables, \u00a0tanto \u00a0colores y\u00a0fuentes\/textos.<\/p>\n<p>Nuestro ficheros\u00a0son libres de derechos para cualquier reproducci\u00f3n, incluyendo nuestro copyright.<\/p>\n<p>Los maps\u00a0est\u00e1n creados con licencias oficiales de programas de Adobe, habitualmente entregamos en version CC, pero podemos entregar tambi\u00e9n en otras versiones.<\/p>\n","protected":false},"excerpt":{"rendered":"<p>Planos y mapas vectoriales de Portinatx Mapas vectoriales editables estructurados con capas de de Portinatx Planos vectoriales de ciudades de Ibiza Podemos crear cualquier tipo de mapa de la isla poblaci\u00f3n de Portinatx , planos parciales, planos generales, planos de detalle, \u2026etc. Los mapas se entregan en formatos editables adobe illustrator, eps, corel, freehand. El &hellip; <a href=\"https:\/\/www.bc-maps.com\/mapa-vectorial-eps\/portinatx-ibiza-mapa-vectorial-illustrator-eps-ai\/\" class=\"more-link\">Seguir leyendo <span class=\"screen-reader-text\">Portinatx mapa vectorial Illustrator eps<\/span> <span class=\"meta-nav\">&rarr;<\/span><\/a><\/p>\n","protected":false},"author":1,"featured_media":4704,"parent":0,"menu_order":0,"comment_status":"closed","ping_status":"closed","template":"","meta":{"footnotes":""},"class_list":["post-4700","page","type-page","status-publish","has-post-thumbnail","hentry"],"_links":{"self":[{"href":"https:\/\/www.bc-maps.com\/mapa-vectorial-eps\/wp-json\/wp\/v2\/pages\/4700","targetHints":{"allow":["GET"]}}],"collection":[{"href":"https:\/\/www.bc-maps.com\/mapa-vectorial-eps\/wp-json\/wp\/v2\/pages"}],"about":[{"href":"https:\/\/www.bc-maps.com\/mapa-vectorial-eps\/wp-json\/wp\/v2\/types\/page"}],"author":[{"embeddable":true,"href":"https:\/\/www.bc-maps.com\/mapa-vectorial-eps\/wp-json\/wp\/v2\/users\/1"}],"replies":[{"embeddable":true,"href":"https:\/\/www.bc-maps.com\/mapa-vectorial-eps\/wp-json\/wp\/v2\/comments?post=4700"}],"version-history":[{"count":2,"href":"https:\/\/www.bc-maps.com\/mapa-vectorial-eps\/wp-json\/wp\/v2\/pages\/4700\/revisions"}],"predecessor-version":[{"id":4706,"href":"https:\/\/www.bc-maps.com\/mapa-vectorial-eps\/wp-json\/wp\/v2\/pages\/4700\/revisions\/4706"}],"wp:featuredmedia":[{"embeddable":true,"href":"https:\/\/www.bc-maps.com\/mapa-vectorial-eps\/wp-json\/wp\/v2\/media\/4704"}],"wp:attachment":[{"href":"https:\/\/www.bc-maps.com\/mapa-vectorial-eps\/wp-json\/wp\/v2\/media?parent=4700"}],"curies":[{"name":"wp","href":"https:\/\/api.w.org\/{rel}","templated":true}]}}