{"id":4674,"date":"2021-09-24T10:36:01","date_gmt":"2021-09-24T10:36:01","guid":{"rendered":"http:\/\/www.bc-maps.com\/mapa-vectorial-eps\/ibiza-ciudad-mapa-vectorial-ilustrator-eps-2\/"},"modified":"2021-09-27T17:38:53","modified_gmt":"2021-09-27T17:38:53","slug":"san-antonio-de-portmany-mapa-vectorial-ilustrator-eps","status":"publish","type":"page","link":"https:\/\/www.bc-maps.com\/mapa-vectorial-eps\/san-antonio-de-portmany-mapa-vectorial-ilustrator-eps\/","title":{"rendered":"San Antonio de Portmany mapa vectorial illustrator eps"},"content":{"rendered":"<h1>Planos y mapas vectoriales de San Antonio de Portmany<\/h1>\n<h2>Mapas vectoriales editables con las calles de la Bahia de Portmany<\/h2>\n<h3>Planos vectoriales de ciudades de las Islas Baleares<\/h3>\n<p>Podemos crear cualquier tipo de mapa de la ciudad de\u00a0Sant Antonio de Portmany planos parciales, planos generales, planos de detalle\u2026etc.<\/p>\n<p>Formatos editables, textos y colores, estructurados por medio de capas de informaci\u00f3n, i<a href=\"http:\/\/adobe.es\">llustrator<\/a>, eps, pdf, svg, freehand.<\/p>\n<figure id=\"attachment_4677\" aria-describedby=\"caption-attachment-4677\" style=\"width: 300px\" class=\"wp-caption alignnone\"><a href=\"http:\/\/www.bc-maps.com\/wp-content\/uploads\/2021\/09\/Sant-Antoni-de-Portmany-mapa-vectorial-illustrator-eps.jpg\" target=\"_blank\" rel=\"noopener\"><img loading=\"lazy\" decoding=\"async\" class=\"wp-image-4677 size-medium\" title=\"San Antonio de Portmany mapa vectorial illustrator eps ai\" src=\"http:\/\/www.bc-maps.com\/wp-content\/uploads\/2021\/09\/Sant-Antoni-de-Portmany-mapa-vectorial-illustrator-eps-300x210.jpg\" alt=\"San Antonio de Portmany mapa vectorial illustrator eps ai\" width=\"300\" height=\"210\" srcset=\"https:\/\/www.bc-maps.com\/wp-content\/uploads\/2021\/09\/Sant-Antoni-de-Portmany-mapa-vectorial-illustrator-eps-300x210.jpg 300w, https:\/\/www.bc-maps.com\/wp-content\/uploads\/2021\/09\/Sant-Antoni-de-Portmany-mapa-vectorial-illustrator-eps-1024x718.jpg 1024w, https:\/\/www.bc-maps.com\/wp-content\/uploads\/2021\/09\/Sant-Antoni-de-Portmany-mapa-vectorial-illustrator-eps-768x538.jpg 768w, https:\/\/www.bc-maps.com\/wp-content\/uploads\/2021\/09\/Sant-Antoni-de-Portmany-mapa-vectorial-illustrator-eps.jpg 1244w\" sizes=\"auto, (max-width: 300px) 100vw, 300px\" \/><\/a><figcaption id=\"caption-attachment-4677\" class=\"wp-caption-text\"><strong>San Antonio de Portmany mapa vectorial illustrator eps ai<\/strong><\/figcaption><\/figure>\n<p>El contenido depender\u00e1 del tama\u00f1o de la zona y la escala o medidas de reproducci\u00f3n, no trabajamos con textos inferiores a 5 puntos para que sean legibles.<\/p>\n<p>La informaci\u00f3n disponible va desde\u00a0monumentos, lugares de inter\u00e9s y populares, museos, oficinas de turismo, centros comerciales, medios de transporte.<\/p>\n<p>Tambi\u00e9n podemos a\u00f1adir cualquier otra informaci\u00f3n pr\u00e1ctica que nos soliciten ustedes.<\/p>\n<p>Nuestros mapas est\u00e1n estructurados por medio de capas y son totalmente editables, modificables, \u00a0tanto \u00a0colores y\u00a0fuentes\/textos.<\/p>\n<p>Nuestro ficheros\u00a0son libres de derechos para cualquier reproducci\u00f3n, incluyendo nuestro copyright.<\/p>\n<p>Los maps\u00a0est\u00e1n creados con licencias oficiales de programas de Adobe, habitualmente entregamos en version CC, pero podemos entregar tambi\u00e9n en otras versiones.<\/p>\n","protected":false},"excerpt":{"rendered":"<p>Planos y mapas vectoriales de San Antonio de Portmany Mapas vectoriales editables con las calles de la Bahia de Portmany Planos vectoriales de ciudades de las Islas Baleares Podemos crear cualquier tipo de mapa de la ciudad de\u00a0Sant Antonio de Portmany planos parciales, planos generales, planos de detalle\u2026etc. Formatos editables, textos y colores, estructurados por &hellip; <a href=\"https:\/\/www.bc-maps.com\/mapa-vectorial-eps\/san-antonio-de-portmany-mapa-vectorial-ilustrator-eps\/\" class=\"more-link\">Seguir leyendo <span class=\"screen-reader-text\">San Antonio de Portmany mapa vectorial illustrator eps<\/span> <span class=\"meta-nav\">&rarr;<\/span><\/a><\/p>\n","protected":false},"author":1,"featured_media":4677,"parent":0,"menu_order":0,"comment_status":"closed","ping_status":"closed","template":"","meta":{"footnotes":""},"class_list":["post-4674","page","type-page","status-publish","has-post-thumbnail","hentry"],"_links":{"self":[{"href":"https:\/\/www.bc-maps.com\/mapa-vectorial-eps\/wp-json\/wp\/v2\/pages\/4674","targetHints":{"allow":["GET"]}}],"collection":[{"href":"https:\/\/www.bc-maps.com\/mapa-vectorial-eps\/wp-json\/wp\/v2\/pages"}],"about":[{"href":"https:\/\/www.bc-maps.com\/mapa-vectorial-eps\/wp-json\/wp\/v2\/types\/page"}],"author":[{"embeddable":true,"href":"https:\/\/www.bc-maps.com\/mapa-vectorial-eps\/wp-json\/wp\/v2\/users\/1"}],"replies":[{"embeddable":true,"href":"https:\/\/www.bc-maps.com\/mapa-vectorial-eps\/wp-json\/wp\/v2\/comments?post=4674"}],"version-history":[{"count":3,"href":"https:\/\/www.bc-maps.com\/mapa-vectorial-eps\/wp-json\/wp\/v2\/pages\/4674\/revisions"}],"predecessor-version":[{"id":4684,"href":"https:\/\/www.bc-maps.com\/mapa-vectorial-eps\/wp-json\/wp\/v2\/pages\/4674\/revisions\/4684"}],"wp:featuredmedia":[{"embeddable":true,"href":"https:\/\/www.bc-maps.com\/mapa-vectorial-eps\/wp-json\/wp\/v2\/media\/4677"}],"wp:attachment":[{"href":"https:\/\/www.bc-maps.com\/mapa-vectorial-eps\/wp-json\/wp\/v2\/media?parent=4674"}],"curies":[{"name":"wp","href":"https:\/\/api.w.org\/{rel}","templated":true}]}}