{"id":463,"date":"2012-04-27T14:03:10","date_gmt":"2012-04-27T14:03:10","guid":{"rendered":"http:\/\/www.bc-maps.com\/mapa-vectorial-eps\/?page_id=463"},"modified":"2021-10-05T09:33:58","modified_gmt":"2021-10-05T09:33:58","slug":"cordoba","status":"publish","type":"page","link":"https:\/\/www.bc-maps.com\/mapa-vectorial-eps\/mapas-vectoriales\/espana\/ciudades\/cordoba\/","title":{"rendered":"C\u00f3rdoba mapa vectorial illustrator eps editable"},"content":{"rendered":"<h1>Planos y mapas vectoriales de C\u00f3rdoba<\/h1>\n<h2>Mapas vectoriales editables eps, illustrator, freehand,pdf de las calles de C\u00f3rdoba<\/h2>\n<h3>Planos vectoriales de ciudades<\/h3>\n<p>Podemos crear cualquier tipo de mapa de la ciudad de C\u00f3rdoba, planos parciales, planos generales, planos de detalle,\u00a0\u00a0en formato <a href=\"http:\/\/www.adobe.com\/es\">illustrator<\/a>.<\/p>\n<figure id=\"attachment_3485\" aria-describedby=\"caption-attachment-3485\" style=\"width: 296px\" class=\"wp-caption alignnone\"><a href=\"http:\/\/www.bc-maps.com\/wp-content\/uploads\/2018\/10\/CORDOBA-60-60.jpg\" target=\"_blank\" rel=\"noopener\"><img loading=\"lazy\" decoding=\"async\" class=\"Cordoba mapa vectorial illustrator eps wp-image-3485 size-medium\" title=\"Cordoba mapa vectorial illustrator eps \" src=\"http:\/\/www.bc-maps.com\/wp-content\/uploads\/2018\/10\/CORDOBA-60-60-296x300.jpg\" alt=\"Cordoba mapa vectorial illustrator eps \" width=\"296\" height=\"300\" srcset=\"https:\/\/www.bc-maps.com\/wp-content\/uploads\/2018\/10\/CORDOBA-60-60-296x300.jpg 296w, https:\/\/www.bc-maps.com\/wp-content\/uploads\/2018\/10\/CORDOBA-60-60-768x777.jpg 768w, https:\/\/www.bc-maps.com\/wp-content\/uploads\/2018\/10\/CORDOBA-60-60-1012x1024.jpg 1012w\" sizes=\"auto, (max-width: 296px) 100vw, 296px\" \/><\/a><figcaption id=\"caption-attachment-3485\" class=\"wp-caption-text\">Cordoba mapa vectorial illustrator eps<\/figcaption><\/figure>\n<figure id=\"attachment_3486\" aria-describedby=\"caption-attachment-3486\" style=\"width: 222px\" class=\"wp-caption alignnone\"><a href=\"http:\/\/www.bc-maps.com\/wp-content\/uploads\/2018\/10\/CORDOBA-AVE-OK-3.jpg\" target=\"_blank\" rel=\"noopener\"><img loading=\"lazy\" decoding=\"async\" class=\"Cordoba mapa vectorial illustrator eps Ave wp-image-3486 size-medium\" title=\"Cordoba mapa vectorial illustrator eps Ave\" src=\"http:\/\/www.bc-maps.com\/wp-content\/uploads\/2018\/10\/CORDOBA-AVE-OK-3-222x300.jpg\" alt=\"Cordoba mapa vectorial illustrator eps Ave\" width=\"222\" height=\"300\" srcset=\"https:\/\/www.bc-maps.com\/wp-content\/uploads\/2018\/10\/CORDOBA-AVE-OK-3-222x300.jpg 222w, https:\/\/www.bc-maps.com\/wp-content\/uploads\/2018\/10\/CORDOBA-AVE-OK-3-768x1036.jpg 768w, https:\/\/www.bc-maps.com\/wp-content\/uploads\/2018\/10\/CORDOBA-AVE-OK-3-759x1024.jpg 759w, https:\/\/www.bc-maps.com\/wp-content\/uploads\/2018\/10\/CORDOBA-AVE-OK-3.jpg 1243w\" sizes=\"auto, (max-width: 222px) 100vw, 222px\" \/><\/a><figcaption id=\"caption-attachment-3486\" class=\"wp-caption-text\">Cordoba mapa vectorial illustrator eps Ave<\/figcaption><\/figure>\n<p>El contenido depender\u00e1 del tama\u00f1o de la zona y la escala o medidas de reproducci\u00f3n, no trabajamos con textos inferiores a 5 puntos para que sean legibles.<\/p>\n<p>La informaci\u00f3n disponible va desde\u00a0monumentos, lugares de inter\u00e9s y populares, museos, oficinas de turismo, centros comerciales, medios de transporte.<\/p>\n<p>Tambi\u00e9n podemos a\u00f1adir cualquier otra informaci\u00f3n pr\u00e1ctica que nos soliciten ustedes.<\/p>\n<p>Nuestros mapas est\u00e1n estructurados por medio de capas y son totalmente editables, modificables, \u00a0tanto \u00a0colores y\u00a0fuentes\/textos.<\/p>\n<p>Nuestro ficheros\u00a0son libres de derechos para cualquier reproducci\u00f3n, incluyendo nuestro copyright.<\/p>\n<p>Los maps\u00a0est\u00e1n creados con licencias oficiales de programas de Adobe, habitualmente entregamos en version CC, pero podemos entregar tambi\u00e9n en otras versiones.<\/p>\n<p>&nbsp;<\/p>\n","protected":false},"excerpt":{"rendered":"<p>Planos y mapas vectoriales de C\u00f3rdoba Mapas vectoriales editables eps, illustrator, freehand,pdf de las calles de C\u00f3rdoba Planos vectoriales de ciudades Podemos crear cualquier tipo de mapa de la ciudad de C\u00f3rdoba, planos parciales, planos generales, planos de detalle,\u00a0\u00a0en formato illustrator. El contenido depender\u00e1 del tama\u00f1o de la zona y la escala o medidas de &hellip; <a href=\"https:\/\/www.bc-maps.com\/mapa-vectorial-eps\/mapas-vectoriales\/espana\/ciudades\/cordoba\/\" class=\"more-link\">Seguir leyendo <span class=\"screen-reader-text\">C\u00f3rdoba mapa vectorial illustrator eps editable<\/span> <span class=\"meta-nav\">&rarr;<\/span><\/a><\/p>\n","protected":false},"author":1,"featured_media":0,"parent":52,"menu_order":0,"comment_status":"closed","ping_status":"closed","template":"","meta":{"footnotes":""},"class_list":["post-463","page","type-page","status-publish","hentry"],"_links":{"self":[{"href":"https:\/\/www.bc-maps.com\/mapa-vectorial-eps\/wp-json\/wp\/v2\/pages\/463","targetHints":{"allow":["GET"]}}],"collection":[{"href":"https:\/\/www.bc-maps.com\/mapa-vectorial-eps\/wp-json\/wp\/v2\/pages"}],"about":[{"href":"https:\/\/www.bc-maps.com\/mapa-vectorial-eps\/wp-json\/wp\/v2\/types\/page"}],"author":[{"embeddable":true,"href":"https:\/\/www.bc-maps.com\/mapa-vectorial-eps\/wp-json\/wp\/v2\/users\/1"}],"replies":[{"embeddable":true,"href":"https:\/\/www.bc-maps.com\/mapa-vectorial-eps\/wp-json\/wp\/v2\/comments?post=463"}],"version-history":[{"count":4,"href":"https:\/\/www.bc-maps.com\/mapa-vectorial-eps\/wp-json\/wp\/v2\/pages\/463\/revisions"}],"predecessor-version":[{"id":4969,"href":"https:\/\/www.bc-maps.com\/mapa-vectorial-eps\/wp-json\/wp\/v2\/pages\/463\/revisions\/4969"}],"up":[{"embeddable":true,"href":"https:\/\/www.bc-maps.com\/mapa-vectorial-eps\/wp-json\/wp\/v2\/pages\/52"}],"wp:attachment":[{"href":"https:\/\/www.bc-maps.com\/mapa-vectorial-eps\/wp-json\/wp\/v2\/media?parent=463"}],"curies":[{"name":"wp","href":"https:\/\/api.w.org\/{rel}","templated":true}]}}