{"id":4612,"date":"2012-06-15T10:32:13","date_gmt":"2012-06-15T10:32:13","guid":{"rendered":"http:\/\/www.bc-maps.com\/mapa-vectorial-eps\/china-illustrator-2\/"},"modified":"2023-06-15T17:05:23","modified_gmt":"2023-06-15T17:05:23","slug":"china-illustrator-2","status":"publish","type":"page","link":"https:\/\/www.bc-maps.com\/mapa-vectorial-eps\/china-illustrator-2\/","title":{"rendered":"China mapa politico y carreteras en Illustrator"},"content":{"rendered":"<h1>Mapas vectoriales de China<\/h1>\n<h2>Planos\u00a0editables eps illustrator politicos y de carreteras de China<\/h2>\n<h2>Mapas digitales de regiones y provincias de China<\/h2>\n<p>Podemos crear cualquier tipo de mapa de China, mapas parciales, mapas generales, mapas tem\u00e1ticos\u2026etc.<\/p>\n<p>Un <strong>mapa vectorial en illustrator eps<\/strong> de <strong>China<\/strong> es un archivo digital que representa gr\u00e1ficamente la geograf\u00eda, la infraestructura y otros elementos geoespaciales del pa\u00eds en forma de vectores.<\/p>\n<p>Los mapas se entregan en formatos editables <strong><a href=\"http:\/\/www.adobe.es\">adobe<\/a> illustrator, eps<\/strong><\/p>\n<p>Estas son algunas de las caracter\u00edsticas comunes de un mapa vectorial:<\/p>\n<p>1. Escalabilidad: Los mapas vectoriales son escalables, lo que significa que se pueden ampliar o reducir sin perder calidad.<\/p>\n<p>2. Geometr\u00eda precisa: Los elementos en un mapa vectorial se representan mediante formas geom\u00e9tricas, como l\u00edneas, puntos y pol\u00edgonos. Estas formas se definen matem\u00e1ticamente, lo que garantiza una representaci\u00f3n precisa de la geograf\u00eda y las caracter\u00edsticas del terreno.<\/p>\n<p>3. Capas y atributos: Un mapa vectorial puede contener diferentes capas que representan diferentes tipos de informaci\u00f3n, como carreteras, r\u00edos, edificios, \u00e1reas verdes, entre otros. .<\/p>\n<p>4. Edici\u00f3n y personalizaci\u00f3n: Los mapas vectoriales son editables, lo que permite agregar, eliminar o modificar elementos seg\u00fan las necesidades del usuario. Tambi\u00e9n se pueden personalizar mediante la selecci\u00f3n de colores, estilos de l\u00ednea y s\u00edmbolos.<\/p>\n<p>5. Compatibilidad: Los mapas vectoriales suelen estar disponibles en formatos est\u00e1ndar, como SVG (Scalable Vector Graphics), AI (Adobe Illustrator), EPS (Encapsulated PostScript) o DXF (Drawing Exchange Format), lo que permite su visualizaci\u00f3n y edici\u00f3n en diferentes software de dise\u00f1o y cartograf\u00eda.<\/p>\n<p>Estas caracter\u00edsticas hacen que los mapas vectoriales sean \u00fatiles para an\u00e1lisis espacial, planificaci\u00f3n urbana, navegaci\u00f3n, representaci\u00f3n cartogr\u00e1fica y otras aplicaciones donde la precisi\u00f3n y la flexibilidad son importantes.<\/p>\n<p>El contenido de informaci\u00f3n depender\u00e1 del tama\u00f1o de la zona y la escala o medidas de reproducci\u00f3n, ya que no trabajamos con textos inferiores a 5 puntos para que sean legibles.<\/p>\n<figure id=\"attachment_2927\" aria-describedby=\"caption-attachment-2927\" style=\"width: 300px\" class=\"wp-caption alignnone\"><a href=\"http:\/\/www.bc-maps.com\/wp-content\/uploads\/2012\/06\/CHINA-MURAL-BALAGUER.jpg\" target=\"_blank\" rel=\"noopener noreferrer\"><img loading=\"lazy\" decoding=\"async\" class=\"wp-image-2927 size-medium\" title=\"China mapa vectorial illustrator eps\" src=\"http:\/\/www.bc-maps.com\/wp-content\/uploads\/2012\/06\/CHINA-MURAL-BALAGUER-300x250.jpg\" alt=\"China mapa vectorial illustrator eps\" width=\"300\" height=\"250\" srcset=\"https:\/\/www.bc-maps.com\/wp-content\/uploads\/2012\/06\/CHINA-MURAL-BALAGUER-300x250.jpg 300w, https:\/\/www.bc-maps.com\/wp-content\/uploads\/2012\/06\/CHINA-MURAL-BALAGUER-768x640.jpg 768w, https:\/\/www.bc-maps.com\/wp-content\/uploads\/2012\/06\/CHINA-MURAL-BALAGUER-1024x854.jpg 1024w\" sizes=\"auto, (max-width: 300px) 100vw, 300px\" \/><\/a><figcaption id=\"caption-attachment-2927\" class=\"wp-caption-text\">China mapa vectorial illustrator eps<\/figcaption><\/figure>\n<figure id=\"attachment_2929\" aria-describedby=\"caption-attachment-2929\" style=\"width: 300px\" class=\"wp-caption alignnone\"><img loading=\"lazy\" decoding=\"async\" class=\"wp-image-2929 size-medium\" title=\"China relieve mapa vectorial illustrator eps\" src=\"http:\/\/www.bc-maps.com\/wp-content\/uploads\/2012\/06\/CHINA-300x300.jpg\" alt=\"China relieve mapa vectorial illustrator eps\" width=\"300\" height=\"300\" srcset=\"https:\/\/www.bc-maps.com\/wp-content\/uploads\/2012\/06\/CHINA-300x300.jpg 300w, https:\/\/www.bc-maps.com\/wp-content\/uploads\/2012\/06\/CHINA-150x150.jpg 150w, https:\/\/www.bc-maps.com\/wp-content\/uploads\/2012\/06\/CHINA.jpg 568w\" sizes=\"auto, (max-width: 300px) 100vw, 300px\" \/><figcaption id=\"caption-attachment-2929\" class=\"wp-caption-text\">China relieve mapa vectorial illustrator eps<\/figcaption><\/figure>\n<p><strong>REGi\u00d3N ESTE<\/strong><\/p>\n<p><strong>Provincias,<\/strong><\/p>\n<p>Anhui, Fujian, Jiangsu, Jiangxi, Shandong, Shangh\u00e1i, Taiw\u00e1n, Zhejiang<\/p>\n<p><strong> (Pinyin)<\/strong><\/p>\n<p>\u0100nhu\u012b, F\u00faji\u00e0n, Ji\u0101ngs\u016b, Ji\u0101ngx\u012b, Sh\u0101nd\u014dng, Sh\u00e0ngh\u01cei, T\u00e1iw\u0101n, Zh\u00e8ji\u0101ng<\/p>\n<p><strong>(Nombre antiguo)<\/strong><\/p>\n<p>Anhwei, Fukien, Kiangsu, Kiangsi, Shantung, Shanghai, Formosa, Chekiang<\/p>\n<p><strong>Principales ciudades<\/strong><\/p>\n<p>Hefei, Fuzhou, Nank\u00edn, Nanchang, Jinan, Taipei, Hangzhou<\/p>\n<p><strong>REGI\u00d3N NOROESTE<\/strong><\/p>\n<p><strong>Provincias<\/strong><\/p>\n<p>Heilongjiang, Jilin, Liaoning, Gansu, Ningxia, Qinghai, Shaanxi, Xinjiang<\/p>\n<p><strong>(Pinyin)<\/strong><\/p>\n<p>H\u0113il\u00f3ngji\u0101ng, J\u00edl\u00edn, Li\u00e1on\u00edng, G\u0101ns\u00f9, N\u00edngxi\u00e0, Q\u012bngh\u01cei, Sh\u01cenx\u012b, X\u012bnji\u0101ng<\/p>\n<p><strong>(Nombre antiguo)<\/strong><\/p>\n<p>Heilungkiang, Kirin, Fengtien, Kansu, Ningsia, Tsinghai, Shensi, Sinkiang<\/p>\n<p><strong>Principales ciudades<\/strong><\/p>\n<p>Harbin, Changchun, Shenyang, Lanzhou, Yinchuan, Xining, Xi&#8217;an, \u00dcr\u00fcmqi<\/p>\n<p><strong>REGI\u00d3N NORTE<\/strong><\/p>\n<p><strong>Provincias,<\/strong><\/p>\n<p>Hebei, Mongolia Interior, Pek\u00edn, Shanxi, Tianjin<\/p>\n<p><strong>(Pinyin)<\/strong><\/p>\n<p>H\u00e9b\u011bi, N\u00e8im\u011bngg\u01d4, B\u011bij\u012bng, Sh\u0101nx\u012b, Ti\u0101nj\u012bn<\/p>\n<p><strong>(Nombre antiguo)<\/strong><\/p>\n<p>Hopeh, Mongolia, Peking, Shansi, Tientsin<\/p>\n<p><strong>Principales ciudades<\/strong><\/p>\n<p>Beijing, Shijiazhuang, Hohhot, Taiyuan<\/p>\n<p><strong>REGI\u00d3N SUR CENTRAL<\/strong><\/p>\n<p><strong>Provincias,<\/strong><\/p>\n<p>Guangdong, Guangxi, Hainan, Henan, Hong Kong, Hubei, Hunan, Macao<\/p>\n<p><strong>(Pinyin)<\/strong><\/p>\n<p>Gu\u01cengd\u014dng, Gu\u01cengx\u012b, H\u01cein\u00e1n, H\u00e9n\u00e1n, Xi\u0101ngg\u01ceng, H\u00fab\u011bi, H\u00fan\u00e1n, \u00c0om\u00e9n<\/p>\n<p><strong>(Nombre antiguo)<\/strong><\/p>\n<p>Kwangtung, Kwangsi, Hainan, Honan, Hong Kong, Hupeh, Hunan, Macau<\/p>\n<p><strong>Principales ciudades<\/strong><\/p>\n<p>Guangzhou, Nanning, Haikou, Zhengzhou, Wuhan, Changsha, Macao<\/p>\n<p><strong>REGI\u00d3N SUROESTE<\/strong><\/p>\n<p><strong>Provincias,<\/strong><\/p>\n<p>Chongqing, Guizhou, Sichuan, T\u00edbet, Yunnan<\/p>\n<p><strong>(Pinyin)<\/strong><\/p>\n<p>Ch\u00f3ngq\u00ecng, G\u00f9izh\u014du, S\u00ecchu\u0101n, X\u012bz\u00e0ng, Y\u00fann\u00e1n<\/p>\n<p><strong>(Nombre antiguo)<\/strong><\/p>\n<p>Chungking, Kweichow, Szechuan, Tibet, Yunnan<\/p>\n<p><strong>Principales ciudades<\/strong><\/p>\n<p>Guiyang, Chengdu, Lhasa, Kunming<\/p>\n","protected":false},"excerpt":{"rendered":"<p>Mapas vectoriales de China Planos\u00a0editables eps illustrator politicos y de carreteras de China Mapas digitales de regiones y provincias de China Podemos crear cualquier tipo de mapa de China, mapas parciales, mapas generales, mapas tem\u00e1ticos\u2026etc. Un mapa vectorial en illustrator eps de China es un archivo digital que representa gr\u00e1ficamente la geograf\u00eda, la infraestructura y &hellip; <a href=\"https:\/\/www.bc-maps.com\/mapa-vectorial-eps\/china-illustrator-2\/\" class=\"more-link\">Seguir leyendo <span class=\"screen-reader-text\">China mapa politico y carreteras en Illustrator<\/span> <span class=\"meta-nav\">&rarr;<\/span><\/a><\/p>\n","protected":false},"author":1,"featured_media":2927,"parent":0,"menu_order":0,"comment_status":"closed","ping_status":"closed","template":"","meta":{"footnotes":""},"class_list":["post-4612","page","type-page","status-publish","has-post-thumbnail","hentry"],"_links":{"self":[{"href":"https:\/\/www.bc-maps.com\/mapa-vectorial-eps\/wp-json\/wp\/v2\/pages\/4612","targetHints":{"allow":["GET"]}}],"collection":[{"href":"https:\/\/www.bc-maps.com\/mapa-vectorial-eps\/wp-json\/wp\/v2\/pages"}],"about":[{"href":"https:\/\/www.bc-maps.com\/mapa-vectorial-eps\/wp-json\/wp\/v2\/types\/page"}],"author":[{"embeddable":true,"href":"https:\/\/www.bc-maps.com\/mapa-vectorial-eps\/wp-json\/wp\/v2\/users\/1"}],"replies":[{"embeddable":true,"href":"https:\/\/www.bc-maps.com\/mapa-vectorial-eps\/wp-json\/wp\/v2\/comments?post=4612"}],"version-history":[{"count":2,"href":"https:\/\/www.bc-maps.com\/mapa-vectorial-eps\/wp-json\/wp\/v2\/pages\/4612\/revisions"}],"predecessor-version":[{"id":5297,"href":"https:\/\/www.bc-maps.com\/mapa-vectorial-eps\/wp-json\/wp\/v2\/pages\/4612\/revisions\/5297"}],"wp:featuredmedia":[{"embeddable":true,"href":"https:\/\/www.bc-maps.com\/mapa-vectorial-eps\/wp-json\/wp\/v2\/media\/2927"}],"wp:attachment":[{"href":"https:\/\/www.bc-maps.com\/mapa-vectorial-eps\/wp-json\/wp\/v2\/media?parent=4612"}],"curies":[{"name":"wp","href":"https:\/\/api.w.org\/{rel}","templated":true}]}}