{"id":4607,"date":"2021-08-29T08:55:00","date_gmt":"2021-08-29T08:55:00","guid":{"rendered":"http:\/\/www.bc-maps.com\/mapa-vectorial-eps\/alcala-de-henares-ilustrator-eps-2\/"},"modified":"2021-09-03T09:46:18","modified_gmt":"2021-09-03T09:46:18","slug":"torrejon-de-ardoz-ilustrator-eps","status":"publish","type":"page","link":"https:\/\/www.bc-maps.com\/mapa-vectorial-eps\/torrejon-de-ardoz-ilustrator-eps\/","title":{"rendered":"Torrejon de Ardoz mapa vectorial Illustrator eps"},"content":{"rendered":"<h1>Planos y mapas vectoriales de Torrejon de Ardoz<\/h1>\n<h2>Mapas vectoriales editables estructurados con capas de las calles de Torrejon de Ardoz<\/h2>\n<h3>Planos vectoriales de ciudades de Madrid<\/h3>\n<p>Podemos crear cualquier tipo de mapa de la ciudad de Torrejon de Ardoz, planos parciales, planos generales, planos de detalle\u2026etc.<\/p>\n<p>Los mapas se entregan en formatos editables <a href=\"http:\/\/www.adobe.es\">adobe<\/a> illustrator, eps, corel, freehand.<\/p>\n<p>El contenido de informaci\u00f3n depender\u00e1 del tama\u00f1o de la zona y la escala o medidas de reproducci\u00f3n, ya que no trabajamos con textos inferiores a 5 puntos para que sean legibles.<\/p>\n<p>El contenido depender\u00e1 del tama\u00f1o de la zona y la escala o medidas de reproducci\u00f3n, no trabajamos con textos inferiores a 5 puntos para que sean legibles.<\/p>\n<figure id=\"attachment_4609\" aria-describedby=\"caption-attachment-4609\" style=\"width: 300px\" class=\"wp-caption alignnone\"><a href=\"http:\/\/www.bc-maps.com\/wp-content\/uploads\/2021\/09\/Torrejon-de-Ardoz-AM-mapa-vectorial-illustrator-eps-.jpg\" target=\"_blank\" rel=\"noopener\"><img loading=\"lazy\" decoding=\"async\" class=\"wp-image-4609 size-medium\" title=\"Torrejon de Ardoz AM mapa vectorial illustrator eps\" src=\"http:\/\/www.bc-maps.com\/wp-content\/uploads\/2021\/09\/Torrejon-de-Ardoz-AM-mapa-vectorial-illustrator-eps--300x239.jpg\" alt=\"Torrejon de Ardoz AM mapa vectorial illustrator eps\" width=\"300\" height=\"239\" srcset=\"https:\/\/www.bc-maps.com\/wp-content\/uploads\/2021\/09\/Torrejon-de-Ardoz-AM-mapa-vectorial-illustrator-eps--300x239.jpg 300w, https:\/\/www.bc-maps.com\/wp-content\/uploads\/2021\/09\/Torrejon-de-Ardoz-AM-mapa-vectorial-illustrator-eps--1024x816.jpg 1024w, https:\/\/www.bc-maps.com\/wp-content\/uploads\/2021\/09\/Torrejon-de-Ardoz-AM-mapa-vectorial-illustrator-eps--768x612.jpg 768w, https:\/\/www.bc-maps.com\/wp-content\/uploads\/2021\/09\/Torrejon-de-Ardoz-AM-mapa-vectorial-illustrator-eps-.jpg 1420w\" sizes=\"auto, (max-width: 300px) 100vw, 300px\" \/><\/a><figcaption id=\"caption-attachment-4609\" class=\"wp-caption-text\">Torrejon de Ardoz AM mapa vectorial illustrator eps<\/figcaption><\/figure>\n<p>La informaci\u00f3n disponible va desde\u00a0monumentos, lugares de inter\u00e9s y populares, museos, oficinas de turismo, centros comerciales, medios de transporte.<\/p>\n<p>Tambi\u00e9n podemos a\u00f1adir cualquier otra informaci\u00f3n pr\u00e1ctica que nos soliciten ustedes.<\/p>\n<p>Nuestros mapas est\u00e1n estructurados por medio de capas y son totalmente editables, modificables, \u00a0tanto \u00a0colores y\u00a0fuentes\/textos.<\/p>\n<p>Nuestro ficheros\u00a0son libres de derechos para cualquier reproducci\u00f3n, incluyendo nuestro copyright.<\/p>\n<p>Los maps\u00a0est\u00e1n creados con licencias oficiales de programas de Adobe, habitualmente entregamos en version CC, pero podemos entregar tambi\u00e9n en otras versiones.<\/p>\n","protected":false},"excerpt":{"rendered":"<p>Planos y mapas vectoriales de Torrejon de Ardoz Mapas vectoriales editables estructurados con capas de las calles de Torrejon de Ardoz Planos vectoriales de ciudades de Madrid Podemos crear cualquier tipo de mapa de la ciudad de Torrejon de Ardoz, planos parciales, planos generales, planos de detalle\u2026etc. Los mapas se entregan en formatos editables adobe &hellip; <a href=\"https:\/\/www.bc-maps.com\/mapa-vectorial-eps\/torrejon-de-ardoz-ilustrator-eps\/\" class=\"more-link\">Seguir leyendo <span class=\"screen-reader-text\">Torrejon de Ardoz mapa vectorial Illustrator eps<\/span> <span class=\"meta-nav\">&rarr;<\/span><\/a><\/p>\n","protected":false},"author":1,"featured_media":4609,"parent":0,"menu_order":0,"comment_status":"closed","ping_status":"closed","template":"","meta":{"footnotes":""},"class_list":["post-4607","page","type-page","status-publish","has-post-thumbnail","hentry"],"_links":{"self":[{"href":"https:\/\/www.bc-maps.com\/mapa-vectorial-eps\/wp-json\/wp\/v2\/pages\/4607","targetHints":{"allow":["GET"]}}],"collection":[{"href":"https:\/\/www.bc-maps.com\/mapa-vectorial-eps\/wp-json\/wp\/v2\/pages"}],"about":[{"href":"https:\/\/www.bc-maps.com\/mapa-vectorial-eps\/wp-json\/wp\/v2\/types\/page"}],"author":[{"embeddable":true,"href":"https:\/\/www.bc-maps.com\/mapa-vectorial-eps\/wp-json\/wp\/v2\/users\/1"}],"replies":[{"embeddable":true,"href":"https:\/\/www.bc-maps.com\/mapa-vectorial-eps\/wp-json\/wp\/v2\/comments?post=4607"}],"version-history":[{"count":2,"href":"https:\/\/www.bc-maps.com\/mapa-vectorial-eps\/wp-json\/wp\/v2\/pages\/4607\/revisions"}],"predecessor-version":[{"id":4611,"href":"https:\/\/www.bc-maps.com\/mapa-vectorial-eps\/wp-json\/wp\/v2\/pages\/4607\/revisions\/4611"}],"wp:featuredmedia":[{"embeddable":true,"href":"https:\/\/www.bc-maps.com\/mapa-vectorial-eps\/wp-json\/wp\/v2\/media\/4609"}],"wp:attachment":[{"href":"https:\/\/www.bc-maps.com\/mapa-vectorial-eps\/wp-json\/wp\/v2\/media?parent=4607"}],"curies":[{"name":"wp","href":"https:\/\/api.w.org\/{rel}","templated":true}]}}