{"id":4564,"date":"2021-09-26T08:55:00","date_gmt":"2021-09-26T08:55:00","guid":{"rendered":"http:\/\/www.bc-maps.com\/mapa-vectorial-eps\/almeria-ilustrator-eps-2\/"},"modified":"2024-10-12T06:18:49","modified_gmt":"2024-10-12T06:18:49","slug":"mallorca-mapa-vectorial-illustrator-eps-ai","status":"publish","type":"page","link":"https:\/\/www.bc-maps.com\/mapa-vectorial-eps\/mallorca-mapa-vectorial-illustrator-eps-ai\/","title":{"rendered":"Isla de Mallorca mapa vectorial Illustrator eps"},"content":{"rendered":"<h1>Planos y mapas vectoriales de Mallorca<\/h1>\n<h2>Mapas vectoriales editables estructurados con capas de carreteras de Baleares<\/h2>\n<h3>Planos vectoriales de ciudades de Mallorca<\/h3>\n<p>Podemos crear cualquier tipo de mapa de la isla de Mallorca, planos parciales, planos generales, planos de detalle, planos de ciudades\u2026etc.<\/p>\n<p>Un <strong>mapa vectorial en illustrator eps<\/strong> de <b>Mallorca <\/b>es un archivo digital que representa gr\u00e1ficamente la geograf\u00eda, la infraestructura y otros elementos geoespaciales de la isla en forma de vectores.<\/p>\n<p>Los mapas se entregan en formatos editables <strong><a href=\"http:\/\/www.adobe.es\">adobe<\/a> illustrator, eps<\/strong><\/p>\n<p><a href=\"https:\/\/www.bc-maps.com\/mapa-vectorial-eps\/palma-mallorca-mapa-vectorial-illustrator-eps-ai-editable-capas\/\">Palma<\/a>, <a href=\"https:\/\/www.bc-maps.com\/mapa-vectorial-eps\/calvia-mallorca-mapa-vectorial-illustrator-eps-ai-cc\/\">Calvi\u00e0<\/a>, <a href=\"https:\/\/www.bc-maps.com\/mapa-vectorial-eps\/manacor-mallorca-mapa-vectorial-illustrator-eps-ai-cc\/\">Manacor,<\/a> <a href=\"https:\/\/www.bc-maps.com\/mapa-vectorial-eps\/llucmajor-mallorca-mapa-vectorial-illustrator-eps-ai-cc\/\">Llucmajor<\/a>, Marratx\u00ed, <a href=\"https:\/\/www.bc-maps.com\/mapa-vectorial-eps\/inca-mallorca-mapa-vectorial-illustrator-eps-ai-cc\/\">Inca<\/a>, <a href=\"https:\/\/www.bc-maps.com\/mapa-vectorial-eps\/alcudia-mallorca-mapa-vectorial-illustrator-eps-ai-cc\/\">Alc\u00fadia<\/a>, <a href=\"https:\/\/www.bc-maps.com\/mapa-vectorial-eps\/felanitx-mallorca-mapa-vectorial-illustrator-eps-ai-cc\/\">Felanitx<\/a>, <a href=\"https:\/\/www.bc-maps.com\/mapa-vectorial-eps\/pollenca-mallorca-mapa-vectorial-illustrator-eps-ai-cc\/\">Pollen\u00e7a<\/a>, <a href=\"https:\/\/www.bc-maps.com\/mapa-vectorial-eps\/soller-mallorca-mapa-vectorial-illustrator-eps-ai-cc\/\">S\u00f3ller,<\/a> <a href=\"https:\/\/www.bc-maps.com\/mapa-vectorial-eps\/santanyi-mallorca-mapa-vectorial-illustrator-eps-ai-cc\/\">Santany\u00ed,<\/a> Sa Pobla, <a href=\"https:\/\/www.bc-maps.com\/mapa-vectorial-eps\/son-servera-mallorca-mapa-vectorial-illustrator-eps-ai-cc\/\">Son Servera<\/a>, <a href=\"https:\/\/www.bc-maps.com\/mapa-vectorial-eps\/andratx-mallorca-mapa-vectorial-illustrator-eps-ai-cc\/\">Andratx<\/a>, <a href=\"https:\/\/www.bc-maps.com\/mapa-vectorial-eps\/santa-margalida-mallorca-mapa-vectorial-illustrator-eps-ai-cc\/\">Santa Margalida<\/a>, <a href=\"https:\/\/www.bc-maps.com\/mapa-vectorial-eps\/capdepera-mallorca-mapa-vectorial-illustrator-eps-ai-cc\/\">Capdepera,<\/a> <a href=\"https:\/\/www.bc-maps.com\/mapa-vectorial-eps\/campos-mallorca-mapa-vectorial-illustrator-eps-ai-cc\/\">Campos<\/a>, <a href=\"https:\/\/www.bc-maps.com\/mapa-vectorial-eps\/sant-llorenc-des-cardassar-mallorca-mapa-vectorial-illustrator-eps-ai\/\">Sant Lloren\u00e7 des Cardassar<\/a>, <a href=\"https:\/\/www.bc-maps.com\/mapa-vectorial-eps\/binissalem-mallorca-mapa-vectorial-illustrator-eps-ai-cc\/\">Binissalem<\/a>, <a href=\"https:\/\/www.bc-maps.com\/mapa-vectorial-eps\/arta-mallorca-mapa-vectorial-illustrator-eps-ai-cc\/\">Art\u00e0,<\/a> <a href=\"https:\/\/www.bc-maps.com\/mapa-vectorial-eps\/muro-mallorca-mapa-vectorial-illustrator-eps-ai-cc\/\">Muro<\/a>, <a href=\"https:\/\/www.bc-maps.com\/mapa-vectorial-eps\/santa-maria-del-cami-mallorca-mapa-vectorial-illustrator-eps-ai-cc\/\">Santa Maria del Cam\u00ed<\/a>, <a href=\"https:\/\/www.bc-maps.com\/mapa-vectorial-eps\/bunyola-mallorca-mapa-vectorial-illustrator-eps-ai-cc\/\">Bunyola<\/a>, <a href=\"https:\/\/www.bc-maps.com\/mapa-vectorial-eps\/lloseta-mallorca-mapa-vectorial-illustrator-eps-ai-cc\/\">Lloseta<\/a>, <a href=\"https:\/\/www.bc-maps.com\/mapa-vectorial-eps\/alaro-mallorca-mapa-vectorial-illustrator-eps-ai-cc-2\/\">Alar\u00f3<\/a>, <a href=\"https:\/\/www.bc-maps.com\/mapa-vectorial-eps\/porreres-mallorca-mapa-vectorial-illustrator-eps-ai-cc\/\">Porreres<\/a>, <a href=\"https:\/\/www.bc-maps.com\/mapa-vectorial-eps\/algaida-mallorca-mapa-vectorial-illustrator-eps-ai-cc\/\">Algaida<\/a>, <a href=\"https:\/\/www.bc-maps.com\/mapa-vectorial-eps\/ses-salines-mallorca-mapa-vectorial-illustrator-eps-ai-cc\/\">Ses Salines<\/a>, <a href=\"https:\/\/www.bc-maps.com\/mapa-vectorial-eps\/esporles-mallorca-mapa-vectorial-illustrator-eps-ai-cc\/\">Esporles<\/a>, <a href=\"https:\/\/www.bc-maps.com\/mapa-vectorial-eps\/consell-mallorca-mapa-vectorial-illustrator-eps-ai-cc\/\">Consell<\/a>, <a href=\"https:\/\/www.bc-maps.com\/mapa-vectorial-eps\/selva-mallorca-mapa-vectorial-illustrator-eps-ai-cc\/\">Selva<\/a>, <a href=\"https:\/\/www.bc-maps.com\/mapa-vectorial-eps\/sineu-mallorca-mapa-vectorial-illustrator-eps-ai-cc\/\">Sineu<\/a>, <a href=\"https:\/\/www.bc-maps.com\/mapa-vectorial-eps\/sencelles-mallorca-mapa-vectorial-illustrator-eps-ai-cc\/\">Sencelles<\/a>, <a href=\"https:\/\/www.bc-maps.com\/mapa-vectorial-eps\/vilafranca-de-bonany-mallorca-mapa-vectorial-illustrator-eps-ai-cc\/\">Vilafranca de Bonany<\/a>, <a href=\"https:\/\/www.bc-maps.com\/mapa-vectorial-eps\/petra-mallorca-mapa-vectorial-illustrator-eps-ai-cc\/\">Petra<\/a>, <a href=\"https:\/\/www.bc-maps.com\/mapa-vectorial-eps\/montuiri-mallorca-mapa-vectorial-illustrator-eps-ai-cc\/\">Montu\u00efri<\/a>, <a href=\"https:\/\/www.bc-maps.com\/mapa-vectorial-eps\/campanet-mallorca-mapa-vectorial-illustrator-eps-ai-cc\/\">Campanet<\/a>, <a href=\"https:\/\/www.bc-maps.com\/mapa-vectorial-eps\/llubi-mallorca-mapa-vectorial-illustrator-eps-ai-cc\/\">Llub\u00ed,<\/a> <a href=\"https:\/\/www.bc-maps.com\/mapa-vectorial-eps\/maria-la-salut-mallorca-mapa-vectorial-illustrator-eps-ai-cc\/\">Maria de la Salut<\/a>, <a href=\"https:\/\/www.bc-maps.com\/mapa-vectorial-eps\/sant-joan-mallorca-mapa-vectorial-illustrator-eps-ai-cc\/\">Sant Joan<\/a>, <a href=\"https:\/\/www.bc-maps.com\/mapa-vectorial-eps\/valldemossa-mallorca-mapa-vectorial-illustrator-eps-ai-cc\/\">Valldemossa<\/a>, <a href=\"https:\/\/www.bc-maps.com\/mapa-vectorial-eps\/puigpunyent-mallorca-mapa-vectorial-illustrator-eps-ai-cc\/\">Puigpunyent<\/a>, Santa Eug\u00e8nia, <a href=\"https:\/\/www.bc-maps.com\/mapa-vectorial-eps\/lloret-de-vistalegre-mallorca-mapa-vectorial-illustrator-eps-ai-cc\/\">Lloret de Vistalegre<\/a>, <a href=\"https:\/\/www.bc-maps.com\/mapa-vectorial-eps\/mancor-de-la-vall-mallorca-mapa-vectorial-illustrator-eps-ai-cc\/\">Mancor de la Vall<\/a>, <a href=\"https:\/\/www.bc-maps.com\/mapa-vectorial-eps\/costitx-mallorca-mapa-vectorial-illustrator-eps-ai-cc\/\">Costitx<\/a>, <a href=\"https:\/\/www.bc-maps.com\/mapa-vectorial-eps\/buger-mallorca-mapa-vectorial-illustrator-eps-ai-cc\/\">B\u00fager,<\/a> Ariany, <a href=\"https:\/\/www.bc-maps.com\/mapa-vectorial-eps\/deia-mallorca-mapa-vectorial-illustrator-eps-ai-cc\/\">Dei\u00e0<\/a>, <a href=\"https:\/\/www.bc-maps.com\/mapa-vectorial-eps\/fornalutx-mallorca-mapa-vectorial-illustrator-eps-ai-cc\/\">Fornalutx<\/a>, <a href=\"https:\/\/www.bc-maps.com\/mapa-vectorial-eps\/banyalbufar-mallorca-mapa-vectorial-illustrator-eps-ai-cc\/\">Banyalbufar<\/a>, <a href=\"https:\/\/www.bc-maps.com\/mapa-vectorial-eps\/estellencs-mallorca-mapa-vectorial-illustrator-eps-ai-cc\/\">Estellencs<\/a>, Escorca<\/p>\n<p>Estas son algunas de las caracter\u00edsticas comunes de un mapa vectorial:<\/p>\n<p>1. Escalabilidad: Los mapas vectoriales son escalables, lo que significa que se pueden ampliar o reducir sin perder calidad.<\/p>\n<p>2. Geometr\u00eda precisa: Los elementos en un mapa vectorial se representan mediante formas geom\u00e9tricas, como l\u00edneas, puntos y pol\u00edgonos. Estas formas se definen matem\u00e1ticamente, lo que garantiza una representaci\u00f3n precisa de la geograf\u00eda y las caracter\u00edsticas del terreno.<\/p>\n<p>3. Capas y atributos: Un mapa vectorial puede contener diferentes capas que representan diferentes tipos de informaci\u00f3n, como carreteras, r\u00edos, edificios, \u00e1reas verdes, entre otros. .<\/p>\n<p>4. Edici\u00f3n y personalizaci\u00f3n: Los mapas vectoriales son editables, lo que permite agregar, eliminar o modificar elementos seg\u00fan las necesidades del usuario. Tambi\u00e9n se pueden personalizar mediante la selecci\u00f3n de colores, estilos de l\u00ednea y s\u00edmbolos.<\/p>\n<p>5. Compatibilidad: Los mapas vectoriales suelen estar disponibles en formatos est\u00e1ndar, como SVG (Scalable Vector Graphics), AI (Adobe Illustrator), EPS (Encapsulated PostScript) o DXF (Drawing Exchange Format), lo que permite su visualizaci\u00f3n y edici\u00f3n en diferentes software de dise\u00f1o y cartograf\u00eda.<\/p>\n<p>Estas caracter\u00edsticas hacen que los mapas vectoriales sean \u00fatiles para an\u00e1lisis espacial, planificaci\u00f3n urbana, navegaci\u00f3n, representaci\u00f3n cartogr\u00e1fica y otras aplicaciones donde la precisi\u00f3n y la flexibilidad son importantes.<\/p>\n<figure id=\"attachment_5154\" aria-describedby=\"caption-attachment-5154\" style=\"width: 300px\" class=\"wp-caption alignnone\"><a href=\"http:\/\/www.bc-maps.com\/wp-content\/uploads\/2022\/11\/mallorca-isla-mapa-vectorial-illustrator-eps-editable-scaled.jpg\" target=\"_blank\" rel=\"noopener\"><img loading=\"lazy\" decoding=\"async\" class=\"wp-image-5154 size-medium\" title=\"Mapa vectorial Mallorca isla illustrator eps editable\" src=\"http:\/\/www.bc-maps.com\/wp-content\/uploads\/2022\/11\/mallorca-isla-mapa-vectorial-illustrator-eps-editable-300x234.jpg\" alt=\"Mapa vectorial Mallorca isla illustrator eps editable\" width=\"300\" height=\"234\" srcset=\"https:\/\/www.bc-maps.com\/wp-content\/uploads\/2022\/11\/mallorca-isla-mapa-vectorial-illustrator-eps-editable-300x234.jpg 300w, https:\/\/www.bc-maps.com\/wp-content\/uploads\/2022\/11\/mallorca-isla-mapa-vectorial-illustrator-eps-editable-1024x800.jpg 1024w, https:\/\/www.bc-maps.com\/wp-content\/uploads\/2022\/11\/mallorca-isla-mapa-vectorial-illustrator-eps-editable-768x600.jpg 768w, https:\/\/www.bc-maps.com\/wp-content\/uploads\/2022\/11\/mallorca-isla-mapa-vectorial-illustrator-eps-editable-1536x1200.jpg 1536w, https:\/\/www.bc-maps.com\/wp-content\/uploads\/2022\/11\/mallorca-isla-mapa-vectorial-illustrator-eps-editable-2048x1600.jpg 2048w\" sizes=\"auto, (max-width: 300px) 100vw, 300px\" \/><\/a><figcaption id=\"caption-attachment-5154\" class=\"wp-caption-text\">Mapa vectorial Mallorca isla illustrator eps editable<\/figcaption><\/figure>\n<figure id=\"attachment_4623\" aria-describedby=\"caption-attachment-4623\" style=\"width: 300px\" class=\"wp-caption alignnone\"><a href=\"http:\/\/www.bc-maps.com\/wp-content\/uploads\/2021\/09\/Mallorca-mapa-vectorial-illustrator-eps--scaled.jpg\" target=\"_blank\" rel=\"noopener\"><img loading=\"lazy\" decoding=\"async\" class=\"wp-image-4623 size-medium\" title=\"Mallorca mapa vectorial illustrator eps ai\" src=\"http:\/\/www.bc-maps.com\/wp-content\/uploads\/2021\/09\/Mallorca-mapa-vectorial-illustrator-eps--300x279.jpg\" alt=\"Mallorca mapa vectorial illustrator eps ai\" width=\"300\" height=\"279\" srcset=\"https:\/\/www.bc-maps.com\/wp-content\/uploads\/2021\/09\/Mallorca-mapa-vectorial-illustrator-eps--300x279.jpg 300w, https:\/\/www.bc-maps.com\/wp-content\/uploads\/2021\/09\/Mallorca-mapa-vectorial-illustrator-eps--1024x954.jpg 1024w, https:\/\/www.bc-maps.com\/wp-content\/uploads\/2021\/09\/Mallorca-mapa-vectorial-illustrator-eps--768x715.jpg 768w, https:\/\/www.bc-maps.com\/wp-content\/uploads\/2021\/09\/Mallorca-mapa-vectorial-illustrator-eps--1536x1431.jpg 1536w, https:\/\/www.bc-maps.com\/wp-content\/uploads\/2021\/09\/Mallorca-mapa-vectorial-illustrator-eps--2048x1908.jpg 2048w\" sizes=\"auto, (max-width: 300px) 100vw, 300px\" \/><\/a><figcaption id=\"caption-attachment-4623\" class=\"wp-caption-text\"><strong>Mallorca mapa vectorial illustrator eps ai<\/strong><\/figcaption><\/figure>\n<figure id=\"attachment_4621\" aria-describedby=\"caption-attachment-4621\" style=\"width: 263px\" class=\"wp-caption alignnone\"><a href=\"http:\/\/www.bc-maps.com\/wp-content\/uploads\/2021\/09\/Mallorca-mapa-vectorial-illustrator-eps-parcial.jpg\" target=\"_blank\" rel=\"noopener\"><img loading=\"lazy\" decoding=\"async\" class=\"wp-image-4621 \" title=\"Mallorca mapa vectorial illustrator eps ai parcial\" src=\"http:\/\/www.bc-maps.com\/wp-content\/uploads\/2021\/09\/Mallorca-mapa-vectorial-illustrator-eps-parcial-208x300.jpg\" alt=\"Mallorca mapa vectorial illustrator eps ai parcial\" width=\"263\" height=\"380\" srcset=\"https:\/\/www.bc-maps.com\/wp-content\/uploads\/2021\/09\/Mallorca-mapa-vectorial-illustrator-eps-parcial-208x300.jpg 208w, https:\/\/www.bc-maps.com\/wp-content\/uploads\/2021\/09\/Mallorca-mapa-vectorial-illustrator-eps-parcial-710x1024.jpg 710w, https:\/\/www.bc-maps.com\/wp-content\/uploads\/2021\/09\/Mallorca-mapa-vectorial-illustrator-eps-parcial-768x1107.jpg 768w, https:\/\/www.bc-maps.com\/wp-content\/uploads\/2021\/09\/Mallorca-mapa-vectorial-illustrator-eps-parcial-1066x1536.jpg 1066w, https:\/\/www.bc-maps.com\/wp-content\/uploads\/2021\/09\/Mallorca-mapa-vectorial-illustrator-eps-parcial.jpg 1176w\" sizes=\"auto, (max-width: 263px) 100vw, 263px\" \/><\/a><figcaption id=\"caption-attachment-4621\" class=\"wp-caption-text\"><strong>Mallorca mapa vectorial illustrator eps ai parcial<\/strong><\/figcaption><\/figure>\n<div class=\"mceTemp\"><\/div>\n<p>El contenido depender\u00e1 del tama\u00f1o de la zona y la escala o medidas de reproducci\u00f3n, no trabajamos con textos inferiores a 5 puntos para que sean legibles.<\/p>\n<p>La informaci\u00f3n disponible va desde\u00a0monumentos, lugares de inter\u00e9s y populares, museos, oficinas de turismo, centros comerciales, medios de transporte.<\/p>\n<p>Tambi\u00e9n podemos a\u00f1adir cualquier otra informaci\u00f3n pr\u00e1ctica que nos soliciten ustedes.<\/p>\n<p>Nuestros mapas est\u00e1n estructurados por medio de capas y son totalmente editables, modificables, \u00a0tanto \u00a0colores y\u00a0fuentes\/textos.<\/p>\n<p>Nuestro ficheros\u00a0son libres de derechos para cualquier reproducci\u00f3n, incluyendo nuestro copyright.<\/p>\n<p>Los maps\u00a0est\u00e1n creados con licencias oficiales de programas de Adobe, habitualmente entregamos en version CC, pero podemos entregar tambi\u00e9n en otras versiones.<\/p>\n","protected":false},"excerpt":{"rendered":"<p>Planos y mapas vectoriales de Mallorca Mapas vectoriales editables estructurados con capas de carreteras de Baleares Planos vectoriales de ciudades de Mallorca Podemos crear cualquier tipo de mapa de la isla de Mallorca, planos parciales, planos generales, planos de detalle, planos de ciudades\u2026etc. Un mapa vectorial en illustrator eps de Mallorca es un archivo digital &hellip; <a href=\"https:\/\/www.bc-maps.com\/mapa-vectorial-eps\/mallorca-mapa-vectorial-illustrator-eps-ai\/\" class=\"more-link\">Seguir leyendo <span class=\"screen-reader-text\">Isla de Mallorca mapa vectorial Illustrator eps<\/span> <span class=\"meta-nav\">&rarr;<\/span><\/a><\/p>\n","protected":false},"author":1,"featured_media":5154,"parent":0,"menu_order":0,"comment_status":"closed","ping_status":"closed","template":"","meta":{"footnotes":""},"class_list":["post-4564","page","type-page","status-publish","has-post-thumbnail","hentry"],"_links":{"self":[{"href":"https:\/\/www.bc-maps.com\/mapa-vectorial-eps\/wp-json\/wp\/v2\/pages\/4564","targetHints":{"allow":["GET"]}}],"collection":[{"href":"https:\/\/www.bc-maps.com\/mapa-vectorial-eps\/wp-json\/wp\/v2\/pages"}],"about":[{"href":"https:\/\/www.bc-maps.com\/mapa-vectorial-eps\/wp-json\/wp\/v2\/types\/page"}],"author":[{"embeddable":true,"href":"https:\/\/www.bc-maps.com\/mapa-vectorial-eps\/wp-json\/wp\/v2\/users\/1"}],"replies":[{"embeddable":true,"href":"https:\/\/www.bc-maps.com\/mapa-vectorial-eps\/wp-json\/wp\/v2\/comments?post=4564"}],"version-history":[{"count":7,"href":"https:\/\/www.bc-maps.com\/mapa-vectorial-eps\/wp-json\/wp\/v2\/pages\/4564\/revisions"}],"predecessor-version":[{"id":6587,"href":"https:\/\/www.bc-maps.com\/mapa-vectorial-eps\/wp-json\/wp\/v2\/pages\/4564\/revisions\/6587"}],"wp:featuredmedia":[{"embeddable":true,"href":"https:\/\/www.bc-maps.com\/mapa-vectorial-eps\/wp-json\/wp\/v2\/media\/5154"}],"wp:attachment":[{"href":"https:\/\/www.bc-maps.com\/mapa-vectorial-eps\/wp-json\/wp\/v2\/media?parent=4564"}],"curies":[{"name":"wp","href":"https:\/\/api.w.org\/{rel}","templated":true}]}}