{"id":4555,"date":"2021-08-29T08:55:00","date_gmt":"2021-08-29T08:55:00","guid":{"rendered":"http:\/\/www.bc-maps.com\/mapa-vectorial-eps\/bilbao-ilustrator-eps-2\/"},"modified":"2023-06-16T10:09:37","modified_gmt":"2023-06-16T10:09:37","slug":"donostia-san-sebastian-illustrator-eps","status":"publish","type":"page","link":"https:\/\/www.bc-maps.com\/mapa-vectorial-eps\/donostia-san-sebastian-illustrator-eps\/","title":{"rendered":"Donostia San Sebastian mapa vectorial Illustrator eps"},"content":{"rendered":"<h1>Planos y mapas vectoriales de Donostia San Sebastian<\/h1>\n<h2>Mapas vectoriales editabl, estructurados con capas, de las calles de Donostia\/San Sebastian<\/h2>\n<h3>Planos vectoriales de ciudades de Guipuzkoa<\/h3>\n<p>Podemos crear cualquier tipo de mapa de la ciudad de Donostia San Sebastian , planos parciales, planos generales, planos de detalle\u2026etc.<\/p>\n<p>Un <strong>mapa vectorial en illustrator eps<\/strong> de <strong>Donostia-San Sebasti\u00e1n<\/strong>\u00a0es un archivo digital que representa gr\u00e1ficamente la geograf\u00eda, la infraestructura y otros elementos geoespaciales de la ciudad \u00a0en forma de vectores.<\/p>\n<p>Los mapas se entregan en formatos editables <strong><a href=\"http:\/\/www.adobe.es\">adobe<\/a> illustrator, eps<\/strong><\/p>\n<p>Estas son algunas de las caracter\u00edsticas comunes de un mapa vectorial:<\/p>\n<p>1. Escalabilidad: Los mapas vectoriales son escalables, lo que significa que se pueden ampliar o reducir sin perder calidad.<\/p>\n<p>2. Geometr\u00eda precisa: Los elementos en un mapa vectorial se representan mediante formas geom\u00e9tricas, como l\u00edneas, puntos y pol\u00edgonos. Estas formas se definen matem\u00e1ticamente, lo que garantiza una representaci\u00f3n precisa de la geograf\u00eda y las caracter\u00edsticas del terreno.<\/p>\n<p>3. Capas y atributos: Un mapa vectorial puede contener diferentes capas que representan diferentes tipos de informaci\u00f3n, como carreteras, r\u00edos, edificios, \u00e1reas verdes, entre otros. .<\/p>\n<p>4. Edici\u00f3n y personalizaci\u00f3n: Los mapas vectoriales son editables, lo que permite agregar, eliminar o modificar elementos seg\u00fan las necesidades del usuario. Tambi\u00e9n se pueden personalizar mediante la selecci\u00f3n de colores, estilos de l\u00ednea y s\u00edmbolos.<\/p>\n<p>5. Compatibilidad: Los mapas vectoriales suelen estar disponibles en formatos est\u00e1ndar, como SVG (Scalable Vector Graphics), AI (Adobe Illustrator), EPS (Encapsulated PostScript) o DXF (Drawing Exchange Format), lo que permite su visualizaci\u00f3n y edici\u00f3n en diferentes software de dise\u00f1o y cartograf\u00eda.<\/p>\n<p>Estas caracter\u00edsticas hacen que los mapas vectoriales sean \u00fatiles para an\u00e1lisis espacial, planificaci\u00f3n urbana, navegaci\u00f3n, representaci\u00f3n cartogr\u00e1fica y otras aplicaciones donde la precisi\u00f3n y la flexibilidad son importantes.<\/p>\n<p>El contenido de informaci\u00f3n depender\u00e1 del tama\u00f1o de la zona y la escala o medidas de reproducci\u00f3n, ya que no trabajamos con textos inferiores a 5 puntos para que sean legibles.<\/p>\n<p>El contenido depender\u00e1 del tama\u00f1o de la zona y la escala o medidas de reproducci\u00f3n, no trabajamos con textos inferiores a 5 puntos para que sean legibles.<\/p>\n<figure id=\"attachment_4266\" aria-describedby=\"caption-attachment-4266\" style=\"width: 300px\" class=\"wp-caption alignnone\"><a href=\"http:\/\/www.bc-maps.com\/wp-content\/uploads\/2017\/09\/Mapa-Donostia-vectorial-illustrator-eps-mudo.jpg\" target=\"_blank\" rel=\"noopener\"><img loading=\"lazy\" decoding=\"async\" class=\"wp-image-4266 size-medium\" title=\"Donostia San Sebastian AM Mapa vectorial eps illustrator mudo 2021\" src=\"http:\/\/www.bc-maps.com\/wp-content\/uploads\/2017\/09\/Mapa-Donostia-vectorial-illustrator-eps-mudo-300x225.jpg\" alt=\"Donostia San Sebastian AM Mapa vectorial eps illustrator mudo 2021\" width=\"300\" height=\"225\" srcset=\"https:\/\/www.bc-maps.com\/wp-content\/uploads\/2017\/09\/Mapa-Donostia-vectorial-illustrator-eps-mudo-300x225.jpg 300w, https:\/\/www.bc-maps.com\/wp-content\/uploads\/2017\/09\/Mapa-Donostia-vectorial-illustrator-eps-mudo-1024x769.jpg 1024w, https:\/\/www.bc-maps.com\/wp-content\/uploads\/2017\/09\/Mapa-Donostia-vectorial-illustrator-eps-mudo-768x577.jpg 768w, https:\/\/www.bc-maps.com\/wp-content\/uploads\/2017\/09\/Mapa-Donostia-vectorial-illustrator-eps-mudo-1536x1153.jpg 1536w, https:\/\/www.bc-maps.com\/wp-content\/uploads\/2017\/09\/Mapa-Donostia-vectorial-illustrator-eps-mudo-2048x1538.jpg 2048w\" sizes=\"auto, (max-width: 300px) 100vw, 300px\" \/><\/a><figcaption id=\"caption-attachment-4266\" class=\"wp-caption-text\">Donostia San Sebastian AM Mapa vectorial eps illustrator mudo 2021<\/figcaption><\/figure>\n<figure id=\"attachment_3088\" aria-describedby=\"caption-attachment-3088\" style=\"width: 300px\" class=\"wp-caption alignnone\"><a href=\"http:\/\/www.bc-maps.com\/wp-content\/uploads\/2014\/01\/Donostia-mapa-vectorial-illustrator-mudo-editable-eps.jpg\" target=\"_blank\" rel=\"noopener\"><img loading=\"lazy\" decoding=\"async\" class=\"wp-image-3088 size-medium\" title=\"Donostia\/San Sebastian mapa vectorial illustrator mudo editable eps\" src=\"http:\/\/www.bc-maps.com\/wp-content\/uploads\/2014\/01\/Donostia-mapa-vectorial-illustrator-mudo-editable-eps-300x212.jpg\" alt=\"Donostia\/San Sebastian mapa vectorial illustrator mudo editable eps\" width=\"300\" height=\"212\" srcset=\"https:\/\/www.bc-maps.com\/wp-content\/uploads\/2014\/01\/Donostia-mapa-vectorial-illustrator-mudo-editable-eps-300x212.jpg 300w, https:\/\/www.bc-maps.com\/wp-content\/uploads\/2014\/01\/Donostia-mapa-vectorial-illustrator-mudo-editable-eps-768x543.jpg 768w, https:\/\/www.bc-maps.com\/wp-content\/uploads\/2014\/01\/Donostia-mapa-vectorial-illustrator-mudo-editable-eps-1024x724.jpg 1024w\" sizes=\"auto, (max-width: 300px) 100vw, 300px\" \/><\/a><figcaption id=\"caption-attachment-3088\" class=\"wp-caption-text\">Donostia\/San Sebastian mapa vectorial illustrator mudo editable eps<\/figcaption><\/figure>\n<figure id=\"attachment_3086\" aria-describedby=\"caption-attachment-3086\" style=\"width: 300px\" class=\"wp-caption alignnone\"><a href=\"http:\/\/www.bc-maps.com\/wp-content\/uploads\/2014\/01\/Donostia-mapa-vectorial-illustrator-eps.jpg\" target=\"_blank\" rel=\"noopener\"><img loading=\"lazy\" decoding=\"async\" class=\"wp-image-3086 size-medium\" title=\"Donostia San Sebastian mapa vectorial illustrator centro editable eps\" src=\"http:\/\/www.bc-maps.com\/wp-content\/uploads\/2014\/01\/Donostia-mapa-vectorial-illustrator-eps-300x272.jpg\" alt=\"Donostia San Sebastian mapa vectorial illustrator centro editable eps\" width=\"300\" height=\"272\" srcset=\"https:\/\/www.bc-maps.com\/wp-content\/uploads\/2014\/01\/Donostia-mapa-vectorial-illustrator-eps-300x272.jpg 300w, https:\/\/www.bc-maps.com\/wp-content\/uploads\/2014\/01\/Donostia-mapa-vectorial-illustrator-eps-768x697.jpg 768w, https:\/\/www.bc-maps.com\/wp-content\/uploads\/2014\/01\/Donostia-mapa-vectorial-illustrator-eps-1024x929.jpg 1024w, https:\/\/www.bc-maps.com\/wp-content\/uploads\/2014\/01\/Donostia-mapa-vectorial-illustrator-eps.jpg 1302w\" sizes=\"auto, (max-width: 300px) 100vw, 300px\" \/><\/a><figcaption id=\"caption-attachment-3086\" class=\"wp-caption-text\">Donostia San Sebastian mapa vectorial illustrator centro editable eps<\/figcaption><\/figure>\n<p>La informaci\u00f3n disponible va desde\u00a0monumentos, lugares de inter\u00e9s y populares, museos, oficinas de turismo, centros comerciales, medios de transporte.<\/p>\n<p>Tambi\u00e9n podemos a\u00f1adir cualquier otra informaci\u00f3n pr\u00e1ctica que nos soliciten ustedes.<\/p>\n<p>Nuestros mapas est\u00e1n estructurados por medio de capas y son totalmente editables, modificables, \u00a0tanto \u00a0colores y\u00a0fuentes\/textos.<\/p>\n<p>Nuestro ficheros\u00a0son libres de derechos para cualquier reproducci\u00f3n, incluyendo nuestro copyright.<\/p>\n<p>Los maps\u00a0est\u00e1n creados con licencias oficiales de programas de Adobe, habitualmente entregamos en version CC, pero podemos entregar tambi\u00e9n en otras versiones.<\/p>\n","protected":false},"excerpt":{"rendered":"<p>Planos y mapas vectoriales de Donostia San Sebastian Mapas vectoriales editabl, estructurados con capas, de las calles de Donostia\/San Sebastian Planos vectoriales de ciudades de Guipuzkoa Podemos crear cualquier tipo de mapa de la ciudad de Donostia San Sebastian , planos parciales, planos generales, planos de detalle\u2026etc. Un mapa vectorial en illustrator eps de Donostia-San &hellip; <a href=\"https:\/\/www.bc-maps.com\/mapa-vectorial-eps\/donostia-san-sebastian-illustrator-eps\/\" class=\"more-link\">Seguir leyendo <span class=\"screen-reader-text\">Donostia San Sebastian mapa vectorial Illustrator eps<\/span> <span class=\"meta-nav\">&rarr;<\/span><\/a><\/p>\n","protected":false},"author":1,"featured_media":3088,"parent":0,"menu_order":0,"comment_status":"closed","ping_status":"closed","template":"","meta":{"footnotes":""},"class_list":["post-4555","page","type-page","status-publish","has-post-thumbnail","hentry"],"_links":{"self":[{"href":"https:\/\/www.bc-maps.com\/mapa-vectorial-eps\/wp-json\/wp\/v2\/pages\/4555","targetHints":{"allow":["GET"]}}],"collection":[{"href":"https:\/\/www.bc-maps.com\/mapa-vectorial-eps\/wp-json\/wp\/v2\/pages"}],"about":[{"href":"https:\/\/www.bc-maps.com\/mapa-vectorial-eps\/wp-json\/wp\/v2\/types\/page"}],"author":[{"embeddable":true,"href":"https:\/\/www.bc-maps.com\/mapa-vectorial-eps\/wp-json\/wp\/v2\/users\/1"}],"replies":[{"embeddable":true,"href":"https:\/\/www.bc-maps.com\/mapa-vectorial-eps\/wp-json\/wp\/v2\/comments?post=4555"}],"version-history":[{"count":3,"href":"https:\/\/www.bc-maps.com\/mapa-vectorial-eps\/wp-json\/wp\/v2\/pages\/4555\/revisions"}],"predecessor-version":[{"id":5316,"href":"https:\/\/www.bc-maps.com\/mapa-vectorial-eps\/wp-json\/wp\/v2\/pages\/4555\/revisions\/5316"}],"wp:featuredmedia":[{"embeddable":true,"href":"https:\/\/www.bc-maps.com\/mapa-vectorial-eps\/wp-json\/wp\/v2\/media\/3088"}],"wp:attachment":[{"href":"https:\/\/www.bc-maps.com\/mapa-vectorial-eps\/wp-json\/wp\/v2\/media?parent=4555"}],"curies":[{"name":"wp","href":"https:\/\/api.w.org\/{rel}","templated":true}]}}