{"id":4533,"date":"2021-08-29T08:55:00","date_gmt":"2021-08-29T08:55:00","guid":{"rendered":"http:\/\/www.bc-maps.com\/mapa-vectorial-eps\/bilbao-ilustrator-eps-2\/"},"modified":"2021-09-03T07:27:53","modified_gmt":"2021-09-03T07:27:53","slug":"santa-cruz-de-tenerife-ilustrator-eps","status":"publish","type":"page","link":"https:\/\/www.bc-maps.com\/mapa-vectorial-eps\/santa-cruz-de-tenerife-ilustrator-eps\/","title":{"rendered":"Santa Cruz de Tenerife mapa vectorial Illustrator eps"},"content":{"rendered":"<h1>Planos y mapas vectoriales de Santa Cruz de Tenerife<\/h1>\n<h2>Mapas vectoriales editables, estructurados con capas, de las calles de Santa Cruz de Tenerife<\/h2>\n<h3>Planos vectoriales de ciudades de Canarias<\/h3>\n<p>Podemos crear cualquier tipo de mapa de la ciudad de Santa Cruz de Tenerife , planos parciales, planos generales, planos de detalle\u2026etc.<\/p>\n<p>Los mapas se entregan en formatos editables <a href=\"http:\/\/www.adobe.es\">adobe<\/a> illustrator, eps, corel, freehand.<\/p>\n<p>El contenido de informaci\u00f3n depender\u00e1 del tama\u00f1o de la zona y la escala o medidas de reproducci\u00f3n, ya que no trabajamos con textos inferiores a 5 puntos para que sean legibles.<\/p>\n<p>El contenido depender\u00e1 del tama\u00f1o de la zona y la escala o medidas de reproducci\u00f3n, no trabajamos con textos inferiores a 5 puntos para que sean legibles.<\/p>\n<figure id=\"attachment_3411\" aria-describedby=\"caption-attachment-3411\" style=\"width: 300px\" class=\"wp-caption alignnone\"><a href=\"http:\/\/www.bc-maps.com\/wp-content\/uploads\/2018\/09\/mapa-vectorial-illustrator-eps-Santa-Cruz-Tenerife.jpg\" target=\"_blank\" rel=\"noopener\"><img loading=\"lazy\" decoding=\"async\" class=\"wp-image-3411 size-medium\" title=\"Santa Cruz de Tenerife mapa vectorial illustrator eps centro\" src=\"http:\/\/www.bc-maps.com\/wp-content\/uploads\/2018\/09\/mapa-vectorial-illustrator-eps-Santa-Cruz-Tenerife-300x213.jpg\" alt=\"Santa Cruz de Tenerife mapa vectorial illustrator eps centro\" width=\"300\" height=\"213\" srcset=\"https:\/\/www.bc-maps.com\/wp-content\/uploads\/2018\/09\/mapa-vectorial-illustrator-eps-Santa-Cruz-Tenerife-300x213.jpg 300w, https:\/\/www.bc-maps.com\/wp-content\/uploads\/2018\/09\/mapa-vectorial-illustrator-eps-Santa-Cruz-Tenerife-768x545.jpg 768w, https:\/\/www.bc-maps.com\/wp-content\/uploads\/2018\/09\/mapa-vectorial-illustrator-eps-Santa-Cruz-Tenerife-1024x726.jpg 1024w\" sizes=\"auto, (max-width: 300px) 100vw, 300px\" \/><\/a><figcaption id=\"caption-attachment-3411\" class=\"wp-caption-text\">Santa Cruz de Tenerife mapa vectorial illustrator eps centro<\/figcaption><\/figure>\n<figure id=\"attachment_3357\" aria-describedby=\"caption-attachment-3357\" style=\"width: 252px\" class=\"wp-caption alignnone\"><a href=\"http:\/\/www.bc-maps.com\/wp-content\/uploads\/2018\/06\/Mapa-vectorial-illustrator-eps-Santa-Cruz-de-Tenerife.jpg\" target=\"_blank\" rel=\"noopener\"><img loading=\"lazy\" decoding=\"async\" class=\"wp-image-3357 size-medium\" title=\"Santa Cruz de Tenerife AM mapa vectorial illustrator eps \" src=\"http:\/\/www.bc-maps.com\/wp-content\/uploads\/2018\/06\/Mapa-vectorial-illustrator-eps-Santa-Cruz-de-Tenerife-252x300.jpg\" alt=\"Santa Cruz de Tenerife AM mapa vectorial illustrator eps \" width=\"252\" height=\"300\" srcset=\"https:\/\/www.bc-maps.com\/wp-content\/uploads\/2018\/06\/Mapa-vectorial-illustrator-eps-Santa-Cruz-de-Tenerife-252x300.jpg 252w, https:\/\/www.bc-maps.com\/wp-content\/uploads\/2018\/06\/Mapa-vectorial-illustrator-eps-Santa-Cruz-de-Tenerife-768x916.jpg 768w, https:\/\/www.bc-maps.com\/wp-content\/uploads\/2018\/06\/Mapa-vectorial-illustrator-eps-Santa-Cruz-de-Tenerife-859x1024.jpg 859w\" sizes=\"auto, (max-width: 252px) 100vw, 252px\" \/><\/a><figcaption id=\"caption-attachment-3357\" class=\"wp-caption-text\">Santa Cruz de Tenerife AM mapa vectorial illustrator eps<\/figcaption><\/figure>\n<p>La informaci\u00f3n disponible va desde\u00a0monumentos, lugares de inter\u00e9s y populares, museos, oficinas de turismo, centros comerciales, medios de transporte.<\/p>\n<p>Tambi\u00e9n podemos a\u00f1adir cualquier otra informaci\u00f3n pr\u00e1ctica que nos soliciten ustedes.<\/p>\n<p>Nuestros mapas est\u00e1n estructurados por medio de capas y son totalmente editables, modificables, \u00a0tanto \u00a0colores y\u00a0fuentes\/textos.<\/p>\n<p>Nuestro ficheros\u00a0son libres de derechos para cualquier reproducci\u00f3n, incluyendo nuestro copyright.<\/p>\n<p>Los maps\u00a0est\u00e1n creados con licencias oficiales de programas de Adobe, habitualmente entregamos en version CC, pero podemos entregar tambi\u00e9n en otras versiones.<\/p>\n","protected":false},"excerpt":{"rendered":"<p>Planos y mapas vectoriales de Santa Cruz de Tenerife Mapas vectoriales editables, estructurados con capas, de las calles de Santa Cruz de Tenerife Planos vectoriales de ciudades de Canarias Podemos crear cualquier tipo de mapa de la ciudad de Santa Cruz de Tenerife , planos parciales, planos generales, planos de detalle\u2026etc. Los mapas se entregan &hellip; <a href=\"https:\/\/www.bc-maps.com\/mapa-vectorial-eps\/santa-cruz-de-tenerife-ilustrator-eps\/\" class=\"more-link\">Seguir leyendo <span class=\"screen-reader-text\">Santa Cruz de Tenerife mapa vectorial Illustrator eps<\/span> <span class=\"meta-nav\">&rarr;<\/span><\/a><\/p>\n","protected":false},"author":1,"featured_media":3411,"parent":0,"menu_order":0,"comment_status":"closed","ping_status":"closed","template":"","meta":{"footnotes":""},"class_list":["post-4533","page","type-page","status-publish","has-post-thumbnail","hentry"],"_links":{"self":[{"href":"https:\/\/www.bc-maps.com\/mapa-vectorial-eps\/wp-json\/wp\/v2\/pages\/4533","targetHints":{"allow":["GET"]}}],"collection":[{"href":"https:\/\/www.bc-maps.com\/mapa-vectorial-eps\/wp-json\/wp\/v2\/pages"}],"about":[{"href":"https:\/\/www.bc-maps.com\/mapa-vectorial-eps\/wp-json\/wp\/v2\/types\/page"}],"author":[{"embeddable":true,"href":"https:\/\/www.bc-maps.com\/mapa-vectorial-eps\/wp-json\/wp\/v2\/users\/1"}],"replies":[{"embeddable":true,"href":"https:\/\/www.bc-maps.com\/mapa-vectorial-eps\/wp-json\/wp\/v2\/comments?post=4533"}],"version-history":[{"count":2,"href":"https:\/\/www.bc-maps.com\/mapa-vectorial-eps\/wp-json\/wp\/v2\/pages\/4533\/revisions"}],"predecessor-version":[{"id":4536,"href":"https:\/\/www.bc-maps.com\/mapa-vectorial-eps\/wp-json\/wp\/v2\/pages\/4533\/revisions\/4536"}],"wp:featuredmedia":[{"embeddable":true,"href":"https:\/\/www.bc-maps.com\/mapa-vectorial-eps\/wp-json\/wp\/v2\/media\/3411"}],"wp:attachment":[{"href":"https:\/\/www.bc-maps.com\/mapa-vectorial-eps\/wp-json\/wp\/v2\/media?parent=4533"}],"curies":[{"name":"wp","href":"https:\/\/api.w.org\/{rel}","templated":true}]}}