{"id":4421,"date":"2021-08-29T08:55:00","date_gmt":"2021-08-29T08:55:00","guid":{"rendered":"http:\/\/www.bc-maps.com\/mapa-vectorial-eps\/zaragoza-ilustrator-2\/"},"modified":"2021-09-01T15:03:06","modified_gmt":"2021-09-01T15:03:06","slug":"zaragoza-ilustrator-eps","status":"publish","type":"page","link":"https:\/\/www.bc-maps.com\/mapa-vectorial-eps\/zaragoza-ilustrator-eps\/","title":{"rendered":"Zaragoza Mapa vectorial Illustrator eps"},"content":{"rendered":"<h1>Planos y mapas vectoriales de Zaragoza<\/h1>\n<h2>Mapas vectoriales editables estructurados con capas de las calles de Zaragoza<\/h2>\n<h3>Planos vectoriales de ciudades de\u00a0Zaragoza<\/h3>\n<p>Podemos crear cualquier tipo de mapa de la ciudad de Zaragoza, planos parciales, planos generales, planos de detalle\u2026etc.<\/p>\n<p>Los mapas se entregan en formatos editables <a href=\"http:\/\/www.adobe.es\">adobe<\/a> illustrator, eps, corel, freehand.<\/p>\n<p>El contenido de informaci\u00f3n depender\u00e1 del tama\u00f1o de la zona y la escala o medidas de reproducci\u00f3n, ya que no trabajamos con textos inferiores a 5 puntos para que sean legibles.<\/p>\n<p>Los mapas pueden contener las l\u00edneas de Tranvia,<\/p>\n<p>El Palacio de la Aljafer\u00eda, La Bas\u00edlica de Nuestra Se\u00f1ora del Pilar, La Catedral del Salvador de Zaragoza, Las Murallas Romanas, El Museo de Zaragoza, La Plaza del Pilar, Museos de Caesaraugusta, El Puente de Piedra, El Balc\u00f3n de San L\u00e1zaro, El Museo Pablo Gargallo, La Lonja, pasear por la calle Alfonso I\u2026etc<\/p>\n<figure id=\"attachment_4419\" aria-describedby=\"caption-attachment-4419\" style=\"width: 300px\" class=\"wp-caption alignnone\"><a href=\"http:\/\/www.bc-maps.com\/wp-content\/uploads\/2021\/09\/Zaragoza-AM-mapa-vectorial-illustrator-eps-.jpg\" target=\"_blank\" rel=\"noopener\"><img loading=\"lazy\" decoding=\"async\" class=\"wp-image-4419 size-medium\" title=\"Zaragoza AM mapa vectorial illustrator eps\" src=\"http:\/\/www.bc-maps.com\/wp-content\/uploads\/2021\/09\/Zaragoza-AM-mapa-vectorial-illustrator-eps--300x236.jpg\" alt=\"Zaragoza AM mapa vectorial illustrator eps\" width=\"300\" height=\"236\" srcset=\"https:\/\/www.bc-maps.com\/wp-content\/uploads\/2021\/09\/Zaragoza-AM-mapa-vectorial-illustrator-eps--300x236.jpg 300w, https:\/\/www.bc-maps.com\/wp-content\/uploads\/2021\/09\/Zaragoza-AM-mapa-vectorial-illustrator-eps--1024x806.jpg 1024w, https:\/\/www.bc-maps.com\/wp-content\/uploads\/2021\/09\/Zaragoza-AM-mapa-vectorial-illustrator-eps--768x605.jpg 768w, https:\/\/www.bc-maps.com\/wp-content\/uploads\/2021\/09\/Zaragoza-AM-mapa-vectorial-illustrator-eps--1536x1209.jpg 1536w, https:\/\/www.bc-maps.com\/wp-content\/uploads\/2021\/09\/Zaragoza-AM-mapa-vectorial-illustrator-eps-.jpg 1701w\" sizes=\"auto, (max-width: 300px) 100vw, 300px\" \/><\/a><figcaption id=\"caption-attachment-4419\" class=\"wp-caption-text\">Zaragoza AM mapa vectorial illustrator eps<\/figcaption><\/figure>\n<figure id=\"attachment_3438\" aria-describedby=\"caption-attachment-3438\" style=\"width: 237px\" class=\"wp-caption alignnone\"><img loading=\"lazy\" decoding=\"async\" class=\"size-medium wp-image-3438\" src=\"http:\/\/www.bc-maps.com\/wp-content\/uploads\/2011\/09\/ZARAGOZA-AVE-OK-237x300.jpg\" alt=\"Zaragoza mapa vectorial illustrator eps Ave\" width=\"237\" height=\"300\" srcset=\"https:\/\/www.bc-maps.com\/wp-content\/uploads\/2011\/09\/ZARAGOZA-AVE-OK-237x300.jpg 237w, https:\/\/www.bc-maps.com\/wp-content\/uploads\/2011\/09\/ZARAGOZA-AVE-OK-768x971.jpg 768w, https:\/\/www.bc-maps.com\/wp-content\/uploads\/2011\/09\/ZARAGOZA-AVE-OK-810x1024.jpg 810w, https:\/\/www.bc-maps.com\/wp-content\/uploads\/2011\/09\/ZARAGOZA-AVE-OK.jpg 1493w\" sizes=\"auto, (max-width: 237px) 100vw, 237px\" \/><figcaption id=\"caption-attachment-3438\" class=\"wp-caption-text\">Zaragoza mapa vectorial illustrator eps Ave<\/figcaption><\/figure>\n<figure id=\"attachment_2747\" aria-describedby=\"caption-attachment-2747\" style=\"width: 300px\" class=\"wp-caption alignnone\"><img loading=\"lazy\" decoding=\"async\" class=\"size-medium wp-image-2747\" src=\"http:\/\/www.bc-maps.com\/wp-content\/uploads\/2016\/09\/Zaragoza-mapa-vectorial-illustrator-eps-Rolex-300x212.jpg\" alt=\"Zaragoza mapa vectorial illustrator eps Rolex\" width=\"300\" height=\"212\" srcset=\"https:\/\/www.bc-maps.com\/wp-content\/uploads\/2016\/09\/Zaragoza-mapa-vectorial-illustrator-eps-Rolex-300x212.jpg 300w, https:\/\/www.bc-maps.com\/wp-content\/uploads\/2016\/09\/Zaragoza-mapa-vectorial-illustrator-eps-Rolex-768x543.jpg 768w, https:\/\/www.bc-maps.com\/wp-content\/uploads\/2016\/09\/Zaragoza-mapa-vectorial-illustrator-eps-Rolex-1024x724.jpg 1024w\" sizes=\"auto, (max-width: 300px) 100vw, 300px\" \/><figcaption id=\"caption-attachment-2747\" class=\"wp-caption-text\">Zaragoza mapa vectorial illustrator eps Rolex<\/figcaption><\/figure>\n<p>El contenido depender\u00e1 del tama\u00f1o de la zona y la escala o medidas de reproducci\u00f3n, no trabajamos con textos inferiores a 5 puntos para que sean legibles.<\/p>\n<p>La informaci\u00f3n disponible va desde\u00a0monumentos, lugares de inter\u00e9s y populares, museos, oficinas de turismo, centros comerciales, medios de transporte.<\/p>\n<p>Tambi\u00e9n podemos a\u00f1adir cualquier otra informaci\u00f3n pr\u00e1ctica que nos soliciten ustedes.<\/p>\n<p>Nuestros mapas est\u00e1n estructurados por medio de capas y son totalmente editables, modificables, \u00a0tanto \u00a0colores y\u00a0fuentes\/textos.<\/p>\n<p>Nuestro ficheros\u00a0son libres de derechos para cualquier reproducci\u00f3n, incluyendo nuestro copyright.<\/p>\n<p>Los maps\u00a0est\u00e1n creados con licencias oficiales de programas de Adobe, habitualmente entregamos en version CC, pero podemos entregar tambi\u00e9n en otras versiones.<\/p>\n","protected":false},"excerpt":{"rendered":"<p>Planos y mapas vectoriales de Zaragoza Mapas vectoriales editables estructurados con capas de las calles de Zaragoza Planos vectoriales de ciudades de\u00a0Zaragoza Podemos crear cualquier tipo de mapa de la ciudad de Zaragoza, planos parciales, planos generales, planos de detalle\u2026etc. Los mapas se entregan en formatos editables adobe illustrator, eps, corel, freehand. El contenido de &hellip; <a href=\"https:\/\/www.bc-maps.com\/mapa-vectorial-eps\/zaragoza-ilustrator-eps\/\" class=\"more-link\">Seguir leyendo <span class=\"screen-reader-text\">Zaragoza Mapa vectorial Illustrator eps<\/span> <span class=\"meta-nav\">&rarr;<\/span><\/a><\/p>\n","protected":false},"author":1,"featured_media":4419,"parent":0,"menu_order":0,"comment_status":"closed","ping_status":"closed","template":"","meta":{"footnotes":""},"class_list":["post-4421","page","type-page","status-publish","has-post-thumbnail","hentry"],"_links":{"self":[{"href":"https:\/\/www.bc-maps.com\/mapa-vectorial-eps\/wp-json\/wp\/v2\/pages\/4421","targetHints":{"allow":["GET"]}}],"collection":[{"href":"https:\/\/www.bc-maps.com\/mapa-vectorial-eps\/wp-json\/wp\/v2\/pages"}],"about":[{"href":"https:\/\/www.bc-maps.com\/mapa-vectorial-eps\/wp-json\/wp\/v2\/types\/page"}],"author":[{"embeddable":true,"href":"https:\/\/www.bc-maps.com\/mapa-vectorial-eps\/wp-json\/wp\/v2\/users\/1"}],"replies":[{"embeddable":true,"href":"https:\/\/www.bc-maps.com\/mapa-vectorial-eps\/wp-json\/wp\/v2\/comments?post=4421"}],"version-history":[{"count":1,"href":"https:\/\/www.bc-maps.com\/mapa-vectorial-eps\/wp-json\/wp\/v2\/pages\/4421\/revisions"}],"predecessor-version":[{"id":4426,"href":"https:\/\/www.bc-maps.com\/mapa-vectorial-eps\/wp-json\/wp\/v2\/pages\/4421\/revisions\/4426"}],"wp:featuredmedia":[{"embeddable":true,"href":"https:\/\/www.bc-maps.com\/mapa-vectorial-eps\/wp-json\/wp\/v2\/media\/4419"}],"wp:attachment":[{"href":"https:\/\/www.bc-maps.com\/mapa-vectorial-eps\/wp-json\/wp\/v2\/media?parent=4421"}],"curies":[{"name":"wp","href":"https:\/\/api.w.org\/{rel}","templated":true}]}}