{"id":4417,"date":"2021-08-29T08:55:00","date_gmt":"2021-08-29T08:55:00","guid":{"rendered":"http:\/\/www.bc-maps.com\/mapa-vectorial-eps\/barcelona-ilustrator-2-2-3\/"},"modified":"2021-09-01T15:02:54","modified_gmt":"2021-09-01T15:02:54","slug":"sevilla-illustrator-eps","status":"publish","type":"page","link":"https:\/\/www.bc-maps.com\/mapa-vectorial-eps\/sevilla-illustrator-eps\/","title":{"rendered":"Sevilla Mapa vectorial Illustrator eps"},"content":{"rendered":"<h1>Planos y mapas vectoriales de Sevilla<\/h1>\n<h2>Mapas vectoriales editables con de las calles de Sevilla<\/h2>\n<h3>Planos vectoriales de ciudades de Sevilla<\/h3>\n<p>Podemos crear cualquier tipo de mapa de la ciudad de Sevilla, planos parciales, planos generales, planos de detalle\u2026etc.<\/p>\n<p>Los mapas se entregan en formatos editables <a href=\"http:\/\/www.adobe.es\">adobe<\/a> illustrator, eps, sevillacorel, freehand.<\/p>\n<p>El contenido de informaci\u00f3n depender\u00e1 del tama\u00f1o de la zona y la escala o medidas de reproducci\u00f3n, ya que no trabajamos con textos inferiores a 5 puntos para que sean legibles.<\/p>\n<p>Los mapas pueden contener las l\u00edneas de Metro, Catedral , La Giralda, El Alc\u00e1zar , Archivo General de Indias, El barrio de Santa Cruz, Casa de Pilatos, Plaza de Espa\u00f1a , Parque Maria Luisa, Plaza de Toros, Torre del oro, El barrio de Triana, Parasol Metropol, Museo de Bellas Artes , Museo del Baile Flamenco, Museo de Artes y Costumbres populares, Museo Palacio de la Condesa de Lebrija , Centro Andaluz de arte contempor\u00e1neo , Museo arqueol\u00f3gico de Sevilla, Museo de la Inquisici\u00f3n, Museo de la cer\u00e1mica, El Acuario, La Isla M\u00e1gica\u00a0&#8230;etc<\/p>\n<figure id=\"attachment_3442\" aria-describedby=\"caption-attachment-3442\" style=\"width: 300px\" class=\"wp-caption alignnone\"><a href=\"http:\/\/www.bc-maps.com\/wp-content\/uploads\/2011\/09\/mapa-vectorial-illustrator-eps-Sevilla-full.jpg\" target=\"_blank\" rel=\"noopener\"><img loading=\"lazy\" decoding=\"async\" class=\"wp-image-3442 size-medium\" title=\"mapa vectorial illustrator eps Sevilla full\" src=\"http:\/\/www.bc-maps.com\/wp-content\/uploads\/2011\/09\/mapa-vectorial-illustrator-eps-Sevilla-full-300x275.jpg\" alt=\"mapa vectorial illustrator eps Sevilla full\" width=\"300\" height=\"275\" srcset=\"https:\/\/www.bc-maps.com\/wp-content\/uploads\/2011\/09\/mapa-vectorial-illustrator-eps-Sevilla-full-300x275.jpg 300w, https:\/\/www.bc-maps.com\/wp-content\/uploads\/2011\/09\/mapa-vectorial-illustrator-eps-Sevilla-full-768x703.jpg 768w, https:\/\/www.bc-maps.com\/wp-content\/uploads\/2011\/09\/mapa-vectorial-illustrator-eps-Sevilla-full-1024x938.jpg 1024w, https:\/\/www.bc-maps.com\/wp-content\/uploads\/2011\/09\/mapa-vectorial-illustrator-eps-Sevilla-full.jpg 1772w\" sizes=\"auto, (max-width: 300px) 100vw, 300px\" \/><\/a><figcaption id=\"caption-attachment-3442\" class=\"wp-caption-text\">mapa vectorial illustrator eps Sevilla full<\/figcaption><\/figure>\n<figure id=\"attachment_3441\" aria-describedby=\"caption-attachment-3441\" style=\"width: 282px\" class=\"wp-caption alignnone\"><a href=\"http:\/\/www.bc-maps.com\/wp-content\/uploads\/2011\/09\/LUPA-SEVILLA.jpg\" target=\"_blank\" rel=\"noopener\"><img loading=\"lazy\" decoding=\"async\" class=\"wp-image-3441 size-medium\" title=\"Mapa vectorial Sevilla illustrator eps zoom\" src=\"http:\/\/www.bc-maps.com\/wp-content\/uploads\/2011\/09\/LUPA-SEVILLA-282x300.jpg\" alt=\"Mapa vectorial Sevilla illustrator eps zoom\" width=\"282\" height=\"300\" srcset=\"https:\/\/www.bc-maps.com\/wp-content\/uploads\/2011\/09\/LUPA-SEVILLA-282x300.jpg 282w, https:\/\/www.bc-maps.com\/wp-content\/uploads\/2011\/09\/LUPA-SEVILLA-768x816.jpg 768w, https:\/\/www.bc-maps.com\/wp-content\/uploads\/2011\/09\/LUPA-SEVILLA-963x1024.jpg 963w\" sizes=\"auto, (max-width: 282px) 100vw, 282px\" \/><\/a><figcaption id=\"caption-attachment-3441\" class=\"wp-caption-text\">Mapa vectorial Sevilla illustrator eps zoom<\/figcaption><\/figure>\n<p>El contenido depender\u00e1 del tama\u00f1o de la zona y la escala o medidas de reproducci\u00f3n, no trabajamos con textos inferiores a 5 puntos para que sean legibles.<\/p>\n<p>La informaci\u00f3n disponible va desde\u00a0monumentos, lugares de inter\u00e9s y populares, museos, oficinas de turismo, centros comerciales, medios de transporte.<\/p>\n<p>Tambi\u00e9n podemos a\u00f1adir cualquier otra informaci\u00f3n pr\u00e1ctica que nos soliciten ustedes.<\/p>\n<p>Nuestros mapas est\u00e1n estructurados por medio de capas y son totalmente editables, modificables, \u00a0tanto \u00a0colores y\u00a0fuentes\/textos.<\/p>\n<p>Nuestro ficheros\u00a0son libres de derechos para cualquier reproducci\u00f3n, incluyendo nuestro copyright.<\/p>\n<p>Los maps\u00a0est\u00e1n creados con licencias oficiales de programas de Adobe, habitualmente entregamos en version CC, pero podemos entregar tambi\u00e9n en otras versiones.<\/p>\n","protected":false},"excerpt":{"rendered":"<p>Planos y mapas vectoriales de Sevilla Mapas vectoriales editables con de las calles de Sevilla Planos vectoriales de ciudades de Sevilla Podemos crear cualquier tipo de mapa de la ciudad de Sevilla, planos parciales, planos generales, planos de detalle\u2026etc. Los mapas se entregan en formatos editables adobe illustrator, eps, sevillacorel, freehand. El contenido de informaci\u00f3n &hellip; <a href=\"https:\/\/www.bc-maps.com\/mapa-vectorial-eps\/sevilla-illustrator-eps\/\" class=\"more-link\">Seguir leyendo <span class=\"screen-reader-text\">Sevilla Mapa vectorial Illustrator eps<\/span> <span class=\"meta-nav\">&rarr;<\/span><\/a><\/p>\n","protected":false},"author":1,"featured_media":3441,"parent":0,"menu_order":0,"comment_status":"closed","ping_status":"closed","template":"","meta":{"footnotes":""},"class_list":["post-4417","page","type-page","status-publish","has-post-thumbnail","hentry"],"_links":{"self":[{"href":"https:\/\/www.bc-maps.com\/mapa-vectorial-eps\/wp-json\/wp\/v2\/pages\/4417","targetHints":{"allow":["GET"]}}],"collection":[{"href":"https:\/\/www.bc-maps.com\/mapa-vectorial-eps\/wp-json\/wp\/v2\/pages"}],"about":[{"href":"https:\/\/www.bc-maps.com\/mapa-vectorial-eps\/wp-json\/wp\/v2\/types\/page"}],"author":[{"embeddable":true,"href":"https:\/\/www.bc-maps.com\/mapa-vectorial-eps\/wp-json\/wp\/v2\/users\/1"}],"replies":[{"embeddable":true,"href":"https:\/\/www.bc-maps.com\/mapa-vectorial-eps\/wp-json\/wp\/v2\/comments?post=4417"}],"version-history":[{"count":1,"href":"https:\/\/www.bc-maps.com\/mapa-vectorial-eps\/wp-json\/wp\/v2\/pages\/4417\/revisions"}],"predecessor-version":[{"id":4425,"href":"https:\/\/www.bc-maps.com\/mapa-vectorial-eps\/wp-json\/wp\/v2\/pages\/4417\/revisions\/4425"}],"wp:featuredmedia":[{"embeddable":true,"href":"https:\/\/www.bc-maps.com\/mapa-vectorial-eps\/wp-json\/wp\/v2\/media\/3441"}],"wp:attachment":[{"href":"https:\/\/www.bc-maps.com\/mapa-vectorial-eps\/wp-json\/wp\/v2\/media?parent=4417"}],"curies":[{"name":"wp","href":"https:\/\/api.w.org\/{rel}","templated":true}]}}