{"id":4413,"date":"2011-09-29T08:55:57","date_gmt":"2011-09-29T08:55:57","guid":{"rendered":"http:\/\/www.bc-maps.com\/mapa-vectorial-eps\/barcelona-ilustrator-2-2-2\/"},"modified":"2023-06-15T16:49:50","modified_gmt":"2023-06-15T16:49:50","slug":"mapa-barcelona-ilustrator-eps","status":"publish","type":"page","link":"https:\/\/www.bc-maps.com\/mapa-vectorial-eps\/mapa-barcelona-ilustrator-eps\/","title":{"rendered":"Barcelona Mapa vectorial Illustrator eps"},"content":{"rendered":"<h1>Planos y mapas vectoriales de Barcelona<\/h1>\n<h2>Mapas vectoriales editables con de las calles de Barcelona<\/h2>\n<h3>Planos vectoriales de ciudades de Barcelona<\/h3>\n<p>Podemos crear cualquier tipo de mapa de la ciudad de Barcelona, planos parciales, planos generales, planos de detalle\u2026etc.<\/p>\n<p>Un <strong>mapa vectorial en illustrator eps<\/strong> de <strong>Barcelona<\/strong>\u00a0es un archivo digital que representa gr\u00e1ficamente la geograf\u00eda, la infraestructura y otros elementos geoespaciales de la ciudad \u00a0en forma de vectores.<\/p>\n<p>Los mapas se entregan en formatos editables <strong><a href=\"http:\/\/www.adobe.es\">adobe<\/a> illustrator, eps<\/strong><\/p>\n<p>Estas son algunas de las caracter\u00edsticas comunes de un mapa vectorial:<\/p>\n<p>1. Escalabilidad: Los mapas vectoriales son escalables, lo que significa que se pueden ampliar o reducir sin perder calidad.<\/p>\n<p>2. Geometr\u00eda precisa: Los elementos en un mapa vectorial se representan mediante formas geom\u00e9tricas, como l\u00edneas, puntos y pol\u00edgonos. Estas formas se definen matem\u00e1ticamente, lo que garantiza una representaci\u00f3n precisa de la geograf\u00eda y las caracter\u00edsticas del terreno.<\/p>\n<p>3. Capas y atributos: Un mapa vectorial puede contener diferentes capas que representan diferentes tipos de informaci\u00f3n, como carreteras, r\u00edos, edificios, \u00e1reas verdes, entre otros. .<\/p>\n<p>4. Edici\u00f3n y personalizaci\u00f3n: Los mapas vectoriales son editables, lo que permite agregar, eliminar o modificar elementos seg\u00fan las necesidades del usuario. Tambi\u00e9n se pueden personalizar mediante la selecci\u00f3n de colores, estilos de l\u00ednea y s\u00edmbolos.<\/p>\n<p>5. Compatibilidad: Los mapas vectoriales suelen estar disponibles en formatos est\u00e1ndar, como SVG (Scalable Vector Graphics), AI (Adobe Illustrator), EPS (Encapsulated PostScript) o DXF (Drawing Exchange Format), lo que permite su visualizaci\u00f3n y edici\u00f3n en diferentes software de dise\u00f1o y cartograf\u00eda.<\/p>\n<p>Estas caracter\u00edsticas hacen que los mapas vectoriales sean \u00fatiles para an\u00e1lisis espacial, planificaci\u00f3n urbana, navegaci\u00f3n, representaci\u00f3n cartogr\u00e1fica y otras aplicaciones donde la precisi\u00f3n y la flexibilidad son importantes.<\/p>\n<p>El contenido de informaci\u00f3n depender\u00e1 del tama\u00f1o de la zona y la escala o medidas de reproducci\u00f3n, ya que no trabajamos con textos inferiores a 5 puntos para que sean legibles.<\/p>\n<p>Los mapas pueden contener las l\u00edneas de Metro, los\u00a0Ferrocarriles de la Generalitat, Estaciones de Rodalies, los principales lugares de inter\u00e9s como por ejemplo la Sagrada Familia, Parc Guell, La Casa Batll\u00f3, La Perdrera, Parc de la Ciutadella, la Catedral, Las Ramblas, el Tibidabo, Montjuic, Estadi Ol\u00edmpic, Mercat de la Boqueria, el Liceu\u00a0&#8230;etc<\/p>\n<figure id=\"attachment_3037\" aria-describedby=\"caption-attachment-3037\" style=\"width: 300px\" class=\"wp-caption alignnone\"><a href=\"http:\/\/www.bc-maps.com\/wp-content\/uploads\/2011\/09\/Mapa-vectorial-illustrator-eps-Barcelona.jpg\" target=\"_blank\" rel=\"noopener noreferrer\"><img loading=\"lazy\" decoding=\"async\" class=\"wp-image-3037 size-medium\" title=\"Mapa vectorial illustrator eps Barcelona\" src=\"http:\/\/www.bc-maps.com\/wp-content\/uploads\/2011\/09\/Mapa-vectorial-illustrator-eps-Barcelona-300x220.jpg\" alt=\"Mapa vectorial illustrator eps Barcelona\" width=\"300\" height=\"220\" srcset=\"https:\/\/www.bc-maps.com\/wp-content\/uploads\/2011\/09\/Mapa-vectorial-illustrator-eps-Barcelona-300x220.jpg 300w, https:\/\/www.bc-maps.com\/wp-content\/uploads\/2011\/09\/Mapa-vectorial-illustrator-eps-Barcelona-768x563.jpg 768w, https:\/\/www.bc-maps.com\/wp-content\/uploads\/2011\/09\/Mapa-vectorial-illustrator-eps-Barcelona-1024x751.jpg 1024w\" sizes=\"auto, (max-width: 300px) 100vw, 300px\" \/><\/a><figcaption id=\"caption-attachment-3037\" class=\"wp-caption-text\">Mapa vectorial illustrator eps Barcelona<\/figcaption><\/figure>\n<figure id=\"attachment_3041\" aria-describedby=\"caption-attachment-3041\" style=\"width: 300px\" class=\"wp-caption alignnone\"><a href=\"http:\/\/www.bc-maps.com\/wp-content\/uploads\/2011\/09\/2016-BCN-BASE-50-70.jpg\" target=\"_blank\" rel=\"noopener noreferrer\"><img loading=\"lazy\" decoding=\"async\" class=\"wp-image-3041 size-medium\" title=\"Mapa vectorial illustrator eps Barcelona\" src=\"http:\/\/www.bc-maps.com\/wp-content\/uploads\/2011\/09\/2016-BCN-BASE-50-70-300x220.jpg\" alt=\"Mapa vectorial illustrator eps Barcelona\" width=\"300\" height=\"220\" srcset=\"https:\/\/www.bc-maps.com\/wp-content\/uploads\/2011\/09\/2016-BCN-BASE-50-70-300x220.jpg 300w, https:\/\/www.bc-maps.com\/wp-content\/uploads\/2011\/09\/2016-BCN-BASE-50-70-768x563.jpg 768w, https:\/\/www.bc-maps.com\/wp-content\/uploads\/2011\/09\/2016-BCN-BASE-50-70-1024x751.jpg 1024w, https:\/\/www.bc-maps.com\/wp-content\/uploads\/2011\/09\/2016-BCN-BASE-50-70.jpg 1469w\" sizes=\"auto, (max-width: 300px) 100vw, 300px\" \/><\/a><figcaption id=\"caption-attachment-3041\" class=\"wp-caption-text\">Barcelona mapa Vectorial eps illustrator 50 70<\/figcaption><\/figure>\n<figure id=\"attachment_3039\" aria-describedby=\"caption-attachment-3039\" style=\"width: 300px\" class=\"wp-caption alignnone\"><a href=\"http:\/\/www.bc-maps.com\/wp-content\/uploads\/2011\/09\/Mapa-vectorial-Barcelona-Casc-Antic.jpg\" target=\"_blank\" rel=\"noopener noreferrer\"><img loading=\"lazy\" decoding=\"async\" class=\"wp-image-3039 size-medium\" title=\"Mapa vectorial Barcelona Casc Antic\" src=\"http:\/\/www.bc-maps.com\/wp-content\/uploads\/2011\/09\/Mapa-vectorial-Barcelona-Casc-Antic-300x287.jpg\" alt=\"Mapa vectorial Barcelona Casc Antic\" width=\"300\" height=\"287\" srcset=\"https:\/\/www.bc-maps.com\/wp-content\/uploads\/2011\/09\/Mapa-vectorial-Barcelona-Casc-Antic-300x287.jpg 300w, https:\/\/www.bc-maps.com\/wp-content\/uploads\/2011\/09\/Mapa-vectorial-Barcelona-Casc-Antic-768x734.jpg 768w, https:\/\/www.bc-maps.com\/wp-content\/uploads\/2011\/09\/Mapa-vectorial-Barcelona-Casc-Antic-1024x978.jpg 1024w, https:\/\/www.bc-maps.com\/wp-content\/uploads\/2011\/09\/Mapa-vectorial-Barcelona-Casc-Antic.jpg 1476w\" sizes=\"auto, (max-width: 300px) 100vw, 300px\" \/><\/a><figcaption id=\"caption-attachment-3039\" class=\"wp-caption-text\">Vector map Ban Casc Antic<\/figcaption><\/figure>\n<figure id=\"attachment_3038\" aria-describedby=\"caption-attachment-3038\" style=\"width: 300px\" class=\"wp-caption alignnone\"><a href=\"http:\/\/www.bc-maps.com\/wp-content\/uploads\/2011\/09\/Mapa-Barcelona-Am-vectorial-illustrator.jpg\" target=\"_blank\" rel=\"noopener noreferrer\"><img loading=\"lazy\" decoding=\"async\" class=\"wp-image-3038 size-medium\" title=\"Mapa Barcelona Am vectorial illustrator\" src=\"http:\/\/www.bc-maps.com\/wp-content\/uploads\/2011\/09\/Mapa-Barcelona-Am-vectorial-illustrator-300x183.jpg\" alt=\"Mapa Barcelona Am vectorial illustrator\" width=\"300\" height=\"183\" srcset=\"https:\/\/www.bc-maps.com\/wp-content\/uploads\/2011\/09\/Mapa-Barcelona-Am-vectorial-illustrator-300x183.jpg 300w, https:\/\/www.bc-maps.com\/wp-content\/uploads\/2011\/09\/Mapa-Barcelona-Am-vectorial-illustrator-768x469.jpg 768w, https:\/\/www.bc-maps.com\/wp-content\/uploads\/2011\/09\/Mapa-Barcelona-Am-vectorial-illustrator-1024x626.jpg 1024w, https:\/\/www.bc-maps.com\/wp-content\/uploads\/2011\/09\/Mapa-Barcelona-Am-vectorial-illustrator.jpg 1134w\" sizes=\"auto, (max-width: 300px) 100vw, 300px\" \/><\/a><figcaption id=\"caption-attachment-3038\" class=\"wp-caption-text\">Mapa Bcn Am vectorial illustrator<\/figcaption><\/figure>\n<figure id=\"attachment_3036\" aria-describedby=\"caption-attachment-3036\" style=\"width: 300px\" class=\"wp-caption alignnone\"><a href=\"http:\/\/www.bc-maps.com\/wp-content\/uploads\/2011\/09\/Mapa-vectorial-illustrator-eps-Barcelona-Centro-Esade.jpg\" target=\"_blank\" rel=\"noopener noreferrer\"><img loading=\"lazy\" decoding=\"async\" class=\"wp-image-3036 size-medium\" title=\"Mapa Barcelona Am vectorial illustrator\" src=\"http:\/\/www.bc-maps.com\/wp-content\/uploads\/2011\/09\/Mapa-vectorial-illustrator-eps-Barcelona-Centro-Esade-300x241.jpg\" alt=\"Mapa Bcn Am vectorial illustrator\" width=\"300\" height=\"241\" srcset=\"https:\/\/www.bc-maps.com\/wp-content\/uploads\/2011\/09\/Mapa-vectorial-illustrator-eps-Barcelona-Centro-Esade-300x241.jpg 300w, https:\/\/www.bc-maps.com\/wp-content\/uploads\/2011\/09\/Mapa-vectorial-illustrator-eps-Barcelona-Centro-Esade-768x618.jpg 768w, https:\/\/www.bc-maps.com\/wp-content\/uploads\/2011\/09\/Mapa-vectorial-illustrator-eps-Barcelona-Centro-Esade-1024x824.jpg 1024w, https:\/\/www.bc-maps.com\/wp-content\/uploads\/2011\/09\/Mapa-vectorial-illustrator-eps-Barcelona-Centro-Esade.jpg 1798w\" sizes=\"auto, (max-width: 300px) 100vw, 300px\" \/><\/a><figcaption id=\"caption-attachment-3036\" class=\"wp-caption-text\">illustrator map Barna Centro Esade<\/figcaption><\/figure>\n<figure id=\"attachment_3035\" aria-describedby=\"caption-attachment-3035\" style=\"width: 300px\" class=\"wp-caption alignnone\"><a href=\"http:\/\/www.bc-maps.com\/wp-content\/uploads\/2011\/09\/Mapa-vectorial-illustrator-eps-Area-Barcelona-Esade.jpg\" target=\"_blank\" rel=\"noopener noreferrer\"><img loading=\"lazy\" decoding=\"async\" class=\"wp-image-3035 size-medium\" title=\"Mapa vectorial illustrator eps Area Barcelona Esade\" src=\"http:\/\/www.bc-maps.com\/wp-content\/uploads\/2011\/09\/Mapa-vectorial-illustrator-eps-Area-Barcelona-Esade-300x226.jpg\" alt=\"Mapa vectorial illustrator eps Area Barcelona Esade\" width=\"300\" height=\"226\" srcset=\"https:\/\/www.bc-maps.com\/wp-content\/uploads\/2011\/09\/Mapa-vectorial-illustrator-eps-Area-Barcelona-Esade-300x226.jpg 300w, https:\/\/www.bc-maps.com\/wp-content\/uploads\/2011\/09\/Mapa-vectorial-illustrator-eps-Area-Barcelona-Esade-768x578.jpg 768w, https:\/\/www.bc-maps.com\/wp-content\/uploads\/2011\/09\/Mapa-vectorial-illustrator-eps-Area-Barcelona-Esade-1024x770.jpg 1024w, https:\/\/www.bc-maps.com\/wp-content\/uploads\/2011\/09\/Mapa-vectorial-illustrator-eps-Area-Barcelona-Esade.jpg 1195w\" sizes=\"auto, (max-width: 300px) 100vw, 300px\" \/><\/a><figcaption id=\"caption-attachment-3035\" class=\"wp-caption-text\">Mapa vectorial illustrator eps Area Bcn Esade<\/figcaption><\/figure>\n<p>El contenido depender\u00e1 del tama\u00f1o de la zona y la escala o medidas de reproducci\u00f3n, no trabajamos con textos inferiores a 5 puntos para que sean legibles.<\/p>\n<p>La informaci\u00f3n disponible va desde\u00a0monumentos, lugares de inter\u00e9s y populares, museos, oficinas de turismo, centros comerciales, medios de transporte.<\/p>\n<p>Tambi\u00e9n podemos a\u00f1adir cualquier otra informaci\u00f3n pr\u00e1ctica que nos soliciten ustedes.<\/p>\n<p>Nuestros mapas est\u00e1n estructurados por medio de capas y son totalmente editables, modificables, \u00a0tanto \u00a0colores y\u00a0fuentes\/textos.<\/p>\n<p>Nuestro ficheros\u00a0son libres de derechos para cualquier reproducci\u00f3n, incluyendo nuestro copyright.<\/p>\n<p>Los maps\u00a0est\u00e1n creados con licencias oficiales de programas de Adobe, habitualmente entregamos en version CC, pero podemos entregar tambi\u00e9n en otras versiones.<\/p>\n","protected":false},"excerpt":{"rendered":"<p>Planos y mapas vectoriales de Barcelona Mapas vectoriales editables con de las calles de Barcelona Planos vectoriales de ciudades de Barcelona Podemos crear cualquier tipo de mapa de la ciudad de Barcelona, planos parciales, planos generales, planos de detalle\u2026etc. Un mapa vectorial en illustrator eps de Barcelona\u00a0es un archivo digital que representa gr\u00e1ficamente la geograf\u00eda, &hellip; <a href=\"https:\/\/www.bc-maps.com\/mapa-vectorial-eps\/mapa-barcelona-ilustrator-eps\/\" class=\"more-link\">Seguir leyendo <span class=\"screen-reader-text\">Barcelona Mapa vectorial Illustrator eps<\/span> <span class=\"meta-nav\">&rarr;<\/span><\/a><\/p>\n","protected":false},"author":1,"featured_media":0,"parent":0,"menu_order":0,"comment_status":"closed","ping_status":"closed","template":"","meta":{"footnotes":""},"class_list":["post-4413","page","type-page","status-publish","hentry"],"_links":{"self":[{"href":"https:\/\/www.bc-maps.com\/mapa-vectorial-eps\/wp-json\/wp\/v2\/pages\/4413","targetHints":{"allow":["GET"]}}],"collection":[{"href":"https:\/\/www.bc-maps.com\/mapa-vectorial-eps\/wp-json\/wp\/v2\/pages"}],"about":[{"href":"https:\/\/www.bc-maps.com\/mapa-vectorial-eps\/wp-json\/wp\/v2\/types\/page"}],"author":[{"embeddable":true,"href":"https:\/\/www.bc-maps.com\/mapa-vectorial-eps\/wp-json\/wp\/v2\/users\/1"}],"replies":[{"embeddable":true,"href":"https:\/\/www.bc-maps.com\/mapa-vectorial-eps\/wp-json\/wp\/v2\/comments?post=4413"}],"version-history":[{"count":1,"href":"https:\/\/www.bc-maps.com\/mapa-vectorial-eps\/wp-json\/wp\/v2\/pages\/4413\/revisions"}],"predecessor-version":[{"id":5285,"href":"https:\/\/www.bc-maps.com\/mapa-vectorial-eps\/wp-json\/wp\/v2\/pages\/4413\/revisions\/5285"}],"wp:attachment":[{"href":"https:\/\/www.bc-maps.com\/mapa-vectorial-eps\/wp-json\/wp\/v2\/media?parent=4413"}],"curies":[{"name":"wp","href":"https:\/\/api.w.org\/{rel}","templated":true}]}}