{"id":4410,"date":"2021-08-29T08:55:00","date_gmt":"2021-08-29T08:55:00","guid":{"rendered":"http:\/\/www.bc-maps.com\/mapa-vectorial-eps\/barcelona-ilustrator-2-2\/"},"modified":"2024-12-02T12:30:07","modified_gmt":"2024-12-02T12:30:07","slug":"malaga-ilustrator-eps","status":"publish","type":"page","link":"https:\/\/www.bc-maps.com\/mapa-vectorial-eps\/malaga-ilustrator-eps\/","title":{"rendered":"Malaga Mapa vectorial Illustrator eps"},"content":{"rendered":"<h1>Planos y mapas vectoriales de M\u00e1laga<\/h1>\n<h2>Mapas vectoriales editables estructurados con capas de las calles de Malaga<\/h2>\n<h3>Planos vectoriales de ciudades de\u00a0Malaga<\/h3>\n<p>Podemos crear cualquier tipo de mapa de la ciudad de Malaga, planos parciales, planos generales, planos de detalle\u2026etc.<\/p>\n<p>Un <strong>mapa vectorial en illustrator eps<\/strong> de <strong>M\u00e1laga <\/strong>es un archivo digital que representa gr\u00e1ficamente la geograf\u00eda, la infraestructura y otros elementos geoespaciales de la ciudad en forma de vectores.<\/p>\n<p>Los mapas se entregan en formatos editables <strong><a href=\"http:\/\/www.adobe.es\">adobe<\/a> illustrator, eps<\/strong><\/p>\n<p>Estas son algunas de las caracter\u00edsticas comunes de un mapa vectorial:<\/p>\n<p>1. Escalabilidad: Los mapas vectoriales son escalables, lo que significa que se pueden ampliar o reducir sin perder calidad.<\/p>\n<p>2. Geometr\u00eda precisa: Los elementos en un mapa vectorial se representan mediante formas geom\u00e9tricas, como l\u00edneas, puntos y pol\u00edgonos. Estas formas se definen matem\u00e1ticamente, lo que garantiza una representaci\u00f3n precisa de la geograf\u00eda y las caracter\u00edsticas del terreno.<\/p>\n<p>3. Capas y atributos: Un mapa vectorial puede contener diferentes capas que representan diferentes tipos de informaci\u00f3n, como carreteras, r\u00edos, edificios, \u00e1reas verdes, entre otros. .<\/p>\n<p>4. Edici\u00f3n y personalizaci\u00f3n: Los mapas vectoriales son editables, lo que permite agregar, eliminar o modificar elementos seg\u00fan las necesidades del usuario. Tambi\u00e9n se pueden personalizar mediante la selecci\u00f3n de colores, estilos de l\u00ednea y s\u00edmbolos.<\/p>\n<p>5. Compatibilidad: Los mapas vectoriales suelen estar disponibles en formatos est\u00e1ndar, como SVG (Scalable Vector Graphics), AI (Adobe Illustrator), EPS (Encapsulated PostScript) o DXF (Drawing Exchange Format), lo que permite su visualizaci\u00f3n y edici\u00f3n en diferentes software de dise\u00f1o y cartograf\u00eda.<\/p>\n<p>Estas caracter\u00edsticas hacen que los mapas vectoriales sean \u00fatiles para an\u00e1lisis espacial, planificaci\u00f3n urbana, navegaci\u00f3n, representaci\u00f3n cartogr\u00e1fica y otras aplicaciones donde la precisi\u00f3n y la flexibilidad son importantes.<a title=\"Mapa vectorial Sudamerica\" href=\"https:\/\/www.bc-maps.com\/mapa-vectorial-eps\/wp-content\/uploads\/2012\/05\/SUDAMERICA.jpg\" target=\"_self\" rel=\"noopener\"><br \/>\n<\/a><\/p>\n<p>El contenido de informaci\u00f3n depender\u00e1 del tama\u00f1o de la zona y la escala o medidas de reproducci\u00f3n, ya que no trabajamos con textos inferiores a 5 puntos para que sean legibles.<\/p>\n<p>Los mapas pueden contener las l\u00edneas de Metro, La Alcazaba, Castillo de Gibralfaro, Teatro romano , La Catedral, Museo Casa Natal de Picasso, Museo Picasso, Museo Carmen Thyssen, Centro Pompidou de M\u00e1laga, Museo de Arte Ruso, Museo de M\u00e1laga, Museo de Arte Flamenco, Playas de M\u00e1laga, Jard\u00edn Bot\u00e1nico Hist\u00f3rico de La Concepci\u00f3n, El Mercado de Atarazanas, Barrio Soho, Parque Natural de los Montes de M\u00e1laga<\/p>\n<figure id=\"attachment_3133\" aria-describedby=\"caption-attachment-3133\" style=\"width: 300px\" class=\"wp-caption alignnone\"><a href=\"http:\/\/www.bc-maps.com\/wp-content\/uploads\/2014\/01\/Malaga-mapa-vectorial-illustrator-eps.jpg\" target=\"_blank\" rel=\"noopener\"><img loading=\"lazy\" decoding=\"async\" class=\"wp-image-3133 size-medium\" title=\"Malaga mapa vectorial illustrator eps\" src=\"http:\/\/www.bc-maps.com\/wp-content\/uploads\/2014\/01\/Malaga-mapa-vectorial-illustrator-eps-300x224.jpg\" alt=\"Malaga mapa vectorial illustrator eps\" width=\"300\" height=\"224\" srcset=\"https:\/\/www.bc-maps.com\/wp-content\/uploads\/2014\/01\/Malaga-mapa-vectorial-illustrator-eps-300x224.jpg 300w, https:\/\/www.bc-maps.com\/wp-content\/uploads\/2014\/01\/Malaga-mapa-vectorial-illustrator-eps-768x574.jpg 768w, https:\/\/www.bc-maps.com\/wp-content\/uploads\/2014\/01\/Malaga-mapa-vectorial-illustrator-eps-1024x766.jpg 1024w\" sizes=\"auto, (max-width: 300px) 100vw, 300px\" \/><\/a><figcaption id=\"caption-attachment-3133\" class=\"wp-caption-text\">Malaga mapa vectorial illustrator eps<\/figcaption><\/figure>\n<figure id=\"attachment_3135\" aria-describedby=\"caption-attachment-3135\" style=\"width: 275px\" class=\"wp-caption alignnone\"><a href=\"http:\/\/www.bc-maps.com\/wp-content\/uploads\/2014\/01\/Malaga-mapa-vectorial-illustrator-eps-Ave.jpg\" target=\"_blank\" rel=\"noopener\"><img loading=\"lazy\" decoding=\"async\" class=\"wp-image-3135 \" title=\"Malaga mapa vectorial illustrator eps Ave\" src=\"http:\/\/www.bc-maps.com\/wp-content\/uploads\/2014\/01\/Malaga-mapa-vectorial-illustrator-eps-Ave-183x300.jpg\" alt=\"Malaga mapa vectorial illustrator eps Ave\" width=\"275\" height=\"451\" srcset=\"https:\/\/www.bc-maps.com\/wp-content\/uploads\/2014\/01\/Malaga-mapa-vectorial-illustrator-eps-Ave-183x300.jpg 183w, https:\/\/www.bc-maps.com\/wp-content\/uploads\/2014\/01\/Malaga-mapa-vectorial-illustrator-eps-Ave-768x1259.jpg 768w, https:\/\/www.bc-maps.com\/wp-content\/uploads\/2014\/01\/Malaga-mapa-vectorial-illustrator-eps-Ave-625x1024.jpg 625w, https:\/\/www.bc-maps.com\/wp-content\/uploads\/2014\/01\/Malaga-mapa-vectorial-illustrator-eps-Ave.jpg 1017w\" sizes=\"auto, (max-width: 275px) 100vw, 275px\" \/><\/a><figcaption id=\"caption-attachment-3135\" class=\"wp-caption-text\">Malaga mapa vectorial illustrator eps Ave<\/figcaption><\/figure>\n<figure id=\"attachment_3134\" aria-describedby=\"caption-attachment-3134\" style=\"width: 300px\" class=\"wp-caption alignnone\"><a href=\"http:\/\/www.bc-maps.com\/wp-content\/uploads\/2014\/01\/Malaga-mapa-vectorial-illustrator-eps-AM.jpg\" target=\"_blank\" rel=\"noopener\"><img loading=\"lazy\" decoding=\"async\" class=\"wp-image-3134 size-medium\" title=\"Malaga mapa vectorial illustrator eps AM\" src=\"http:\/\/www.bc-maps.com\/wp-content\/uploads\/2014\/01\/Malaga-mapa-vectorial-illustrator-eps-AM-300x222.jpg\" alt=\"Malaga mapa vectorial illustrator eps AM\" width=\"300\" height=\"222\" srcset=\"https:\/\/www.bc-maps.com\/wp-content\/uploads\/2014\/01\/Malaga-mapa-vectorial-illustrator-eps-AM-300x222.jpg 300w, https:\/\/www.bc-maps.com\/wp-content\/uploads\/2014\/01\/Malaga-mapa-vectorial-illustrator-eps-AM-768x568.jpg 768w, https:\/\/www.bc-maps.com\/wp-content\/uploads\/2014\/01\/Malaga-mapa-vectorial-illustrator-eps-AM-1024x758.jpg 1024w, https:\/\/www.bc-maps.com\/wp-content\/uploads\/2014\/01\/Malaga-mapa-vectorial-illustrator-eps-AM.jpg 1994w\" sizes=\"auto, (max-width: 300px) 100vw, 300px\" \/><\/a><figcaption id=\"caption-attachment-3134\" class=\"wp-caption-text\">Malaga mapa vectorial illustrator eps AM<\/figcaption><\/figure>\n<p>La informaci\u00f3n disponible va desde\u00a0monumentos, lugares de inter\u00e9s y populares, museos, oficinas de turismo, centros comerciales, medios de transporte.<\/p>\n<p>Tambi\u00e9n podemos a\u00f1adir cualquier otra informaci\u00f3n pr\u00e1ctica que nos soliciten ustedes.<\/p>\n<p>Nuestros mapas est\u00e1n estructurados por medio de capas y son totalmente editables, modificables, \u00a0tanto \u00a0colores y\u00a0fuentes\/textos.<\/p>\n<p>Nuestro ficheros\u00a0son libres de derechos para cualquier reproducci\u00f3n, incluyendo nuestro copyright.<\/p>\n<p>Los maps\u00a0est\u00e1n creados con licencias oficiales de programas de Adobe, habitualmente entregamos en version CC, pero podemos entregar tambi\u00e9n en otras versiones.<\/p>\n","protected":false},"excerpt":{"rendered":"<p>Planos y mapas vectoriales de M\u00e1laga Mapas vectoriales editables estructurados con capas de las calles de Malaga Planos vectoriales de ciudades de\u00a0Malaga Podemos crear cualquier tipo de mapa de la ciudad de Malaga, planos parciales, planos generales, planos de detalle\u2026etc. Un mapa vectorial en illustrator eps de M\u00e1laga es un archivo digital que representa gr\u00e1ficamente &hellip; <a href=\"https:\/\/www.bc-maps.com\/mapa-vectorial-eps\/malaga-ilustrator-eps\/\" class=\"more-link\">Seguir leyendo <span class=\"screen-reader-text\">Malaga Mapa vectorial Illustrator eps<\/span> <span class=\"meta-nav\">&rarr;<\/span><\/a><\/p>\n","protected":false},"author":1,"featured_media":3133,"parent":0,"menu_order":0,"comment_status":"closed","ping_status":"closed","template":"","meta":{"footnotes":""},"class_list":["post-4410","page","type-page","status-publish","has-post-thumbnail","hentry"],"_links":{"self":[{"href":"https:\/\/www.bc-maps.com\/mapa-vectorial-eps\/wp-json\/wp\/v2\/pages\/4410","targetHints":{"allow":["GET"]}}],"collection":[{"href":"https:\/\/www.bc-maps.com\/mapa-vectorial-eps\/wp-json\/wp\/v2\/pages"}],"about":[{"href":"https:\/\/www.bc-maps.com\/mapa-vectorial-eps\/wp-json\/wp\/v2\/types\/page"}],"author":[{"embeddable":true,"href":"https:\/\/www.bc-maps.com\/mapa-vectorial-eps\/wp-json\/wp\/v2\/users\/1"}],"replies":[{"embeddable":true,"href":"https:\/\/www.bc-maps.com\/mapa-vectorial-eps\/wp-json\/wp\/v2\/comments?post=4410"}],"version-history":[{"count":6,"href":"https:\/\/www.bc-maps.com\/mapa-vectorial-eps\/wp-json\/wp\/v2\/pages\/4410\/revisions"}],"predecessor-version":[{"id":5408,"href":"https:\/\/www.bc-maps.com\/mapa-vectorial-eps\/wp-json\/wp\/v2\/pages\/4410\/revisions\/5408"}],"wp:featuredmedia":[{"embeddable":true,"href":"https:\/\/www.bc-maps.com\/mapa-vectorial-eps\/wp-json\/wp\/v2\/media\/3133"}],"wp:attachment":[{"href":"https:\/\/www.bc-maps.com\/mapa-vectorial-eps\/wp-json\/wp\/v2\/media?parent=4410"}],"curies":[{"name":"wp","href":"https:\/\/api.w.org\/{rel}","templated":true}]}}