{"id":4407,"date":"2025-09-29T08:55:57","date_gmt":"2025-09-29T08:55:57","guid":{"rendered":"http:\/\/www.bc-maps.com\/mapa-vectorial-eps\/barcelona-ilustrator-2\/"},"modified":"2025-12-03T08:25:36","modified_gmt":"2025-12-03T08:25:36","slug":"valencia-illustrator","status":"publish","type":"page","link":"https:\/\/www.bc-maps.com\/mapa-vectorial-eps\/valencia-illustrator\/","title":{"rendered":"VALENCIA Mapa vectorial Illustrator eps"},"content":{"rendered":"\n<h1 class=\"wp-block-heading\">Planos y mapas vectoriales de Valencia<\/h1>\n\n\n\n<h2 class=\"wp-block-heading\">Mapas vectoriales editables con de las calles de Valencia<\/h2>\n\n\n\n<h3 class=\"wp-block-heading\">Planos vectoriales de ciudades de Valencia<\/h3>\n\n\n\n<p>Podemos crear cualquier tipo de mapa de la ciudad de Valencia, planos parciales, planos generales, planos de detalle\u2026etc.<\/p>\n\n\n\n<p>Los mapas se entregan en formatos editables <a href=\"http:\/\/www.adobe.es\">adobe<\/a> illustrator, eps, corel.<\/p>\n\n\n\n<figure class=\"wp-block-gallery has-nested-images columns-default is-cropped wp-block-gallery-1 is-layout-flex wp-block-gallery-is-layout-flex\">\n<figure class=\"wp-block-image size-large\"><a href=\"https:\/\/www.bc-maps.com\/wp-content\/uploads\/2014\/03\/Valencia-mapa-vectorial-illustrator-eps.jpg\" target=\"_blank\" rel=\"noopener noreferrer\"><img loading=\"lazy\" decoding=\"async\" width=\"1024\" height=\"803\" data-id=\"3249\" src=\"https:\/\/www.bc-maps.com\/wp-content\/uploads\/2014\/03\/Valencia-mapa-vectorial-illustrator-eps-1024x803.jpg\" alt=\"Valencia mapa vectorial illustrator eps\" class=\"wp-image-3249\" srcset=\"https:\/\/www.bc-maps.com\/wp-content\/uploads\/2014\/03\/Valencia-mapa-vectorial-illustrator-eps-1024x803.jpg 1024w, https:\/\/www.bc-maps.com\/wp-content\/uploads\/2014\/03\/Valencia-mapa-vectorial-illustrator-eps-300x235.jpg 300w, https:\/\/www.bc-maps.com\/wp-content\/uploads\/2014\/03\/Valencia-mapa-vectorial-illustrator-eps-768x603.jpg 768w\" sizes=\"auto, (max-width: 1024px) 100vw, 1024px\" \/><\/a><figcaption class=\"wp-element-caption\">Valencia mapa vectorial illustrator eps<\/figcaption><\/figure>\n<\/figure>\n\n\n\n<figure class=\"wp-block-gallery has-nested-images columns-default is-cropped wp-block-gallery-2 is-layout-flex wp-block-gallery-is-layout-flex\">\n<figure class=\"wp-block-image size-large\"><a href=\"https:\/\/www.bc-maps.com\/wp-content\/uploads\/2014\/03\/Mapa-vectorial-general-Valencia.jpg\" target=\"_blank\" rel=\"noopener noreferrer\"><img loading=\"lazy\" decoding=\"async\" width=\"1024\" height=\"721\" data-id=\"2221\" src=\"https:\/\/www.bc-maps.com\/wp-content\/uploads\/2014\/03\/Mapa-vectorial-general-Valencia-1024x721.jpg\" alt=\"Mapa vectorial Valencia eps illustrator\" class=\"wp-image-2221\" srcset=\"https:\/\/www.bc-maps.com\/wp-content\/uploads\/2014\/03\/Mapa-vectorial-general-Valencia-1024x721.jpg 1024w, https:\/\/www.bc-maps.com\/wp-content\/uploads\/2014\/03\/Mapa-vectorial-general-Valencia-300x211.jpg 300w, https:\/\/www.bc-maps.com\/wp-content\/uploads\/2014\/03\/Mapa-vectorial-general-Valencia.jpg 1133w\" sizes=\"auto, (max-width: 1024px) 100vw, 1024px\" \/><\/a><figcaption class=\"wp-element-caption\">Mapa vectorial Valencia eps illustrator<\/figcaption><\/figure>\n<\/figure>\n\n\n\n<figure class=\"wp-block-gallery has-nested-images columns-default is-cropped wp-block-gallery-3 is-layout-flex wp-block-gallery-is-layout-flex\">\n<figure class=\"wp-block-image size-large\"><a href=\"https:\/\/www.bc-maps.com\/wp-content\/uploads\/2014\/03\/Mapa-vectorial-centro-Valencia.jpg\" target=\"_blank\" rel=\"noopener noreferrer\"><img loading=\"lazy\" decoding=\"async\" width=\"1024\" height=\"722\" data-id=\"2218\" src=\"https:\/\/www.bc-maps.com\/wp-content\/uploads\/2014\/03\/Mapa-vectorial-centro-Valencia-1024x722.jpg\" alt=\"Mapa vectorial eps illustrator centro Valencia\" class=\"wp-image-2218\" srcset=\"https:\/\/www.bc-maps.com\/wp-content\/uploads\/2014\/03\/Mapa-vectorial-centro-Valencia-1024x722.jpg 1024w, https:\/\/www.bc-maps.com\/wp-content\/uploads\/2014\/03\/Mapa-vectorial-centro-Valencia-300x211.jpg 300w, https:\/\/www.bc-maps.com\/wp-content\/uploads\/2014\/03\/Mapa-vectorial-centro-Valencia.jpg 1066w\" sizes=\"auto, (max-width: 1024px) 100vw, 1024px\" \/><\/a><figcaption class=\"wp-element-caption\">Mapa vectorial eps illustrator centro Valencia<\/figcaption><\/figure>\n<\/figure>\n\n\n\n<p>El contenido de informaci\u00f3n depender\u00e1 del tama\u00f1o de la zona y la escala o medidas de reproducci\u00f3n, ya que no trabajamos con textos inferiores a 5 puntos para que sean legibles.<\/p>\n\n\n\n<p>Los mapas pueden contener las l\u00edneas de Metro, y lugares de inter\u00e9s como la\u00a0Ciudad de las Artes y las Ciencias, Catedral, La Lonja de la Seda, Barrio del Carmen, Mercado Central, Albufera, Playa el Saler, Oceanogr\u00e1fico, La Marina, Museo Bellas Artes de Valencia, \u00a0IVAM, Museo Nacional de Cer\u00e1mica, el Fallero, Jardines del Turia, Iglesia de San Nicol\u00e1s de Bari, San Pedro M\u00e1rtir, Fonteta, Roig Arena&#8230;etc<\/p>\n\n\n\n<p>El contenido depender\u00e1 del tama\u00f1o de la zona y la escala o medidas de reproducci\u00f3n, no trabajamos con textos inferiores a 5 puntos para que sean legibles.<\/p>\n\n\n\n<p>La informaci\u00f3n disponible va desde&nbsp;monumentos, lugares de inter\u00e9s y populares, museos, oficinas de turismo, centros comerciales, medios de transporte.<\/p>\n\n\n\n<p>Tambi\u00e9n podemos a\u00f1adir cualquier otra informaci\u00f3n pr\u00e1ctica que nos soliciten ustedes.<\/p>\n\n\n\n<p>Nuestros mapas est\u00e1n estructurados por medio de capas y son totalmente editables, modificables, &nbsp;tanto &nbsp;colores y&nbsp;fuentes\/textos.<\/p>\n\n\n\n<p>Nuestro ficheros&nbsp;son libres de derechos para cualquier reproducci\u00f3n, incluyendo nuestro copyright.<\/p>\n\n\n\n<p>Los maps&nbsp;est\u00e1n creados con licencias oficiales de programas de <a href=\"http:\/\/adobe.es\">Adobe<\/a>, habitualmente entregamos en version CC, pero podemos entregar tambi\u00e9n en otras versiones.<\/p>\n","protected":false},"excerpt":{"rendered":"<p>Planos y mapas vectoriales de Valencia Mapas vectoriales editables con de las calles de Valencia Planos vectoriales de ciudades de Valencia Podemos crear cualquier tipo de mapa de la ciudad de Valencia, planos parciales, planos generales, planos de detalle\u2026etc. Los mapas se entregan en formatos editables adobe illustrator, eps, corel. El contenido de informaci\u00f3n depender\u00e1 &hellip; <a href=\"https:\/\/www.bc-maps.com\/mapa-vectorial-eps\/valencia-illustrator\/\" class=\"more-link\">Seguir leyendo <span class=\"screen-reader-text\">VALENCIA Mapa vectorial Illustrator eps<\/span> <span class=\"meta-nav\">&rarr;<\/span><\/a><\/p>\n","protected":false},"author":1,"featured_media":2218,"parent":0,"menu_order":0,"comment_status":"closed","ping_status":"closed","template":"","meta":{"footnotes":""},"class_list":["post-4407","page","type-page","status-publish","has-post-thumbnail","hentry"],"_links":{"self":[{"href":"https:\/\/www.bc-maps.com\/mapa-vectorial-eps\/wp-json\/wp\/v2\/pages\/4407","targetHints":{"allow":["GET"]}}],"collection":[{"href":"https:\/\/www.bc-maps.com\/mapa-vectorial-eps\/wp-json\/wp\/v2\/pages"}],"about":[{"href":"https:\/\/www.bc-maps.com\/mapa-vectorial-eps\/wp-json\/wp\/v2\/types\/page"}],"author":[{"embeddable":true,"href":"https:\/\/www.bc-maps.com\/mapa-vectorial-eps\/wp-json\/wp\/v2\/users\/1"}],"replies":[{"embeddable":true,"href":"https:\/\/www.bc-maps.com\/mapa-vectorial-eps\/wp-json\/wp\/v2\/comments?post=4407"}],"version-history":[{"count":2,"href":"https:\/\/www.bc-maps.com\/mapa-vectorial-eps\/wp-json\/wp\/v2\/pages\/4407\/revisions"}],"predecessor-version":[{"id":8232,"href":"https:\/\/www.bc-maps.com\/mapa-vectorial-eps\/wp-json\/wp\/v2\/pages\/4407\/revisions\/8232"}],"wp:featuredmedia":[{"embeddable":true,"href":"https:\/\/www.bc-maps.com\/mapa-vectorial-eps\/wp-json\/wp\/v2\/media\/2218"}],"wp:attachment":[{"href":"https:\/\/www.bc-maps.com\/mapa-vectorial-eps\/wp-json\/wp\/v2\/media?parent=4407"}],"curies":[{"name":"wp","href":"https:\/\/api.w.org\/{rel}","templated":true}]}}