{"id":432,"date":"2012-04-26T09:54:46","date_gmt":"2012-04-26T09:54:46","guid":{"rendered":"http:\/\/www.bc-maps.com\/mapa-vectorial-eps\/"},"modified":"2021-10-05T09:31:59","modified_gmt":"2021-10-05T09:31:59","slug":"cadiz-ilustrator","status":"publish","type":"page","link":"https:\/\/www.bc-maps.com\/mapa-vectorial-eps\/mapas-vectoriales\/espana\/ciudades\/cadiz-ilustrator\/","title":{"rendered":"C\u00e1diz mapa vectorial illustrator eps editable"},"content":{"rendered":"<h1>Planos y mapas vectoriales de C\u00e1diz.<\/h1>\n<h2>Mapas vectoriales editables con de las calles de C\u00e1diz<\/h2>\n<h3>Planos vectoriales de ciudades<\/h3>\n<p>Podemos crear cualquier tipo de mapa de la ciudad de C\u00e1diz, planos parciales, planos generales, planos de detalle\u2026etc.\u00a0en <a href=\"http:\/\/www.adobe.com\/es\">adobe illustrator<\/a><\/p>\n<p>Formatos editables, textos y colores, estructurados por medio de capas de informaci\u00f3n, illustrator, eps, pdf, svg, freehand.<\/p>\n<div class=\"mceTemp\"><\/div>\n<figure id=\"attachment_3064\" aria-describedby=\"caption-attachment-3064\" style=\"width: 258px\" class=\"wp-caption alignnone\"><a href=\"http:\/\/www.bc-maps.com\/wp-content\/uploads\/2012\/04\/Cadiz-mapa-vectorial-mudo-illustrator-eps.jpg\" target=\"_blank\" rel=\"noopener noreferrer\"><img loading=\"lazy\" decoding=\"async\" class=\"wp-image-3064 size-medium\" title=\"Cadiz mapa vectorial mudo illustrator eps\" src=\"http:\/\/www.bc-maps.com\/wp-content\/uploads\/2012\/04\/Cadiz-mapa-vectorial-mudo-illustrator-eps-258x300.jpg\" alt=\"Cadiz mapa vectorial mudo illustrator eps\" width=\"258\" height=\"300\" srcset=\"https:\/\/www.bc-maps.com\/wp-content\/uploads\/2012\/04\/Cadiz-mapa-vectorial-mudo-illustrator-eps-258x300.jpg 258w, https:\/\/www.bc-maps.com\/wp-content\/uploads\/2012\/04\/Cadiz-mapa-vectorial-mudo-illustrator-eps-768x893.jpg 768w, https:\/\/www.bc-maps.com\/wp-content\/uploads\/2012\/04\/Cadiz-mapa-vectorial-mudo-illustrator-eps-881x1024.jpg 881w, https:\/\/www.bc-maps.com\/wp-content\/uploads\/2012\/04\/Cadiz-mapa-vectorial-mudo-illustrator-eps.jpg 1984w\" sizes=\"auto, (max-width: 258px) 100vw, 258px\" \/><\/a><figcaption id=\"caption-attachment-3064\" class=\"wp-caption-text\">Cadiz mapa vectorial mudo illustrator eps<\/figcaption><\/figure>\n<figure id=\"attachment_3065\" aria-describedby=\"caption-attachment-3065\" style=\"width: 212px\" class=\"wp-caption alignnone\"><a href=\"http:\/\/www.bc-maps.com\/wp-content\/uploads\/2012\/04\/Cadiz-mapa-vectorial-illustrator-eps.jpg\" target=\"_blank\" rel=\"noopener noreferrer\"><img loading=\"lazy\" decoding=\"async\" class=\"wp-image-3065 size-medium\" title=\"Cadiz mapa vectorial illustrator eps\" src=\"http:\/\/www.bc-maps.com\/wp-content\/uploads\/2012\/04\/Cadiz-mapa-vectorial-illustrator-eps-212x300.jpg\" alt=\"Cadiz mapa vectorial illustrator eps\" width=\"212\" height=\"300\" srcset=\"https:\/\/www.bc-maps.com\/wp-content\/uploads\/2012\/04\/Cadiz-mapa-vectorial-illustrator-eps-212x300.jpg 212w, https:\/\/www.bc-maps.com\/wp-content\/uploads\/2012\/04\/Cadiz-mapa-vectorial-illustrator-eps-768x1088.jpg 768w, https:\/\/www.bc-maps.com\/wp-content\/uploads\/2012\/04\/Cadiz-mapa-vectorial-illustrator-eps-723x1024.jpg 723w\" sizes=\"auto, (max-width: 212px) 100vw, 212px\" \/><\/a><figcaption id=\"caption-attachment-3065\" class=\"wp-caption-text\">Cadiz mapa vectorial illustrator eps<\/figcaption><\/figure>\n<p>El contenido de informaci\u00f3n depender\u00e1 del tama\u00f1o de la zona y la escala o medidas de reproducci\u00f3n, ya que no trabajamos con textos inferiores a 5 puntos para que sean legibles.<\/p>\n","protected":false},"excerpt":{"rendered":"<p>Planos y mapas vectoriales de C\u00e1diz. Mapas vectoriales editables con de las calles de C\u00e1diz Planos vectoriales de ciudades Podemos crear cualquier tipo de mapa de la ciudad de C\u00e1diz, planos parciales, planos generales, planos de detalle\u2026etc.\u00a0en adobe illustrator Formatos editables, textos y colores, estructurados por medio de capas de informaci\u00f3n, illustrator, eps, pdf, svg, &hellip; <a href=\"https:\/\/www.bc-maps.com\/mapa-vectorial-eps\/mapas-vectoriales\/espana\/ciudades\/cadiz-ilustrator\/\" class=\"more-link\">Seguir leyendo <span class=\"screen-reader-text\">C\u00e1diz mapa vectorial illustrator eps editable<\/span> <span class=\"meta-nav\">&rarr;<\/span><\/a><\/p>\n","protected":false},"author":1,"featured_media":0,"parent":52,"menu_order":0,"comment_status":"closed","ping_status":"closed","template":"","meta":{"footnotes":""},"class_list":["post-432","page","type-page","status-publish","hentry"],"_links":{"self":[{"href":"https:\/\/www.bc-maps.com\/mapa-vectorial-eps\/wp-json\/wp\/v2\/pages\/432","targetHints":{"allow":["GET"]}}],"collection":[{"href":"https:\/\/www.bc-maps.com\/mapa-vectorial-eps\/wp-json\/wp\/v2\/pages"}],"about":[{"href":"https:\/\/www.bc-maps.com\/mapa-vectorial-eps\/wp-json\/wp\/v2\/types\/page"}],"author":[{"embeddable":true,"href":"https:\/\/www.bc-maps.com\/mapa-vectorial-eps\/wp-json\/wp\/v2\/users\/1"}],"replies":[{"embeddable":true,"href":"https:\/\/www.bc-maps.com\/mapa-vectorial-eps\/wp-json\/wp\/v2\/comments?post=432"}],"version-history":[{"count":5,"href":"https:\/\/www.bc-maps.com\/mapa-vectorial-eps\/wp-json\/wp\/v2\/pages\/432\/revisions"}],"predecessor-version":[{"id":4959,"href":"https:\/\/www.bc-maps.com\/mapa-vectorial-eps\/wp-json\/wp\/v2\/pages\/432\/revisions\/4959"}],"up":[{"embeddable":true,"href":"https:\/\/www.bc-maps.com\/mapa-vectorial-eps\/wp-json\/wp\/v2\/pages\/52"}],"wp:attachment":[{"href":"https:\/\/www.bc-maps.com\/mapa-vectorial-eps\/wp-json\/wp\/v2\/media?parent=432"}],"curies":[{"name":"wp","href":"https:\/\/api.w.org\/{rel}","templated":true}]}}