{"id":430,"date":"2012-04-26T09:54:05","date_gmt":"2012-04-26T09:54:05","guid":{"rendered":"http:\/\/www.bc-maps.com\/mapa-vectorial-eps\/"},"modified":"2021-10-05T09:31:44","modified_gmt":"2021-10-05T09:31:44","slug":"bilbao-illustrator-bilbo","status":"publish","type":"page","link":"https:\/\/www.bc-maps.com\/mapa-vectorial-eps\/mapas-vectoriales\/espana\/ciudades\/bilbao-illustrator-bilbo\/","title":{"rendered":"Bilbo-Bilbao mapa vectorial illustrator eps editable"},"content":{"rendered":"<h1>Planos y mapas vectoriales de Bilbao-Bilbo<\/h1>\n<h2>Mapas vectoriales editables con de las calles de Bilbao Bilbo<\/h2>\n<h3>Planos vectoriales de ciudades de Bilbao-Bilbo<\/h3>\n<p>Podemos crear cualquier tipo de mapa de Bilbao-Bilbo, Bizkaia, mapas de ciudades, mapas de comarcas, mapas de Municipios ,\u00a0en <a href=\"http:\/\/www.adobe.com\/es\">adobe illustrator<\/a><\/p>\n<p>Formatos editables, textos y colores, estructurados por medio de capas de informaci\u00f3n, illustrator, eps, pdf, svg, freehand.<\/p>\n<div class=\"mceTemp\"><\/div>\n<figure id=\"attachment_2910\" aria-describedby=\"caption-attachment-2910\" style=\"width: 300px\" class=\"wp-caption alignnone\"><a href=\"http:\/\/www.bc-maps.com\/wp-content\/uploads\/2014\/10\/Bilbao-GR.jpg\" target=\"_blank\" rel=\"noopener\"><img loading=\"lazy\" decoding=\"async\" class=\"wp-image-2910 size-medium\" title=\"Bilbao -Bilbo mapa vectorial illustrator eps\" src=\"http:\/\/www.bc-maps.com\/wp-content\/uploads\/2014\/10\/Bilbao-GR-300x213.jpg\" alt=\"Bilbao -Bilbo mapa vectorial illustrator eps\" width=\"300\" height=\"213\" srcset=\"https:\/\/www.bc-maps.com\/wp-content\/uploads\/2014\/10\/Bilbao-GR-300x213.jpg 300w, https:\/\/www.bc-maps.com\/wp-content\/uploads\/2014\/10\/Bilbao-GR-768x546.jpg 768w, https:\/\/www.bc-maps.com\/wp-content\/uploads\/2014\/10\/Bilbao-GR-1024x727.jpg 1024w\" sizes=\"auto, (max-width: 300px) 100vw, 300px\" \/><\/a><figcaption id=\"caption-attachment-2910\" class=\"wp-caption-text\">Bilbao -Bilbo mapa vectorial illustrator eps<\/figcaption><\/figure>\n<p>El contenido de informaci\u00f3n depender\u00e1 del tama\u00f1o de la zona y la escala o medidas de reproducci\u00f3n, ya que no trabajamos con textos inferiores a 5 puntos para que sean legibles.<\/p>\n","protected":false},"excerpt":{"rendered":"<p>Planos y mapas vectoriales de Bilbao-Bilbo Mapas vectoriales editables con de las calles de Bilbao Bilbo Planos vectoriales de ciudades de Bilbao-Bilbo Podemos crear cualquier tipo de mapa de Bilbao-Bilbo, Bizkaia, mapas de ciudades, mapas de comarcas, mapas de Municipios ,\u00a0en adobe illustrator Formatos editables, textos y colores, estructurados por medio de capas de informaci\u00f3n, &hellip; <a href=\"https:\/\/www.bc-maps.com\/mapa-vectorial-eps\/mapas-vectoriales\/espana\/ciudades\/bilbao-illustrator-bilbo\/\" class=\"more-link\">Seguir leyendo <span class=\"screen-reader-text\">Bilbo-Bilbao mapa vectorial illustrator eps editable<\/span> <span class=\"meta-nav\">&rarr;<\/span><\/a><\/p>\n","protected":false},"author":1,"featured_media":0,"parent":52,"menu_order":0,"comment_status":"closed","ping_status":"closed","template":"","meta":{"footnotes":""},"class_list":["post-430","page","type-page","status-publish","hentry"],"_links":{"self":[{"href":"https:\/\/www.bc-maps.com\/mapa-vectorial-eps\/wp-json\/wp\/v2\/pages\/430","targetHints":{"allow":["GET"]}}],"collection":[{"href":"https:\/\/www.bc-maps.com\/mapa-vectorial-eps\/wp-json\/wp\/v2\/pages"}],"about":[{"href":"https:\/\/www.bc-maps.com\/mapa-vectorial-eps\/wp-json\/wp\/v2\/types\/page"}],"author":[{"embeddable":true,"href":"https:\/\/www.bc-maps.com\/mapa-vectorial-eps\/wp-json\/wp\/v2\/users\/1"}],"replies":[{"embeddable":true,"href":"https:\/\/www.bc-maps.com\/mapa-vectorial-eps\/wp-json\/wp\/v2\/comments?post=430"}],"version-history":[{"count":5,"href":"https:\/\/www.bc-maps.com\/mapa-vectorial-eps\/wp-json\/wp\/v2\/pages\/430\/revisions"}],"predecessor-version":[{"id":4958,"href":"https:\/\/www.bc-maps.com\/mapa-vectorial-eps\/wp-json\/wp\/v2\/pages\/430\/revisions\/4958"}],"up":[{"embeddable":true,"href":"https:\/\/www.bc-maps.com\/mapa-vectorial-eps\/wp-json\/wp\/v2\/pages\/52"}],"wp:attachment":[{"href":"https:\/\/www.bc-maps.com\/mapa-vectorial-eps\/wp-json\/wp\/v2\/media?parent=430"}],"curies":[{"name":"wp","href":"https:\/\/api.w.org\/{rel}","templated":true}]}}