{"id":427,"date":"2012-04-26T09:52:31","date_gmt":"2012-04-26T09:52:31","guid":{"rendered":"http:\/\/www.bc-maps.com\/mapa-vectorial-eps\/"},"modified":"2021-10-05T09:33:11","modified_gmt":"2021-10-05T09:33:11","slug":"illustrator-albacete","status":"publish","type":"page","link":"https:\/\/www.bc-maps.com\/mapa-vectorial-eps\/mapas-vectoriales\/espana\/ciudades\/illustrator-albacete\/","title":{"rendered":"Albacete mapa vectorial illustrator eps editable"},"content":{"rendered":"<h1>Planos y mapas vectoriales de Albacete<\/h1>\n<h2>Mapas vectoriales editables<\/h2>\n<h3>Planos vectoriales de ciudades de Albacete<\/h3>\n<p>Podemos crear cualquier tipo de mapa de la ciudad de Albacete, planos parciales, planos generales, planos de detalle\u2026etc.<\/p>\n<p>Los mapas se entregan en formatos editables<span class=\"apple-converted-space\">\u00a0<\/span><a href=\"http:\/\/www.adobe.es\">adobe<\/a><span class=\"apple-converted-space\">\u00a0<\/span>illustrator, eps, corel, freehand.<\/p>\n<p>El contenido de informaci\u00f3n depender\u00e1 del tama\u00f1o de la zona y la escala o medidas de reproducci\u00f3n, ya que no trabajamos con textos inferiores a 5 puntos para que sean legibles.<\/p>\n<figure id=\"attachment_3023\" aria-describedby=\"caption-attachment-3023\" style=\"width: 244px\" class=\"wp-caption alignnone\"><a href=\"http:\/\/www.bc-maps.com\/wp-content\/uploads\/2012\/04\/Albacete-mapa-vectorial-illustrator-eps-1.jpg\" target=\"_blank\" rel=\"noopener noreferrer\"><img loading=\"lazy\" decoding=\"async\" class=\"wp-image-3023 size-medium\" title=\"Albacete mapa vectorial illustrator eps\" src=\"http:\/\/www.bc-maps.com\/wp-content\/uploads\/2012\/04\/Albacete-mapa-vectorial-illustrator-eps-1-244x300.jpg\" alt=\"Albacete mapa vectorial illustrator eps\" width=\"244\" height=\"300\" srcset=\"https:\/\/www.bc-maps.com\/wp-content\/uploads\/2012\/04\/Albacete-mapa-vectorial-illustrator-eps-1-244x300.jpg 244w, https:\/\/www.bc-maps.com\/wp-content\/uploads\/2012\/04\/Albacete-mapa-vectorial-illustrator-eps-1-768x943.jpg 768w, https:\/\/www.bc-maps.com\/wp-content\/uploads\/2012\/04\/Albacete-mapa-vectorial-illustrator-eps-1-834x1024.jpg 834w\" sizes=\"auto, (max-width: 244px) 100vw, 244px\" \/><\/a><figcaption id=\"caption-attachment-3023\" class=\"wp-caption-text\">Albacete mapa vectorial illustrator eps<\/figcaption><\/figure>\n<figure id=\"attachment_3021\" aria-describedby=\"caption-attachment-3021\" style=\"width: 207px\" class=\"wp-caption alignnone\"><a href=\"http:\/\/www.bc-maps.com\/wp-content\/uploads\/2012\/04\/Albacete-mapa-vectorial-illustrator-eps-Ave.jpg\" target=\"_blank\" rel=\"noopener noreferrer\"><img loading=\"lazy\" decoding=\"async\" class=\"wp-image-3021 size-medium\" title=\"Albacete mapa vectorial illustrator eps Ave\" src=\"http:\/\/www.bc-maps.com\/wp-content\/uploads\/2012\/04\/Albacete-mapa-vectorial-illustrator-eps-Ave-207x300.jpg\" alt=\"Albacete mapa vectorial illustrator eps Ave\" width=\"207\" height=\"300\" srcset=\"https:\/\/www.bc-maps.com\/wp-content\/uploads\/2012\/04\/Albacete-mapa-vectorial-illustrator-eps-Ave-207x300.jpg 207w, https:\/\/www.bc-maps.com\/wp-content\/uploads\/2012\/04\/Albacete-mapa-vectorial-illustrator-eps-Ave-768x1113.jpg 768w, https:\/\/www.bc-maps.com\/wp-content\/uploads\/2012\/04\/Albacete-mapa-vectorial-illustrator-eps-Ave-706x1024.jpg 706w, https:\/\/www.bc-maps.com\/wp-content\/uploads\/2012\/04\/Albacete-mapa-vectorial-illustrator-eps-Ave.jpg 923w\" sizes=\"auto, (max-width: 207px) 100vw, 207px\" \/><\/a><figcaption id=\"caption-attachment-3021\" class=\"wp-caption-text\">Albacete mapa vectorial illustrator eps Ave<\/figcaption><\/figure>\n<p>Todos nuestros mapas est\u00e1n estructurados por medio de capas y son totalmente editables, colores y textos.<\/p>\n<p>Los mapas son libres de derechos de reproducci\u00f3n, incluyendo nuestro copyright, s\u00f3lo pagar\u00e1 por ellos una vez independientemente de los usos que realice.<\/p>\n<p>Bc Maps elabora cualquier tipo de mapa vectorial o plano que ustedes necesiten.<\/p>\n<p>Que visitar en la ciudad, el Castillo de Santa B\u00e1rbara, Museo de las Hogueras de San Juan, \u00a0El Barrio de Sant Cruz, Museo Arqueol\u00f3gico<\/p>\n","protected":false},"excerpt":{"rendered":"<p>Planos y mapas vectoriales de Albacete Mapas vectoriales editables Planos vectoriales de ciudades de Albacete Podemos crear cualquier tipo de mapa de la ciudad de Albacete, planos parciales, planos generales, planos de detalle\u2026etc. Los mapas se entregan en formatos editables\u00a0adobe\u00a0illustrator, eps, corel, freehand. El contenido de informaci\u00f3n depender\u00e1 del tama\u00f1o de la zona y la &hellip; <a href=\"https:\/\/www.bc-maps.com\/mapa-vectorial-eps\/mapas-vectoriales\/espana\/ciudades\/illustrator-albacete\/\" class=\"more-link\">Seguir leyendo <span class=\"screen-reader-text\">Albacete mapa vectorial illustrator eps editable<\/span> <span class=\"meta-nav\">&rarr;<\/span><\/a><\/p>\n","protected":false},"author":1,"featured_media":0,"parent":52,"menu_order":0,"comment_status":"closed","ping_status":"closed","template":"","meta":{"footnotes":""},"class_list":["post-427","page","type-page","status-publish","hentry"],"_links":{"self":[{"href":"https:\/\/www.bc-maps.com\/mapa-vectorial-eps\/wp-json\/wp\/v2\/pages\/427","targetHints":{"allow":["GET"]}}],"collection":[{"href":"https:\/\/www.bc-maps.com\/mapa-vectorial-eps\/wp-json\/wp\/v2\/pages"}],"about":[{"href":"https:\/\/www.bc-maps.com\/mapa-vectorial-eps\/wp-json\/wp\/v2\/types\/page"}],"author":[{"embeddable":true,"href":"https:\/\/www.bc-maps.com\/mapa-vectorial-eps\/wp-json\/wp\/v2\/users\/1"}],"replies":[{"embeddable":true,"href":"https:\/\/www.bc-maps.com\/mapa-vectorial-eps\/wp-json\/wp\/v2\/comments?post=427"}],"version-history":[{"count":5,"href":"https:\/\/www.bc-maps.com\/mapa-vectorial-eps\/wp-json\/wp\/v2\/pages\/427\/revisions"}],"predecessor-version":[{"id":4955,"href":"https:\/\/www.bc-maps.com\/mapa-vectorial-eps\/wp-json\/wp\/v2\/pages\/427\/revisions\/4955"}],"up":[{"embeddable":true,"href":"https:\/\/www.bc-maps.com\/mapa-vectorial-eps\/wp-json\/wp\/v2\/pages\/52"}],"wp:attachment":[{"href":"https:\/\/www.bc-maps.com\/mapa-vectorial-eps\/wp-json\/wp\/v2\/media?parent=427"}],"curies":[{"name":"wp","href":"https:\/\/api.w.org\/{rel}","templated":true}]}}