{"id":4161,"date":"2019-06-03T10:32:20","date_gmt":"2019-06-03T10:32:20","guid":{"rendered":"http:\/\/www.bc-maps.com\/mapa-vectorial-eps\/?page_id=4161"},"modified":"2024-11-28T11:52:49","modified_gmt":"2024-11-28T11:52:49","slug":"mapa-leon-municipios-ilustrator","status":"publish","type":"page","link":"https:\/\/www.bc-maps.com\/mapa-vectorial-eps\/mapa-leon-municipios-ilustrator\/","title":{"rendered":"Municipios de Le\u00f3n mapa vectorial illustrator eps"},"content":{"rendered":"<h1>Mapas vectoriales de municipios de la provincia de Le\u00f3n y sus comarcas<\/h1>\n<h2>Planos\u00a0editables eps illustrator de ciudades y de carreteras de Castilla-Le\u00f3n<\/h2>\n<h2>Mapas digitales de c\u00f3digos postales y municipios de Le\u00f3n<\/h2>\n<figure id=\"attachment_4162\" aria-describedby=\"caption-attachment-4162\" style=\"width: 300px\" class=\"wp-caption alignnone\"><a href=\"http:\/\/www.bc-maps.com\/wp-content\/uploads\/2019\/06\/Mapa-vectorial-illustrator-eps-municipios-Leon.jpg\" target=\"_blank\" rel=\"noopener noreferrer\"><img loading=\"lazy\" decoding=\"async\" class=\"wp-image-4162 size-medium\" title=\"Mapa vectorial illustrator eps municipios Leon\" src=\"http:\/\/www.bc-maps.com\/wp-content\/uploads\/2019\/06\/Mapa-vectorial-illustrator-eps-municipios-Leon-300x209.jpg\" alt=\"Mapa vectorial illustrator eps municipios Leon\" width=\"300\" height=\"209\" srcset=\"https:\/\/www.bc-maps.com\/wp-content\/uploads\/2019\/06\/Mapa-vectorial-illustrator-eps-municipios-Leon-300x209.jpg 300w, https:\/\/www.bc-maps.com\/wp-content\/uploads\/2019\/06\/Mapa-vectorial-illustrator-eps-municipios-Leon-768x536.jpg 768w, https:\/\/www.bc-maps.com\/wp-content\/uploads\/2019\/06\/Mapa-vectorial-illustrator-eps-municipios-Leon-1024x714.jpg 1024w\" sizes=\"auto, (max-width: 300px) 100vw, 300px\" \/><\/a><figcaption id=\"caption-attachment-4162\" class=\"wp-caption-text\"><strong>Mapa vectorial illustrator eps municipios Leon<\/strong><\/figcaption><\/figure>\n<p>Podemos crear mapas de comarcas de Le\u00f3n , provincia, mapas de ciudades, mapas de\u00a0comarcas.<\/p>\n<figure id=\"attachment_6941\" aria-describedby=\"caption-attachment-6941\" style=\"width: 371px\" class=\"wp-caption alignnone\"><a href=\"https:\/\/www.bc-maps.com\/wp-content\/uploads\/2024\/11\/Municipios-Comarcas-La-Baneza-El-Paramos-mapa-vectorial-illustrator-eps.jpg\" target=\"_blank\" rel=\"noopener\"><img loading=\"lazy\" decoding=\"async\" class=\"wp-image-6941 \" title=\"Municipios Comarcas La Ba\u00f1eza El Paramos mapa vectorial illustrator eps\" src=\"https:\/\/www.bc-maps.com\/wp-content\/uploads\/2024\/11\/Municipios-Comarcas-La-Baneza-El-Paramos-mapa-vectorial-illustrator-eps-300x238.jpg\" alt=\"Municipios Comarcas La Ba\u00f1eza El Paramos mapa vectorial illustrator eps\" width=\"371\" height=\"295\" srcset=\"https:\/\/www.bc-maps.com\/wp-content\/uploads\/2024\/11\/Municipios-Comarcas-La-Baneza-El-Paramos-mapa-vectorial-illustrator-eps-300x238.jpg 300w, https:\/\/www.bc-maps.com\/wp-content\/uploads\/2024\/11\/Municipios-Comarcas-La-Baneza-El-Paramos-mapa-vectorial-illustrator-eps-768x610.jpg 768w, https:\/\/www.bc-maps.com\/wp-content\/uploads\/2024\/11\/Municipios-Comarcas-La-Baneza-El-Paramos-mapa-vectorial-illustrator-eps.jpg 980w\" sizes=\"auto, (max-width: 371px) 100vw, 371px\" \/><\/a><figcaption id=\"caption-attachment-6941\" class=\"wp-caption-text\">Municipios Comarcas La Ba\u00f1eza El Paramos mapa vectorial illustrator eps<\/figcaption><\/figure>\n<p>Los mapas se entregan en formatos editables<span class=\"apple-converted-space\">\u00a0<\/span><a href=\"http:\/\/www.adobe.es\">adobe<\/a><span class=\"apple-converted-space\">\u00a0<\/span>illustrator, eps, corel, freehand.<\/p>\n<p>Los mapas de ciudades pueden contener el nombre de todas las calles o solo las principales, as\u00ed como los lugares de inter\u00e9s m\u00e1s importantes.<\/p>\n<p>El contenido de informaci\u00f3n depender\u00e1 del tama\u00f1o de la zona y la escala o medidas de reproducci\u00f3n.<\/p>\n<p>No trabajamos con textos inferiores a 5 puntos para que sean legibles.<\/p>\n<p>Todos nuestros mapas est\u00e1n estructurados por medio de capas y son totalmente editables, colores y textos.<\/p>\n<p>Los mapas son libres de derechos de reproducci\u00f3n, incluyendo nuestro copyright, s\u00f3lo pagar\u00e1 por ellos una vez independientemente de los usos que realice.<\/p>\n","protected":false},"excerpt":{"rendered":"<p>Mapas vectoriales de municipios de la provincia de Le\u00f3n y sus comarcas Planos\u00a0editables eps illustrator de ciudades y de carreteras de Castilla-Le\u00f3n Mapas digitales de c\u00f3digos postales y municipios de Le\u00f3n Podemos crear mapas de comarcas de Le\u00f3n , provincia, mapas de ciudades, mapas de\u00a0comarcas. Los mapas se entregan en formatos editables\u00a0adobe\u00a0illustrator, eps, corel, freehand. &hellip; <a href=\"https:\/\/www.bc-maps.com\/mapa-vectorial-eps\/mapa-leon-municipios-ilustrator\/\" class=\"more-link\">Seguir leyendo <span class=\"screen-reader-text\">Municipios de Le\u00f3n mapa vectorial illustrator eps<\/span> <span class=\"meta-nav\">&rarr;<\/span><\/a><\/p>\n","protected":false},"author":1,"featured_media":4162,"parent":0,"menu_order":0,"comment_status":"closed","ping_status":"closed","template":"","meta":{"footnotes":""},"class_list":["post-4161","page","type-page","status-publish","has-post-thumbnail","hentry"],"_links":{"self":[{"href":"https:\/\/www.bc-maps.com\/mapa-vectorial-eps\/wp-json\/wp\/v2\/pages\/4161","targetHints":{"allow":["GET"]}}],"collection":[{"href":"https:\/\/www.bc-maps.com\/mapa-vectorial-eps\/wp-json\/wp\/v2\/pages"}],"about":[{"href":"https:\/\/www.bc-maps.com\/mapa-vectorial-eps\/wp-json\/wp\/v2\/types\/page"}],"author":[{"embeddable":true,"href":"https:\/\/www.bc-maps.com\/mapa-vectorial-eps\/wp-json\/wp\/v2\/users\/1"}],"replies":[{"embeddable":true,"href":"https:\/\/www.bc-maps.com\/mapa-vectorial-eps\/wp-json\/wp\/v2\/comments?post=4161"}],"version-history":[{"count":2,"href":"https:\/\/www.bc-maps.com\/mapa-vectorial-eps\/wp-json\/wp\/v2\/pages\/4161\/revisions"}],"predecessor-version":[{"id":6943,"href":"https:\/\/www.bc-maps.com\/mapa-vectorial-eps\/wp-json\/wp\/v2\/pages\/4161\/revisions\/6943"}],"wp:featuredmedia":[{"embeddable":true,"href":"https:\/\/www.bc-maps.com\/mapa-vectorial-eps\/wp-json\/wp\/v2\/media\/4162"}],"wp:attachment":[{"href":"https:\/\/www.bc-maps.com\/mapa-vectorial-eps\/wp-json\/wp\/v2\/media?parent=4161"}],"curies":[{"name":"wp","href":"https:\/\/api.w.org\/{rel}","templated":true}]}}