{"id":4147,"date":"2019-06-03T10:32:20","date_gmt":"2019-06-03T10:32:20","guid":{"rendered":"http:\/\/www.bc-maps.com\/mapa-vectorial-eps\/?page_id=4147"},"modified":"2019-06-04T16:04:06","modified_gmt":"2019-06-04T16:04:06","slug":"mapa-salamanca-municipios-ilustrator-2","status":"publish","type":"page","link":"https:\/\/www.bc-maps.com\/mapa-vectorial-eps\/mapa-salamanca-municipios-ilustrator-2\/","title":{"rendered":"Municipios de Salamanca mapa vectorial illustrator eps"},"content":{"rendered":"<h1>Mapas vectoriales de municipios de la provincia de Salamanca y sus comarcas<\/h1>\n<h2>Planos\u00a0editables eps illustrator de ciudades y de carreteras de Castilla-Le\u00f3n<\/h2>\n<h2>Mapas digitales de c\u00f3digos postales y municipios de Salamanca<\/h2>\n<figure id=\"attachment_4148\" aria-describedby=\"caption-attachment-4148\" style=\"width: 344px\" class=\"wp-caption alignnone\"><a href=\"http:\/\/www.bc-maps.com\/wp-content\/uploads\/2019\/06\/Mapa-vectorial-illustrator-eps-municipios-Salamanca.jpg\" target=\"_blank\" rel=\"noopener noreferrer\"><img loading=\"lazy\" decoding=\"async\" class=\"wp-image-4148\" title=\"Mapa municipios vectorial illustrator eps Salamanca\" src=\"http:\/\/www.bc-maps.com\/wp-content\/uploads\/2019\/06\/Mapa-vectorial-illustrator-eps-municipios-Salamanca-300x226.jpg\" alt=\"Mapa municipios vectorial illustrator eps Salamanca\" width=\"344\" height=\"259\" srcset=\"https:\/\/www.bc-maps.com\/wp-content\/uploads\/2019\/06\/Mapa-vectorial-illustrator-eps-municipios-Salamanca-300x226.jpg 300w, https:\/\/www.bc-maps.com\/wp-content\/uploads\/2019\/06\/Mapa-vectorial-illustrator-eps-municipios-Salamanca-768x579.jpg 768w, https:\/\/www.bc-maps.com\/wp-content\/uploads\/2019\/06\/Mapa-vectorial-illustrator-eps-municipios-Salamanca-1024x772.jpg 1024w\" sizes=\"auto, (max-width: 344px) 100vw, 344px\" \/><\/a><figcaption id=\"caption-attachment-4148\" class=\"wp-caption-text\"><strong>Mapa municipios vectorial illustrator eps Salamanca<\/strong><\/figcaption><\/figure>\n<p>Podemos crear mapas de comarcas de Salamanca, provincia, mapas de ciudades, mapas de\u00a0comarcas.<\/p>\n<p>Los mapas se entregan en formatos editables<span class=\"apple-converted-space\">\u00a0<\/span><a href=\"http:\/\/www.adobe.es\">adobe<\/a><span class=\"apple-converted-space\">\u00a0<\/span>illustrator, eps, corel, freehand.<\/p>\n<p>Los mapas de ciudades pueden contener el nombre de todas las calles o solo las principales, as\u00ed como los lugares de inter\u00e9s m\u00e1s importantes.<\/p>\n<p>El contenido de informaci\u00f3n depender\u00e1 del tama\u00f1o de la zona y la escala o medidas de reproducci\u00f3n.<\/p>\n<p>No trabajamos con textos inferiores a 5 puntos para que sean legibles.<\/p>\n<p>Todos nuestros mapas est\u00e1n estructurados por medio de capas y son totalmente editables, colores y textos.<\/p>\n<p>Los mapas son libres de derechos de reproducci\u00f3n, incluyendo nuestro copyright, s\u00f3lo pagar\u00e1 por ellos una vez independientemente de los usos que realice.<\/p>\n","protected":false},"excerpt":{"rendered":"<p>Mapas vectoriales de municipios de la provincia de Salamanca y sus comarcas Planos\u00a0editables eps illustrator de ciudades y de carreteras de Castilla-Le\u00f3n Mapas digitales de c\u00f3digos postales y municipios de Salamanca Podemos crear mapas de comarcas de Salamanca, provincia, mapas de ciudades, mapas de\u00a0comarcas. Los mapas se entregan en formatos editables\u00a0adobe\u00a0illustrator, eps, corel, freehand. Los &hellip; <a href=\"https:\/\/www.bc-maps.com\/mapa-vectorial-eps\/mapa-salamanca-municipios-ilustrator-2\/\" class=\"more-link\">Seguir leyendo <span class=\"screen-reader-text\">Municipios de Salamanca mapa vectorial illustrator eps<\/span> <span class=\"meta-nav\">&rarr;<\/span><\/a><\/p>\n","protected":false},"author":1,"featured_media":4148,"parent":0,"menu_order":0,"comment_status":"closed","ping_status":"closed","template":"","meta":{"footnotes":""},"class_list":["post-4147","page","type-page","status-publish","has-post-thumbnail","hentry"],"_links":{"self":[{"href":"https:\/\/www.bc-maps.com\/mapa-vectorial-eps\/wp-json\/wp\/v2\/pages\/4147","targetHints":{"allow":["GET"]}}],"collection":[{"href":"https:\/\/www.bc-maps.com\/mapa-vectorial-eps\/wp-json\/wp\/v2\/pages"}],"about":[{"href":"https:\/\/www.bc-maps.com\/mapa-vectorial-eps\/wp-json\/wp\/v2\/types\/page"}],"author":[{"embeddable":true,"href":"https:\/\/www.bc-maps.com\/mapa-vectorial-eps\/wp-json\/wp\/v2\/users\/1"}],"replies":[{"embeddable":true,"href":"https:\/\/www.bc-maps.com\/mapa-vectorial-eps\/wp-json\/wp\/v2\/comments?post=4147"}],"version-history":[{"count":3,"href":"https:\/\/www.bc-maps.com\/mapa-vectorial-eps\/wp-json\/wp\/v2\/pages\/4147\/revisions"}],"predecessor-version":[{"id":4151,"href":"https:\/\/www.bc-maps.com\/mapa-vectorial-eps\/wp-json\/wp\/v2\/pages\/4147\/revisions\/4151"}],"wp:featuredmedia":[{"embeddable":true,"href":"https:\/\/www.bc-maps.com\/mapa-vectorial-eps\/wp-json\/wp\/v2\/media\/4148"}],"wp:attachment":[{"href":"https:\/\/www.bc-maps.com\/mapa-vectorial-eps\/wp-json\/wp\/v2\/media?parent=4147"}],"curies":[{"name":"wp","href":"https:\/\/api.w.org\/{rel}","templated":true}]}}