{"id":4081,"date":"2012-06-12T08:09:57","date_gmt":"2012-06-12T08:09:57","guid":{"rendered":"http:\/\/www.bc-maps.com\/mapa-vectorial-eps\/valladolid-ilustrator-2\/"},"modified":"2023-06-15T17:14:31","modified_gmt":"2023-06-15T17:14:31","slug":"valladolid-ilustrator-2","status":"publish","type":"page","link":"https:\/\/www.bc-maps.com\/mapa-vectorial-eps\/valladolid-ilustrator-2\/","title":{"rendered":"Mapa en Illustrator de Valladolid"},"content":{"rendered":"<h1>Planos y mapas vectoriales de Valladolid<\/h1>\n<h2>Mapas vectoriales editables con de las calles de Valladolid<\/h2>\n<h3>Planos vectoriales de ciudades de Castilla-Le\u00f3n<\/h3>\n<p>Podemos crear cualquier tipo de mapa de la ciudad de Valladolid, planos parciales, planos generales, planos de detalle\u2026etc.<\/p>\n<p>Formatos editables, textos y colores, estructurados por medio de capas de informaci\u00f3n, <a href=\"http:\/\/www.adobe.es\">adobe illustrator<\/a>, eps, pdf, svg, freehand.<\/p>\n<figure id=\"attachment_3176\" aria-describedby=\"caption-attachment-3176\" style=\"width: 252px\" class=\"wp-caption alignnone\"><a href=\"http:\/\/www.bc-maps.com\/wp-content\/uploads\/2012\/06\/Valladolid-mapa-vectorial-illustrator-eps.jpg\" target=\"_blank\" rel=\"noopener noreferrer\"><img loading=\"lazy\" decoding=\"async\" class=\"wp-image-3176 size-medium\" title=\"Valladolid mapa vectorial illustrator eps\" src=\"http:\/\/www.bc-maps.com\/wp-content\/uploads\/2012\/06\/Valladolid-mapa-vectorial-illustrator-eps-252x300.jpg\" alt=\"Valladolid mapa vectorial illustrator eps\" width=\"252\" height=\"300\" srcset=\"https:\/\/www.bc-maps.com\/wp-content\/uploads\/2012\/06\/Valladolid-mapa-vectorial-illustrator-eps-252x300.jpg 252w, https:\/\/www.bc-maps.com\/wp-content\/uploads\/2012\/06\/Valladolid-mapa-vectorial-illustrator-eps-768x914.jpg 768w, https:\/\/www.bc-maps.com\/wp-content\/uploads\/2012\/06\/Valladolid-mapa-vectorial-illustrator-eps-860x1024.jpg 860w\" sizes=\"auto, (max-width: 252px) 100vw, 252px\" \/><\/a><figcaption id=\"caption-attachment-3176\" class=\"wp-caption-text\"><strong>Valladolid mapa vectorial illustrator eps<\/strong><\/figcaption><\/figure>\n<figure id=\"attachment_3178\" aria-describedby=\"caption-attachment-3178\" style=\"width: 300px\" class=\"wp-caption alignnone\"><a href=\"http:\/\/www.bc-maps.com\/wp-content\/uploads\/2012\/06\/VALLADOLID-C.jpg\" target=\"_blank\" rel=\"noopener noreferrer\"><img loading=\"lazy\" decoding=\"async\" class=\"wp-image-3178 size-medium\" title=\"Valladolid mapa vectorial illustrator eps editable centro\" src=\"http:\/\/www.bc-maps.com\/wp-content\/uploads\/2012\/06\/VALLADOLID-C-300x225.jpg\" alt=\"Valladolid mapa vectorial illustrator eps editable centro\" width=\"300\" height=\"225\" srcset=\"https:\/\/www.bc-maps.com\/wp-content\/uploads\/2012\/06\/VALLADOLID-C-300x225.jpg 300w, https:\/\/www.bc-maps.com\/wp-content\/uploads\/2012\/06\/VALLADOLID-C-768x575.jpg 768w, https:\/\/www.bc-maps.com\/wp-content\/uploads\/2012\/06\/VALLADOLID-C.jpg 796w\" sizes=\"auto, (max-width: 300px) 100vw, 300px\" \/><\/a><figcaption id=\"caption-attachment-3178\" class=\"wp-caption-text\"><strong>Mapa vectorial Valladolid illustrator eps editable centro<\/strong><\/figcaption><\/figure>\n<figure id=\"attachment_3179\" aria-describedby=\"caption-attachment-3179\" style=\"width: 222px\" class=\"wp-caption alignnone\"><a href=\"http:\/\/www.bc-maps.com\/wp-content\/uploads\/2012\/06\/VALLADOLID-AVE.jpg\" target=\"_blank\" rel=\"noopener noreferrer\"><img loading=\"lazy\" decoding=\"async\" class=\"wp-image-3179 size-medium\" title=\"Valladolid mapa vectorial illustrator eps editable Ave\" src=\"http:\/\/www.bc-maps.com\/wp-content\/uploads\/2012\/06\/VALLADOLID-AVE-222x300.jpg\" alt=\"Valladolid mapa vectorial illustrator eps editable Ave\" width=\"222\" height=\"300\" srcset=\"https:\/\/www.bc-maps.com\/wp-content\/uploads\/2012\/06\/VALLADOLID-AVE-222x300.jpg 222w, https:\/\/www.bc-maps.com\/wp-content\/uploads\/2012\/06\/VALLADOLID-AVE-768x1038.jpg 768w, https:\/\/www.bc-maps.com\/wp-content\/uploads\/2012\/06\/VALLADOLID-AVE-758x1024.jpg 758w, https:\/\/www.bc-maps.com\/wp-content\/uploads\/2012\/06\/VALLADOLID-AVE.jpg 1322w\" sizes=\"auto, (max-width: 222px) 100vw, 222px\" \/><\/a><figcaption id=\"caption-attachment-3179\" class=\"wp-caption-text\"><strong>Valladolid mapa vectorial illustrator eps editable Ave<\/strong><\/figcaption><\/figure>\n<p>El contenido de informaci\u00f3n depender\u00e1 del tama\u00f1o de la zona y la escala o medidas de reproducci\u00f3n, ya que no trabajamos con textos inferiores a 5 puntos para que sean legibles.<\/p>\n","protected":false},"excerpt":{"rendered":"<p>Planos y mapas vectoriales de Valladolid Mapas vectoriales editables con de las calles de Valladolid Planos vectoriales de ciudades de Castilla-Le\u00f3n Podemos crear cualquier tipo de mapa de la ciudad de Valladolid, planos parciales, planos generales, planos de detalle\u2026etc. Formatos editables, textos y colores, estructurados por medio de capas de informaci\u00f3n, adobe illustrator, eps, pdf, &hellip; <a href=\"https:\/\/www.bc-maps.com\/mapa-vectorial-eps\/valladolid-ilustrator-2\/\" class=\"more-link\">Seguir leyendo <span class=\"screen-reader-text\">Mapa en Illustrator de Valladolid<\/span> <span class=\"meta-nav\">&rarr;<\/span><\/a><\/p>\n","protected":false},"author":1,"featured_media":4020,"parent":0,"menu_order":0,"comment_status":"closed","ping_status":"closed","template":"","meta":{"footnotes":""},"class_list":["post-4081","page","type-page","status-publish","has-post-thumbnail","hentry"],"_links":{"self":[{"href":"https:\/\/www.bc-maps.com\/mapa-vectorial-eps\/wp-json\/wp\/v2\/pages\/4081","targetHints":{"allow":["GET"]}}],"collection":[{"href":"https:\/\/www.bc-maps.com\/mapa-vectorial-eps\/wp-json\/wp\/v2\/pages"}],"about":[{"href":"https:\/\/www.bc-maps.com\/mapa-vectorial-eps\/wp-json\/wp\/v2\/types\/page"}],"author":[{"embeddable":true,"href":"https:\/\/www.bc-maps.com\/mapa-vectorial-eps\/wp-json\/wp\/v2\/users\/1"}],"replies":[{"embeddable":true,"href":"https:\/\/www.bc-maps.com\/mapa-vectorial-eps\/wp-json\/wp\/v2\/comments?post=4081"}],"version-history":[{"count":3,"href":"https:\/\/www.bc-maps.com\/mapa-vectorial-eps\/wp-json\/wp\/v2\/pages\/4081\/revisions"}],"predecessor-version":[{"id":4087,"href":"https:\/\/www.bc-maps.com\/mapa-vectorial-eps\/wp-json\/wp\/v2\/pages\/4081\/revisions\/4087"}],"wp:featuredmedia":[{"embeddable":true,"href":"https:\/\/www.bc-maps.com\/mapa-vectorial-eps\/wp-json\/wp\/v2\/media\/4020"}],"wp:attachment":[{"href":"https:\/\/www.bc-maps.com\/mapa-vectorial-eps\/wp-json\/wp\/v2\/media?parent=4081"}],"curies":[{"name":"wp","href":"https:\/\/api.w.org\/{rel}","templated":true}]}}