{"id":4016,"date":"2018-11-03T09:50:15","date_gmt":"2018-11-03T09:50:15","guid":{"rendered":"http:\/\/www.bc-maps.com\/mapa-vectorial-eps\/?page_id=4016"},"modified":"2021-10-05T09:29:03","modified_gmt":"2021-10-05T09:29:03","slug":"pamplona","status":"publish","type":"page","link":"https:\/\/www.bc-maps.com\/mapa-vectorial-eps\/mapas-vectoriales\/espana\/ciudades\/pamplona\/","title":{"rendered":"Pamplona mapa vectorial illustrator eps editable"},"content":{"rendered":"<h1>Planos y mapas vectoriales de Pamplona<\/h1>\n<h2>Mapas vectoriales editables eps, illustrator, freehand,pdf<\/h2>\n<h3>Planos vectoriales de ciudades de Navarra<\/h3>\n<p>Podemos crear cualquier tipo de mapa de la ciudad de Pamplona, planos parciales, planos generales, planos de detalle\u2026etc.<\/p>\n<figure id=\"attachment_4017\" aria-describedby=\"caption-attachment-4017\" style=\"width: 300px\" class=\"wp-caption alignnone\"><a href=\"http:\/\/www.bc-maps.com\/wp-content\/uploads\/2018\/11\/Mapa-vectorial-illustrator-eps-Pamplona.jpg\" target=\"_blank\" rel=\"noopener\"><img loading=\"lazy\" decoding=\"async\" class=\"wp-image-4017 size-medium\" title=\"Mapa vectorial illustrator eps Pamplona\" src=\"http:\/\/www.bc-maps.com\/wp-content\/uploads\/2018\/11\/Mapa-vectorial-illustrator-eps-Pamplona-300x178.jpg\" alt=\"Mapa vectorial illustrator eps Pamplona\" width=\"300\" height=\"178\" srcset=\"https:\/\/www.bc-maps.com\/wp-content\/uploads\/2018\/11\/Mapa-vectorial-illustrator-eps-Pamplona-300x178.jpg 300w, https:\/\/www.bc-maps.com\/wp-content\/uploads\/2018\/11\/Mapa-vectorial-illustrator-eps-Pamplona-768x457.jpg 768w, https:\/\/www.bc-maps.com\/wp-content\/uploads\/2018\/11\/Mapa-vectorial-illustrator-eps-Pamplona-1024x609.jpg 1024w\" sizes=\"auto, (max-width: 300px) 100vw, 300px\" \/><\/a><figcaption id=\"caption-attachment-4017\" class=\"wp-caption-text\">Mapa vectorial illustrator eps Pamplona<\/figcaption><\/figure>\n<p>La informaci\u00f3n disponible va desde\u00a0monumentos, lugares de inter\u00e9s y populares, museos, oficinas de turismo, centros comerciales, medios de transporte.<\/p>\n<p>Tambi\u00e9n podemos a\u00f1adir cualquier otra informaci\u00f3n pr\u00e1ctica que nos soliciten ustedes.<\/p>\n<p>Nuestros mapas est\u00e1n estructurados por medio de capas y son totalmente editables, modificables, \u00a0tanto \u00a0colores y\u00a0fuentes\/textos.<\/p>\n<p>Nuestro ficheros\u00a0son libres de derechos para cualquier reproducci\u00f3n, incluyendo nuestro copyright.<\/p>\n<p>Los maps\u00a0est\u00e1n creados con licencias oficiales de programas de <a href=\"http:\/\/www.adobe.com\/es\">Adobe,<\/a> habitualmente entregamos en version CC, pero podemos entregar tambi\u00e9n en otras versiones.<\/p>\n<p>El contenido de informaci\u00f3n depender\u00e1 del tama\u00f1o de la zona y la escala o medidas de reproducci\u00f3n, ya que no trabajamos con textos inferiores a 5 puntos para que sean legibles.<\/p>\n","protected":false},"excerpt":{"rendered":"<p>Planos y mapas vectoriales de Pamplona Mapas vectoriales editables eps, illustrator, freehand,pdf Planos vectoriales de ciudades de Navarra Podemos crear cualquier tipo de mapa de la ciudad de Pamplona, planos parciales, planos generales, planos de detalle\u2026etc. La informaci\u00f3n disponible va desde\u00a0monumentos, lugares de inter\u00e9s y populares, museos, oficinas de turismo, centros comerciales, medios de transporte. &hellip; <a href=\"https:\/\/www.bc-maps.com\/mapa-vectorial-eps\/mapas-vectoriales\/espana\/ciudades\/pamplona\/\" class=\"more-link\">Seguir leyendo <span class=\"screen-reader-text\">Pamplona mapa vectorial illustrator eps editable<\/span> <span class=\"meta-nav\">&rarr;<\/span><\/a><\/p>\n","protected":false},"author":1,"featured_media":0,"parent":52,"menu_order":0,"comment_status":"closed","ping_status":"closed","template":"","meta":{"footnotes":""},"class_list":["post-4016","page","type-page","status-publish","hentry"],"_links":{"self":[{"href":"https:\/\/www.bc-maps.com\/mapa-vectorial-eps\/wp-json\/wp\/v2\/pages\/4016","targetHints":{"allow":["GET"]}}],"collection":[{"href":"https:\/\/www.bc-maps.com\/mapa-vectorial-eps\/wp-json\/wp\/v2\/pages"}],"about":[{"href":"https:\/\/www.bc-maps.com\/mapa-vectorial-eps\/wp-json\/wp\/v2\/types\/page"}],"author":[{"embeddable":true,"href":"https:\/\/www.bc-maps.com\/mapa-vectorial-eps\/wp-json\/wp\/v2\/users\/1"}],"replies":[{"embeddable":true,"href":"https:\/\/www.bc-maps.com\/mapa-vectorial-eps\/wp-json\/wp\/v2\/comments?post=4016"}],"version-history":[{"count":2,"href":"https:\/\/www.bc-maps.com\/mapa-vectorial-eps\/wp-json\/wp\/v2\/pages\/4016\/revisions"}],"predecessor-version":[{"id":4937,"href":"https:\/\/www.bc-maps.com\/mapa-vectorial-eps\/wp-json\/wp\/v2\/pages\/4016\/revisions\/4937"}],"up":[{"embeddable":true,"href":"https:\/\/www.bc-maps.com\/mapa-vectorial-eps\/wp-json\/wp\/v2\/pages\/52"}],"wp:attachment":[{"href":"https:\/\/www.bc-maps.com\/mapa-vectorial-eps\/wp-json\/wp\/v2\/media?parent=4016"}],"curies":[{"name":"wp","href":"https:\/\/api.w.org\/{rel}","templated":true}]}}