{"id":40,"date":"2025-11-01T15:55:11","date_gmt":"2025-11-01T15:55:11","guid":{"rendered":"http:\/\/www.bc-maps.com\/mapa-vectorial-eps\/"},"modified":"2025-12-02T16:28:44","modified_gmt":"2025-12-02T16:28:44","slug":"mundo","status":"publish","type":"page","link":"https:\/\/www.bc-maps.com\/mapa-vectorial-eps\/mapas-vectoriales\/mundo\/","title":{"rendered":"Mapas vectoriales del Mundo"},"content":{"rendered":"\n<h1 class=\"wp-block-heading\">Mapas vectoriales del Mundo.<\/h1>\n\n\n\n<h2 class=\"wp-block-heading\">Mapa vectorial de \u00c1frica, Am\u00e9rica, Asia y Oceania .<\/h2>\n\n\n\n<h3 class=\"wp-block-heading\">Mapas y planos vectoriales de Ciudades de \u00c1frica, Am\u00e9rica, Asia y Oceania<\/h3>\n\n\n\n<p>BC Maps elabora su cartograf\u00eda adapt\u00e1ndose a la necesidad de cada cliente al mismo coste que un mapa standard y que normalmente no cumple los requisitos reales que necesita cada empresa tanto en lo relativo a los l\u00edmites como al contenido de informaci\u00f3n.<\/p>\n\n\n\n<p>Nuestros mapas siempre se env\u00edan actualizados en la fecha de entrega.<\/p>\n\n\n\n<p>El mapa vectorial se entrega siempre totalmente editable, textos como colores, y estructurado por medio de capas en formatos adobe <a href=\"http:\/\/www.adobe.es\">illustrator,<\/a> eps o pdf.<\/p>\n\n\n\n<figure class=\"wp-block-gallery has-nested-images columns-default is-cropped wp-block-gallery-1 is-layout-flex wp-block-gallery-is-layout-flex\">\n<figure class=\"wp-block-image size-large\"><a href=\"https:\/\/www.bc-maps.com\/wp-content\/uploads\/2012\/06\/CHINA-MURAL-BALAGUER.jpg\" target=\"_blank\" rel=\" noreferrer noopener\"><img loading=\"lazy\" decoding=\"async\" width=\"1024\" height=\"854\" data-id=\"2927\" src=\"https:\/\/www.bc-maps.com\/wp-content\/uploads\/2012\/06\/CHINA-MURAL-BALAGUER-1024x854.jpg\" alt=\"China mapa vectorial illustrator eps\" class=\"wp-image-2927\" srcset=\"https:\/\/www.bc-maps.com\/wp-content\/uploads\/2012\/06\/CHINA-MURAL-BALAGUER-1024x854.jpg 1024w, https:\/\/www.bc-maps.com\/wp-content\/uploads\/2012\/06\/CHINA-MURAL-BALAGUER-300x250.jpg 300w, https:\/\/www.bc-maps.com\/wp-content\/uploads\/2012\/06\/CHINA-MURAL-BALAGUER-768x640.jpg 768w\" sizes=\"auto, (max-width: 1024px) 100vw, 1024px\" \/><\/a><figcaption class=\"wp-element-caption\">China mapa vectorial illustrator eps<\/figcaption><\/figure>\n<\/figure>\n\n\n\n\n\n<p>Creamos mapas de ciudades de todo el mundo para gu\u00edas de viajes, cat\u00e1logos, administraciones p\u00fablicas\u2026etc.<\/p>\n\n\n\n<p>Un amplio abanico de empresas, en especial editoriales, y ayuntamientos disponen en los \u00faltimos a\u00f1os de mapas suministrados por nuestra empresa.<\/p>\n\n\n\n<p><strong>CIUDADES DEL MUNDO<\/strong><\/p>\n\n\n\n<p><strong>Norteam\u00e9rica<\/strong><\/p>\n\n\n\n<p>Dallas,&nbsp;Las Vegas<a href=\"http:\/\/www.mapavectorial.com\/mapas-vectoriales-las-vegas-epsfreehand-illustrator.html\">,<\/a> Los \u00c1ngeles, Miami, Montreal, <a href=\"https:\/\/www.bc-maps.com\/mapa-vectorial-eps\/new-york-ilustrator\/\">New York<\/a>, Otawa, San Francisco, Toronto,Washington.<\/p>\n\n\n\n<figure class=\"wp-block-image alignnone\"><a href=\"http:\/\/www.bc-maps.com\/wp-content\/uploads\/2010\/11\/LAS-VEGAS.jpg\" target=\"_blank\" rel=\"noopener noreferrer\"><img loading=\"lazy\" decoding=\"async\" width=\"300\" height=\"269\" src=\"http:\/\/www.bc-maps.com\/wp-content\/uploads\/2010\/11\/LAS-VEGAS-300x269.jpg\" alt=\"Las Vegas mapa vectorial illustrator eps\" class=\"wp-image-3397\" srcset=\"https:\/\/www.bc-maps.com\/wp-content\/uploads\/2010\/11\/LAS-VEGAS-300x269.jpg 300w, https:\/\/www.bc-maps.com\/wp-content\/uploads\/2010\/11\/LAS-VEGAS-768x688.jpg 768w, https:\/\/www.bc-maps.com\/wp-content\/uploads\/2010\/11\/LAS-VEGAS-1024x917.jpg 1024w, https:\/\/www.bc-maps.com\/wp-content\/uploads\/2010\/11\/LAS-VEGAS.jpg 1670w\" sizes=\"auto, (max-width: 300px) 100vw, 300px\" \/><\/a><figcaption class=\"wp-element-caption\">Las Vegas mapa vectorial illustrator eps<\/figcaption><\/figure>\n\n\n\n<p><strong>Centroam\u00e9rica, Caribe y Sudam\u00e9rica<\/strong><\/p>\n\n\n\n<p>Asunci\u00f3n, Belmop\u00e1n, Bogot\u00e1, Brasilia, Cali, Callao, Canc\u00fan, Caracas, Cartagena de Indias, Curitiba, <a href=\"https:\/\/www.bc-maps.com\/mapa-vectorial-eps\/illustrator-mexico-df\/\">DF,<\/a> Guadalajara,&nbsp; Guayaquil, La Habana<a href=\"http:\/\/www.mapavectorial.com\/preview;jsessionid=1086B17EE5916D1FD70410192FBB9D26.TCpfix103a?page=34&amp;mode=preview\">,<\/a> La Paz, Lima, Managua, Medell\u00edn, Monterrey, Montreal, Montevideo, New York, Pananaribo, Puerto Pr\u00edncipe, Quito, Recife, R\u00edo de Janeiro, San Jos\u00e9, San Salvador, &nbsp;Santiago, Santo Domingo, Sucre, Tegucigalpa,&nbsp; Valparaiso<\/p>\n\n\n\n<figure class=\"wp-block-image alignnone\"><a href=\"http:\/\/www.bc-maps.com\/wp-content\/uploads\/2010\/11\/AM-DF.jpg\" target=\"_blank\" rel=\"noopener noreferrer\"><img loading=\"lazy\" decoding=\"async\" width=\"232\" height=\"300\" src=\"http:\/\/www.bc-maps.com\/wp-content\/uploads\/2010\/11\/AM-DF-232x300.jpg\" alt=\"Mapa vectorial Area metropolitana  DF\" class=\"wp-image-3398\" srcset=\"https:\/\/www.bc-maps.com\/wp-content\/uploads\/2010\/11\/AM-DF-232x300.jpg 232w, https:\/\/www.bc-maps.com\/wp-content\/uploads\/2010\/11\/AM-DF-768x993.jpg 768w, https:\/\/www.bc-maps.com\/wp-content\/uploads\/2010\/11\/AM-DF-792x1024.jpg 792w, https:\/\/www.bc-maps.com\/wp-content\/uploads\/2010\/11\/AM-DF.jpg 1222w\" sizes=\"auto, (max-width: 232px) 100vw, 232px\" \/><\/a><figcaption class=\"wp-element-caption\">Mapa vectorial Area metropolitana DF<\/figcaption><\/figure>\n\n\n\n<p><strong>Asia<\/strong><\/p>\n\n\n\n<p>Amman, Almaty, Astana, Bagdad, <a href=\"https:\/\/www.bc-maps.com\/mapa-vectorial-eps\/bangkok-illustrator\/\">Bangkok<\/a>, Beijing, Beirut, Singapur, Damasco, Delhi, Hanoi, Hong Kong, Islamabad, Kabul, Kuala Lumpur, Manila, Pekin, Shanghai, Seul, Tokyo, Vientiane, Yakarta<\/p>\n\n\n\n<figure class=\"wp-block-image alignnone\"><a href=\"http:\/\/www.bc-maps.com\/wp-content\/uploads\/2010\/11\/BEIJING.jpg\" target=\"_blank\" rel=\"noopener noreferrer\"><img loading=\"lazy\" decoding=\"async\" width=\"300\" height=\"168\" src=\"http:\/\/www.bc-maps.com\/wp-content\/uploads\/2010\/11\/BEIJING-300x168.jpg\" alt=\"Mapa vectorial illustrator eps Beijing\" class=\"wp-image-3399\" srcset=\"https:\/\/www.bc-maps.com\/wp-content\/uploads\/2010\/11\/BEIJING-300x168.jpg 300w, https:\/\/www.bc-maps.com\/wp-content\/uploads\/2010\/11\/BEIJING-768x431.jpg 768w, https:\/\/www.bc-maps.com\/wp-content\/uploads\/2010\/11\/BEIJING-1024x575.jpg 1024w\" sizes=\"auto, (max-width: 300px) 100vw, 300px\" \/><\/a><figcaption class=\"wp-element-caption\">Mapa vectorial illustrator eps Beijing<\/figcaption><\/figure>\n\n\n\n<p><strong>Ocean\u00eda<\/strong><\/p>\n\n\n\n<p>Adelaida, Brisbane, Canberra, Melbourne, Sidney, Wellington<\/p>\n\n\n\n<figure class=\"wp-block-image alignnone\"><a href=\"http:\/\/www.bc-maps.com\/wp-content\/uploads\/2010\/11\/ADELAIDE-SAMPLE.jpg\" target=\"_blank\" rel=\"noopener noreferrer\"><img loading=\"lazy\" decoding=\"async\" width=\"274\" height=\"300\" src=\"http:\/\/www.bc-maps.com\/wp-content\/uploads\/2010\/11\/ADELAIDE-SAMPLE-274x300.jpg\" alt=\"ADELAIDE mapa vectorial illustrator eps \" class=\"wp-image-3400\" srcset=\"https:\/\/www.bc-maps.com\/wp-content\/uploads\/2010\/11\/ADELAIDE-SAMPLE-274x300.jpg 274w, https:\/\/www.bc-maps.com\/wp-content\/uploads\/2010\/11\/ADELAIDE-SAMPLE-768x842.jpg 768w, https:\/\/www.bc-maps.com\/wp-content\/uploads\/2010\/11\/ADELAIDE-SAMPLE-934x1024.jpg 934w\" sizes=\"auto, (max-width: 274px) 100vw, 274px\" \/><\/a><figcaption class=\"wp-element-caption\">ADELAIDE mapa vectorial illustrator eps<\/figcaption><\/figure>\n\n\n\n<p><strong>CONTINENTES<\/strong><\/p>\n\n\n\n<p><a title=\"Mapas vectoriales de \u00c1frica\" href=\"https:\/\/www.bc-maps.com\/mapa-vectorial-eps\/africa\/\" target=\"_self\">\u00c1frica<\/a>, <a title=\"Mapas vectoriales Am\u00e9rica\" href=\"https:\/\/www.bc-maps.com\/mapa-vectorial-eps\/america\/\" target=\"_self\">Am\u00e9rica<\/a>, <a title=\"Mapas vectoriales de Asia\" href=\"https:\/\/www.bc-maps.com\/mapa-vectorial-eps\/asia\" target=\"_self\">Asia<\/a>, <a title=\"Mapas vectoriales de Ocean\u00eda\" href=\"https:\/\/www.bc-maps.com\/mapa-vectorial-eps\/oceania\/\" target=\"_self\">Ocean\u00eda<\/a><\/p>\n\n\n\n<p><strong>PAISES DEL MUNDO<\/strong><\/p>\n\n\n\n<p><strong><strong><strong>\u00c1frica<\/strong><\/strong><\/strong><\/p>\n\n\n\n<p>Angola,Argelia,Ben\u00edn,Botsuana,Burkina Faso,Burundi,Cabo Verde,Camer\u00fan, Chad,Comoras,Congo,Costa de Marfil,Egipto,Eritrea,Etiop\u00eda,Gab\u00f3n,Gambia, Ghana,Guinea,Guinea Ecuatorial,Guinea-Bissau,Kenia,Lesoto,Liberia,Libia, Madagascar,Malaui,Mal\u00ed,Marruecos,Mauricio,Mauritania,Mozambique,Namibia, N\u00edger,Nigeria,Rep\u00fablica Centroafricana,Rep\u00fablica Democr\u00e1tica del Congo, Ruanda,Santo Tom\u00e9 y Pr\u00edncipe,Senegal,Seychelles,Sierra Leona,Somalia, Suazilandia,Sud\u00e1frica,Sud\u00e1n,Tanzania,Togo,T\u00fanez,Uganda,Yibuti,Zambia, Zimbabue<\/p>\n\n\n\n<p><strong>Am\u00e9rica<\/strong><\/p>\n\n\n\n<p>Antigua y Barbuda, Bahamas, Barbados, Belice, Bolivia, <a href=\"https:\/\/www.bc-maps.com\/mapa-vectorial-eps\/mapa-brasil-ilustrator\/\"><strong>Brasil<\/strong><\/a>, Canad\u00e1, Chile,&nbsp;<a href=\"https:\/\/www.bc-maps.com\/mapa-vectorial-eps\/mapa-colombia-illustrator-eps\/\"><strong>Colombia<\/strong><\/a>, Costa Rica, Cuba, Dominica,&nbsp;<a href=\"https:\/\/www.bc-maps.com\/mapa-vectorial-eps\/mapa-vectorial-ecuador-illustrator\/\"><strong>Ecuador<\/strong><\/a>, El Salvador, <strong>Estados Unidos<\/strong>, Granada, Guatemala, Guyana, Hait\u00ed, Honduras, Jamaica, <a href=\"https:\/\/www.bc-maps.com\/mapa-vectorial-eps\/illustrator-mexico-politico\/\"><strong>M\u00e9xico<\/strong><\/a>, Nicaragua, Panam\u00e1, Paraguay, <strong>&nbsp;<\/strong><a href=\"https:\/\/www.bc-maps.com\/mapa-vectorial-eps\/illustrator-peru-politico\/\"><strong>Per\u00fa<\/strong><\/a>, Rep\u00fablica Dominicana, San Crist\u00f3bal y Nieves, San Vicente y las Granadinas, Santa Luc\u00eda, Surinam, Trinidad y Tobago, Uruguay,&nbsp;<a href=\"https:\/\/www.bc-maps.com\/mapa-vectorial-eps\/illustrator-venezuela\/\"><strong>Venezuela<\/strong><\/a>.<\/p>\n\n\n\n<p><strong>Asia<\/strong><\/p>\n\n\n\n<p>Afganist\u00e1n, Arabia Saudita, Bahr\u00e9in, Bangladesh, Brun\u00e9i, But\u00e1n, Camboya, Catar,&nbsp;<a href=\"https:\/\/www.bc-maps.com\/mapa-vectorial-eps\/china-illustrator-2\/\"><strong>China<\/strong><\/a>, Corea del Norte, Corea del Sur, Emiratos \u00c1rabes Unidos, Filipinas, India, Indonesia, Ir\u00e1n, Iraq, Israel, Jap\u00f3n, Jordania,<strong>&nbsp;<\/strong><strong>Kazajist\u00e1n<\/strong>, Kirguist\u00e1n, Kuwait, Laos, L\u00edbano, Malasia, Maldivas, Myanmar, Mongolia, Nepal, Om\u00e1n, Pakist\u00e1n, Rusia, Singapur, Siria, Sri Lanka, Tailandia, Tayikist\u00e1n, Timor Oriental, Turkmenist\u00e1n, Turqu\u00eda, Uzbekist\u00e1n, Vietnam, Yemen.<\/p>\n\n\n\n<p><strong>Ocean\u00eda<\/strong><\/p>\n\n\n\n<p>Australia, Fiyi, Islas Marshall, Islas Salom\u00f3n, Kiribati, Micronesia, Nauru,<a href=\"https:\/\/www.bc-maps.com\/mapa-vectorial-eps\/illustrator-nueva-zelanda\/\">&nbsp;<strong>Nueva Zelanda<\/strong><\/a>, Palaos, Pap\u00faa Nueva Guinea, Samoa, Tonga, Tuvalu, Vanuatu.<\/p>\n","protected":false},"excerpt":{"rendered":"<p>Mapas vectoriales del Mundo. Mapa vectorial de \u00c1frica, Am\u00e9rica, Asia y Oceania . Mapas y planos vectoriales de Ciudades de \u00c1frica, Am\u00e9rica, Asia y Oceania BC Maps elabora su cartograf\u00eda adapt\u00e1ndose a la necesidad de cada cliente al mismo coste que un mapa standard y que normalmente no cumple los requisitos reales que necesita cada &hellip; <a href=\"https:\/\/www.bc-maps.com\/mapa-vectorial-eps\/mapas-vectoriales\/mundo\/\" class=\"more-link\">Seguir leyendo <span class=\"screen-reader-text\">Mapas vectoriales del Mundo<\/span> <span class=\"meta-nav\">&rarr;<\/span><\/a><\/p>\n","protected":false},"author":1,"featured_media":3198,"parent":8,"menu_order":3,"comment_status":"closed","ping_status":"closed","template":"","meta":{"footnotes":""},"class_list":["post-40","page","type-page","status-publish","has-post-thumbnail","hentry"],"_links":{"self":[{"href":"https:\/\/www.bc-maps.com\/mapa-vectorial-eps\/wp-json\/wp\/v2\/pages\/40","targetHints":{"allow":["GET"]}}],"collection":[{"href":"https:\/\/www.bc-maps.com\/mapa-vectorial-eps\/wp-json\/wp\/v2\/pages"}],"about":[{"href":"https:\/\/www.bc-maps.com\/mapa-vectorial-eps\/wp-json\/wp\/v2\/types\/page"}],"author":[{"embeddable":true,"href":"https:\/\/www.bc-maps.com\/mapa-vectorial-eps\/wp-json\/wp\/v2\/users\/1"}],"replies":[{"embeddable":true,"href":"https:\/\/www.bc-maps.com\/mapa-vectorial-eps\/wp-json\/wp\/v2\/comments?post=40"}],"version-history":[{"count":6,"href":"https:\/\/www.bc-maps.com\/mapa-vectorial-eps\/wp-json\/wp\/v2\/pages\/40\/revisions"}],"predecessor-version":[{"id":8220,"href":"https:\/\/www.bc-maps.com\/mapa-vectorial-eps\/wp-json\/wp\/v2\/pages\/40\/revisions\/8220"}],"up":[{"embeddable":true,"href":"https:\/\/www.bc-maps.com\/mapa-vectorial-eps\/wp-json\/wp\/v2\/pages\/8"}],"wp:featuredmedia":[{"embeddable":true,"href":"https:\/\/www.bc-maps.com\/mapa-vectorial-eps\/wp-json\/wp\/v2\/media\/3198"}],"wp:attachment":[{"href":"https:\/\/www.bc-maps.com\/mapa-vectorial-eps\/wp-json\/wp\/v2\/media?parent=40"}],"curies":[{"name":"wp","href":"https:\/\/api.w.org\/{rel}","templated":true}]}}