{"id":379,"date":"2012-04-25T07:57:00","date_gmt":"2012-04-25T07:57:00","guid":{"rendered":"http:\/\/www.bc-maps.com\/mapa-vectorial-eps\/"},"modified":"2024-12-03T08:56:43","modified_gmt":"2024-12-03T08:56:43","slug":"ayuntamiento-de-pego","status":"publish","type":"page","link":"https:\/\/www.bc-maps.com\/mapa-vectorial-eps\/proyectos\/ayuntamiento-de-pego\/","title":{"rendered":"Ayuntamiento de Pego"},"content":{"rendered":"<h1>Mapa Vectorial Eps y Cartografia digital.<\/h1>\n<h2>Proyectos de cartograf\u00eda vectorial.<\/h2>\n<h3>REGIDURIA DE TURISMO DE PEGO.<\/h3>\n<p>BC MAPS ha elaborado el nuevo plano del Excmo. Ayuntamiento de Pego, Se elaboro una primera versi\u00f3n del mapa para a posteriori revisarla por nuestro personal en la misma poblaci\u00f3n.<\/p>\n<p>En una segunda fase se procedi\u00f3 a la correcci\u00f3n, revisi\u00f3n y normalizaci\u00f3n de la toponimia por parte de la Oficina de Turismo de Pego<\/p>\n<p>Para finalmente montar el mapa final con el casco urbano, junto con una ampliaci\u00f3n del Centro Hist\u00f3rico, en la cara A y el mapa del termino muncipal incluyendo la totalidad del Parque Natural Marjal de Pego y Oliva junto con el plano de la urbanizaci\u00f3n de Monte Pego.<\/p>\n<p>En este caso se el producto final son mapas en tama\u00f1o A3 en tacos de 50 unidades y encolados a la americana por la parte inferior.<\/p>\n<figure id=\"attachment_4055\" aria-describedby=\"caption-attachment-4055\" style=\"width: 300px\" class=\"wp-caption alignnone\"><a href=\"https:\/\/www.bc-maps.com\/wp-content\/uploads\/2019\/01\/Mapa-Pego-2019-municipio.jpg\" target=\"_blank\" rel=\"noopener\"><img loading=\"lazy\" decoding=\"async\" class=\"wp-image-4055 size-medium\" title=\"Mapa Pego 2019 casco urbano\" src=\"https:\/\/www.bc-maps.com\/wp-content\/uploads\/2019\/01\/Mapa-Pego-2019-municipio-300x212.jpg\" alt=\"Mapa Pego 2019 casco urbano\" width=\"300\" height=\"212\" srcset=\"https:\/\/www.bc-maps.com\/wp-content\/uploads\/2019\/01\/Mapa-Pego-2019-municipio-300x212.jpg 300w, https:\/\/www.bc-maps.com\/wp-content\/uploads\/2019\/01\/Mapa-Pego-2019-municipio-768x543.jpg 768w, https:\/\/www.bc-maps.com\/wp-content\/uploads\/2019\/01\/Mapa-Pego-2019-municipio-1024x724.jpg 1024w\" sizes=\"auto, (max-width: 300px) 100vw, 300px\" \/><\/a><figcaption id=\"caption-attachment-4055\" class=\"wp-caption-text\">Mapa Pego 2019 casco urbano<\/figcaption><\/figure>\n<figure id=\"attachment_4054\" aria-describedby=\"caption-attachment-4054\" style=\"width: 300px\" class=\"wp-caption alignnone\"><a href=\"https:\/\/www.bc-maps.com\/wp-content\/uploads\/2019\/01\/Mapa-Pego-2019-municipio2.jpg\" target=\"_blank\" rel=\"noopener\"><img loading=\"lazy\" decoding=\"async\" class=\"wp-image-4054 size-medium\" title=\"Mapa Pego 2019 municipio\" src=\"https:\/\/www.bc-maps.com\/wp-content\/uploads\/2019\/01\/Mapa-Pego-2019-municipio2-300x212.jpg\" alt=\"Mapa Pego 2019 municipio\" width=\"300\" height=\"212\" srcset=\"https:\/\/www.bc-maps.com\/wp-content\/uploads\/2019\/01\/Mapa-Pego-2019-municipio2-300x212.jpg 300w, https:\/\/www.bc-maps.com\/wp-content\/uploads\/2019\/01\/Mapa-Pego-2019-municipio2-768x543.jpg 768w, https:\/\/www.bc-maps.com\/wp-content\/uploads\/2019\/01\/Mapa-Pego-2019-municipio2-1024x724.jpg 1024w\" sizes=\"auto, (max-width: 300px) 100vw, 300px\" \/><\/a><figcaption id=\"caption-attachment-4054\" class=\"wp-caption-text\">Mapa Pego 2019 municipio<\/figcaption><\/figure>\n","protected":false},"excerpt":{"rendered":"<p>Mapa Vectorial Eps y Cartografia digital. Proyectos de cartograf\u00eda vectorial. REGIDURIA DE TURISMO DE PEGO. BC MAPS ha elaborado el nuevo plano del Excmo. Ayuntamiento de Pego, Se elaboro una primera versi\u00f3n del mapa para a posteriori revisarla por nuestro personal en la misma poblaci\u00f3n. En una segunda fase se procedi\u00f3 a la correcci\u00f3n, revisi\u00f3n &hellip; <a href=\"https:\/\/www.bc-maps.com\/mapa-vectorial-eps\/proyectos\/ayuntamiento-de-pego\/\" class=\"more-link\">Seguir leyendo <span class=\"screen-reader-text\">Ayuntamiento de Pego<\/span> <span class=\"meta-nav\">&rarr;<\/span><\/a><\/p>\n","protected":false},"author":1,"featured_media":4055,"parent":6,"menu_order":0,"comment_status":"closed","ping_status":"open","template":"","meta":{"footnotes":""},"class_list":["post-379","page","type-page","status-publish","has-post-thumbnail","hentry"],"_links":{"self":[{"href":"https:\/\/www.bc-maps.com\/mapa-vectorial-eps\/wp-json\/wp\/v2\/pages\/379","targetHints":{"allow":["GET"]}}],"collection":[{"href":"https:\/\/www.bc-maps.com\/mapa-vectorial-eps\/wp-json\/wp\/v2\/pages"}],"about":[{"href":"https:\/\/www.bc-maps.com\/mapa-vectorial-eps\/wp-json\/wp\/v2\/types\/page"}],"author":[{"embeddable":true,"href":"https:\/\/www.bc-maps.com\/mapa-vectorial-eps\/wp-json\/wp\/v2\/users\/1"}],"replies":[{"embeddable":true,"href":"https:\/\/www.bc-maps.com\/mapa-vectorial-eps\/wp-json\/wp\/v2\/comments?post=379"}],"version-history":[{"count":2,"href":"https:\/\/www.bc-maps.com\/mapa-vectorial-eps\/wp-json\/wp\/v2\/pages\/379\/revisions"}],"predecessor-version":[{"id":6987,"href":"https:\/\/www.bc-maps.com\/mapa-vectorial-eps\/wp-json\/wp\/v2\/pages\/379\/revisions\/6987"}],"up":[{"embeddable":true,"href":"https:\/\/www.bc-maps.com\/mapa-vectorial-eps\/wp-json\/wp\/v2\/pages\/6"}],"wp:featuredmedia":[{"embeddable":true,"href":"https:\/\/www.bc-maps.com\/mapa-vectorial-eps\/wp-json\/wp\/v2\/media\/4055"}],"wp:attachment":[{"href":"https:\/\/www.bc-maps.com\/mapa-vectorial-eps\/wp-json\/wp\/v2\/media?parent=379"}],"curies":[{"name":"wp","href":"https:\/\/api.w.org\/{rel}","templated":true}]}}