{"id":3616,"date":"2025-11-01T16:05:25","date_gmt":"2025-11-01T16:05:25","guid":{"rendered":"http:\/\/www.bc-maps.com\/mapa-vectorial-eps\/?page_id=3616"},"modified":"2025-12-16T08:07:45","modified_gmt":"2025-12-16T08:07:45","slug":"paises-de-europa","status":"publish","type":"page","link":"https:\/\/www.bc-maps.com\/mapa-vectorial-eps\/mapas-vectoriales\/mapas-de-europa\/paises-de-europa\/","title":{"rendered":"Pa\u00edses y regiones de Europa"},"content":{"rendered":"\n<h1 class=\"wp-block-heading\">Mapa Vectorial Eps y Cartografia digital.<\/h1>\n\n\n\n<h2 class=\"wp-block-heading\">Mapas vectoriales de pa\u00edses Europa.<\/h2>\n\n\n\n<h3 class=\"wp-block-heading\">Pa\u00edses de Europa, regiones, provincias &nbsp;y mapas Tem\u00e0ticos.<\/h3>\n\n\n\n<p>BC Maps elabora cartograf\u00eda de pa\u00edses de Europa adapt\u00e1ndose a la necesidad de cada cliente.&nbsp;Nuestros mapas siempre se env\u00edan actualizados en la fecha de entrega.<\/p>\n\n\n\n<figure id=\"attachment_3214\" aria-describedby=\"caption-attachment-3214\" style=\"width: 300px\" class=\"wp-caption aligncenter\"><a title=\"Mapa vectorial Pa\u00edses Bajos\" href=\"https:\/\/www.bc-maps.com\/wp-content\/uploads\/2012\/06\/Paises-Bajos-mapa-vectorial-illustrator-eps.jpg\" target=\"_blank\" rel=\"noopener\"><img loading=\"lazy\" decoding=\"async\" class=\"size-medium wp-image-3214\" src=\"https:\/\/www.bc-maps.com\/wp-content\/uploads\/2012\/06\/Paises-Bajos-mapa-vectorial-illustrator-eps-300x300.jpg\" alt=\"Paises Bajos mapa vectorial illustrator eps\" width=\"300\" height=\"300\" srcset=\"https:\/\/www.bc-maps.com\/wp-content\/uploads\/2012\/06\/Paises-Bajos-mapa-vectorial-illustrator-eps-300x300.jpg 300w, https:\/\/www.bc-maps.com\/wp-content\/uploads\/2012\/06\/Paises-Bajos-mapa-vectorial-illustrator-eps-150x150.jpg 150w, https:\/\/www.bc-maps.com\/wp-content\/uploads\/2012\/06\/Paises-Bajos-mapa-vectorial-illustrator-eps-768x770.jpg 768w, https:\/\/www.bc-maps.com\/wp-content\/uploads\/2012\/06\/Paises-Bajos-mapa-vectorial-illustrator-eps-1021x1024.jpg 1021w, https:\/\/www.bc-maps.com\/wp-content\/uploads\/2012\/06\/Paises-Bajos-mapa-vectorial-illustrator-eps.jpg 1384w\" sizes=\"auto, (max-width: 300px) 100vw, 300px\" \/><\/a><figcaption id=\"caption-attachment-3214\" class=\"wp-caption-text\">Paises Bajos mapa vectorial illustrator eps<\/figcaption><\/figure>\n\n\n\n<p>El mapa vectorial se entrega siempre totalmente editable, textos como colores, y estructurado por medio de capas en formatos<a href=\"http:\/\/www.adobe.com\/es\"> adobe illustrator,<\/a> freehand, corel o pdf.<\/p>\n\n\n\n<p>Creamos mapas de municipios, provincias, regiones de toda Europa para gu\u00edas de viajes, cat\u00e1logos, administraciones p\u00fablicas\u2026etc.<\/p>\n\n\n\n<p>Un amplio abanico de empresas, en especial editoriales, y ayuntamientos disponen en los \u00faltimos a\u00f1os de mapas suministrados por nuestra empresa.<\/p>\n\n\n\n<p>PA\u00cdSES<\/p>\n\n\n\n<p><a href=\"https:\/\/www.bc-maps.com\/mapa-vectorial-eps\/albania-mapa-vectorial-illustrator-eps\/\" data-type=\"page\" data-id=\"7093\">Albania<\/a>, <a href=\"https:\/\/www.bc-maps.com\/mapa-vectorial-eps\/alemania-mapa-vectorial-illustrator-eps\/\" data-type=\"page\" data-id=\"7973\">Alemania<\/a>, Andorra, <a href=\"https:\/\/www.bc-maps.com\/mapa-vectorial-eps\/austria-mapa-vectorial-ilustrator-eps\/\" data-type=\"page\" data-id=\"7984\">Austria<\/a>, <a href=\"https:\/\/www.bc-maps.com\/mapa-vectorial-eps\/mapas-vectoriales\/mapas-de-europa\/paises-de-europa\/belgica-ilustrator\/\" data-type=\"page\" data-id=\"1357\">B\u00e9lgica<\/a>, <a href=\"https:\/\/www.bc-maps.com\/mapa-vectorial-eps\/bielorrusia-mapa-vectorial-illustrator-eps\/\" data-type=\"page\" data-id=\"7989\">Bielorrusia<\/a>, <a href=\"https:\/\/www.bc-maps.com\/mapa-vectorial-eps\/bosnia-herzegovina-mapa-vectorial-illustrator-eps\/\" data-type=\"page\" data-id=\"7996\">Bosnia-Herzegovina,<\/a> <a href=\"https:\/\/www.bc-maps.com\/mapa-vectorial-eps\/bulgaria-mapa-vectorial-illustrator-eps\/\" data-type=\"page\" data-id=\"8012\">Bulgaria<\/a>, Chipre, <a href=\"https:\/\/www.bc-maps.com\/mapa-vectorial-eps\/croacia-mapa-vectorial-illustrator-eps\/\" data-type=\"page\" data-id=\"8052\">Croacia<\/a>, Dinamarca, <a href=\"https:\/\/www.bc-maps.com\/mapa-vectorial-eps\/eslovaquia-mapa-vectorial-illustrator-eps\/\" data-type=\"page\" data-id=\"8057\">Eslovaquia<\/a>, <a href=\"https:\/\/www.bc-maps.com\/mapa-vectorial-eps\/eslovenia-mapa-vectorial-illustrator-eps\/\" data-type=\"page\" data-id=\"8064\">Eslovenia<\/a>, <a href=\"https:\/\/www.bc-maps.com\/mapa-vectorial-eps\/mapas-vectoriales\/espana\/\" data-type=\"page\" data-id=\"36\">Espa\u00f1a<\/a>, Estonia, Finlandia, <a href=\"https:\/\/www.bc-maps.com\/mapa-vectorial-eps\/mapas-vectoriales\/mapas-de-europa\/paises-de-europa\/francia-ilustrator\/\" data-type=\"page\" data-id=\"1207\">Francia<\/a>, Grecia,<\/p>\n\n\n\n<p><a href=\"https:\/\/www.bc-maps.com\/mapa-vectorial-eps\/hungria-mapa-vectorial-illustrator-eps\/\" data-type=\"page\" data-id=\"8070\">Hungr\u00eda<\/a>, <a href=\"https:\/\/www.bc-maps.com\/mapa-vectorial-eps\/mapas-vectoriales\/mapas-de-europa\/ciudades\/dublin-illustrator\/\" data-type=\"page\" data-id=\"1103\">Irlanda<\/a>, Islandia, <a href=\"https:\/\/www.bc-maps.com\/mapa-vectorial-eps\/italia-mapa-vectorial-illustrator-eps\/\" data-type=\"page\" data-id=\"8125\">Italia<\/a>, <a href=\"https:\/\/www.bc-maps.com\/mapa-vectorial-eps\/kosovo-mapa-vectorial-illustrator-eps\/\" data-type=\"page\" data-id=\"8080\">Kosovo<\/a>, Letonia, Liechtenstein, Lituania,&nbsp;Luxemburgo, <a href=\"https:\/\/www.bc-maps.com\/mapa-vectorial-eps\/macedonia-del-norte-mapa-vectorial-illustrator-eps\/\" data-type=\"page\" data-id=\"8090\">Macedonia<\/a>, Malta, <a href=\"https:\/\/www.bc-maps.com\/mapa-vectorial-eps\/moldavia-mapa-vectorial-illustrator-eps\/\" data-type=\"page\" data-id=\"8096\">Moldavia<\/a>, M\u00f3naco, Montenegro, Noruega,<\/p>\n\n\n\n<p><a href=\"https:\/\/www.bc-maps.com\/mapa-vectorial-eps\/mapas-vectoriales\/mapas-de-europa\/paises-de-europa\/illustrator-paises-bajos\/\" data-type=\"page\" data-id=\"1377\">Pa\u00edses Bajos<\/a>, <a href=\"https:\/\/www.bc-maps.com\/mapa-vectorial-eps\/polonia-mapa-vectorial-illustrator-eps\/\" data-type=\"page\" data-id=\"8101\">Polonia,<\/a> <a href=\"https:\/\/www.bc-maps.com\/mapa-vectorial-eps\/vector-map-illustrator-portugal-politico\/\" data-type=\"page\" data-id=\"1382\">Portugal<\/a>, <a href=\"https:\/\/www.bc-maps.com\/mapa-vectorial-eps\/reino-unido-mapa-vectorial-illustrator\/\" data-type=\"page\" data-id=\"1215\">Reino Unido<\/a>, <a href=\"https:\/\/www.bc-maps.com\/mapa-vectorial-eps\/chequia-mapa-vectorial-illustrator-eps\/\" data-type=\"page\" data-id=\"8042\">Chequia<\/a>, <a href=\"https:\/\/www.bc-maps.com\/mapa-vectorial-eps\/rumania-mapa-vectorial-illustrator-eps\/\" data-type=\"page\" data-id=\"8106\">Rumania<\/a>, Rusia, San Marino, <a href=\"https:\/\/www.bc-maps.com\/mapa-vectorial-eps\/serbia-mapa-vectorial-illustrator-eps\/\" data-type=\"page\" data-id=\"8111\">Serbia<\/a>, Suecia, Suiza, Ucrania, Vaticano.<\/p>\n\n\n\n<div class=\"mceTemp\">&nbsp;<\/div>\n\n\n","protected":false},"excerpt":{"rendered":"<p>Mapa Vectorial Eps y Cartografia digital. Mapas vectoriales de pa\u00edses Europa. Pa\u00edses de Europa, regiones, provincias &nbsp;y mapas Tem\u00e0ticos. BC Maps elabora cartograf\u00eda de pa\u00edses de Europa adapt\u00e1ndose a la necesidad de cada cliente.&nbsp;Nuestros mapas siempre se env\u00edan actualizados en la fecha de entrega. El mapa vectorial se entrega siempre totalmente editable, textos como colores, &hellip; <a href=\"https:\/\/www.bc-maps.com\/mapa-vectorial-eps\/mapas-vectoriales\/mapas-de-europa\/paises-de-europa\/\" class=\"more-link\">Seguir leyendo <span class=\"screen-reader-text\">Pa\u00edses y regiones de Europa<\/span> <span class=\"meta-nav\">&rarr;<\/span><\/a><\/p>\n","protected":false},"author":1,"featured_media":3198,"parent":3609,"menu_order":2,"comment_status":"closed","ping_status":"closed","template":"","meta":{"footnotes":""},"class_list":["post-3616","page","type-page","status-publish","has-post-thumbnail","hentry"],"_links":{"self":[{"href":"https:\/\/www.bc-maps.com\/mapa-vectorial-eps\/wp-json\/wp\/v2\/pages\/3616","targetHints":{"allow":["GET"]}}],"collection":[{"href":"https:\/\/www.bc-maps.com\/mapa-vectorial-eps\/wp-json\/wp\/v2\/pages"}],"about":[{"href":"https:\/\/www.bc-maps.com\/mapa-vectorial-eps\/wp-json\/wp\/v2\/types\/page"}],"author":[{"embeddable":true,"href":"https:\/\/www.bc-maps.com\/mapa-vectorial-eps\/wp-json\/wp\/v2\/users\/1"}],"replies":[{"embeddable":true,"href":"https:\/\/www.bc-maps.com\/mapa-vectorial-eps\/wp-json\/wp\/v2\/comments?post=3616"}],"version-history":[{"count":6,"href":"https:\/\/www.bc-maps.com\/mapa-vectorial-eps\/wp-json\/wp\/v2\/pages\/3616\/revisions"}],"predecessor-version":[{"id":8321,"href":"https:\/\/www.bc-maps.com\/mapa-vectorial-eps\/wp-json\/wp\/v2\/pages\/3616\/revisions\/8321"}],"up":[{"embeddable":true,"href":"https:\/\/www.bc-maps.com\/mapa-vectorial-eps\/wp-json\/wp\/v2\/pages\/3609"}],"wp:featuredmedia":[{"embeddable":true,"href":"https:\/\/www.bc-maps.com\/mapa-vectorial-eps\/wp-json\/wp\/v2\/media\/3198"}],"wp:attachment":[{"href":"https:\/\/www.bc-maps.com\/mapa-vectorial-eps\/wp-json\/wp\/v2\/media?parent=3616"}],"curies":[{"name":"wp","href":"https:\/\/api.w.org\/{rel}","templated":true}]}}