{"id":3611,"date":"2010-11-17T16:04:36","date_gmt":"2010-11-17T16:04:36","guid":{"rendered":"http:\/\/www.bc-maps.com\/mapa-vectorial-eps\/?page_id=3611"},"modified":"2025-12-02T16:30:37","modified_gmt":"2025-12-02T16:30:37","slug":"ciudades","status":"publish","type":"page","link":"https:\/\/www.bc-maps.com\/mapa-vectorial-eps\/mapas-vectoriales\/mapas-de-europa\/ciudades\/","title":{"rendered":"Ciudades"},"content":{"rendered":"\n<h1 class=\"wp-block-heading\">Mapas illustrator de ciudades de Europa<\/h1>\n\n\n\n<h2 class=\"wp-block-heading\">Planos&nbsp;callejeros y mapas vectoriales de ciudades de Europa.<\/h2>\n\n\n\n<p><span style=\"font-size: 16px; font-weight: 400;\">Ciudades de Europa en illustrator , elaboramos mapas vectoriales adapt\u00e1ndonos a la necesidad de cada cliente ,&nbsp;BC Maps.<\/span><\/p>\n\n\n\n<figure class=\"wp-block-gallery has-nested-images columns-default is-cropped wp-block-gallery-1 is-layout-flex wp-block-gallery-is-layout-flex\">\n<figure class=\"wp-block-image size-large\"><a href=\"https:\/\/www.bc-maps.com\/wp-content\/uploads\/2012\/06\/Paris-mapa-vectorial-illustrator-eps-Arrond.jpg\" target=\"_blank\" rel=\"noopener noreferrer\"><img loading=\"lazy\" decoding=\"async\" width=\"1024\" height=\"726\" data-id=\"3164\" src=\"https:\/\/www.bc-maps.com\/wp-content\/uploads\/2012\/06\/Paris-mapa-vectorial-illustrator-eps-Arrond-1024x726.jpg\" alt=\"Paris ciudades de Europa mapa vectorial illustrator eps Arrond\" class=\"wp-image-3164\" srcset=\"https:\/\/www.bc-maps.com\/wp-content\/uploads\/2012\/06\/Paris-mapa-vectorial-illustrator-eps-Arrond-1024x726.jpg 1024w, https:\/\/www.bc-maps.com\/wp-content\/uploads\/2012\/06\/Paris-mapa-vectorial-illustrator-eps-Arrond-300x213.jpg 300w, https:\/\/www.bc-maps.com\/wp-content\/uploads\/2012\/06\/Paris-mapa-vectorial-illustrator-eps-Arrond-768x545.jpg 768w\" sizes=\"auto, (max-width: 1024px) 100vw, 1024px\" \/><\/a><figcaption class=\"wp-element-caption\">Paris ciudades de Europa mapa vectorial illustrator eps Arrond<\/figcaption><\/figure>\n<\/figure>\n\n\n\n<figure class=\"wp-block-gallery has-nested-images columns-default is-cropped wp-block-gallery-2 is-layout-flex wp-block-gallery-is-layout-flex\">\n<figure class=\"wp-block-image size-large\"><a href=\"https:\/\/www.bc-maps.com\/wp-content\/uploads\/2013\/10\/Glasgow-mapa-vectorial-illustrator-eps.jpg\" target=\"_blank\" rel=\"noopener noreferrer\"><img loading=\"lazy\" decoding=\"async\" width=\"823\" height=\"1024\" data-id=\"3102\" src=\"https:\/\/www.bc-maps.com\/wp-content\/uploads\/2013\/10\/Glasgow-mapa-vectorial-illustrator-eps-823x1024.jpg\" alt=\"Glasgow ciudades de Europa mapa vectorial illustrator eps\" class=\"wp-image-3102\" srcset=\"https:\/\/www.bc-maps.com\/wp-content\/uploads\/2013\/10\/Glasgow-mapa-vectorial-illustrator-eps-823x1024.jpg 823w, https:\/\/www.bc-maps.com\/wp-content\/uploads\/2013\/10\/Glasgow-mapa-vectorial-illustrator-eps-241x300.jpg 241w, https:\/\/www.bc-maps.com\/wp-content\/uploads\/2013\/10\/Glasgow-mapa-vectorial-illustrator-eps-768x956.jpg 768w, https:\/\/www.bc-maps.com\/wp-content\/uploads\/2013\/10\/Glasgow-mapa-vectorial-illustrator-eps.jpg 1381w\" sizes=\"auto, (max-width: 823px) 100vw, 823px\" \/><\/a><figcaption class=\"wp-element-caption\">Glasgow ciudades de Europa mapa vectorial illustrator eps<\/figcaption><\/figure>\n<\/figure>\n\n\n\n<figure class=\"wp-block-gallery has-nested-images columns-default is-cropped wp-block-gallery-3 is-layout-flex wp-block-gallery-is-layout-flex\">\n<figure class=\"wp-block-image size-large\"><a href=\"https:\/\/www.bc-maps.com\/wp-content\/uploads\/2013\/10\/Londres-mapa-vectorial-illustrator-eps.jpg\" target=\"_blank\" rel=\"noopener noreferrer\"><img loading=\"lazy\" decoding=\"async\" width=\"1024\" height=\"734\" data-id=\"3121\" src=\"https:\/\/www.bc-maps.com\/wp-content\/uploads\/2013\/10\/Londres-mapa-vectorial-illustrator-eps-1024x734.jpg\" alt=\"Londres mapa vectorial illustrator eps\" class=\"wp-image-3121\" srcset=\"https:\/\/www.bc-maps.com\/wp-content\/uploads\/2013\/10\/Londres-mapa-vectorial-illustrator-eps-1024x734.jpg 1024w, https:\/\/www.bc-maps.com\/wp-content\/uploads\/2013\/10\/Londres-mapa-vectorial-illustrator-eps-300x215.jpg 300w, https:\/\/www.bc-maps.com\/wp-content\/uploads\/2013\/10\/Londres-mapa-vectorial-illustrator-eps-768x551.jpg 768w, https:\/\/www.bc-maps.com\/wp-content\/uploads\/2013\/10\/Londres-mapa-vectorial-illustrator-eps.jpg 1976w\" sizes=\"auto, (max-width: 1024px) 100vw, 1024px\" \/><\/a><figcaption class=\"wp-element-caption\">Londres mapa vectorial illustrator eps<\/figcaption><\/figure>\n<\/figure>\n\n\n\n<figure class=\"wp-block-gallery has-nested-images columns-default is-cropped wp-block-gallery-4 is-layout-flex wp-block-gallery-is-layout-flex\">\n<figure class=\"wp-block-image size-large\"><a href=\"https:\/\/www.bc-maps.com\/wp-content\/uploads\/2012\/06\/MAPA-FLORENCIA-VECTORIAL-1.jpg\" target=\"_blank\" rel=\"noopener noreferrer\"><img loading=\"lazy\" decoding=\"async\" width=\"1024\" height=\"725\" data-id=\"3097\" src=\"https:\/\/www.bc-maps.com\/wp-content\/uploads\/2012\/06\/MAPA-FLORENCIA-VECTORIAL-1-1024x725.jpg\" alt=\"Florencia mapa vectorial illustrator eps\" class=\"wp-image-3097\" srcset=\"https:\/\/www.bc-maps.com\/wp-content\/uploads\/2012\/06\/MAPA-FLORENCIA-VECTORIAL-1-1024x725.jpg 1024w, https:\/\/www.bc-maps.com\/wp-content\/uploads\/2012\/06\/MAPA-FLORENCIA-VECTORIAL-1-300x212.jpg 300w, https:\/\/www.bc-maps.com\/wp-content\/uploads\/2012\/06\/MAPA-FLORENCIA-VECTORIAL-1-768x544.jpg 768w, https:\/\/www.bc-maps.com\/wp-content\/uploads\/2012\/06\/MAPA-FLORENCIA-VECTORIAL-1.jpg 1593w\" sizes=\"auto, (max-width: 1024px) 100vw, 1024px\" \/><\/a><figcaption class=\"wp-element-caption\">Florencia mapa vectorial illustrator eps<\/figcaption><\/figure>\n<\/figure>\n\n\n\n<p>El mapa vectorial se entrega siempre totalmente editable, textos como colores, y estructurado por medio de capas en formatos <a href=\"http:\/\/www.adobe.com\/es\">adobe illustrator<\/a>, freehand, corel o pdf.<\/p>\n\n\n\n<p>Creamos mapas de ciudades de todo el mundo para gu\u00edas de viajes, cat\u00e1logos, administraciones p\u00fablicas\u2026etc.<\/p>\n\n\n\n<p>Un amplio abanico de empresas, en especial editoriales, y ayuntamientos disponen en los \u00faltimos a\u00f1os de mapas suministrados por nuestra empresa.<\/p>\n\n\n\n<p>Los mapas&nbsp;est\u00e1n creados con licencias oficiales de programas de <a href=\"http:\/\/www.adobe.com\/es\">Adobe,<\/a> habitualmente entregamos en version CC.<\/p>\n\n\n\n<p>Lisboa, Madrid, Barcelona, Paris, Bruselas, Amsterdam, Londres, Dublin, Luxemburgo, Berlin, Berna, Roma, Atenas, Tirana, Zagreb adem\u00e1s de<\/p>\n\n\n\n<p>Viena, Praga, Budapest, Varsovia, Oslo, Copenhague, Helsinki, Estocolomo, Tallin, Riga, Vilnus, Sofia, Bucarest, Belgrado, Chisinau, Bratislava, La Valetta y<\/p>\n\n\n\n<p>Burdeos, Manchester, Marsella, Florencia, Mil\u00e1n, Edimburgo, Frankfurt, Zurich, Munich, Cracovia, Oporto, Minsk, Hamburgo, Bled adem\u00e1s de<\/p>\n\n\n\n<p>Lyon, Cork, Lille, Siracusa, Brujas, La Haya, Rotterdam, Sarajevo, Skopje, Estrasburgo, Linz, Innsbruck, Brno, Estambul, Vaduz, Andorra la Vella<\/p>\n\n\n\n<p>&nbsp;<\/p>\n","protected":false},"excerpt":{"rendered":"<p>Mapas illustrator de ciudades de Europa Planos&nbsp;callejeros y mapas vectoriales de ciudades de Europa. Ciudades de Europa en illustrator , elaboramos mapas vectoriales adapt\u00e1ndonos a la necesidad de cada cliente ,&nbsp;BC Maps. El mapa vectorial se entrega siempre totalmente editable, textos como colores, y estructurado por medio de capas en formatos adobe illustrator, freehand, corel &hellip; <a href=\"https:\/\/www.bc-maps.com\/mapa-vectorial-eps\/mapas-vectoriales\/mapas-de-europa\/ciudades\/\" class=\"more-link\">Seguir leyendo <span class=\"screen-reader-text\">Ciudades<\/span> <span class=\"meta-nav\">&rarr;<\/span><\/a><\/p>\n","protected":false},"author":1,"featured_media":4066,"parent":3609,"menu_order":1,"comment_status":"closed","ping_status":"closed","template":"","meta":{"footnotes":""},"class_list":["post-3611","page","type-page","status-publish","has-post-thumbnail","hentry"],"_links":{"self":[{"href":"https:\/\/www.bc-maps.com\/mapa-vectorial-eps\/wp-json\/wp\/v2\/pages\/3611","targetHints":{"allow":["GET"]}}],"collection":[{"href":"https:\/\/www.bc-maps.com\/mapa-vectorial-eps\/wp-json\/wp\/v2\/pages"}],"about":[{"href":"https:\/\/www.bc-maps.com\/mapa-vectorial-eps\/wp-json\/wp\/v2\/types\/page"}],"author":[{"embeddable":true,"href":"https:\/\/www.bc-maps.com\/mapa-vectorial-eps\/wp-json\/wp\/v2\/users\/1"}],"replies":[{"embeddable":true,"href":"https:\/\/www.bc-maps.com\/mapa-vectorial-eps\/wp-json\/wp\/v2\/comments?post=3611"}],"version-history":[{"count":11,"href":"https:\/\/www.bc-maps.com\/mapa-vectorial-eps\/wp-json\/wp\/v2\/pages\/3611\/revisions"}],"predecessor-version":[{"id":8222,"href":"https:\/\/www.bc-maps.com\/mapa-vectorial-eps\/wp-json\/wp\/v2\/pages\/3611\/revisions\/8222"}],"up":[{"embeddable":true,"href":"https:\/\/www.bc-maps.com\/mapa-vectorial-eps\/wp-json\/wp\/v2\/pages\/3609"}],"wp:featuredmedia":[{"embeddable":true,"href":"https:\/\/www.bc-maps.com\/mapa-vectorial-eps\/wp-json\/wp\/v2\/media\/4066"}],"wp:attachment":[{"href":"https:\/\/www.bc-maps.com\/mapa-vectorial-eps\/wp-json\/wp\/v2\/media?parent=3611"}],"curies":[{"name":"wp","href":"https:\/\/api.w.org\/{rel}","templated":true}]}}