{"id":3313,"date":"2018-06-15T10:32:20","date_gmt":"2018-06-15T10:32:20","guid":{"rendered":"http:\/\/www.bc-maps.com\/mapa-vectorial-eps\/?page_id=3313"},"modified":"2018-11-09T08:19:40","modified_gmt":"2018-11-09T08:19:40","slug":"cataluna-veguerias-ilustrator","status":"publish","type":"page","link":"https:\/\/www.bc-maps.com\/mapa-vectorial-eps\/cataluna-veguerias-ilustrator\/","title":{"rendered":"Catalu\u00f1a mapa de veguer\u00edas en Illustrator"},"content":{"rendered":"<h1>Mapas veguer\u00edas vectoriales de\u00a0Catalu\u00f1a<\/h1>\n<h2>Planos\u00a0editables eps illustrator politicos y de carreteras de\u00a0Catalu\u00f1a<\/h2>\n<h2>Mapas digitales de veguer\u00edas de\u00a0Catalu\u00f1a<\/h2>\n<p>Podemos crear cualquier tipo de mapa de la India\u00a0mapas de ciudades, mapas de\u00a0provincias.<\/p>\n<p>Los mapas se entregan en formatos editables<span class=\"apple-converted-space\">\u00a0<\/span><a href=\"http:\/\/www.adobe.es\">adobe<\/a><span class=\"apple-converted-space\">\u00a0<\/span>illustrator, eps, corel, freehand.<\/p>\n<p>Los mapas de ciudades pueden contener el nombre de todas las calles o solo las principales, as\u00ed como los lugares de inter\u00e9s m\u00e1s importantes.<\/p>\n<p>El contenido de informaci\u00f3n depender\u00e1 del tama\u00f1o de la zona y la escala o medidas de reproducci\u00f3n<\/p>\n<p>No trabajamos con textos inferiores a 5 puntos para que sean legibles.<\/p>\n<p>Todos nuestros mapas est\u00e1n estructurados por medio de capas y son totalmente editables, colores y textos.<\/p>\n<p>Los mapas son libres de derechos de reproducci\u00f3n, incluyendo nuestro copyright, s\u00f3lo pagar\u00e1 por ellos una vez independientemente de los usos que realice.<\/p>\n<p>Existe la opci\u00f3n de entregar el mapa mural impreso en\u00a0diferentes tama\u00f1os y acabados como papel, laminado, vinilo, carton pluma, vinilo f\u00e9rrico..etc<\/p>\n<figure id=\"attachment_3314\" aria-describedby=\"caption-attachment-3314\" style=\"width: 300px\" class=\"wp-caption alignnone\"><a href=\"http:\/\/www.bc-maps.com\/wp-content\/uploads\/2012\/06\/Mapa-mural-vectorial-Catalunya-Vegueries.jpg\" target=\"_blank\" rel=\"noopener noreferrer\"><img loading=\"lazy\" decoding=\"async\" class=\"wp-image-3314 size-medium\" src=\"http:\/\/www.bc-maps.com\/wp-content\/uploads\/2012\/06\/Mapa-mural-vectorial-Catalunya-Vegueries-300x300.jpg\" alt=\"Mapa mural vectorial Catalunya Vegueries\" width=\"300\" height=\"300\" srcset=\"https:\/\/www.bc-maps.com\/wp-content\/uploads\/2012\/06\/Mapa-mural-vectorial-Catalunya-Vegueries-300x300.jpg 300w, https:\/\/www.bc-maps.com\/wp-content\/uploads\/2012\/06\/Mapa-mural-vectorial-Catalunya-Vegueries-150x150.jpg 150w, https:\/\/www.bc-maps.com\/wp-content\/uploads\/2012\/06\/Mapa-mural-vectorial-Catalunya-Vegueries-768x768.jpg 768w, https:\/\/www.bc-maps.com\/wp-content\/uploads\/2012\/06\/Mapa-mural-vectorial-Catalunya-Vegueries-1024x1024.jpg 1024w\" sizes=\"auto, (max-width: 300px) 100vw, 300px\" \/><\/a><figcaption id=\"caption-attachment-3314\" class=\"wp-caption-text\">Mapa mural vectorial Catalunya Vegueries<\/figcaption><\/figure>\n","protected":false},"excerpt":{"rendered":"<p>Mapas veguer\u00edas vectoriales de\u00a0Catalu\u00f1a Planos\u00a0editables eps illustrator politicos y de carreteras de\u00a0Catalu\u00f1a Mapas digitales de veguer\u00edas de\u00a0Catalu\u00f1a Podemos crear cualquier tipo de mapa de la India\u00a0mapas de ciudades, mapas de\u00a0provincias. Los mapas se entregan en formatos editables\u00a0adobe\u00a0illustrator, eps, corel, freehand. Los mapas de ciudades pueden contener el nombre de todas las calles o solo las &hellip; <a href=\"https:\/\/www.bc-maps.com\/mapa-vectorial-eps\/cataluna-veguerias-ilustrator\/\" class=\"more-link\">Seguir leyendo <span class=\"screen-reader-text\">Catalu\u00f1a mapa de veguer\u00edas en Illustrator<\/span> <span class=\"meta-nav\">&rarr;<\/span><\/a><\/p>\n","protected":false},"author":1,"featured_media":0,"parent":0,"menu_order":0,"comment_status":"closed","ping_status":"closed","template":"","meta":{"footnotes":""},"class_list":["post-3313","page","type-page","status-publish","hentry"],"_links":{"self":[{"href":"https:\/\/www.bc-maps.com\/mapa-vectorial-eps\/wp-json\/wp\/v2\/pages\/3313","targetHints":{"allow":["GET"]}}],"collection":[{"href":"https:\/\/www.bc-maps.com\/mapa-vectorial-eps\/wp-json\/wp\/v2\/pages"}],"about":[{"href":"https:\/\/www.bc-maps.com\/mapa-vectorial-eps\/wp-json\/wp\/v2\/types\/page"}],"author":[{"embeddable":true,"href":"https:\/\/www.bc-maps.com\/mapa-vectorial-eps\/wp-json\/wp\/v2\/users\/1"}],"replies":[{"embeddable":true,"href":"https:\/\/www.bc-maps.com\/mapa-vectorial-eps\/wp-json\/wp\/v2\/comments?post=3313"}],"version-history":[{"count":2,"href":"https:\/\/www.bc-maps.com\/mapa-vectorial-eps\/wp-json\/wp\/v2\/pages\/3313\/revisions"}],"predecessor-version":[{"id":3995,"href":"https:\/\/www.bc-maps.com\/mapa-vectorial-eps\/wp-json\/wp\/v2\/pages\/3313\/revisions\/3995"}],"wp:attachment":[{"href":"https:\/\/www.bc-maps.com\/mapa-vectorial-eps\/wp-json\/wp\/v2\/media?parent=3313"}],"curies":[{"name":"wp","href":"https:\/\/api.w.org\/{rel}","templated":true}]}}