{"id":2768,"date":"2016-10-20T15:18:42","date_gmt":"2016-10-20T15:18:42","guid":{"rendered":"http:\/\/www.bc-maps.com\/mapa-vectorial-eps\/alicante-mapa-vectorial-illustrator-eps-de-alacant\/"},"modified":"2021-10-05T09:36:15","modified_gmt":"2021-10-05T09:36:15","slug":"alicante-ilustrator","status":"publish","type":"page","link":"https:\/\/www.bc-maps.com\/mapa-vectorial-eps\/mapas-vectoriales\/espana\/ciudades\/alicante-ilustrator\/","title":{"rendered":"Alicante mapa vectorial illustrator eps editable"},"content":{"rendered":"<h1>Mapa vectorial\u00a0de Alacant \/ Alicante.<\/h1>\n<h2>Mapas vectoriales editables con de las calles de Alacant \u00a0\/Alicante<\/h2>\n<h3>Planos vectoriales de ciudades de Alacant\/Alicante<\/h3>\n<p>Podemos crear cualquier tipo de mapa de la ciudad de Alacant\/Alicante, planos parciales, planos generales, planos de detalle\u2026etc.<\/p>\n<p>El contenido de informaci\u00f3n depender\u00e1 del tama\u00f1o de la zona y la escala o medidas de reproducci\u00f3n, ya que no trabajamos con textos inferiores a 5 puntos para que sean legibles. Entrega en formato editables <a href=\"http:\/\/www.adobe.es\">Adobe<\/a> Illustrator<\/p>\n<p>Lugares de inter\u00e9s, Ayuntamiento, Castillo de Santa B\u00e1rbara,\u00a0playa de San Juan, Calas del Cabo de la Huerta, playa de la Almadraba, playa de la Albufereta, playa del Postiguet, playa Saladares-Urbanova.<\/p>\n<figure id=\"attachment_2878\" aria-describedby=\"caption-attachment-2878\" style=\"width: 300px\" class=\"wp-caption alignnone\"><a href=\"http:\/\/www.bc-maps.com\/wp-content\/uploads\/2016\/10\/Mapa-Alicante-vectorial-eps-illustrator-Rolex.jpg\" target=\"_blank\" rel=\"noopener noreferrer\"><img loading=\"lazy\" decoding=\"async\" class=\"wp-image-2878 size-medium\" title=\"Alicante mapa vectorial illustrator eps Rolex\" src=\"http:\/\/www.bc-maps.com\/wp-content\/uploads\/2016\/10\/Mapa-Alicante-vectorial-eps-illustrator-Rolex-300x211.jpg\" alt=\"Alicante mapa vectorial illustrator eps Rolex\" width=\"300\" height=\"211\" srcset=\"https:\/\/www.bc-maps.com\/wp-content\/uploads\/2016\/10\/Mapa-Alicante-vectorial-eps-illustrator-Rolex-300x211.jpg 300w, https:\/\/www.bc-maps.com\/wp-content\/uploads\/2016\/10\/Mapa-Alicante-vectorial-eps-illustrator-Rolex-768x539.jpg 768w, https:\/\/www.bc-maps.com\/wp-content\/uploads\/2016\/10\/Mapa-Alicante-vectorial-eps-illustrator-Rolex-1024x719.jpg 1024w, https:\/\/www.bc-maps.com\/wp-content\/uploads\/2016\/10\/Mapa-Alicante-vectorial-eps-illustrator-Rolex.jpg 1593w\" sizes=\"auto, (max-width: 300px) 100vw, 300px\" \/><\/a><figcaption id=\"caption-attachment-2878\" class=\"wp-caption-text\">Alicante mapa vectorial illustrator eps Rolex<\/figcaption><\/figure>\n<figure id=\"attachment_2876\" aria-describedby=\"caption-attachment-2876\" style=\"width: 177px\" class=\"wp-caption alignnone\"><a href=\"http:\/\/www.bc-maps.com\/wp-content\/uploads\/2016\/10\/ALACANT.jpg\" target=\"_blank\" rel=\"noopener noreferrer\"><img loading=\"lazy\" decoding=\"async\" class=\"wp-image-2876 size-medium\" title=\"Alicante mapa vectorial illustrator eps\" src=\"http:\/\/www.bc-maps.com\/wp-content\/uploads\/2016\/10\/ALACANT-177x300.jpg\" alt=\"Alicante mapa vectorial illustrator eps\" width=\"177\" height=\"300\" srcset=\"https:\/\/www.bc-maps.com\/wp-content\/uploads\/2016\/10\/ALACANT-177x300.jpg 177w, https:\/\/www.bc-maps.com\/wp-content\/uploads\/2016\/10\/ALACANT.jpg 435w\" sizes=\"auto, (max-width: 177px) 100vw, 177px\" \/><\/a><figcaption id=\"caption-attachment-2876\" class=\"wp-caption-text\">Alicante mapa vectorial illustrator eps<\/figcaption><\/figure>\n","protected":false},"excerpt":{"rendered":"<p>Mapa vectorial\u00a0de Alacant \/ Alicante. Mapas vectoriales editables con de las calles de Alacant \u00a0\/Alicante Planos vectoriales de ciudades de Alacant\/Alicante Podemos crear cualquier tipo de mapa de la ciudad de Alacant\/Alicante, planos parciales, planos generales, planos de detalle\u2026etc. El contenido de informaci\u00f3n depender\u00e1 del tama\u00f1o de la zona y la escala o medidas de &hellip; <a href=\"https:\/\/www.bc-maps.com\/mapa-vectorial-eps\/mapas-vectoriales\/espana\/ciudades\/alicante-ilustrator\/\" class=\"more-link\">Seguir leyendo <span class=\"screen-reader-text\">Alicante mapa vectorial illustrator eps editable<\/span> <span class=\"meta-nav\">&rarr;<\/span><\/a><\/p>\n","protected":false},"author":1,"featured_media":2829,"parent":52,"menu_order":0,"comment_status":"closed","ping_status":"closed","template":"","meta":{"footnotes":""},"class_list":["post-2768","page","type-page","status-publish","has-post-thumbnail","hentry"],"_links":{"self":[{"href":"https:\/\/www.bc-maps.com\/mapa-vectorial-eps\/wp-json\/wp\/v2\/pages\/2768","targetHints":{"allow":["GET"]}}],"collection":[{"href":"https:\/\/www.bc-maps.com\/mapa-vectorial-eps\/wp-json\/wp\/v2\/pages"}],"about":[{"href":"https:\/\/www.bc-maps.com\/mapa-vectorial-eps\/wp-json\/wp\/v2\/types\/page"}],"author":[{"embeddable":true,"href":"https:\/\/www.bc-maps.com\/mapa-vectorial-eps\/wp-json\/wp\/v2\/users\/1"}],"replies":[{"embeddable":true,"href":"https:\/\/www.bc-maps.com\/mapa-vectorial-eps\/wp-json\/wp\/v2\/comments?post=2768"}],"version-history":[{"count":6,"href":"https:\/\/www.bc-maps.com\/mapa-vectorial-eps\/wp-json\/wp\/v2\/pages\/2768\/revisions"}],"predecessor-version":[{"id":4974,"href":"https:\/\/www.bc-maps.com\/mapa-vectorial-eps\/wp-json\/wp\/v2\/pages\/2768\/revisions\/4974"}],"up":[{"embeddable":true,"href":"https:\/\/www.bc-maps.com\/mapa-vectorial-eps\/wp-json\/wp\/v2\/pages\/52"}],"wp:featuredmedia":[{"embeddable":true,"href":"https:\/\/www.bc-maps.com\/mapa-vectorial-eps\/wp-json\/wp\/v2\/media\/2829"}],"wp:attachment":[{"href":"https:\/\/www.bc-maps.com\/mapa-vectorial-eps\/wp-json\/wp\/v2\/media?parent=2768"}],"curies":[{"name":"wp","href":"https:\/\/api.w.org\/{rel}","templated":true}]}}