{"id":2519,"date":"2017-09-15T15:18:42","date_gmt":"2017-09-15T15:18:42","guid":{"rendered":"http:\/\/www.bc-maps.com\/mapa-vectorial-eps\/alicante-mapa-vectorial-illustrator-eps-de-alacant\/"},"modified":"2021-10-05T09:32:58","modified_gmt":"2021-10-05T09:32:58","slug":"a-coruna-illustrator","status":"publish","type":"page","link":"https:\/\/www.bc-maps.com\/mapa-vectorial-eps\/mapas-vectoriales\/espana\/ciudades\/a-coruna-illustrator\/","title":{"rendered":"A Coru\u00f1a \/ La Coru\u00f1a mapa vectorial illustrator eps editable"},"content":{"rendered":"<h1>Mapa vectorial A Coru\u00f1a \/ La Coru\u00f1a Illustrator eps<\/h1>\n<h2>Mapas vectoriales Illustrator editables con de las calles de A Coru\u00f1a \/ La Coru\u00f1a<\/h2>\n<h3>Planos vectoriales de ciudades de A\u00a0Coru\u00f1a \/ La Coru\u00f1a<\/h3>\n<p>En <a href=\"https:\/\/www.bc-maps.com\/mapa-vectorial-eps\/empresa\/\">Bc Maps<\/a> podemos crear cualquier tipo de mapa vectorial\u00a0A Coru\u00f1a \/ La Coru\u00f1a o de su provincia, planos parciales, planos generales, planos de detalle, mapas de Concellos, mapas de carreteras, mapas de comarcas\u2026etc.<\/p>\n<p>Formatos editables, textos y colores, estructurados por medio de capas de informaci\u00f3n, illustrator, eps, pdf, svg, freehand.<\/p>\n<figure id=\"attachment_3015\" aria-describedby=\"caption-attachment-3015\" style=\"width: 300px\" class=\"wp-caption alignnone\"><a href=\"http:\/\/www.bc-maps.com\/wp-content\/uploads\/2012\/04\/A-Coru\u00f1a-mapa-vectorial-illustrator-eps-1.jpg\" target=\"_blank\" rel=\"noopener noreferrer\"><img loading=\"lazy\" decoding=\"async\" class=\"wp-image-3015 size-medium\" title=\"A Coru\u00f1a mapa vectorial illustrator eps\" src=\"http:\/\/www.bc-maps.com\/wp-content\/uploads\/2012\/04\/A-Coru\u00f1a-mapa-vectorial-illustrator-eps-1-300x213.jpg\" alt=\"A Coru\u00f1a mapa vectorial illustrator eps\" width=\"300\" height=\"213\" srcset=\"https:\/\/www.bc-maps.com\/wp-content\/uploads\/2012\/04\/A-Coru\u00f1a-mapa-vectorial-illustrator-eps-1-300x213.jpg 300w, https:\/\/www.bc-maps.com\/wp-content\/uploads\/2012\/04\/A-Coru\u00f1a-mapa-vectorial-illustrator-eps-1-768x546.jpg 768w, https:\/\/www.bc-maps.com\/wp-content\/uploads\/2012\/04\/A-Coru\u00f1a-mapa-vectorial-illustrator-eps-1-1024x728.jpg 1024w\" sizes=\"auto, (max-width: 300px) 100vw, 300px\" \/><\/a><figcaption id=\"caption-attachment-3015\" class=\"wp-caption-text\"><strong>A Coru\u00f1a mapa vectorial illustrator eps<\/strong><\/figcaption><\/figure>\n<p>El contenido de informaci\u00f3n depender\u00e1 del tama\u00f1o de la zona y la escala o medidas de reproducci\u00f3n, ya que no trabajamos con textos inferiores a 5 puntos para que sean legibles.<\/p>\n<p>Habitualmente se entregan ficheros en formato\u00a0<a href=\"http:\/\/www.adobe.com\/es\/products\/illustrator.html\">Illustrator CC<\/a>, totalmente editables, colores y textos, estructurados por medio de casas de informaci\u00f3n para facilitar los cambios y personalizaciones, inclusi\u00f3n de lugares de inter\u00e9s, museos, colegios, monumentos&#8230;etc.<\/p>\n","protected":false},"excerpt":{"rendered":"<p>Mapa vectorial A Coru\u00f1a \/ La Coru\u00f1a Illustrator eps Mapas vectoriales Illustrator editables con de las calles de A Coru\u00f1a \/ La Coru\u00f1a Planos vectoriales de ciudades de A\u00a0Coru\u00f1a \/ La Coru\u00f1a En Bc Maps podemos crear cualquier tipo de mapa vectorial\u00a0A Coru\u00f1a \/ La Coru\u00f1a o de su provincia, planos parciales, planos generales, planos &hellip; <a href=\"https:\/\/www.bc-maps.com\/mapa-vectorial-eps\/mapas-vectoriales\/espana\/ciudades\/a-coruna-illustrator\/\" class=\"more-link\">Seguir leyendo <span class=\"screen-reader-text\">A Coru\u00f1a \/ La Coru\u00f1a mapa vectorial illustrator eps editable<\/span> <span class=\"meta-nav\">&rarr;<\/span><\/a><\/p>\n","protected":false},"author":1,"featured_media":3015,"parent":52,"menu_order":0,"comment_status":"closed","ping_status":"closed","template":"","meta":{"footnotes":""},"class_list":["post-2519","page","type-page","status-publish","has-post-thumbnail","hentry"],"_links":{"self":[{"href":"https:\/\/www.bc-maps.com\/mapa-vectorial-eps\/wp-json\/wp\/v2\/pages\/2519","targetHints":{"allow":["GET"]}}],"collection":[{"href":"https:\/\/www.bc-maps.com\/mapa-vectorial-eps\/wp-json\/wp\/v2\/pages"}],"about":[{"href":"https:\/\/www.bc-maps.com\/mapa-vectorial-eps\/wp-json\/wp\/v2\/types\/page"}],"author":[{"embeddable":true,"href":"https:\/\/www.bc-maps.com\/mapa-vectorial-eps\/wp-json\/wp\/v2\/users\/1"}],"replies":[{"embeddable":true,"href":"https:\/\/www.bc-maps.com\/mapa-vectorial-eps\/wp-json\/wp\/v2\/comments?post=2519"}],"version-history":[{"count":5,"href":"https:\/\/www.bc-maps.com\/mapa-vectorial-eps\/wp-json\/wp\/v2\/pages\/2519\/revisions"}],"predecessor-version":[{"id":4964,"href":"https:\/\/www.bc-maps.com\/mapa-vectorial-eps\/wp-json\/wp\/v2\/pages\/2519\/revisions\/4964"}],"up":[{"embeddable":true,"href":"https:\/\/www.bc-maps.com\/mapa-vectorial-eps\/wp-json\/wp\/v2\/pages\/52"}],"wp:featuredmedia":[{"embeddable":true,"href":"https:\/\/www.bc-maps.com\/mapa-vectorial-eps\/wp-json\/wp\/v2\/media\/3015"}],"wp:attachment":[{"href":"https:\/\/www.bc-maps.com\/mapa-vectorial-eps\/wp-json\/wp\/v2\/media?parent=2519"}],"curies":[{"name":"wp","href":"https:\/\/api.w.org\/{rel}","templated":true}]}}