{"id":2464,"date":"2016-10-20T15:36:28","date_gmt":"2016-10-20T15:36:28","guid":{"rendered":"http:\/\/www.bc-maps.com\/mapa-vectorial-eps\/?page_id=2464"},"modified":"2018-10-04T13:57:41","modified_gmt":"2018-10-04T13:57:41","slug":"bordeaux-ilustrator","status":"publish","type":"page","link":"https:\/\/www.bc-maps.com\/mapa-vectorial-eps\/mapas-vectoriales\/mapas-de-europa\/ciudades\/bordeaux-ilustrator\/","title":{"rendered":"Bordeaux Mapa vectorial Illustrator eps de Burdeos"},"content":{"rendered":"<h1>Mapa vectorial\u00a0de\u00a0Bordeaux<\/h1>\n<h2>Mapas vectoriales editables con de las calles de\u00a0Bordeaux<\/h2>\n<h3>Planos vectoriales de\u00a0Bordeaux<\/h3>\n<p>Podemos crear cualquier tipo de mapa vectorial de Bordeaux ,Francia, mapas de ciudades, mapas de departamentos, mapas de regiones de Francia,\u00a0en <a href=\"http:\/\/www.adobe.com\/es\">adobe illustrator<\/a><\/p>\n<p>Los mapas de ciudades pueden contener el nombre de todas las calles o solo las principales, as\u00ed como los lugares de inter\u00e9s m\u00e1s importantes.<\/p>\n<figure id=\"attachment_2919\" aria-describedby=\"caption-attachment-2919\" style=\"width: 300px\" class=\"wp-caption alignnone\"><a href=\"http:\/\/www.bc-maps.com\/wp-content\/uploads\/2016\/10\/BORDEAUX-PLUS.jpg\" target=\"_blank\" rel=\"noopener\"><img loading=\"lazy\" decoding=\"async\" class=\"mapa vectorial Bordeaux illustrator eps wp-image-2919 size-medium\" title=\"mapa vectorial Bordeaux illustrator eps\" src=\"http:\/\/www.bc-maps.com\/wp-content\/uploads\/2016\/10\/BORDEAUX-PLUS-300x285.jpg\" alt=\"mapa vectorial Bordeaux illustrator eps\" width=\"300\" height=\"285\" srcset=\"https:\/\/www.bc-maps.com\/wp-content\/uploads\/2016\/10\/BORDEAUX-PLUS-300x285.jpg 300w, https:\/\/www.bc-maps.com\/wp-content\/uploads\/2016\/10\/BORDEAUX-PLUS-768x730.jpg 768w, https:\/\/www.bc-maps.com\/wp-content\/uploads\/2016\/10\/BORDEAUX-PLUS-1024x973.jpg 1024w\" sizes=\"auto, (max-width: 300px) 100vw, 300px\" \/><\/a><figcaption id=\"caption-attachment-2919\" class=\"wp-caption-text\">mapa vectorial Bordeaux illustrator eps<\/figcaption><\/figure>\n<p><a title=\"Mapas vectoriales de Francia\" href=\"https:\/\/www.bc-maps.com\/mapa-vectorial-eps\/illustrator-vector-map-carreteras-francia\/\"><strong>MAPAS DE FRANCIA<\/strong> <\/a><\/p>\n<p><strong>REGIONES<\/strong><br \/>\nAlsace, Aquitaine, Auvergne, Basse-Normandie, Bourgogne, Bretagne, Centre, <a title=\"CHAMPAGNE-ARDENNES mapa vectorial\" href=\"http:\/\/www.mapavectorial.com\/resources\/CHAMPAGNE+ARDENNES.jpg\" target=\"_blank\" rel=\"noopener noreferrer\">Champagne-Ardenne<\/a>s, Corse, Franche-Comt\u00e9, Guadeloupe, Guyane, Haute-Normandie, \u00cele-de-France, La R\u00e9union, Languedoc-Roussillon, as\u00ed como<\/p>\n<p>Limousin, Lorraine, Martinique, Mayotte, Midi-Pyr\u00e9n\u00e9es, Nord-Pas-de-Calais, Pays de la Loire, Picardie, Poitou-Charentes, Provence-Alpes-C\u00f4te d\u2019Azur, Rh\u00f4ne-Alpes.<\/p>\n<h5><strong>DEPARTAMENTOS<\/strong><\/h5>\n<p>Ain (01), Aisne (02), Allier (03), Alpes-de-Haute-Provence (04), Alpes-Maritimes (06), Ard\u00e8che (07), Ardennes (08), Ari\u00e8ge (09),<\/p>\n<p>Aube (10), Aude (11), Aveyron (12),\u00a0Bas-Rhin (67), Bouches-du-Rh\u00f4ne (13), Calvados (14), Cantal (15), Charente (16), adem\u00e1s<\/p>\n<p>Charente-Maritime (17), Cher (18), Corr\u00e8ze (19), Corse-du-Sud (2A), C\u00f4te-d\u2019Or (21), C\u00f4tes-d\u2019Armor (22),\u00a0Creuse (23), Deux-S\u00e8vres (79), Dordogne (24), adem\u00e1s<\/p>\n<p>Doubs (25),Dr\u00f4me (26), Essonne (91), Eure (27), Eure-et-Loir (28), Finist\u00e8re (29), Gard (30), Gers (32), Gironde (33), Guadeloupe (971),<\/p>\n<p>Guyane (973), Haute-Corse (2B), Haute-Garonne (31), Haute-Loire (43), Haute-Marne (52), Hautes-Alpes (05),\u00a0adem\u00e1s<\/p>\n<p>Haute-Sa\u00f4ne (70), Haute-Savoie (74), Hautes-Pyr\u00e9n\u00e9es (65), Haute-Vienne (87), Haut-Rhin (68), Hauts-de-Seine (92), H\u00e9rault (34), siguiendo<\/p>\n<p>Ille-et-Vilaine (35), Indre (36), Indre-et-Loire (37), Is\u00e8re (38),Jura (39), La R\u00e9union (974), Landes (40), Loire (42), Loire-Atlantique (44), Loiret (45), Loir-et-Cher (41), Lot (46), Lot-et-Garonne (47), as\u00ed como<\/p>\n<p>Loz\u00e8re (48), Maine-et-Loire (49), Manche (50), Marne (51), Martinique (972),\u00a0adem\u00e1s<\/p>\n<p>Mayenne (53), Mayotte (976), Meurthe-et-Moselle (54), Meuse (55), Morbihan (56), Moselle (57), Ni\u00e8vre (58), Nord (59), Oise (60), Orne (61), Paris (75),<\/p>\n<p>Pas-de-Calais (62), Puy-de-D\u00f4me (63), Pyr\u00e9n\u00e9es-Atlantiques (64),Pyr\u00e9n\u00e9es-Orientales (66), Rh\u00f4ne (69), Sa\u00f4ne-et-Loire (71), Sarthe (72), Savoie (73),<\/p>\n<p>Seine-et-Marne (77), Seine-Maritime (76), Seine-Saint-Denis (93), Somme (80), Tarn (81), Tarn-et-Garonne (82), Territoire de Belfort (90), finalmente<\/p>\n<p>Val-de-Marne (94), Val-d\u2019Oise (95), Var (83), Vaucluse (84), Vend\u00e9e (85), Vienne (86), Vosges (88), Yonne (89), Yvelines (78).<\/p>\n<h6><strong>PRINCIPALES CIUDADES<\/strong><\/h6>\n<p>Paris, Ajaccio, Amiens, Basse-Terre, Besan\u00e7on, Bordeaux, Caen, Cayenne, Ch\u00e2lons-en-Champagne, Clermont-Ferrand, Dijon, Fort-de-France,\u00a0siguiendo con<\/p>\n<p>Lille, Limoges, Lyon, Mamoudzou, Marseille, Metz, Montpellier, Nantes, Orl\u00e9ans, Poitiers, Rennes, Rouen,Saint-Denis, Strasbourg, Toulouse.<\/p>\n<p>El contenido de informaci\u00f3n depender\u00e1 del tama\u00f1o de la zona y la escala o medidas de reproducci\u00f3n, ya que no trabajamos con textos inferiores a 5 puntos<\/p>\n<p>Todos nuestros mapas estan estructurados por medio de capas y son totalmenete editables, colores y textos.<\/p>\n<p>Los mapas son libres de derechos de reproducci\u00f3n, incluyendo nuestro copyright, s\u00f3lo pagar\u00e1 por ellos una vez.<\/p>\n<p>&nbsp;<\/p>\n<p>&nbsp;<\/p>\n<p>&nbsp;<\/p>\n","protected":false},"excerpt":{"rendered":"<p>Mapa vectorial\u00a0de\u00a0Bordeaux Mapas vectoriales editables con de las calles de\u00a0Bordeaux Planos vectoriales de\u00a0Bordeaux Podemos crear cualquier tipo de mapa vectorial de Bordeaux ,Francia, mapas de ciudades, mapas de departamentos, mapas de regiones de Francia,\u00a0en adobe illustrator Los mapas de ciudades pueden contener el nombre de todas las calles o solo las principales, as\u00ed como los &hellip; <a href=\"https:\/\/www.bc-maps.com\/mapa-vectorial-eps\/mapas-vectoriales\/mapas-de-europa\/ciudades\/bordeaux-ilustrator\/\" class=\"more-link\">Seguir leyendo <span class=\"screen-reader-text\">Bordeaux Mapa vectorial Illustrator eps de Burdeos<\/span> <span class=\"meta-nav\">&rarr;<\/span><\/a><\/p>\n","protected":false},"author":1,"featured_media":0,"parent":3611,"menu_order":0,"comment_status":"closed","ping_status":"closed","template":"","meta":{"footnotes":""},"class_list":["post-2464","page","type-page","status-publish","hentry"],"_links":{"self":[{"href":"https:\/\/www.bc-maps.com\/mapa-vectorial-eps\/wp-json\/wp\/v2\/pages\/2464","targetHints":{"allow":["GET"]}}],"collection":[{"href":"https:\/\/www.bc-maps.com\/mapa-vectorial-eps\/wp-json\/wp\/v2\/pages"}],"about":[{"href":"https:\/\/www.bc-maps.com\/mapa-vectorial-eps\/wp-json\/wp\/v2\/types\/page"}],"author":[{"embeddable":true,"href":"https:\/\/www.bc-maps.com\/mapa-vectorial-eps\/wp-json\/wp\/v2\/users\/1"}],"replies":[{"embeddable":true,"href":"https:\/\/www.bc-maps.com\/mapa-vectorial-eps\/wp-json\/wp\/v2\/comments?post=2464"}],"version-history":[{"count":5,"href":"https:\/\/www.bc-maps.com\/mapa-vectorial-eps\/wp-json\/wp\/v2\/pages\/2464\/revisions"}],"predecessor-version":[{"id":3625,"href":"https:\/\/www.bc-maps.com\/mapa-vectorial-eps\/wp-json\/wp\/v2\/pages\/2464\/revisions\/3625"}],"up":[{"embeddable":true,"href":"https:\/\/www.bc-maps.com\/mapa-vectorial-eps\/wp-json\/wp\/v2\/pages\/3611"}],"wp:attachment":[{"href":"https:\/\/www.bc-maps.com\/mapa-vectorial-eps\/wp-json\/wp\/v2\/media?parent=2464"}],"curies":[{"name":"wp","href":"https:\/\/api.w.org\/{rel}","templated":true}]}}