{"id":2376,"date":"2015-02-05T10:42:55","date_gmt":"2015-02-05T10:42:55","guid":{"rendered":"http:\/\/www.bc-maps.com\/mapa-vectorial-eps\/?page_id=2376"},"modified":"2024-12-03T11:12:35","modified_gmt":"2024-12-03T11:12:35","slug":"mapamundi-mural-politico-2015","status":"publish","type":"page","link":"https:\/\/www.bc-maps.com\/mapa-vectorial-eps\/mapamundi-mural-politico-2015\/","title":{"rendered":"Mapamundi mural politico 2015"},"content":{"rendered":"<h1>Mapamundi mural politico 2015<\/h1>\n<h2>Mapas personalizados<\/h2>\n<p>Diferentes opciones, varillas, tubos, laminados.<\/p>\n<p>Actualizado 2015 incluye Kosovo, Sud\u00e1n del Sur, Sint Marteen y Cura\u00e7ao.<\/p>\n<p>Adem\u00e1s que de la divisi\u00f3n interna en estados y provincias de EEUU y Canad\u00e1.<\/p>\n<figure id=\"attachment_2377\" aria-describedby=\"caption-attachment-2377\" style=\"width: 300px\" class=\"wp-caption alignnone\"><a href=\"https:\/\/www.bc-maps.com\/wp-content\/uploads\/2015\/02\/Mapamundi-mural-politico-2015.jpg\" target=\"_blank\" rel=\"noopener\"><img loading=\"lazy\" decoding=\"async\" class=\"wp-image-2377 size-medium\" title=\"Mapamundi politico mural, laminado, imanes, alfileres\" src=\"https:\/\/www.bc-maps.com\/wp-content\/uploads\/2015\/02\/Mapamundi-mural-politico-2015-300x208.jpg\" alt=\"Mapamundi mural politico 2015\" width=\"300\" height=\"208\" srcset=\"https:\/\/www.bc-maps.com\/wp-content\/uploads\/2015\/02\/Mapamundi-mural-politico-2015-300x208.jpg 300w, https:\/\/www.bc-maps.com\/wp-content\/uploads\/2015\/02\/Mapamundi-mural-politico-2015-1024x709.jpg 1024w, https:\/\/www.bc-maps.com\/wp-content\/uploads\/2015\/02\/Mapamundi-mural-politico-2015.jpg 1512w\" sizes=\"auto, (max-width: 300px) 100vw, 300px\" \/><\/a><figcaption id=\"caption-attachment-2377\" class=\"wp-caption-text\">Mapamundi mural politico 2015, Bc Maps<\/figcaption><\/figure>\n","protected":false},"excerpt":{"rendered":"<p>Mapamundi mural politico 2015 Mapas personalizados Diferentes opciones, varillas, tubos, laminados. Actualizado 2015 incluye Kosovo, Sud\u00e1n del Sur, Sint Marteen y Cura\u00e7ao. Adem\u00e1s que de la divisi\u00f3n interna en estados y provincias de EEUU y Canad\u00e1.<\/p>\n","protected":false},"author":1,"featured_media":2377,"parent":0,"menu_order":0,"comment_status":"closed","ping_status":"closed","template":"","meta":{"footnotes":""},"class_list":["post-2376","page","type-page","status-publish","has-post-thumbnail","hentry"],"_links":{"self":[{"href":"https:\/\/www.bc-maps.com\/mapa-vectorial-eps\/wp-json\/wp\/v2\/pages\/2376","targetHints":{"allow":["GET"]}}],"collection":[{"href":"https:\/\/www.bc-maps.com\/mapa-vectorial-eps\/wp-json\/wp\/v2\/pages"}],"about":[{"href":"https:\/\/www.bc-maps.com\/mapa-vectorial-eps\/wp-json\/wp\/v2\/types\/page"}],"author":[{"embeddable":true,"href":"https:\/\/www.bc-maps.com\/mapa-vectorial-eps\/wp-json\/wp\/v2\/users\/1"}],"replies":[{"embeddable":true,"href":"https:\/\/www.bc-maps.com\/mapa-vectorial-eps\/wp-json\/wp\/v2\/comments?post=2376"}],"version-history":[{"count":3,"href":"https:\/\/www.bc-maps.com\/mapa-vectorial-eps\/wp-json\/wp\/v2\/pages\/2376\/revisions"}],"predecessor-version":[{"id":7009,"href":"https:\/\/www.bc-maps.com\/mapa-vectorial-eps\/wp-json\/wp\/v2\/pages\/2376\/revisions\/7009"}],"wp:featuredmedia":[{"embeddable":true,"href":"https:\/\/www.bc-maps.com\/mapa-vectorial-eps\/wp-json\/wp\/v2\/media\/2377"}],"wp:attachment":[{"href":"https:\/\/www.bc-maps.com\/mapa-vectorial-eps\/wp-json\/wp\/v2\/media?parent=2376"}],"curies":[{"name":"wp","href":"https:\/\/api.w.org\/{rel}","templated":true}]}}