{"id":2374,"date":"2015-02-05T10:11:58","date_gmt":"2015-02-05T10:11:58","guid":{"rendered":"http:\/\/www.bc-maps.com\/mapa-vectorial-eps\/?page_id=2374"},"modified":"2018-10-04T14:16:53","modified_gmt":"2018-10-04T14:16:53","slug":"mapa-mural-espana","status":"publish","type":"page","link":"https:\/\/www.bc-maps.com\/mapa-vectorial-eps\/mapas-vectoriales\/espana\/mapa-mural-espana\/","title":{"rendered":"Mapa de Espa\u00f1a y Portugal de c\u00f3digos postales 2015"},"content":{"rendered":"<h1 class=\"size-medium wp-image-2368\">Mapa mural de Espa\u00f1a y Portugal con c\u00f3digos postales 2015<\/h1>\n<h2>Mapas personalizados<\/h2>\n<h3>Mapa mural Espa\u00f1a<\/h3>\n<p>Elaboramos <a href=\"http:\/\/mapas-sobremesa-murales.com\">mapa mural Espa\u00f1a<\/a>, con diferentes opciones de acabados, varillas, tubos, laminados, por \u00faltimo<\/p>\n<p>La versi\u00f3n 2015 incluye la divisi\u00f3n por codigos postales asignando dos d\u00edgitos a cada zona.<\/p>\n<figure id=\"attachment_3184\" aria-describedby=\"caption-attachment-3184\" style=\"width: 300px\" class=\"wp-caption alignnone\"><a href=\"http:\/\/www.bc-maps.com\/wp-content\/uploads\/2014\/09\/Mapa-mural-de-Espa\u00f1a-personalizado-Matachana.jpg\" target=\"_blank\" rel=\"noopener\"><img loading=\"lazy\" decoding=\"async\" class=\"Mapa mural Espa\u00f1a personalizado Matachana wp-image-3184 size-medium\" title=\"Mapa mural Espa\u00f1a personalizado Matachana\" src=\"http:\/\/www.bc-maps.com\/wp-content\/uploads\/2014\/09\/Mapa-mural-de-Espa\u00f1a-personalizado-Matachana-300x195.jpg\" alt=\"Mapa mural Espa\u00f1a personalizado Matachana\" width=\"300\" height=\"195\" srcset=\"https:\/\/www.bc-maps.com\/wp-content\/uploads\/2014\/09\/Mapa-mural-de-Espa\u00f1a-personalizado-Matachana-300x195.jpg 300w, https:\/\/www.bc-maps.com\/wp-content\/uploads\/2014\/09\/Mapa-mural-de-Espa\u00f1a-personalizado-Matachana-768x498.jpg 768w, https:\/\/www.bc-maps.com\/wp-content\/uploads\/2014\/09\/Mapa-mural-de-Espa\u00f1a-personalizado-Matachana-1024x664.jpg 1024w\" sizes=\"auto, (max-width: 300px) 100vw, 300px\" \/><\/a><figcaption id=\"caption-attachment-3184\" class=\"wp-caption-text\">Mapa mural Espa\u00f1a personalizado Matachana<\/figcaption><\/figure>\n","protected":false},"excerpt":{"rendered":"<p>Mapa mural de Espa\u00f1a y Portugal con c\u00f3digos postales 2015 Mapas personalizados Mapa mural Espa\u00f1a Elaboramos mapa mural Espa\u00f1a, con diferentes opciones de acabados, varillas, tubos, laminados, por \u00faltimo La versi\u00f3n 2015 incluye la divisi\u00f3n por codigos postales asignando dos d\u00edgitos a cada zona.<\/p>\n","protected":false},"author":1,"featured_media":0,"parent":36,"menu_order":0,"comment_status":"closed","ping_status":"closed","template":"","meta":{"footnotes":""},"class_list":["post-2374","page","type-page","status-publish","hentry"],"_links":{"self":[{"href":"https:\/\/www.bc-maps.com\/mapa-vectorial-eps\/wp-json\/wp\/v2\/pages\/2374","targetHints":{"allow":["GET"]}}],"collection":[{"href":"https:\/\/www.bc-maps.com\/mapa-vectorial-eps\/wp-json\/wp\/v2\/pages"}],"about":[{"href":"https:\/\/www.bc-maps.com\/mapa-vectorial-eps\/wp-json\/wp\/v2\/types\/page"}],"author":[{"embeddable":true,"href":"https:\/\/www.bc-maps.com\/mapa-vectorial-eps\/wp-json\/wp\/v2\/users\/1"}],"replies":[{"embeddable":true,"href":"https:\/\/www.bc-maps.com\/mapa-vectorial-eps\/wp-json\/wp\/v2\/comments?post=2374"}],"version-history":[{"count":7,"href":"https:\/\/www.bc-maps.com\/mapa-vectorial-eps\/wp-json\/wp\/v2\/pages\/2374\/revisions"}],"predecessor-version":[{"id":3634,"href":"https:\/\/www.bc-maps.com\/mapa-vectorial-eps\/wp-json\/wp\/v2\/pages\/2374\/revisions\/3634"}],"up":[{"embeddable":true,"href":"https:\/\/www.bc-maps.com\/mapa-vectorial-eps\/wp-json\/wp\/v2\/pages\/36"}],"wp:attachment":[{"href":"https:\/\/www.bc-maps.com\/mapa-vectorial-eps\/wp-json\/wp\/v2\/media?parent=2374"}],"curies":[{"name":"wp","href":"https:\/\/api.w.org\/{rel}","templated":true}]}}