{"id":2342,"date":"2014-10-21T08:30:28","date_gmt":"2014-10-21T08:30:28","guid":{"rendered":"http:\/\/www.bc-maps.com\/mapa-vectorial-eps\/?page_id=2342"},"modified":"2018-10-04T13:53:55","modified_gmt":"2018-10-04T13:53:55","slug":"bilbao-ilustrator","status":"publish","type":"page","link":"https:\/\/www.bc-maps.com\/mapa-vectorial-eps\/mapas-vectoriales\/espana\/ciudades\/bilbao-ilustrator\/","title":{"rendered":"Bilbao Bizkaia mapa vectorial illustrator eps"},"content":{"rendered":"<h1 class=\"size-medium wp-image-2343\">Bilbao mapa vectorial illustrator eps<\/h1>\n<h2>Mapas editables eps illustrator Bilbao y ciudades de Bizkaia<\/h2>\n<p>Podemos crear cualquier tipo de mapa de Bilbao, Bizkaia , mapas de ciudades, mapas de comarcas, mapas del Pa\u00eds Vasco.<\/p>\n<p>Los mapas de ciudades pueden contener el nombre de todas las calles o solo las principales, as\u00ed como los lugares de inter\u00e9s m\u00e1s importantes.<\/p>\n<figure id=\"attachment_2910\" aria-describedby=\"caption-attachment-2910\" style=\"width: 300px\" class=\"wp-caption alignnone\"><a href=\"http:\/\/www.bc-maps.com\/wp-content\/uploads\/2014\/10\/Bilbao-GR.jpg\" target=\"_blank\" rel=\"noopener noreferrer\"><img loading=\"lazy\" decoding=\"async\" class=\"wp-image-2910 size-medium\" title=\"Bilbao mapa vectorial illustrator eps\" src=\"http:\/\/www.bc-maps.com\/wp-content\/uploads\/2014\/10\/Bilbao-GR-300x213.jpg\" alt=\"Bilbao mapa vectorial illustrator eps\" width=\"300\" height=\"213\" srcset=\"https:\/\/www.bc-maps.com\/wp-content\/uploads\/2014\/10\/Bilbao-GR-300x213.jpg 300w, https:\/\/www.bc-maps.com\/wp-content\/uploads\/2014\/10\/Bilbao-GR-768x546.jpg 768w, https:\/\/www.bc-maps.com\/wp-content\/uploads\/2014\/10\/Bilbao-GR-1024x727.jpg 1024w\" sizes=\"auto, (max-width: 300px) 100vw, 300px\" \/><\/a><figcaption id=\"caption-attachment-2910\" class=\"wp-caption-text\">Bilbao mapa vectorial illustrator eps<\/figcaption><\/figure>\n<figure id=\"attachment_2914\" aria-describedby=\"caption-attachment-2914\" style=\"width: 300px\" class=\"wp-caption alignnone\"><a href=\"http:\/\/www.bc-maps.com\/wp-content\/uploads\/2014\/10\/BILBAO-LC.jpg\" target=\"_blank\" rel=\"noopener noreferrer\"><img loading=\"lazy\" decoding=\"async\" class=\"wp-image-2914 size-medium\" title=\"Bilbao Area mapa vectorial illustrator eps\" src=\"http:\/\/www.bc-maps.com\/wp-content\/uploads\/2014\/10\/BILBAO-LC-300x161.jpg\" alt=\"Bilbao Area mapa vectorial illustrator eps\" width=\"300\" height=\"161\" srcset=\"https:\/\/www.bc-maps.com\/wp-content\/uploads\/2014\/10\/BILBAO-LC-300x161.jpg 300w, https:\/\/www.bc-maps.com\/wp-content\/uploads\/2014\/10\/BILBAO-LC-768x413.jpg 768w, https:\/\/www.bc-maps.com\/wp-content\/uploads\/2014\/10\/BILBAO-LC-1024x551.jpg 1024w\" sizes=\"auto, (max-width: 300px) 100vw, 300px\" \/><\/a><figcaption id=\"caption-attachment-2914\" class=\"wp-caption-text\">Bilbao Area mapa vectorial illustrator eps<\/figcaption><\/figure>\n<figure id=\"attachment_2915\" aria-describedby=\"caption-attachment-2915\" style=\"width: 300px\" class=\"wp-caption alignnone\"><a href=\"http:\/\/www.bc-maps.com\/wp-content\/uploads\/2014\/10\/BIZKAIA-PROVINCIA-ROLEX.jpg\" target=\"_blank\" rel=\"noopener noreferrer\"><img loading=\"lazy\" decoding=\"async\" class=\"wp-image-2915 size-medium\" title=\"Bizkaia mapa vectorial illustrator eps\" src=\"http:\/\/www.bc-maps.com\/wp-content\/uploads\/2014\/10\/BIZKAIA-PROVINCIA-ROLEX-300x190.jpg\" alt=\"Bizkaia mapa vectorial illustrator eps\" width=\"300\" height=\"190\" srcset=\"https:\/\/www.bc-maps.com\/wp-content\/uploads\/2014\/10\/BIZKAIA-PROVINCIA-ROLEX-300x190.jpg 300w, https:\/\/www.bc-maps.com\/wp-content\/uploads\/2014\/10\/BIZKAIA-PROVINCIA-ROLEX-768x486.jpg 768w, https:\/\/www.bc-maps.com\/wp-content\/uploads\/2014\/10\/BIZKAIA-PROVINCIA-ROLEX-1024x648.jpg 1024w\" sizes=\"auto, (max-width: 300px) 100vw, 300px\" \/><\/a><figcaption id=\"caption-attachment-2915\" class=\"wp-caption-text\">Bizkaia mapa vectorial illustrator eps<\/figcaption><\/figure>\n<p>El contenido de informaci\u00f3n depender\u00e1 del tama\u00f1o de la zona y la escala o medidas de reproducci\u00f3n, ya que no trabajamos con textos inferiores a 5 puntos para que sean legibles.<\/p>\n<p>Todos nuestros mapas estan estructurados por medio de capas y son totalmenete editables, colores y textos.<\/p>\n<p>Los mapas son libres de derechos de reproducci\u00f3n, incluyendo nuestro copyright, s\u00f3lo pagar\u00e1 por ellos una vez independientemente de los usos que realice.<\/p>\n<p>&nbsp;<\/p>\n<p>&nbsp;<\/p>\n<p>&nbsp;<\/p>\n","protected":false},"excerpt":{"rendered":"<p>Bilbao mapa vectorial illustrator eps Mapas editables eps illustrator Bilbao y ciudades de Bizkaia Podemos crear cualquier tipo de mapa de Bilbao, Bizkaia , mapas de ciudades, mapas de comarcas, mapas del Pa\u00eds Vasco. Los mapas de ciudades pueden contener el nombre de todas las calles o solo las principales, as\u00ed como los lugares de &hellip; <a href=\"https:\/\/www.bc-maps.com\/mapa-vectorial-eps\/mapas-vectoriales\/espana\/ciudades\/bilbao-ilustrator\/\" class=\"more-link\">Seguir leyendo <span class=\"screen-reader-text\">Bilbao Bizkaia mapa vectorial illustrator eps<\/span> <span class=\"meta-nav\">&rarr;<\/span><\/a><\/p>\n","protected":false},"author":1,"featured_media":0,"parent":52,"menu_order":0,"comment_status":"closed","ping_status":"closed","template":"","meta":{"footnotes":""},"class_list":["post-2342","page","type-page","status-publish","hentry"],"_links":{"self":[{"href":"https:\/\/www.bc-maps.com\/mapa-vectorial-eps\/wp-json\/wp\/v2\/pages\/2342","targetHints":{"allow":["GET"]}}],"collection":[{"href":"https:\/\/www.bc-maps.com\/mapa-vectorial-eps\/wp-json\/wp\/v2\/pages"}],"about":[{"href":"https:\/\/www.bc-maps.com\/mapa-vectorial-eps\/wp-json\/wp\/v2\/types\/page"}],"author":[{"embeddable":true,"href":"https:\/\/www.bc-maps.com\/mapa-vectorial-eps\/wp-json\/wp\/v2\/users\/1"}],"replies":[{"embeddable":true,"href":"https:\/\/www.bc-maps.com\/mapa-vectorial-eps\/wp-json\/wp\/v2\/comments?post=2342"}],"version-history":[{"count":5,"href":"https:\/\/www.bc-maps.com\/mapa-vectorial-eps\/wp-json\/wp\/v2\/pages\/2342\/revisions"}],"predecessor-version":[{"id":2968,"href":"https:\/\/www.bc-maps.com\/mapa-vectorial-eps\/wp-json\/wp\/v2\/pages\/2342\/revisions\/2968"}],"up":[{"embeddable":true,"href":"https:\/\/www.bc-maps.com\/mapa-vectorial-eps\/wp-json\/wp\/v2\/pages\/52"}],"wp:attachment":[{"href":"https:\/\/www.bc-maps.com\/mapa-vectorial-eps\/wp-json\/wp\/v2\/media?parent=2342"}],"curies":[{"name":"wp","href":"https:\/\/api.w.org\/{rel}","templated":true}]}}