{"id":2323,"date":"2014-09-29T10:27:56","date_gmt":"2014-09-29T10:27:56","guid":{"rendered":"http:\/\/www.bc-maps.com\/mapa-vectorial-eps\/?page_id=2323"},"modified":"2024-12-03T17:02:38","modified_gmt":"2024-12-03T17:02:38","slug":"libro-de-texto-gallego","status":"publish","type":"page","link":"https:\/\/www.bc-maps.com\/mapa-vectorial-eps\/libro-de-texto-gallego\/","title":{"rendered":"Mapas libro de texto,gallego, mapas vectoriales illustrator eps"},"content":{"rendered":"<h1 class=\"size-medium wp-image-2288\">Mapas para libro de texto en gallego mapas vectoriales illustrator eps<\/h1>\n<h2>Mapas vectoriales eps illustrator tem\u00e1ticos, hist\u00f3ricos, f\u00edsicos y pol\u00edticos<\/h2>\n<p>Podemos crear cualquier tipo de mapas libro de texto adapt\u00e1ndonos a su libro de estilos e indicaciones<\/p>\n<figure id=\"attachment_2324\" aria-describedby=\"caption-attachment-2324\" style=\"width: 248px\" class=\"wp-caption alignnone\"><a href=\"https:\/\/www.bc-maps.com\/wp-content\/uploads\/2014\/09\/Mapa-galicia-DO-Vectorial-Tambre.jpg\" target=\"_blank\" rel=\"noopener\"><img loading=\"lazy\" decoding=\"async\" class=\"wp-image-2324 size-medium\" title=\"Mapa libro de texto gallego Galicia DO \" src=\"https:\/\/www.bc-maps.com\/wp-content\/uploads\/2014\/09\/Mapa-galicia-DO-Vectorial-Tambre-248x300.jpg\" alt=\"Mapa libro de texto gallego Galicia DO \" width=\"248\" height=\"300\" srcset=\"https:\/\/www.bc-maps.com\/wp-content\/uploads\/2014\/09\/Mapa-galicia-DO-Vectorial-Tambre-248x300.jpg 248w, https:\/\/www.bc-maps.com\/wp-content\/uploads\/2014\/09\/Mapa-galicia-DO-Vectorial-Tambre-848x1024.jpg 848w, https:\/\/www.bc-maps.com\/wp-content\/uploads\/2014\/09\/Mapa-galicia-DO-Vectorial-Tambre.jpg 1116w\" sizes=\"auto, (max-width: 248px) 100vw, 248px\" \/><\/a><figcaption id=\"caption-attachment-2324\" class=\"wp-caption-text\">Mapa libro de texto gallego Galicia DO<\/figcaption><\/figure>\n<figure id=\"attachment_2325\" aria-describedby=\"caption-attachment-2325\" style=\"width: 300px\" class=\"wp-caption alignnone\"><a href=\"https:\/\/www.bc-maps.com\/wp-content\/uploads\/2014\/09\/Mapa-galicia-Vectorial-Tambre.jpg\" target=\"_blank\" rel=\"noopener\"><img loading=\"lazy\" decoding=\"async\" class=\"wp-image-2325 size-medium\" title=\"Mapa libro de texto gallego Galicia fisico\" src=\"https:\/\/www.bc-maps.com\/wp-content\/uploads\/2014\/09\/Mapa-galicia-Vectorial-Tambre-300x300.jpg\" alt=\"Mapa libro de texto gallego Galicia fisico\" width=\"300\" height=\"300\" srcset=\"https:\/\/www.bc-maps.com\/wp-content\/uploads\/2014\/09\/Mapa-galicia-Vectorial-Tambre-300x300.jpg 300w, https:\/\/www.bc-maps.com\/wp-content\/uploads\/2014\/09\/Mapa-galicia-Vectorial-Tambre-150x150.jpg 150w, https:\/\/www.bc-maps.com\/wp-content\/uploads\/2014\/09\/Mapa-galicia-Vectorial-Tambre.jpg 718w\" sizes=\"auto, (max-width: 300px) 100vw, 300px\" \/><\/a><figcaption id=\"caption-attachment-2325\" class=\"wp-caption-text\">Mapa libro de texto gallego Galicia fisico<\/figcaption><\/figure>\n<p>El contenido de informaci\u00f3n depender\u00e1 del tama\u00f1o de la zona y la escala o medidas de reproducci\u00f3n, ya que no trabajamos con textos inferiores a 5 puntos para que sean legibles.<\/p>\n<p>Todos nuestros mapas estan estructurados por medio de capas y son totalmenete editables, colores y textos.<\/p>\n<p>Los mapas son libres de derechos de reproducci\u00f3n, incluyendo nuestro copyright, s\u00f3lo pagar\u00e1 por ellos una vez independientemente de los usos que realice.<\/p>\n","protected":false},"excerpt":{"rendered":"<p>Mapas para libro de texto en gallego mapas vectoriales illustrator eps Mapas vectoriales eps illustrator tem\u00e1ticos, hist\u00f3ricos, f\u00edsicos y pol\u00edticos Podemos crear cualquier tipo de mapas libro de texto adapt\u00e1ndonos a su libro de estilos e indicaciones El contenido de informaci\u00f3n depender\u00e1 del tama\u00f1o de la zona y la escala o medidas de reproducci\u00f3n, ya &hellip; <a href=\"https:\/\/www.bc-maps.com\/mapa-vectorial-eps\/libro-de-texto-gallego\/\" class=\"more-link\">Seguir leyendo <span class=\"screen-reader-text\">Mapas libro de texto,gallego, mapas vectoriales illustrator eps<\/span> <span class=\"meta-nav\">&rarr;<\/span><\/a><\/p>\n","protected":false},"author":1,"featured_media":2324,"parent":0,"menu_order":0,"comment_status":"closed","ping_status":"closed","template":"","meta":{"footnotes":""},"class_list":["post-2323","page","type-page","status-publish","has-post-thumbnail","hentry"],"_links":{"self":[{"href":"https:\/\/www.bc-maps.com\/mapa-vectorial-eps\/wp-json\/wp\/v2\/pages\/2323","targetHints":{"allow":["GET"]}}],"collection":[{"href":"https:\/\/www.bc-maps.com\/mapa-vectorial-eps\/wp-json\/wp\/v2\/pages"}],"about":[{"href":"https:\/\/www.bc-maps.com\/mapa-vectorial-eps\/wp-json\/wp\/v2\/types\/page"}],"author":[{"embeddable":true,"href":"https:\/\/www.bc-maps.com\/mapa-vectorial-eps\/wp-json\/wp\/v2\/users\/1"}],"replies":[{"embeddable":true,"href":"https:\/\/www.bc-maps.com\/mapa-vectorial-eps\/wp-json\/wp\/v2\/comments?post=2323"}],"version-history":[{"count":3,"href":"https:\/\/www.bc-maps.com\/mapa-vectorial-eps\/wp-json\/wp\/v2\/pages\/2323\/revisions"}],"predecessor-version":[{"id":7015,"href":"https:\/\/www.bc-maps.com\/mapa-vectorial-eps\/wp-json\/wp\/v2\/pages\/2323\/revisions\/7015"}],"wp:featuredmedia":[{"embeddable":true,"href":"https:\/\/www.bc-maps.com\/mapa-vectorial-eps\/wp-json\/wp\/v2\/media\/2324"}],"wp:attachment":[{"href":"https:\/\/www.bc-maps.com\/mapa-vectorial-eps\/wp-json\/wp\/v2\/media?parent=2323"}],"curies":[{"name":"wp","href":"https:\/\/api.w.org\/{rel}","templated":true}]}}