{"id":2305,"date":"2014-09-29T09:42:35","date_gmt":"2014-09-29T09:42:35","guid":{"rendered":"http:\/\/www.bc-maps.com\/mapa-vectorial-eps\/?page_id=2305"},"modified":"2023-06-16T15:38:07","modified_gmt":"2023-06-16T15:38:07","slug":"la-latina-illustrator","status":"publish","type":"page","link":"https:\/\/www.bc-maps.com\/mapa-vectorial-eps\/la-latina-illustrator\/","title":{"rendered":"La Latina Madrid mapa vectorial illustrator eps"},"content":{"rendered":"<h1 class=\"wp-image-2306\">La Latina Madrid\u00a0vectorial illustrator eps<\/h1>\n<h2>Mapas editables eps illustrator ciudades de Madrid.<\/h2>\n<p>Mapa del barrio de La Latina de Madrid , mapas de ciudades, mapas de provincias, mapas de comunidades de Espa\u00f1a.<\/p>\n<p>Los mapas de ciudades pueden contener el nombre de todas las calles o solo las principales, as\u00ed como los lugares de inter\u00e9s m\u00e1s importantes.<\/p>\n<figure id=\"attachment_2990\" aria-describedby=\"caption-attachment-2990\" style=\"width: 257px\" class=\"wp-caption alignnone\"><a href=\"http:\/\/www.bc-maps.com\/wp-content\/uploads\/2014\/09\/Mapa-vectorial-latina-Madrid-1.jpg\" target=\"_blank\" rel=\"noopener noreferrer\"><img loading=\"lazy\" decoding=\"async\" class=\"wp-image-2990 size-medium\" title=\"Mapa vectorial La Latina Madrid illustrator eps\" src=\"http:\/\/www.bc-maps.com\/wp-content\/uploads\/2014\/09\/Mapa-vectorial-latina-Madrid-1-257x300.jpg\" alt=\"Mapa vectorial La Latina Madrid illustrator eps\" width=\"257\" height=\"300\" srcset=\"https:\/\/www.bc-maps.com\/wp-content\/uploads\/2014\/09\/Mapa-vectorial-latina-Madrid-1-257x300.jpg 257w, https:\/\/www.bc-maps.com\/wp-content\/uploads\/2014\/09\/Mapa-vectorial-latina-Madrid-1-768x898.jpg 768w, https:\/\/www.bc-maps.com\/wp-content\/uploads\/2014\/09\/Mapa-vectorial-latina-Madrid-1-876x1024.jpg 876w, https:\/\/www.bc-maps.com\/wp-content\/uploads\/2014\/09\/Mapa-vectorial-latina-Madrid-1.jpg 1739w\" sizes=\"auto, (max-width: 257px) 100vw, 257px\" \/><\/a><figcaption id=\"caption-attachment-2990\" class=\"wp-caption-text\">Mapa vectorial La Latina Madrid illustrator eps<\/figcaption><\/figure>\n<p>Un <strong>mapa vectorial en illustrator eps<\/strong> del barrio de <strong>La Latina en Madrid<\/strong> es un archivo digital que representa gr\u00e1ficamente la geograf\u00eda, la infraestructura y otros elementos geoespaciales del barrio \u00a0en forma de vectores.<\/p>\n<p>Los mapas se entregan en formatos editables <strong><a href=\"http:\/\/www.adobe.es\">adobe<\/a> illustrator, eps<\/strong><\/p>\n<p>Estas son algunas de las caracter\u00edsticas comunes de un mapa vectorial:<\/p>\n<p>1. Escalabilidad: Los mapas vectoriales son escalables, lo que significa que se pueden ampliar o reducir sin perder calidad.<\/p>\n<p>2. Geometr\u00eda precisa: Los elementos en un mapa vectorial se representan mediante formas geom\u00e9tricas, como l\u00edneas, puntos y pol\u00edgonos. Estas formas se definen matem\u00e1ticamente, lo que garantiza una representaci\u00f3n precisa de la geograf\u00eda y las caracter\u00edsticas del terreno.<\/p>\n<p>3. Capas y atributos: Un mapa vectorial puede contener diferentes capas que representan diferentes tipos de informaci\u00f3n, como carreteras, r\u00edos, edificios, \u00e1reas verdes, entre otros. .<\/p>\n<p>4. Edici\u00f3n y personalizaci\u00f3n: Los mapas vectoriales son editables, lo que permite agregar, eliminar o modificar elementos seg\u00fan las necesidades del usuario. Tambi\u00e9n se pueden personalizar mediante la selecci\u00f3n de colores, estilos de l\u00ednea y s\u00edmbolos.<\/p>\n<p>5. Compatibilidad: Los mapas vectoriales suelen estar disponibles en formatos est\u00e1ndar, como SVG (Scalable Vector Graphics), AI (Adobe Illustrator), EPS (Encapsulated PostScript) o DXF (Drawing Exchange Format), lo que permite su visualizaci\u00f3n y edici\u00f3n en diferentes software de dise\u00f1o y cartograf\u00eda.<\/p>\n<p>Estas caracter\u00edsticas hacen que los mapas vectoriales sean \u00fatiles para an\u00e1lisis espacial, planificaci\u00f3n urbana, navegaci\u00f3n, representaci\u00f3n cartogr\u00e1fica y otras aplicaciones donde la precisi\u00f3n y la flexibilidad son importantes.<\/p>\n","protected":false},"excerpt":{"rendered":"<p>La Latina Madrid\u00a0vectorial illustrator eps Mapas editables eps illustrator ciudades de Madrid. Mapa del barrio de La Latina de Madrid , mapas de ciudades, mapas de provincias, mapas de comunidades de Espa\u00f1a. Los mapas de ciudades pueden contener el nombre de todas las calles o solo las principales, as\u00ed como los lugares de inter\u00e9s m\u00e1s &hellip; <a href=\"https:\/\/www.bc-maps.com\/mapa-vectorial-eps\/la-latina-illustrator\/\" class=\"more-link\">Seguir leyendo <span class=\"screen-reader-text\">La Latina Madrid mapa vectorial illustrator eps<\/span> <span class=\"meta-nav\">&rarr;<\/span><\/a><\/p>\n","protected":false},"author":1,"featured_media":2990,"parent":0,"menu_order":0,"comment_status":"closed","ping_status":"closed","template":"","meta":{"footnotes":""},"class_list":["post-2305","page","type-page","status-publish","has-post-thumbnail","hentry"],"_links":{"self":[{"href":"https:\/\/www.bc-maps.com\/mapa-vectorial-eps\/wp-json\/wp\/v2\/pages\/2305","targetHints":{"allow":["GET"]}}],"collection":[{"href":"https:\/\/www.bc-maps.com\/mapa-vectorial-eps\/wp-json\/wp\/v2\/pages"}],"about":[{"href":"https:\/\/www.bc-maps.com\/mapa-vectorial-eps\/wp-json\/wp\/v2\/types\/page"}],"author":[{"embeddable":true,"href":"https:\/\/www.bc-maps.com\/mapa-vectorial-eps\/wp-json\/wp\/v2\/users\/1"}],"replies":[{"embeddable":true,"href":"https:\/\/www.bc-maps.com\/mapa-vectorial-eps\/wp-json\/wp\/v2\/comments?post=2305"}],"version-history":[{"count":3,"href":"https:\/\/www.bc-maps.com\/mapa-vectorial-eps\/wp-json\/wp\/v2\/pages\/2305\/revisions"}],"predecessor-version":[{"id":5366,"href":"https:\/\/www.bc-maps.com\/mapa-vectorial-eps\/wp-json\/wp\/v2\/pages\/2305\/revisions\/5366"}],"wp:featuredmedia":[{"embeddable":true,"href":"https:\/\/www.bc-maps.com\/mapa-vectorial-eps\/wp-json\/wp\/v2\/media\/2990"}],"wp:attachment":[{"href":"https:\/\/www.bc-maps.com\/mapa-vectorial-eps\/wp-json\/wp\/v2\/media?parent=2305"}],"curies":[{"name":"wp","href":"https:\/\/api.w.org\/{rel}","templated":true}]}}