{"id":2286,"date":"2014-09-19T10:02:59","date_gmt":"2014-09-19T10:02:59","guid":{"rendered":"http:\/\/www.bc-maps.com\/mapa-vectorial-eps\/?page_id=2286"},"modified":"2018-10-04T13:47:16","modified_gmt":"2018-10-04T13:47:16","slug":"avinyo-ilustrator","status":"publish","type":"page","link":"https:\/\/www.bc-maps.com\/mapa-vectorial-eps\/mapas-vectoriales\/espana\/ciudades\/avinyo-ilustrator\/","title":{"rendered":"Avinyo mapa vectorial illustrator eps"},"content":{"rendered":"<h1 class=\"size-medium wp-image-2288\">Avinyo mapa vectorial illustrator eps<\/h1>\n<h2>Mapas editables eps illustrator ciudades de Aviny\u00f3, Bages, Barcelona<\/h2>\n<p>Podemos crear cualquier tipo de mapa de Aviny\u00f3 ,Bages, Barcelona , mapas de ciudades, mapas de comarcas, mapas de Catalu\u00f1a.<\/p>\n<p>Los mapas de ciudades pueden contener el nombre de todas las calles o solo las principales, as\u00ed como los lugares de inter\u00e9s m\u00e1s importantes.<\/p>\n<figure id=\"attachment_2898\" aria-describedby=\"caption-attachment-2898\" style=\"width: 300px\" class=\"wp-caption alignnone\"><a href=\"http:\/\/www.bc-maps.com\/wp-content\/uploads\/2014\/09\/AVINYO-Cara-A.jpg\" target=\"_blank\" rel=\"noopener noreferrer\"><img loading=\"lazy\" decoding=\"async\" class=\"wp-image-2898 size-medium\" title=\"Aviny\u00f3 mapa vectorial illustrator eps\" src=\"http:\/\/www.bc-maps.com\/wp-content\/uploads\/2014\/09\/AVINYO-Cara-A-300x208.jpg\" alt=\"Avinyo mapa vectorial illustrator eps\" width=\"300\" height=\"208\" srcset=\"https:\/\/www.bc-maps.com\/wp-content\/uploads\/2014\/09\/AVINYO-Cara-A-300x208.jpg 300w, https:\/\/www.bc-maps.com\/wp-content\/uploads\/2014\/09\/AVINYO-Cara-A-768x534.jpg 768w, https:\/\/www.bc-maps.com\/wp-content\/uploads\/2014\/09\/AVINYO-Cara-A-1024x711.jpg 1024w, https:\/\/www.bc-maps.com\/wp-content\/uploads\/2014\/09\/AVINYO-Cara-A.jpg 1795w\" sizes=\"auto, (max-width: 300px) 100vw, 300px\" \/><\/a><figcaption id=\"caption-attachment-2898\" class=\"wp-caption-text\">Avinyo mapa vectorial illustrator eps<\/figcaption><\/figure>\n<figure id=\"attachment_2899\" aria-describedby=\"caption-attachment-2899\" style=\"width: 300px\" class=\"wp-caption alignnone\"><a href=\"http:\/\/www.bc-maps.com\/wp-content\/uploads\/2014\/09\/AVINYO-1002152.jpg\" target=\"_blank\" rel=\"noopener noreferrer\"><img loading=\"lazy\" decoding=\"async\" class=\"wp-image-2899 size-medium\" title=\"Aviny\u00f3 municipi mapa vectorial illustrator eps\" src=\"http:\/\/www.bc-maps.com\/wp-content\/uploads\/2014\/09\/AVINYO-1002152-300x213.jpg\" alt=\"Aviny\u00f3 municipi mapa vectorial illustrator eps\" width=\"300\" height=\"213\" srcset=\"https:\/\/www.bc-maps.com\/wp-content\/uploads\/2014\/09\/AVINYO-1002152-300x213.jpg 300w, https:\/\/www.bc-maps.com\/wp-content\/uploads\/2014\/09\/AVINYO-1002152-768x545.jpg 768w, https:\/\/www.bc-maps.com\/wp-content\/uploads\/2014\/09\/AVINYO-1002152-1024x727.jpg 1024w\" sizes=\"auto, (max-width: 300px) 100vw, 300px\" \/><\/a><figcaption id=\"caption-attachment-2899\" class=\"wp-caption-text\">Aviny\u00f3 municipi mapa vectorial illustrator eps<\/figcaption><\/figure>\n<p>El contenido de informaci\u00f3n depender\u00e1 del tama\u00f1o de la zona y la escala o medidas de reproducci\u00f3n, ya que no trabajamos con textos inferiores a 5 puntos para que sean legibles.<\/p>\n<p>Todos nuestros mapas estan estructurados por medio de capas y son totalmenete editables, colores y textos.<\/p>\n<p>Los mapas son libres de derechos de reproducci\u00f3n, incluyendo nuestro copyright, s\u00f3lo pagar\u00e1 por ellos una vez independientemente de los usos que realice.<\/p>\n<p>&nbsp;<\/p>\n<p>&nbsp;<\/p>\n<p>&nbsp;<\/p>\n","protected":false},"excerpt":{"rendered":"<p>Avinyo mapa vectorial illustrator eps Mapas editables eps illustrator ciudades de Aviny\u00f3, Bages, Barcelona Podemos crear cualquier tipo de mapa de Aviny\u00f3 ,Bages, Barcelona , mapas de ciudades, mapas de comarcas, mapas de Catalu\u00f1a. Los mapas de ciudades pueden contener el nombre de todas las calles o solo las principales, as\u00ed como los lugares de &hellip; <a href=\"https:\/\/www.bc-maps.com\/mapa-vectorial-eps\/mapas-vectoriales\/espana\/ciudades\/avinyo-ilustrator\/\" class=\"more-link\">Seguir leyendo <span class=\"screen-reader-text\">Avinyo mapa vectorial illustrator eps<\/span> <span class=\"meta-nav\">&rarr;<\/span><\/a><\/p>\n","protected":false},"author":1,"featured_media":0,"parent":52,"menu_order":0,"comment_status":"closed","ping_status":"closed","template":"","meta":{"footnotes":""},"class_list":["post-2286","page","type-page","status-publish","hentry"],"_links":{"self":[{"href":"https:\/\/www.bc-maps.com\/mapa-vectorial-eps\/wp-json\/wp\/v2\/pages\/2286","targetHints":{"allow":["GET"]}}],"collection":[{"href":"https:\/\/www.bc-maps.com\/mapa-vectorial-eps\/wp-json\/wp\/v2\/pages"}],"about":[{"href":"https:\/\/www.bc-maps.com\/mapa-vectorial-eps\/wp-json\/wp\/v2\/types\/page"}],"author":[{"embeddable":true,"href":"https:\/\/www.bc-maps.com\/mapa-vectorial-eps\/wp-json\/wp\/v2\/users\/1"}],"replies":[{"embeddable":true,"href":"https:\/\/www.bc-maps.com\/mapa-vectorial-eps\/wp-json\/wp\/v2\/comments?post=2286"}],"version-history":[{"count":5,"href":"https:\/\/www.bc-maps.com\/mapa-vectorial-eps\/wp-json\/wp\/v2\/pages\/2286\/revisions"}],"predecessor-version":[{"id":2964,"href":"https:\/\/www.bc-maps.com\/mapa-vectorial-eps\/wp-json\/wp\/v2\/pages\/2286\/revisions\/2964"}],"up":[{"embeddable":true,"href":"https:\/\/www.bc-maps.com\/mapa-vectorial-eps\/wp-json\/wp\/v2\/pages\/52"}],"wp:attachment":[{"href":"https:\/\/www.bc-maps.com\/mapa-vectorial-eps\/wp-json\/wp\/v2\/media?parent=2286"}],"curies":[{"name":"wp","href":"https:\/\/api.w.org\/{rel}","templated":true}]}}