{"id":2267,"date":"2014-09-17T09:18:52","date_gmt":"2014-09-17T09:18:52","guid":{"rendered":"http:\/\/www.bc-maps.com\/mapa-vectorial-eps\/?page_id=2267"},"modified":"2018-10-04T16:30:26","modified_gmt":"2018-10-04T16:30:26","slug":"nantes","status":"publish","type":"page","link":"https:\/\/www.bc-maps.com\/mapa-vectorial-eps\/mapas-vectoriales\/mapas-de-europa\/ciudades\/nantes\/","title":{"rendered":"Nantes mapa vectorial illustrator eps"},"content":{"rendered":"<h1>Nantes mapa vectorial illustrator eps<\/h1>\n<h2>Mapas editables eps illustrator ciudades de Francia<\/h2>\n<p>Podemos crear cualquier tipo de mapa de Nantes ,Francia, mapas de ciudades, mapas de departamentos, mapas de regiones de Francia.<\/p>\n<p>Los mapas de ciudades contienen el nombre de todas las calles o solo las principales, y los lugares de inter\u00e9s m\u00e1s importantes.<\/p>\n<p>Creamos mapas de ciudades de todo el mundo para gu\u00edas de viajes, cat\u00e1logos, administraciones p\u00fablicas\u2026etc.<\/p>\n<p>Los mapas\u00a0est\u00e1n creados con licencias oficiales de programas de <a href=\"http:\/\/www.adobe.com\/es\">Adobe,<\/a> habitualmente entregamos en version CC.<\/p>\n<figure id=\"attachment_2268\" aria-describedby=\"caption-attachment-2268\" style=\"width: 300px\" class=\"wp-caption alignnone\"><a href=\"http:\/\/www.bc-maps.com\/wp-content\/uploads\/2014\/09\/Nantes-carte-vectorielle-eps.jpg\" target=\"_blank\" rel=\"noopener\"><img loading=\"lazy\" decoding=\"async\" class=\"Nantes mapa vectorial eps illustrator wp-image-2268 size-medium\" title=\"Nantes mapa vectorial eps illustrator\" src=\"http:\/\/www.bc-maps.com\/wp-content\/uploads\/2014\/09\/Nantes-carte-vectorielle-eps-300x209.jpg\" alt=\"Nantes mapa vectorial eps illustrator\" width=\"300\" height=\"209\" srcset=\"https:\/\/www.bc-maps.com\/wp-content\/uploads\/2014\/09\/Nantes-carte-vectorielle-eps-300x209.jpg 300w, https:\/\/www.bc-maps.com\/wp-content\/uploads\/2014\/09\/Nantes-carte-vectorielle-eps-1024x716.jpg 1024w, https:\/\/www.bc-maps.com\/wp-content\/uploads\/2014\/09\/Nantes-carte-vectorielle-eps.jpg 1265w\" sizes=\"auto, (max-width: 300px) 100vw, 300px\" \/><\/a><figcaption id=\"caption-attachment-2268\" class=\"wp-caption-text\">Nantes mapa vectorial eps illustrator<\/figcaption><\/figure>\n<p>El contenido de informaci\u00f3n depender\u00e1 de la zona\/escala o medidas de reproducci\u00f3n, no trabajamos con textos inferiores a 5 puntos para que sean legibles.<\/p>\n<p>Todos nuestros mapas estan estructurados por medio de capas y son totalmenete editables, colores y textos.<\/p>\n","protected":false},"excerpt":{"rendered":"<p>Nantes mapa vectorial illustrator eps Mapas editables eps illustrator ciudades de Francia Podemos crear cualquier tipo de mapa de Nantes ,Francia, mapas de ciudades, mapas de departamentos, mapas de regiones de Francia. Los mapas de ciudades contienen el nombre de todas las calles o solo las principales, y los lugares de inter\u00e9s m\u00e1s importantes. Creamos &hellip; <a href=\"https:\/\/www.bc-maps.com\/mapa-vectorial-eps\/mapas-vectoriales\/mapas-de-europa\/ciudades\/nantes\/\" class=\"more-link\">Seguir leyendo <span class=\"screen-reader-text\">Nantes mapa vectorial illustrator eps<\/span> <span class=\"meta-nav\">&rarr;<\/span><\/a><\/p>\n","protected":false},"author":1,"featured_media":0,"parent":3611,"menu_order":0,"comment_status":"closed","ping_status":"closed","template":"","meta":{"footnotes":""},"class_list":["post-2267","page","type-page","status-publish","hentry"],"_links":{"self":[{"href":"https:\/\/www.bc-maps.com\/mapa-vectorial-eps\/wp-json\/wp\/v2\/pages\/2267","targetHints":{"allow":["GET"]}}],"collection":[{"href":"https:\/\/www.bc-maps.com\/mapa-vectorial-eps\/wp-json\/wp\/v2\/pages"}],"about":[{"href":"https:\/\/www.bc-maps.com\/mapa-vectorial-eps\/wp-json\/wp\/v2\/types\/page"}],"author":[{"embeddable":true,"href":"https:\/\/www.bc-maps.com\/mapa-vectorial-eps\/wp-json\/wp\/v2\/users\/1"}],"replies":[{"embeddable":true,"href":"https:\/\/www.bc-maps.com\/mapa-vectorial-eps\/wp-json\/wp\/v2\/comments?post=2267"}],"version-history":[{"count":4,"href":"https:\/\/www.bc-maps.com\/mapa-vectorial-eps\/wp-json\/wp\/v2\/pages\/2267\/revisions"}],"predecessor-version":[{"id":3682,"href":"https:\/\/www.bc-maps.com\/mapa-vectorial-eps\/wp-json\/wp\/v2\/pages\/2267\/revisions\/3682"}],"up":[{"embeddable":true,"href":"https:\/\/www.bc-maps.com\/mapa-vectorial-eps\/wp-json\/wp\/v2\/pages\/3611"}],"wp:attachment":[{"href":"https:\/\/www.bc-maps.com\/mapa-vectorial-eps\/wp-json\/wp\/v2\/media?parent=2267"}],"curies":[{"name":"wp","href":"https:\/\/api.w.org\/{rel}","templated":true}]}}