{"id":2217,"date":"2014-03-12T08:53:28","date_gmt":"2014-03-12T08:53:28","guid":{"rendered":"http:\/\/www.bc-maps.com\/mapa-vectorial-eps\/?page_id=2217"},"modified":"2018-10-04T16:56:40","modified_gmt":"2018-10-04T16:56:40","slug":"valencia-mapa-vectorial-illustrator-centro","status":"publish","type":"page","link":"https:\/\/www.bc-maps.com\/mapa-vectorial-eps\/mapas-vectoriales\/espana\/ciudades\/valencia-mapa-vectorial-illustrator-centro\/","title":{"rendered":"Valencia mapa vectorial illustrator eps editable"},"content":{"rendered":"<h1>Planos y mapas vectoriales de Valencia<\/h1>\n<h2>Valencia\u00a0mapa vectorial Illustrator eps editable<\/h2>\n<h3>Planos vectoriales de ciudades de Valencia<\/h3>\n<p>Podemos crear cualquier tipo de mapa, de la ciudad de Valencia\u00a0mapa vectorial Illustrator, planos parciales, planos generales, planos de detalle\u2026etc.<\/p>\n<figure id=\"attachment_2221\" aria-describedby=\"caption-attachment-2221\" style=\"width: 300px\" class=\"wp-caption alignnone\"><a href=\"http:\/\/www.bc-maps.com\/wp-content\/uploads\/2014\/03\/Mapa-vectorial-general-Valencia.jpg\" target=\"_blank\" rel=\"noopener noreferrer\"><img loading=\"lazy\" decoding=\"async\" class=\"wp-image-2221 size-medium\" title=\"Mapa vectorial Valencia eps illustrator\" src=\"http:\/\/www.bc-maps.com\/wp-content\/uploads\/2014\/03\/Mapa-vectorial-general-Valencia-300x211.jpg\" alt=\"Mapa vectorial Valencia eps illustrator\" width=\"300\" height=\"211\" srcset=\"https:\/\/www.bc-maps.com\/wp-content\/uploads\/2014\/03\/Mapa-vectorial-general-Valencia-300x211.jpg 300w, https:\/\/www.bc-maps.com\/wp-content\/uploads\/2014\/03\/Mapa-vectorial-general-Valencia-1024x721.jpg 1024w, https:\/\/www.bc-maps.com\/wp-content\/uploads\/2014\/03\/Mapa-vectorial-general-Valencia.jpg 1133w\" sizes=\"auto, (max-width: 300px) 100vw, 300px\" \/><\/a><figcaption id=\"caption-attachment-2221\" class=\"wp-caption-text\">Mapa vectorial Valencia eps illustrator<\/figcaption><\/figure>\n<figure id=\"attachment_2218\" aria-describedby=\"caption-attachment-2218\" style=\"width: 300px\" class=\"wp-caption alignnone\"><a href=\"http:\/\/www.bc-maps.com\/wp-content\/uploads\/2014\/03\/Mapa-vectorial-centro-Valencia.jpg\" target=\"_blank\" rel=\"noopener noreferrer\"><img loading=\"lazy\" decoding=\"async\" class=\"wp-image-2218 size-medium\" title=\"Mapa vectorial eps illustrator centro Valencia\" src=\"http:\/\/www.bc-maps.com\/wp-content\/uploads\/2014\/03\/Mapa-vectorial-centro-Valencia-300x211.jpg\" alt=\"Mapa vectorial eps illustrator centro Valencia\" width=\"300\" height=\"211\" srcset=\"https:\/\/www.bc-maps.com\/wp-content\/uploads\/2014\/03\/Mapa-vectorial-centro-Valencia-300x211.jpg 300w, https:\/\/www.bc-maps.com\/wp-content\/uploads\/2014\/03\/Mapa-vectorial-centro-Valencia-1024x722.jpg 1024w, https:\/\/www.bc-maps.com\/wp-content\/uploads\/2014\/03\/Mapa-vectorial-centro-Valencia.jpg 1066w\" sizes=\"auto, (max-width: 300px) 100vw, 300px\" \/><\/a><figcaption id=\"caption-attachment-2218\" class=\"wp-caption-text\">Mapa vectorial eps illustrator centro Valencia<\/figcaption><\/figure>\n<figure id=\"attachment_3248\" aria-describedby=\"caption-attachment-3248\" style=\"width: 164px\" class=\"wp-caption alignnone\"><a href=\"http:\/\/www.bc-maps.com\/wp-content\/uploads\/2014\/03\/COMUNIDAD-VALENCIA-CONTROL-COURIER.jpg\" target=\"_blank\" rel=\"noopener noreferrer\"><img loading=\"lazy\" decoding=\"async\" class=\"wp-image-3248 size-medium\" title=\"Comunidad valenciana mapa de municipios\" src=\"http:\/\/www.bc-maps.com\/wp-content\/uploads\/2014\/03\/COMUNIDAD-VALENCIA-CONTROL-COURIER-164x300.jpg\" alt=\"Comunidad valenciana mapa de municipios\" width=\"164\" height=\"300\" srcset=\"https:\/\/www.bc-maps.com\/wp-content\/uploads\/2014\/03\/COMUNIDAD-VALENCIA-CONTROL-COURIER-164x300.jpg 164w, https:\/\/www.bc-maps.com\/wp-content\/uploads\/2014\/03\/COMUNIDAD-VALENCIA-CONTROL-COURIER-768x1408.jpg 768w, https:\/\/www.bc-maps.com\/wp-content\/uploads\/2014\/03\/COMUNIDAD-VALENCIA-CONTROL-COURIER-559x1024.jpg 559w\" sizes=\"auto, (max-width: 164px) 100vw, 164px\" \/><\/a><figcaption id=\"caption-attachment-3248\" class=\"wp-caption-text\">Comunidad valenciana mapa de municipios<\/figcaption><\/figure>\n<figure id=\"attachment_3249\" aria-describedby=\"caption-attachment-3249\" style=\"width: 300px\" class=\"wp-caption alignnone\"><a href=\"http:\/\/www.bc-maps.com\/wp-content\/uploads\/2014\/03\/Valencia-mapa-vectorial-illustrator-eps.jpg\" target=\"_blank\" rel=\"noopener noreferrer\"><img loading=\"lazy\" decoding=\"async\" class=\"wp-image-3249 size-medium\" title=\"Valencia mapa vectorial illustrator eps\" src=\"http:\/\/www.bc-maps.com\/wp-content\/uploads\/2014\/03\/Valencia-mapa-vectorial-illustrator-eps-300x235.jpg\" alt=\"Valencia mapa vectorial illustrator eps\" width=\"300\" height=\"235\" srcset=\"https:\/\/www.bc-maps.com\/wp-content\/uploads\/2014\/03\/Valencia-mapa-vectorial-illustrator-eps-300x235.jpg 300w, https:\/\/www.bc-maps.com\/wp-content\/uploads\/2014\/03\/Valencia-mapa-vectorial-illustrator-eps-768x603.jpg 768w, https:\/\/www.bc-maps.com\/wp-content\/uploads\/2014\/03\/Valencia-mapa-vectorial-illustrator-eps-1024x803.jpg 1024w\" sizes=\"auto, (max-width: 300px) 100vw, 300px\" \/><\/a><figcaption id=\"caption-attachment-3249\" class=\"wp-caption-text\">Valencia mapa vectorial illustrator eps<\/figcaption><\/figure>\n<p>El contenido de informaci\u00f3n depender\u00e1 del tama\u00f1o de la zona y la escala o medidas de reproducci\u00f3n, ya que no trabajamos con textos inferiores a 5 puntos para que sean legibles.<\/p>\n<p>Los mapas\u00a0est\u00e1n creados con licencias oficiales de programas de <a href=\"http:\/\/www.adobe.com\/es\">Adobe,<\/a> habitualmente entregamos en version CC as\u00ed mismo<\/p>\n<p>Todos nuestros mapas estan estructurados por medio de capas y son totalmenete editables, colores y textos tambi\u00e9n<\/p>\n<p>Los mapas son libres de derechos de reproducci\u00f3n, incluyendo nuestro copyright, s\u00f3lo pagar\u00e1 por ellos una vez independientemente de los usos que realice.<\/p>\n","protected":false},"excerpt":{"rendered":"<p>Planos y mapas vectoriales de Valencia Valencia\u00a0mapa vectorial Illustrator eps editable Planos vectoriales de ciudades de Valencia Podemos crear cualquier tipo de mapa, de la ciudad de Valencia\u00a0mapa vectorial Illustrator, planos parciales, planos generales, planos de detalle\u2026etc. El contenido de informaci\u00f3n depender\u00e1 del tama\u00f1o de la zona y la escala o medidas de reproducci\u00f3n, ya &hellip; <a href=\"https:\/\/www.bc-maps.com\/mapa-vectorial-eps\/mapas-vectoriales\/espana\/ciudades\/valencia-mapa-vectorial-illustrator-centro\/\" class=\"more-link\">Seguir leyendo <span class=\"screen-reader-text\">Valencia mapa vectorial illustrator eps editable<\/span> <span class=\"meta-nav\">&rarr;<\/span><\/a><\/p>\n","protected":false},"author":1,"featured_media":0,"parent":52,"menu_order":0,"comment_status":"closed","ping_status":"closed","template":"","meta":{"footnotes":""},"class_list":["post-2217","page","type-page","status-publish","hentry"],"_links":{"self":[{"href":"https:\/\/www.bc-maps.com\/mapa-vectorial-eps\/wp-json\/wp\/v2\/pages\/2217","targetHints":{"allow":["GET"]}}],"collection":[{"href":"https:\/\/www.bc-maps.com\/mapa-vectorial-eps\/wp-json\/wp\/v2\/pages"}],"about":[{"href":"https:\/\/www.bc-maps.com\/mapa-vectorial-eps\/wp-json\/wp\/v2\/types\/page"}],"author":[{"embeddable":true,"href":"https:\/\/www.bc-maps.com\/mapa-vectorial-eps\/wp-json\/wp\/v2\/users\/1"}],"replies":[{"embeddable":true,"href":"https:\/\/www.bc-maps.com\/mapa-vectorial-eps\/wp-json\/wp\/v2\/comments?post=2217"}],"version-history":[{"count":4,"href":"https:\/\/www.bc-maps.com\/mapa-vectorial-eps\/wp-json\/wp\/v2\/pages\/2217\/revisions"}],"predecessor-version":[{"id":3692,"href":"https:\/\/www.bc-maps.com\/mapa-vectorial-eps\/wp-json\/wp\/v2\/pages\/2217\/revisions\/3692"}],"up":[{"embeddable":true,"href":"https:\/\/www.bc-maps.com\/mapa-vectorial-eps\/wp-json\/wp\/v2\/pages\/52"}],"wp:attachment":[{"href":"https:\/\/www.bc-maps.com\/mapa-vectorial-eps\/wp-json\/wp\/v2\/media?parent=2217"}],"curies":[{"name":"wp","href":"https:\/\/api.w.org\/{rel}","templated":true}]}}