{"id":2209,"date":"2014-03-12T08:32:38","date_gmt":"2014-03-12T08:32:38","guid":{"rendered":"http:\/\/www.bc-maps.com\/mapa-vectorial-eps\/?page_id=2209"},"modified":"2024-12-04T05:14:56","modified_gmt":"2024-12-04T05:14:56","slug":"pego-illustrator-casco","status":"publish","type":"page","link":"https:\/\/www.bc-maps.com\/mapa-vectorial-eps\/pego-illustrator-casco\/","title":{"rendered":"Pego mapa vectorial en Illustrator eps"},"content":{"rendered":"<h1>Pego planos y mapas vectoriales<\/h1>\n<h2>Pego mapa vectorial\u00a0editable con el nombre de las calles<\/h2>\n<h3>Planos vectoriales de ciudades de <a href=\"https:\/\/www.bc-maps.com\/mapa-vectorial-eps\/provincia-alicante-municipios-illustrator\/\">Alicante<\/a><\/h3>\n<p>Podemos crear cualquier tipo de mapa vectorial\u00a0de Pego, planos parciales, planos generales, planos de detalle\u2026etc.<\/p>\n<figure id=\"attachment_3235\" aria-describedby=\"caption-attachment-3235\" style=\"width: 300px\" class=\"wp-caption alignnone\"><a href=\"http:\/\/www.bc-maps.com\/wp-content\/uploads\/2014\/03\/MAPA-VECTORIAL-PEGO-2014-A.jpg\" target=\"_blank\" rel=\"noopener noreferrer\"><img loading=\"lazy\" decoding=\"async\" class=\"wp-image-3235 size-medium\" title=\"Pego mapa vectorial illustrator eps\" src=\"http:\/\/www.bc-maps.com\/wp-content\/uploads\/2014\/03\/MAPA-VECTORIAL-PEGO-2014-A-300x212.jpg\" alt=\"Pego mapa vectorial illustrator eps\" width=\"300\" height=\"212\" srcset=\"https:\/\/www.bc-maps.com\/wp-content\/uploads\/2014\/03\/MAPA-VECTORIAL-PEGO-2014-A-300x212.jpg 300w, https:\/\/www.bc-maps.com\/wp-content\/uploads\/2014\/03\/MAPA-VECTORIAL-PEGO-2014-A-768x543.jpg 768w, https:\/\/www.bc-maps.com\/wp-content\/uploads\/2014\/03\/MAPA-VECTORIAL-PEGO-2014-A-1024x724.jpg 1024w\" sizes=\"auto, (max-width: 300px) 100vw, 300px\" \/><\/a><figcaption id=\"caption-attachment-3235\" class=\"wp-caption-text\">Pego mapa vectorial illustrator eps<\/figcaption><\/figure>\n<figure id=\"attachment_3236\" aria-describedby=\"caption-attachment-3236\" style=\"width: 300px\" class=\"wp-caption alignnone\"><a href=\"http:\/\/www.bc-maps.com\/wp-content\/uploads\/2014\/03\/MAPA-VECTORIAL-PEGO-2014.jpg\" target=\"_blank\" rel=\"noopener noreferrer\"><img loading=\"lazy\" decoding=\"async\" class=\"wp-image-3236 size-medium\" title=\"Pego mapa vectorial casco illustrator eps\" src=\"http:\/\/www.bc-maps.com\/wp-content\/uploads\/2014\/03\/MAPA-VECTORIAL-PEGO-2014-300x212.jpg\" alt=\"Pego mapa vectorial casco illustrator eps\" width=\"300\" height=\"212\" srcset=\"https:\/\/www.bc-maps.com\/wp-content\/uploads\/2014\/03\/MAPA-VECTORIAL-PEGO-2014-300x212.jpg 300w, https:\/\/www.bc-maps.com\/wp-content\/uploads\/2014\/03\/MAPA-VECTORIAL-PEGO-2014-768x543.jpg 768w, https:\/\/www.bc-maps.com\/wp-content\/uploads\/2014\/03\/MAPA-VECTORIAL-PEGO-2014-1024x724.jpg 1024w\" sizes=\"auto, (max-width: 300px) 100vw, 300px\" \/><\/a><figcaption id=\"caption-attachment-3236\" class=\"wp-caption-text\">Pego mapa vectorial casco illustrator eps<\/figcaption><\/figure>\n<p><strong>Pego<\/strong>, un encantador municipio de la provincia de Alicante, Espa\u00f1a, est\u00e1 situado en el coraz\u00f3n de la Marina Alta, rodeado de monta\u00f1as y valles f\u00e9rtiles. Es conocido por su hermoso entorno natural, destacando el <strong>Parque Natural de la Marjal de Pego-Oliva<\/strong>, un espacio protegido ideal para observar aves, pasear y disfrutar de sus aguas cristalinas.<\/p>\n<p>Su casco antiguo refleja su rica historia, con calles estrechas, plazas pintorescas y monumentos como la <strong>Iglesia de la Asunci\u00f3n<\/strong> y restos de su muralla medieval. Pego tambi\u00e9n celebra tradiciones culturales vibrantes, como las Fiestas de Moros y Cristianos.<\/p>\n<p>La gastronom\u00eda local, con arroces y dulces t\u00edpicos, completa su atractivo.<\/p>\n<p>El contenido de informaci\u00f3n depender\u00e1 del tama\u00f1o de la zona y la escala o medidas de reproducci\u00f3n, ya que no trabajamos con textos inferiores a 5 puntos para que sean legibles.<\/p>\n<p>Habitualmente se entregan ficheros en formato\u00a0<a href=\"http:\/\/www.adobe.com\/es\/products\/illustrator.html\">Illustrator CC<\/a>, totalmente editables, colores y textos, estructurados por medio de casas de informaci\u00f3n para facilitar los cambios y personalizaciones, inclusi\u00f3n de lugares de inter\u00e9s, museos, colegios, monumentos&#8230;etc<\/p>\n","protected":false},"excerpt":{"rendered":"<p>Pego planos y mapas vectoriales Pego mapa vectorial\u00a0editable con el nombre de las calles Planos vectoriales de ciudades de Alicante Podemos crear cualquier tipo de mapa vectorial\u00a0de Pego, planos parciales, planos generales, planos de detalle\u2026etc. Pego, un encantador municipio de la provincia de Alicante, Espa\u00f1a, est\u00e1 situado en el coraz\u00f3n de la Marina Alta, rodeado &hellip; <a href=\"https:\/\/www.bc-maps.com\/mapa-vectorial-eps\/pego-illustrator-casco\/\" class=\"more-link\">Seguir leyendo <span class=\"screen-reader-text\">Pego mapa vectorial en Illustrator eps<\/span> <span class=\"meta-nav\">&rarr;<\/span><\/a><\/p>\n","protected":false},"author":1,"featured_media":4055,"parent":0,"menu_order":0,"comment_status":"closed","ping_status":"closed","template":"","meta":{"footnotes":""},"class_list":["post-2209","page","type-page","status-publish","has-post-thumbnail","hentry"],"_links":{"self":[{"href":"https:\/\/www.bc-maps.com\/mapa-vectorial-eps\/wp-json\/wp\/v2\/pages\/2209","targetHints":{"allow":["GET"]}}],"collection":[{"href":"https:\/\/www.bc-maps.com\/mapa-vectorial-eps\/wp-json\/wp\/v2\/pages"}],"about":[{"href":"https:\/\/www.bc-maps.com\/mapa-vectorial-eps\/wp-json\/wp\/v2\/types\/page"}],"author":[{"embeddable":true,"href":"https:\/\/www.bc-maps.com\/mapa-vectorial-eps\/wp-json\/wp\/v2\/users\/1"}],"replies":[{"embeddable":true,"href":"https:\/\/www.bc-maps.com\/mapa-vectorial-eps\/wp-json\/wp\/v2\/comments?post=2209"}],"version-history":[{"count":5,"href":"https:\/\/www.bc-maps.com\/mapa-vectorial-eps\/wp-json\/wp\/v2\/pages\/2209\/revisions"}],"predecessor-version":[{"id":7031,"href":"https:\/\/www.bc-maps.com\/mapa-vectorial-eps\/wp-json\/wp\/v2\/pages\/2209\/revisions\/7031"}],"wp:featuredmedia":[{"embeddable":true,"href":"https:\/\/www.bc-maps.com\/mapa-vectorial-eps\/wp-json\/wp\/v2\/media\/4055"}],"wp:attachment":[{"href":"https:\/\/www.bc-maps.com\/mapa-vectorial-eps\/wp-json\/wp\/v2\/media?parent=2209"}],"curies":[{"name":"wp","href":"https:\/\/api.w.org\/{rel}","templated":true}]}}