{"id":2186,"date":"2014-01-17T10:45:21","date_gmt":"2014-01-17T10:45:21","guid":{"rendered":"http:\/\/www.bc-maps.com\/mapa-vectorial-eps\/?page_id=2186"},"modified":"2018-10-04T13:59:53","modified_gmt":"2018-10-04T13:59:53","slug":"las-palmas-ilustrator","status":"publish","type":"page","link":"https:\/\/www.bc-maps.com\/mapa-vectorial-eps\/mapas-vectoriales\/espana\/ciudades\/las-palmas-ilustrator\/","title":{"rendered":"Las Palmas mapa vectorial Illustrator eps"},"content":{"rendered":"<h1>Planos y mapas vectoriales de Las Palmas<\/h1>\n<h2>Las Palmas mapa vectorial Illustrator eps editable<\/h2>\n<h3>Planos vectoriales de ciudades de Gran canaria<\/h3>\n<p>Podemos crear cualquier tipo de mapa de la ciudad de Las Palmas mapa vectorial Illustrator, planos parciales, planos de detalle\u2026etc.<\/p>\n<figure id=\"attachment_2187\" aria-describedby=\"caption-attachment-2187\" style=\"width: 300px\" class=\"wp-caption alignnone\"><a href=\"http:\/\/www.bc-maps.com\/wp-content\/uploads\/2014\/01\/Las-Palmas-mapa-vectorial-eps.jpg\" target=\"_blank\" rel=\"noopener noreferrer\"><img loading=\"lazy\" decoding=\"async\" class=\"wp-image-2187 size-medium\" title=\"Las Palmas mapa vectorial Illustrator eps\" src=\"http:\/\/www.bc-maps.com\/wp-content\/uploads\/2014\/01\/Las-Palmas-mapa-vectorial-eps-300x213.jpg\" alt=\"Las Palmas mapa vectorial Illustrator eps\" width=\"300\" height=\"213\" srcset=\"https:\/\/www.bc-maps.com\/wp-content\/uploads\/2014\/01\/Las-Palmas-mapa-vectorial-eps-300x213.jpg 300w, https:\/\/www.bc-maps.com\/wp-content\/uploads\/2014\/01\/Las-Palmas-mapa-vectorial-eps-1024x729.jpg 1024w, https:\/\/www.bc-maps.com\/wp-content\/uploads\/2014\/01\/Las-Palmas-mapa-vectorial-eps.jpg 1512w\" sizes=\"auto, (max-width: 300px) 100vw, 300px\" \/><\/a><figcaption id=\"caption-attachment-2187\" class=\"wp-caption-text\">Las Palmas mapa vectorial Illustrator eps<\/figcaption><\/figure>\n<p>El contenido de informaci\u00f3n depender\u00e1 del tama\u00f1o de la zona y la escala o medidas de reproducci\u00f3n, ya que no trabajamos con textos inferiores a 5 puntos para que sean legibles.<\/p>\n<p>Habitualmente se entregan ficheros en formato\u00a0<a href=\"http:\/\/www.adobe.com\/es\/products\/illustrator.html\">Illustrator CC<\/a>, totalmente editables, colores y textos, estructurados por medio de casas de informaci\u00f3n para facilitar los cambios y personalizaciones, inclusi\u00f3n de lugares de inter\u00e9s.<\/p>\n","protected":false},"excerpt":{"rendered":"<p>Planos y mapas vectoriales de Las Palmas Las Palmas mapa vectorial Illustrator eps editable Planos vectoriales de ciudades de Gran canaria Podemos crear cualquier tipo de mapa de la ciudad de Las Palmas mapa vectorial Illustrator, planos parciales, planos de detalle\u2026etc. El contenido de informaci\u00f3n depender\u00e1 del tama\u00f1o de la zona y la escala o &hellip; <a href=\"https:\/\/www.bc-maps.com\/mapa-vectorial-eps\/mapas-vectoriales\/espana\/ciudades\/las-palmas-ilustrator\/\" class=\"more-link\">Seguir leyendo <span class=\"screen-reader-text\">Las Palmas mapa vectorial Illustrator eps<\/span> <span class=\"meta-nav\">&rarr;<\/span><\/a><\/p>\n","protected":false},"author":1,"featured_media":0,"parent":52,"menu_order":0,"comment_status":"closed","ping_status":"closed","template":"","meta":{"footnotes":""},"class_list":["post-2186","page","type-page","status-publish","hentry"],"_links":{"self":[{"href":"https:\/\/www.bc-maps.com\/mapa-vectorial-eps\/wp-json\/wp\/v2\/pages\/2186","targetHints":{"allow":["GET"]}}],"collection":[{"href":"https:\/\/www.bc-maps.com\/mapa-vectorial-eps\/wp-json\/wp\/v2\/pages"}],"about":[{"href":"https:\/\/www.bc-maps.com\/mapa-vectorial-eps\/wp-json\/wp\/v2\/types\/page"}],"author":[{"embeddable":true,"href":"https:\/\/www.bc-maps.com\/mapa-vectorial-eps\/wp-json\/wp\/v2\/users\/1"}],"replies":[{"embeddable":true,"href":"https:\/\/www.bc-maps.com\/mapa-vectorial-eps\/wp-json\/wp\/v2\/comments?post=2186"}],"version-history":[{"count":5,"href":"https:\/\/www.bc-maps.com\/mapa-vectorial-eps\/wp-json\/wp\/v2\/pages\/2186\/revisions"}],"predecessor-version":[{"id":3300,"href":"https:\/\/www.bc-maps.com\/mapa-vectorial-eps\/wp-json\/wp\/v2\/pages\/2186\/revisions\/3300"}],"up":[{"embeddable":true,"href":"https:\/\/www.bc-maps.com\/mapa-vectorial-eps\/wp-json\/wp\/v2\/pages\/52"}],"wp:attachment":[{"href":"https:\/\/www.bc-maps.com\/mapa-vectorial-eps\/wp-json\/wp\/v2\/media?parent=2186"}],"curies":[{"name":"wp","href":"https:\/\/api.w.org\/{rel}","templated":true}]}}