{"id":2178,"date":"2014-01-17T10:36:01","date_gmt":"2014-01-17T10:36:01","guid":{"rendered":"http:\/\/www.bc-maps.com\/mapa-vectorial-eps\/?page_id=2178"},"modified":"2023-06-20T15:43:43","modified_gmt":"2023-06-20T15:43:43","slug":"palma-mallorca-ilustrator","status":"publish","type":"page","link":"https:\/\/www.bc-maps.com\/mapa-vectorial-eps\/palma-mallorca-ilustrator\/","title":{"rendered":"Mapa en Illustrator de Palma de Mallorca"},"content":{"rendered":"<h1>Planos y mapas vectoriales de Palma de Mallorca<\/h1>\n<h2>Mapas vectoriales editables con de las calles de Palma de Mallorca<\/h2>\n<h3>Planos vectoriales de ciudades de Mallorca<\/h3>\n<p>Podemos crear cualquier tipo de mapa de la ciudad de\u00a0Palma de Mallorca planos parciales, planos generales, planos de detalle\u2026etc.<\/p>\n<p>Un <strong>mapa vectorial en illustrator eps<\/strong> de\u00a0<strong>Palma <\/strong>es un archivo digital que representa gr\u00e1ficamente la geograf\u00eda, la infraestructura y otros elementos geoespaciales de la ciudad en forma de vectores.<\/p>\n<p>Los mapas se entregan en formatos editables <strong><a href=\"http:\/\/www.adobe.es\">adobe<\/a> illustrator, eps<\/strong><\/p>\n<p>Estas son algunas de las caracter\u00edsticas comunes de un mapa vectorial:<\/p>\n<p>1. Escalabilidad: Los mapas vectoriales son escalables, lo que significa que se pueden ampliar o reducir sin perder calidad.<\/p>\n<p>2. Geometr\u00eda precisa: Los elementos en un mapa vectorial se representan mediante formas geom\u00e9tricas, como l\u00edneas, puntos y pol\u00edgonos. Estas formas se definen matem\u00e1ticamente, lo que garantiza una representaci\u00f3n precisa de la geograf\u00eda y las caracter\u00edsticas del terreno.<\/p>\n<p>3. Capas y atributos: Un mapa vectorial puede contener diferentes capas que representan diferentes tipos de informaci\u00f3n, como carreteras, r\u00edos, edificios, \u00e1reas verdes, entre otros. .<\/p>\n<p>4. Edici\u00f3n y personalizaci\u00f3n: Los mapas vectoriales son editables, lo que permite agregar, eliminar o modificar elementos seg\u00fan las necesidades del usuario. Tambi\u00e9n se pueden personalizar mediante la selecci\u00f3n de colores, estilos de l\u00ednea y s\u00edmbolos.<\/p>\n<p>5. Compatibilidad: Los mapas vectoriales suelen estar disponibles en formatos est\u00e1ndar, como SVG (Scalable Vector Graphics), AI (Adobe Illustrator), EPS (Encapsulated PostScript) o DXF (Drawing Exchange Format), lo que permite su visualizaci\u00f3n y edici\u00f3n en diferentes software de dise\u00f1o y cartograf\u00eda.<\/p>\n<p>Estas caracter\u00edsticas hacen que los mapas vectoriales sean \u00fatiles para an\u00e1lisis espacial, planificaci\u00f3n urbana, navegaci\u00f3n, representaci\u00f3n cartogr\u00e1fica y otras aplicaciones donde la precisi\u00f3n y la flexibilidad son importantes.<\/p>\n<figure id=\"attachment_3157\" aria-describedby=\"caption-attachment-3157\" style=\"width: 300px\" class=\"wp-caption alignnone\"><a href=\"http:\/\/www.bc-maps.com\/wp-content\/uploads\/2014\/01\/PALMA.jpg\" target=\"_blank\" rel=\"noopener noreferrer\"><img loading=\"lazy\" decoding=\"async\" class=\"wp-image-3157 size-medium\" title=\"Palma Mapa vectorial illustrator eps editable AM\" src=\"http:\/\/www.bc-maps.com\/wp-content\/uploads\/2014\/01\/PALMA-300x218.jpg\" alt=\"Palma Mapa vectorial illustrator eps editable AM\" width=\"300\" height=\"218\" srcset=\"https:\/\/www.bc-maps.com\/wp-content\/uploads\/2014\/01\/PALMA-300x218.jpg 300w, https:\/\/www.bc-maps.com\/wp-content\/uploads\/2014\/01\/PALMA-768x557.jpg 768w, https:\/\/www.bc-maps.com\/wp-content\/uploads\/2014\/01\/PALMA-1024x743.jpg 1024w, https:\/\/www.bc-maps.com\/wp-content\/uploads\/2014\/01\/PALMA.jpg 1243w\" sizes=\"auto, (max-width: 300px) 100vw, 300px\" \/><\/a><figcaption id=\"caption-attachment-3157\" class=\"wp-caption-text\">Palma Mapa vectorial illustrator eps editable AM<\/figcaption><\/figure>\n<figure id=\"attachment_3159\" aria-describedby=\"caption-attachment-3159\" style=\"width: 300px\" class=\"wp-caption alignnone\"><a href=\"http:\/\/www.bc-maps.com\/wp-content\/uploads\/2014\/01\/Palma-mapa-vectorial-illustrator-eps.jpg\" target=\"_blank\" rel=\"noopener noreferrer\"><img loading=\"lazy\" decoding=\"async\" class=\"wp-image-3159 size-medium\" title=\"Palma mapa vectorial illustrator eps\" src=\"http:\/\/www.bc-maps.com\/wp-content\/uploads\/2014\/01\/Palma-mapa-vectorial-illustrator-eps-300x211.jpg\" alt=\"Palma mapa vectorial illustrator eps\" width=\"300\" height=\"211\" srcset=\"https:\/\/www.bc-maps.com\/wp-content\/uploads\/2014\/01\/Palma-mapa-vectorial-illustrator-eps-300x211.jpg 300w, https:\/\/www.bc-maps.com\/wp-content\/uploads\/2014\/01\/Palma-mapa-vectorial-illustrator-eps-768x541.jpg 768w, https:\/\/www.bc-maps.com\/wp-content\/uploads\/2014\/01\/Palma-mapa-vectorial-illustrator-eps-1024x722.jpg 1024w\" sizes=\"auto, (max-width: 300px) 100vw, 300px\" \/><\/a><figcaption id=\"caption-attachment-3159\" class=\"wp-caption-text\">Palma mapa vectorial illustrator eps<\/figcaption><\/figure>\n<p>El contenido de informaci\u00f3n depender\u00e1 del tama\u00f1o de la zona y la escala o medidas de reproducci\u00f3n, ya que no trabajamos con textos inferiores a 5 puntos para que sean legibles.<\/p>\n","protected":false},"excerpt":{"rendered":"<p>Planos y mapas vectoriales de Palma de Mallorca Mapas vectoriales editables con de las calles de Palma de Mallorca Planos vectoriales de ciudades de Mallorca Podemos crear cualquier tipo de mapa de la ciudad de\u00a0Palma de Mallorca planos parciales, planos generales, planos de detalle\u2026etc. Un mapa vectorial en illustrator eps de\u00a0Palma es un archivo digital &hellip; <a href=\"https:\/\/www.bc-maps.com\/mapa-vectorial-eps\/palma-mallorca-ilustrator\/\" class=\"more-link\">Seguir leyendo <span class=\"screen-reader-text\">Mapa en Illustrator de Palma de Mallorca<\/span> <span class=\"meta-nav\">&rarr;<\/span><\/a><\/p>\n","protected":false},"author":1,"featured_media":0,"parent":0,"menu_order":0,"comment_status":"closed","ping_status":"closed","template":"","meta":{"footnotes":""},"class_list":["post-2178","page","type-page","status-publish","hentry"],"_links":{"self":[{"href":"https:\/\/www.bc-maps.com\/mapa-vectorial-eps\/wp-json\/wp\/v2\/pages\/2178","targetHints":{"allow":["GET"]}}],"collection":[{"href":"https:\/\/www.bc-maps.com\/mapa-vectorial-eps\/wp-json\/wp\/v2\/pages"}],"about":[{"href":"https:\/\/www.bc-maps.com\/mapa-vectorial-eps\/wp-json\/wp\/v2\/types\/page"}],"author":[{"embeddable":true,"href":"https:\/\/www.bc-maps.com\/mapa-vectorial-eps\/wp-json\/wp\/v2\/users\/1"}],"replies":[{"embeddable":true,"href":"https:\/\/www.bc-maps.com\/mapa-vectorial-eps\/wp-json\/wp\/v2\/comments?post=2178"}],"version-history":[{"count":5,"href":"https:\/\/www.bc-maps.com\/mapa-vectorial-eps\/wp-json\/wp\/v2\/pages\/2178\/revisions"}],"predecessor-version":[{"id":5432,"href":"https:\/\/www.bc-maps.com\/mapa-vectorial-eps\/wp-json\/wp\/v2\/pages\/2178\/revisions\/5432"}],"wp:attachment":[{"href":"https:\/\/www.bc-maps.com\/mapa-vectorial-eps\/wp-json\/wp\/v2\/media?parent=2178"}],"curies":[{"name":"wp","href":"https:\/\/api.w.org\/{rel}","templated":true}]}}