{"id":2172,"date":"2014-01-17T10:20:56","date_gmt":"2014-01-17T10:20:56","guid":{"rendered":"http:\/\/www.bc-maps.com\/mapa-vectorial-eps\/?page_id=2172"},"modified":"2021-09-01T07:28:33","modified_gmt":"2021-09-01T07:28:33","slug":"murcia-ilustrator","status":"publish","type":"page","link":"https:\/\/www.bc-maps.com\/mapa-vectorial-eps\/murcia-ilustrator\/","title":{"rendered":"Mapa en Illustrator de Murcia"},"content":{"rendered":"<h1>Planos y mapas vectoriales de Murcia<\/h1>\n<h2>Mapas vectoriales editables con de las calles de Murcia<\/h2>\n<h3>Planos vectoriales de ciudades de Murcia<\/h3>\n<p>Podemos crear cualquier tipo de mapa de la ciudad de Murcia, planos parciales, planos generales, planos de detalle\u2026etc.<\/p>\n<p>Formatos editables, textos y colores, estructurados por medio de capas de informaci\u00f3n, illustrator, eps, pdf, svg, freehand.<\/p>\n<div class=\"mceTemp\"><\/div>\n<figure id=\"attachment_3150\" aria-describedby=\"caption-attachment-3150\" style=\"width: 300px\" class=\"wp-caption alignnone\"><a href=\"http:\/\/www.bc-maps.com\/wp-content\/uploads\/2014\/01\/MURCIA-LC.jpg\" target=\"_blank\" rel=\"noopener noreferrer\"><img loading=\"lazy\" decoding=\"async\" class=\"wp-image-3150 size-medium\" title=\"Murcia mapa vectorial illustrator eps AM\" src=\"http:\/\/www.bc-maps.com\/wp-content\/uploads\/2014\/01\/MURCIA-LC-300x162.jpg\" alt=\"Murcia mapa vectorial illustrator eps AM\" width=\"300\" height=\"162\" srcset=\"https:\/\/www.bc-maps.com\/wp-content\/uploads\/2014\/01\/MURCIA-LC-300x162.jpg 300w, https:\/\/www.bc-maps.com\/wp-content\/uploads\/2014\/01\/MURCIA-LC-768x414.jpg 768w, https:\/\/www.bc-maps.com\/wp-content\/uploads\/2014\/01\/MURCIA-LC-1024x552.jpg 1024w\" sizes=\"auto, (max-width: 300px) 100vw, 300px\" \/><\/a><figcaption id=\"caption-attachment-3150\" class=\"wp-caption-text\">Murcia mapa vectorial illustrator eps AM<\/figcaption><\/figure>\n<figure id=\"attachment_3151\" aria-describedby=\"caption-attachment-3151\" style=\"width: 254px\" class=\"wp-caption alignnone\"><a href=\"http:\/\/www.bc-maps.com\/wp-content\/uploads\/2014\/01\/Murcia-mapa-vectorial-illustrator-eps.jpg\" target=\"_blank\" rel=\"noopener noreferrer\"><img loading=\"lazy\" decoding=\"async\" class=\"wp-image-3151 size-medium\" title=\"Murcia mapa vectorial illustrator eps\" src=\"http:\/\/www.bc-maps.com\/wp-content\/uploads\/2014\/01\/Murcia-mapa-vectorial-illustrator-eps-254x300.jpg\" alt=\"Murcia mapa vectorial illustrator eps\" width=\"254\" height=\"300\" srcset=\"https:\/\/www.bc-maps.com\/wp-content\/uploads\/2014\/01\/Murcia-mapa-vectorial-illustrator-eps-254x300.jpg 254w, https:\/\/www.bc-maps.com\/wp-content\/uploads\/2014\/01\/Murcia-mapa-vectorial-illustrator-eps-768x909.jpg 768w, https:\/\/www.bc-maps.com\/wp-content\/uploads\/2014\/01\/Murcia-mapa-vectorial-illustrator-eps-866x1024.jpg 866w\" sizes=\"auto, (max-width: 254px) 100vw, 254px\" \/><\/a><figcaption id=\"caption-attachment-3151\" class=\"wp-caption-text\">Murcia mapa vectorial illustrator eps<\/figcaption><\/figure>\n<figure id=\"attachment_3152\" aria-describedby=\"caption-attachment-3152\" style=\"width: 300px\" class=\"wp-caption alignnone\"><a href=\"http:\/\/www.bc-maps.com\/wp-content\/uploads\/2014\/01\/Cartagena-mapa-vectorial-illustrator-eps.jpg\" target=\"_blank\" rel=\"noopener noreferrer\"><img loading=\"lazy\" decoding=\"async\" class=\"wp-image-3152 size-medium\" title=\"Cartagena mapa vectorial illustrator eps\" src=\"http:\/\/www.bc-maps.com\/wp-content\/uploads\/2014\/01\/Cartagena-mapa-vectorial-illustrator-eps-300x292.jpg\" alt=\"Cartagena mapa vectorial illustrator eps\" width=\"300\" height=\"292\" srcset=\"https:\/\/www.bc-maps.com\/wp-content\/uploads\/2014\/01\/Cartagena-mapa-vectorial-illustrator-eps-300x292.jpg 300w, https:\/\/www.bc-maps.com\/wp-content\/uploads\/2014\/01\/Cartagena-mapa-vectorial-illustrator-eps-768x748.jpg 768w, https:\/\/www.bc-maps.com\/wp-content\/uploads\/2014\/01\/Cartagena-mapa-vectorial-illustrator-eps-1024x997.jpg 1024w\" sizes=\"auto, (max-width: 300px) 100vw, 300px\" \/><\/a><figcaption id=\"caption-attachment-3152\" class=\"wp-caption-text\">Cartagena mapa vectorial illustrator eps<\/figcaption><\/figure>\n<p>El contenido de informaci\u00f3n depender\u00e1 del tama\u00f1o de la zona y la escala o medidas de reproducci\u00f3n, ya que no trabajamos con textos inferiores a 5 puntos para que sean legibles.<\/p>\n","protected":false},"excerpt":{"rendered":"<p>Planos y mapas vectoriales de Murcia Mapas vectoriales editables con de las calles de Murcia Planos vectoriales de ciudades de Murcia Podemos crear cualquier tipo de mapa de la ciudad de Murcia, planos parciales, planos generales, planos de detalle\u2026etc. Formatos editables, textos y colores, estructurados por medio de capas de informaci\u00f3n, illustrator, eps, pdf, svg, &hellip; <a href=\"https:\/\/www.bc-maps.com\/mapa-vectorial-eps\/murcia-ilustrator\/\" class=\"more-link\">Seguir leyendo <span class=\"screen-reader-text\">Mapa en Illustrator de Murcia<\/span> <span class=\"meta-nav\">&rarr;<\/span><\/a><\/p>\n","protected":false},"author":1,"featured_media":4014,"parent":0,"menu_order":0,"comment_status":"closed","ping_status":"closed","template":"","meta":{"footnotes":""},"class_list":["post-2172","page","type-page","status-publish","has-post-thumbnail","hentry"],"_links":{"self":[{"href":"https:\/\/www.bc-maps.com\/mapa-vectorial-eps\/wp-json\/wp\/v2\/pages\/2172","targetHints":{"allow":["GET"]}}],"collection":[{"href":"https:\/\/www.bc-maps.com\/mapa-vectorial-eps\/wp-json\/wp\/v2\/pages"}],"about":[{"href":"https:\/\/www.bc-maps.com\/mapa-vectorial-eps\/wp-json\/wp\/v2\/types\/page"}],"author":[{"embeddable":true,"href":"https:\/\/www.bc-maps.com\/mapa-vectorial-eps\/wp-json\/wp\/v2\/users\/1"}],"replies":[{"embeddable":true,"href":"https:\/\/www.bc-maps.com\/mapa-vectorial-eps\/wp-json\/wp\/v2\/comments?post=2172"}],"version-history":[{"count":2,"href":"https:\/\/www.bc-maps.com\/mapa-vectorial-eps\/wp-json\/wp\/v2\/pages\/2172\/revisions"}],"predecessor-version":[{"id":3153,"href":"https:\/\/www.bc-maps.com\/mapa-vectorial-eps\/wp-json\/wp\/v2\/pages\/2172\/revisions\/3153"}],"wp:featuredmedia":[{"embeddable":true,"href":"https:\/\/www.bc-maps.com\/mapa-vectorial-eps\/wp-json\/wp\/v2\/media\/4014"}],"wp:attachment":[{"href":"https:\/\/www.bc-maps.com\/mapa-vectorial-eps\/wp-json\/wp\/v2\/media?parent=2172"}],"curies":[{"name":"wp","href":"https:\/\/api.w.org\/{rel}","templated":true}]}}