{"id":2165,"date":"2014-01-17T09:42:50","date_gmt":"2014-01-17T09:42:50","guid":{"rendered":"http:\/\/www.bc-maps.com\/mapa-vectorial-eps\/?page_id=2165"},"modified":"2022-09-01T08:14:22","modified_gmt":"2022-09-01T08:14:22","slug":"donostia-san-sebastian-ilustrator","status":"publish","type":"page","link":"https:\/\/www.bc-maps.com\/mapa-vectorial-eps\/mapas-vectoriales\/espana\/ciudades\/donostia-san-sebastian-ilustrator\/","title":{"rendered":"Donostia-San Sebasti\u00e1n mapa vectorial illustrator eps editable"},"content":{"rendered":"<h1>Planos y mapas vectoriales de Donostia-San Sebasti\u00e1n<\/h1>\n<h2>Mapas vectoriales editables con\u00a0 las calles de San Sebasti\u00e1n<\/h2>\n<p>Podemos crear cualquier tipo de mapa de la ciudad de San Sebasti\u00e1n, planos parciales, planos generales, planos de detalle\u2026etc.\u00a0en <a href=\"http:\/\/www.adobe.com\/es\">adobe illustrator\u00a0<\/a>as\u00ed como otros<\/p>\n<p>Formatos editables, textos y colores, estructurados por medio de capas de informaci\u00f3n, illustrator, eps, pdf, svg, freehand.<\/p>\n<figure id=\"attachment_3087\" aria-describedby=\"caption-attachment-3087\" style=\"width: 300px\" class=\"wp-caption alignnone\"><a href=\"http:\/\/www.bc-maps.com\/wp-content\/uploads\/2014\/01\/Donostia-mapa-vectorial-illustrator-editable-eps.jpg\" target=\"_blank\" rel=\"noopener noreferrer\"><img loading=\"lazy\" decoding=\"async\" class=\"wp-image-3087 size-medium\" title=\"Donostia mapa vectorial illustrator editable eps\" src=\"http:\/\/www.bc-maps.com\/wp-content\/uploads\/2014\/01\/Donostia-mapa-vectorial-illustrator-editable-eps-300x272.jpg\" alt=\"Donostia mapa vectorial illustrator editable eps\" width=\"300\" height=\"272\" srcset=\"https:\/\/www.bc-maps.com\/wp-content\/uploads\/2014\/01\/Donostia-mapa-vectorial-illustrator-editable-eps-300x272.jpg 300w, https:\/\/www.bc-maps.com\/wp-content\/uploads\/2014\/01\/Donostia-mapa-vectorial-illustrator-editable-eps-768x695.jpg 768w, https:\/\/www.bc-maps.com\/wp-content\/uploads\/2014\/01\/Donostia-mapa-vectorial-illustrator-editable-eps-1024x927.jpg 1024w, https:\/\/www.bc-maps.com\/wp-content\/uploads\/2014\/01\/Donostia-mapa-vectorial-illustrator-editable-eps.jpg 1306w\" sizes=\"auto, (max-width: 300px) 100vw, 300px\" \/><\/a><figcaption id=\"caption-attachment-3087\" class=\"wp-caption-text\">Donostia mapa vectorial illustrator editable eps<\/figcaption><\/figure>\n<figure id=\"attachment_3088\" aria-describedby=\"caption-attachment-3088\" style=\"width: 300px\" class=\"wp-caption alignnone\"><a href=\"http:\/\/www.bc-maps.com\/wp-content\/uploads\/2014\/01\/Donostia-mapa-vectorial-illustrator-mudo-editable-eps.jpg\" target=\"_blank\" rel=\"noopener\"><img loading=\"lazy\" decoding=\"async\" class=\"wp-image-3088 size-medium\" title=\"San Sebasti\u00e1n mapa vectorial illustrator mudo editable eps\" src=\"http:\/\/www.bc-maps.com\/wp-content\/uploads\/2014\/01\/Donostia-mapa-vectorial-illustrator-mudo-editable-eps-300x212.jpg\" alt=\"San Sebasti\u00e1n mapa vectorial illustrator mudo editable eps\" width=\"300\" height=\"212\" srcset=\"https:\/\/www.bc-maps.com\/wp-content\/uploads\/2014\/01\/Donostia-mapa-vectorial-illustrator-mudo-editable-eps-300x212.jpg 300w, https:\/\/www.bc-maps.com\/wp-content\/uploads\/2014\/01\/Donostia-mapa-vectorial-illustrator-mudo-editable-eps-768x543.jpg 768w, https:\/\/www.bc-maps.com\/wp-content\/uploads\/2014\/01\/Donostia-mapa-vectorial-illustrator-mudo-editable-eps-1024x724.jpg 1024w\" sizes=\"auto, (max-width: 300px) 100vw, 300px\" \/><\/a><figcaption id=\"caption-attachment-3088\" class=\"wp-caption-text\">San Sebasti\u00e1n mapa vectorial illustrator mudo editable eps<\/figcaption><\/figure>\n<figure id=\"attachment_3086\" aria-describedby=\"caption-attachment-3086\" style=\"width: 300px\" class=\"wp-caption alignnone\"><a href=\"http:\/\/www.bc-maps.com\/wp-content\/uploads\/2014\/01\/Donostia-mapa-vectorial-illustrator-eps.jpg\" target=\"_blank\" rel=\"noopener noreferrer\"><img loading=\"lazy\" decoding=\"async\" class=\"wp-image-3086 size-medium\" title=\"Donostia mapa vectorial illustrator mudo editable eps\" src=\"http:\/\/www.bc-maps.com\/wp-content\/uploads\/2014\/01\/Donostia-mapa-vectorial-illustrator-eps-300x272.jpg\" alt=\"Donostia mapa vectorial illustrator eps\" width=\"300\" height=\"272\" srcset=\"https:\/\/www.bc-maps.com\/wp-content\/uploads\/2014\/01\/Donostia-mapa-vectorial-illustrator-eps-300x272.jpg 300w, https:\/\/www.bc-maps.com\/wp-content\/uploads\/2014\/01\/Donostia-mapa-vectorial-illustrator-eps-768x697.jpg 768w, https:\/\/www.bc-maps.com\/wp-content\/uploads\/2014\/01\/Donostia-mapa-vectorial-illustrator-eps-1024x929.jpg 1024w, https:\/\/www.bc-maps.com\/wp-content\/uploads\/2014\/01\/Donostia-mapa-vectorial-illustrator-eps.jpg 1302w\" sizes=\"auto, (max-width: 300px) 100vw, 300px\" \/><\/a><figcaption id=\"caption-attachment-3086\" class=\"wp-caption-text\">Donostia mapa vectorial illustrator eps<\/figcaption><\/figure>\n<div class=\"mceTemp\"><\/div>\n<p>El contenido de informaci\u00f3n depender\u00e1 del tama\u00f1o de la zona y la escala o medidas de reproducci\u00f3n, ya que no trabajamos con textos inferiores a 5 puntos para que sean legibles.<\/p>\n","protected":false},"excerpt":{"rendered":"<p>Planos y mapas vectoriales de Donostia-San Sebasti\u00e1n Mapas vectoriales editables con\u00a0 las calles de San Sebasti\u00e1n Podemos crear cualquier tipo de mapa de la ciudad de San Sebasti\u00e1n, planos parciales, planos generales, planos de detalle\u2026etc.\u00a0en adobe illustrator\u00a0as\u00ed como otros Formatos editables, textos y colores, estructurados por medio de capas de informaci\u00f3n, illustrator, eps, pdf, svg, &hellip; <a href=\"https:\/\/www.bc-maps.com\/mapa-vectorial-eps\/mapas-vectoriales\/espana\/ciudades\/donostia-san-sebastian-ilustrator\/\" class=\"more-link\">Seguir leyendo <span class=\"screen-reader-text\">Donostia-San Sebasti\u00e1n mapa vectorial illustrator eps editable<\/span> <span class=\"meta-nav\">&rarr;<\/span><\/a><\/p>\n","protected":false},"author":1,"featured_media":0,"parent":52,"menu_order":0,"comment_status":"closed","ping_status":"closed","template":"","meta":{"footnotes":""},"class_list":["post-2165","page","type-page","status-publish","hentry"],"_links":{"self":[{"href":"https:\/\/www.bc-maps.com\/mapa-vectorial-eps\/wp-json\/wp\/v2\/pages\/2165","targetHints":{"allow":["GET"]}}],"collection":[{"href":"https:\/\/www.bc-maps.com\/mapa-vectorial-eps\/wp-json\/wp\/v2\/pages"}],"about":[{"href":"https:\/\/www.bc-maps.com\/mapa-vectorial-eps\/wp-json\/wp\/v2\/types\/page"}],"author":[{"embeddable":true,"href":"https:\/\/www.bc-maps.com\/mapa-vectorial-eps\/wp-json\/wp\/v2\/users\/1"}],"replies":[{"embeddable":true,"href":"https:\/\/www.bc-maps.com\/mapa-vectorial-eps\/wp-json\/wp\/v2\/comments?post=2165"}],"version-history":[{"count":4,"href":"https:\/\/www.bc-maps.com\/mapa-vectorial-eps\/wp-json\/wp\/v2\/pages\/2165\/revisions"}],"predecessor-version":[{"id":4962,"href":"https:\/\/www.bc-maps.com\/mapa-vectorial-eps\/wp-json\/wp\/v2\/pages\/2165\/revisions\/4962"}],"up":[{"embeddable":true,"href":"https:\/\/www.bc-maps.com\/mapa-vectorial-eps\/wp-json\/wp\/v2\/pages\/52"}],"wp:attachment":[{"href":"https:\/\/www.bc-maps.com\/mapa-vectorial-eps\/wp-json\/wp\/v2\/media?parent=2165"}],"curies":[{"name":"wp","href":"https:\/\/api.w.org\/{rel}","templated":true}]}}