{"id":2160,"date":"2014-01-16T11:43:00","date_gmt":"2014-01-16T11:43:00","guid":{"rendered":"http:\/\/www.bc-maps.com\/mapa-vectorial-eps\/?page_id=2160"},"modified":"2021-10-05T09:32:23","modified_gmt":"2021-10-05T09:32:23","slug":"ciudad-real-ilustrator","status":"publish","type":"page","link":"https:\/\/www.bc-maps.com\/mapa-vectorial-eps\/mapas-vectoriales\/espana\/ciudades\/ciudad-real-ilustrator\/","title":{"rendered":"Ciudad Real mapa vectorial illustrator eps editable"},"content":{"rendered":"<h1>Planos y mapas vectoriales de Ciudad Real<\/h1>\n<h2>Mapas vectoriales editables<\/h2>\n<h3>Planos vectoriales de ciudades de Valladolid<\/h3>\n<p>Podemos crear cualquier tipo de mapa de la ciudad de Ciudad Real, planos parciales, planos generales, planos de detalle, accesos, \u00e1rea metropolitana\u2026etc. \u00a0en <a href=\"http:\/\/www.adobe.com\/es\">adobe illustrator<\/a><\/p>\n<p>Formatos editables, textos y colores, estructurados por medio de capas de informaci\u00f3n, illustrator, eps, pdf, svg, freehand.<\/p>\n<p>Los mapas de ciudades pueden contener el nombre de todas las calles o solo las principales, as\u00ed como los lugares de inter\u00e9s m\u00e1s importantes.<\/p>\n<figure id=\"attachment_3076\" aria-describedby=\"caption-attachment-3076\" style=\"width: 213px\" class=\"wp-caption alignnone\"><a href=\"http:\/\/www.bc-maps.com\/wp-content\/uploads\/2014\/01\/Ciudad-Real-mapa-vectorial-illustrator-eps.jpg\" target=\"_blank\" rel=\"noopener noreferrer\"><img loading=\"lazy\" decoding=\"async\" class=\"wp-image-3076 size-medium\" title=\"Ciudad Real mapa vectorial illustrator eps\" src=\"http:\/\/www.bc-maps.com\/wp-content\/uploads\/2014\/01\/Ciudad-Real-mapa-vectorial-illustrator-eps-213x300.jpg\" alt=\"Ciudad Real mapa vectorial illustrator eps\" width=\"213\" height=\"300\" srcset=\"https:\/\/www.bc-maps.com\/wp-content\/uploads\/2014\/01\/Ciudad-Real-mapa-vectorial-illustrator-eps-213x300.jpg 213w, https:\/\/www.bc-maps.com\/wp-content\/uploads\/2014\/01\/Ciudad-Real-mapa-vectorial-illustrator-eps-768x1084.jpg 768w, https:\/\/www.bc-maps.com\/wp-content\/uploads\/2014\/01\/Ciudad-Real-mapa-vectorial-illustrator-eps-725x1024.jpg 725w, https:\/\/www.bc-maps.com\/wp-content\/uploads\/2014\/01\/Ciudad-Real-mapa-vectorial-illustrator-eps.jpg 1759w\" sizes=\"auto, (max-width: 213px) 100vw, 213px\" \/><\/a><figcaption id=\"caption-attachment-3076\" class=\"wp-caption-text\">Ciudad Real mapa vectorial illustrator eps<\/figcaption><\/figure>\n<figure id=\"attachment_3074\" aria-describedby=\"caption-attachment-3074\" style=\"width: 204px\" class=\"wp-caption alignnone\"><img loading=\"lazy\" decoding=\"async\" class=\"size-medium wp-image-3074\" src=\"http:\/\/www.bc-maps.com\/wp-content\/uploads\/2014\/01\/CIUDAD-REAL-OK-AVE-204x300.jpg\" alt=\"Ciudad Real Mapa vectorial illustrator eps AVE\" width=\"204\" height=\"300\" srcset=\"https:\/\/www.bc-maps.com\/wp-content\/uploads\/2014\/01\/CIUDAD-REAL-OK-AVE-204x300.jpg 204w, https:\/\/www.bc-maps.com\/wp-content\/uploads\/2014\/01\/CIUDAD-REAL-OK-AVE-768x1127.jpg 768w, https:\/\/www.bc-maps.com\/wp-content\/uploads\/2014\/01\/CIUDAD-REAL-OK-AVE-698x1024.jpg 698w, https:\/\/www.bc-maps.com\/wp-content\/uploads\/2014\/01\/CIUDAD-REAL-OK-AVE.jpg 1156w\" sizes=\"auto, (max-width: 204px) 100vw, 204px\" \/><figcaption id=\"caption-attachment-3074\" class=\"wp-caption-text\">Ciudad Real Mapa vectorial illustrator eps AVE<\/figcaption><\/figure>\n<div class=\"mceTemp\"><\/div>\n<p>El contenido de informaci\u00f3n depender\u00e1 del tama\u00f1o de la zona y la escala o medidas de reproducci\u00f3n, ya que no trabajamos con textos inferiores a 5 puntos para que sean legibles.<\/p>\n","protected":false},"excerpt":{"rendered":"<p>Planos y mapas vectoriales de Ciudad Real Mapas vectoriales editables Planos vectoriales de ciudades de Valladolid Podemos crear cualquier tipo de mapa de la ciudad de Ciudad Real, planos parciales, planos generales, planos de detalle, accesos, \u00e1rea metropolitana\u2026etc. \u00a0en adobe illustrator Formatos editables, textos y colores, estructurados por medio de capas de informaci\u00f3n, illustrator, eps, &hellip; <a href=\"https:\/\/www.bc-maps.com\/mapa-vectorial-eps\/mapas-vectoriales\/espana\/ciudades\/ciudad-real-ilustrator\/\" class=\"more-link\">Seguir leyendo <span class=\"screen-reader-text\">Ciudad Real mapa vectorial illustrator eps editable<\/span> <span class=\"meta-nav\">&rarr;<\/span><\/a><\/p>\n","protected":false},"author":1,"featured_media":0,"parent":52,"menu_order":0,"comment_status":"closed","ping_status":"closed","template":"","meta":{"footnotes":""},"class_list":["post-2160","page","type-page","status-publish","hentry"],"_links":{"self":[{"href":"https:\/\/www.bc-maps.com\/mapa-vectorial-eps\/wp-json\/wp\/v2\/pages\/2160","targetHints":{"allow":["GET"]}}],"collection":[{"href":"https:\/\/www.bc-maps.com\/mapa-vectorial-eps\/wp-json\/wp\/v2\/pages"}],"about":[{"href":"https:\/\/www.bc-maps.com\/mapa-vectorial-eps\/wp-json\/wp\/v2\/types\/page"}],"author":[{"embeddable":true,"href":"https:\/\/www.bc-maps.com\/mapa-vectorial-eps\/wp-json\/wp\/v2\/users\/1"}],"replies":[{"embeddable":true,"href":"https:\/\/www.bc-maps.com\/mapa-vectorial-eps\/wp-json\/wp\/v2\/comments?post=2160"}],"version-history":[{"count":6,"href":"https:\/\/www.bc-maps.com\/mapa-vectorial-eps\/wp-json\/wp\/v2\/pages\/2160\/revisions"}],"predecessor-version":[{"id":4961,"href":"https:\/\/www.bc-maps.com\/mapa-vectorial-eps\/wp-json\/wp\/v2\/pages\/2160\/revisions\/4961"}],"up":[{"embeddable":true,"href":"https:\/\/www.bc-maps.com\/mapa-vectorial-eps\/wp-json\/wp\/v2\/pages\/52"}],"wp:attachment":[{"href":"https:\/\/www.bc-maps.com\/mapa-vectorial-eps\/wp-json\/wp\/v2\/media?parent=2160"}],"curies":[{"name":"wp","href":"https:\/\/api.w.org\/{rel}","templated":true}]}}