{"id":2060,"date":"2013-10-28T10:42:59","date_gmt":"2013-10-28T10:42:59","guid":{"rendered":"http:\/\/www.bc-maps.com\/mapa-vectorial-eps\/?page_id=2060"},"modified":"2018-10-04T15:22:30","modified_gmt":"2018-10-04T15:22:30","slug":"glasgow-ilustrator","status":"publish","type":"page","link":"https:\/\/www.bc-maps.com\/mapa-vectorial-eps\/mapas-vectoriales\/mapas-de-europa\/ciudades\/glasgow-ilustrator\/","title":{"rendered":"Mapa en Illustrator de Glasgow"},"content":{"rendered":"<h1>Planos y mapas vectoriales de\u00a0Glasgow<\/h1>\n<h2>Mapas vectoriales editables con de las calles de\u00a0Glasgow<\/h2>\n<h3>Planos vectoriales de\u00a0Glasgow<\/h3>\n<p>Podemos crear cualquier tipo de mapa de la ciudad de Glasgow, planos parciales, planos generales, planos de detalle\u2026etc.\u00a0en <a href=\"http:\/\/www.adobe.com\/es\">adobe illustrator<\/a><\/p>\n<p>Formatos editables, textos y colores, estructurados por medio de capas de informaci\u00f3n, illustrator, eps, pdf, svg, freehand.<\/p>\n<figure id=\"attachment_3102\" aria-describedby=\"caption-attachment-3102\" style=\"width: 241px\" class=\"wp-caption alignnone\"><a href=\"http:\/\/www.bc-maps.com\/wp-content\/uploads\/2013\/10\/Glasgow-mapa-vectorial-illustrator-eps.jpg\" target=\"_blank\" rel=\"noopener noreferrer\"><img loading=\"lazy\" decoding=\"async\" class=\"wp-image-3102 size-medium\" title=\"Glasgow mapa vectorial illustrator eps\" src=\"http:\/\/www.bc-maps.com\/wp-content\/uploads\/2013\/10\/Glasgow-mapa-vectorial-illustrator-eps-241x300.jpg\" alt=\"Glasgow mapa vectorial illustrator eps\" width=\"241\" height=\"300\" srcset=\"https:\/\/www.bc-maps.com\/wp-content\/uploads\/2013\/10\/Glasgow-mapa-vectorial-illustrator-eps-241x300.jpg 241w, https:\/\/www.bc-maps.com\/wp-content\/uploads\/2013\/10\/Glasgow-mapa-vectorial-illustrator-eps-768x956.jpg 768w, https:\/\/www.bc-maps.com\/wp-content\/uploads\/2013\/10\/Glasgow-mapa-vectorial-illustrator-eps-823x1024.jpg 823w, https:\/\/www.bc-maps.com\/wp-content\/uploads\/2013\/10\/Glasgow-mapa-vectorial-illustrator-eps.jpg 1381w\" sizes=\"auto, (max-width: 241px) 100vw, 241px\" \/><\/a><figcaption id=\"caption-attachment-3102\" class=\"wp-caption-text\">Glasgow mapa vectorial illustrator eps<\/figcaption><\/figure>\n<div class=\"mceTemp\"><\/div>\n<p>El contenido de informaci\u00f3n depender\u00e1 del tama\u00f1o de la zona y la escala o medidas de reproducci\u00f3n, ya que no trabajamos con textos inferiores a 5 puntos para que sean legibles.<\/p>\n<div class=\"mceTemp\"><\/div>\n","protected":false},"excerpt":{"rendered":"<p>Planos y mapas vectoriales de\u00a0Glasgow Mapas vectoriales editables con de las calles de\u00a0Glasgow Planos vectoriales de\u00a0Glasgow Podemos crear cualquier tipo de mapa de la ciudad de Glasgow, planos parciales, planos generales, planos de detalle\u2026etc.\u00a0en adobe illustrator Formatos editables, textos y colores, estructurados por medio de capas de informaci\u00f3n, illustrator, eps, pdf, svg, freehand. El contenido &hellip; <a href=\"https:\/\/www.bc-maps.com\/mapa-vectorial-eps\/mapas-vectoriales\/mapas-de-europa\/ciudades\/glasgow-ilustrator\/\" class=\"more-link\">Seguir leyendo <span class=\"screen-reader-text\">Mapa en Illustrator de Glasgow<\/span> <span class=\"meta-nav\">&rarr;<\/span><\/a><\/p>\n","protected":false},"author":1,"featured_media":0,"parent":3611,"menu_order":0,"comment_status":"closed","ping_status":"closed","template":"","meta":{"footnotes":""},"class_list":["post-2060","page","type-page","status-publish","hentry"],"_links":{"self":[{"href":"https:\/\/www.bc-maps.com\/mapa-vectorial-eps\/wp-json\/wp\/v2\/pages\/2060","targetHints":{"allow":["GET"]}}],"collection":[{"href":"https:\/\/www.bc-maps.com\/mapa-vectorial-eps\/wp-json\/wp\/v2\/pages"}],"about":[{"href":"https:\/\/www.bc-maps.com\/mapa-vectorial-eps\/wp-json\/wp\/v2\/types\/page"}],"author":[{"embeddable":true,"href":"https:\/\/www.bc-maps.com\/mapa-vectorial-eps\/wp-json\/wp\/v2\/users\/1"}],"replies":[{"embeddable":true,"href":"https:\/\/www.bc-maps.com\/mapa-vectorial-eps\/wp-json\/wp\/v2\/comments?post=2060"}],"version-history":[{"count":6,"href":"https:\/\/www.bc-maps.com\/mapa-vectorial-eps\/wp-json\/wp\/v2\/pages\/2060\/revisions"}],"predecessor-version":[{"id":3654,"href":"https:\/\/www.bc-maps.com\/mapa-vectorial-eps\/wp-json\/wp\/v2\/pages\/2060\/revisions\/3654"}],"up":[{"embeddable":true,"href":"https:\/\/www.bc-maps.com\/mapa-vectorial-eps\/wp-json\/wp\/v2\/pages\/3611"}],"wp:attachment":[{"href":"https:\/\/www.bc-maps.com\/mapa-vectorial-eps\/wp-json\/wp\/v2\/media?parent=2060"}],"curies":[{"name":"wp","href":"https:\/\/api.w.org\/{rel}","templated":true}]}}