{"id":2059,"date":"2013-10-28T10:38:36","date_gmt":"2013-10-28T10:38:36","guid":{"rendered":"http:\/\/www.bc-maps.com\/mapa-vectorial-eps\/?page_id=2059"},"modified":"2024-12-03T09:24:23","modified_gmt":"2024-12-03T09:24:23","slug":"manchester-ilustrator","status":"publish","type":"page","link":"https:\/\/www.bc-maps.com\/mapa-vectorial-eps\/manchester-ilustrator\/","title":{"rendered":"Mapa en Illustrator de Manchester"},"content":{"rendered":"<h1>Planos y mapas vectoriales de\u00a0Manchester<\/h1>\n<h2>Mapas vectoriales editables con de las calles de\u00a0Manchester<\/h2>\n<h3>Planos vectoriales de\u00a0Manchester<\/h3>\n<p>Podemos crear cualquier tipo de mapa de la ciudad de Manchester, planos parciales, planos generales, planos de detalle\u2026etc.<\/p>\n<p>Formatos editables, textos y colores, estructurados por medio de capas de informaci\u00f3n, illustrator, eps, pdf, svg, freehand.<\/p>\n<div class=\"mceTemp\"><\/div>\n<figure id=\"attachment_3138\" aria-describedby=\"caption-attachment-3138\" style=\"width: 235px\" class=\"wp-caption alignnone\"><a href=\"http:\/\/www.bc-maps.com\/wp-content\/uploads\/2013\/10\/Manchester-mapa-vectorial-illustrator-eps.jpg\" target=\"_blank\" rel=\"noopener noreferrer\"><img loading=\"lazy\" decoding=\"async\" class=\"wp-image-3138 size-medium\" title=\"Manchester mapa vectorial illustrator eps\" src=\"http:\/\/www.bc-maps.com\/wp-content\/uploads\/2013\/10\/Manchester-mapa-vectorial-illustrator-eps-235x300.jpg\" alt=\"Manchester mapa vectorial illustrator eps\" width=\"235\" height=\"300\" srcset=\"https:\/\/www.bc-maps.com\/wp-content\/uploads\/2013\/10\/Manchester-mapa-vectorial-illustrator-eps-235x300.jpg 235w, https:\/\/www.bc-maps.com\/wp-content\/uploads\/2013\/10\/Manchester-mapa-vectorial-illustrator-eps-768x980.jpg 768w, https:\/\/www.bc-maps.com\/wp-content\/uploads\/2013\/10\/Manchester-mapa-vectorial-illustrator-eps-803x1024.jpg 803w, https:\/\/www.bc-maps.com\/wp-content\/uploads\/2013\/10\/Manchester-mapa-vectorial-illustrator-eps.jpg 1343w\" sizes=\"auto, (max-width: 235px) 100vw, 235px\" \/><\/a><figcaption id=\"caption-attachment-3138\" class=\"wp-caption-text\">Manchester mapa vectorial illustrator eps<\/figcaption><\/figure>\n<p>El contenido de informaci\u00f3n depender\u00e1 del tama\u00f1o de la zona y la escala o medidas de reproducci\u00f3n, ya que no trabajamos con textos inferiores a 5 puntos para que sean legibles.<\/p>\n","protected":false},"excerpt":{"rendered":"<p>Planos y mapas vectoriales de\u00a0Manchester Mapas vectoriales editables con de las calles de\u00a0Manchester Planos vectoriales de\u00a0Manchester Podemos crear cualquier tipo de mapa de la ciudad de Manchester, planos parciales, planos generales, planos de detalle\u2026etc. Formatos editables, textos y colores, estructurados por medio de capas de informaci\u00f3n, illustrator, eps, pdf, svg, freehand. El contenido de informaci\u00f3n &hellip; <a href=\"https:\/\/www.bc-maps.com\/mapa-vectorial-eps\/manchester-ilustrator\/\" class=\"more-link\">Seguir leyendo <span class=\"screen-reader-text\">Mapa en Illustrator de Manchester<\/span> <span class=\"meta-nav\">&rarr;<\/span><\/a><\/p>\n","protected":false},"author":1,"featured_media":2065,"parent":0,"menu_order":0,"comment_status":"closed","ping_status":"closed","template":"","meta":{"footnotes":""},"class_list":["post-2059","page","type-page","status-publish","has-post-thumbnail","hentry"],"_links":{"self":[{"href":"https:\/\/www.bc-maps.com\/mapa-vectorial-eps\/wp-json\/wp\/v2\/pages\/2059","targetHints":{"allow":["GET"]}}],"collection":[{"href":"https:\/\/www.bc-maps.com\/mapa-vectorial-eps\/wp-json\/wp\/v2\/pages"}],"about":[{"href":"https:\/\/www.bc-maps.com\/mapa-vectorial-eps\/wp-json\/wp\/v2\/types\/page"}],"author":[{"embeddable":true,"href":"https:\/\/www.bc-maps.com\/mapa-vectorial-eps\/wp-json\/wp\/v2\/users\/1"}],"replies":[{"embeddable":true,"href":"https:\/\/www.bc-maps.com\/mapa-vectorial-eps\/wp-json\/wp\/v2\/comments?post=2059"}],"version-history":[{"count":3,"href":"https:\/\/www.bc-maps.com\/mapa-vectorial-eps\/wp-json\/wp\/v2\/pages\/2059\/revisions"}],"predecessor-version":[{"id":3140,"href":"https:\/\/www.bc-maps.com\/mapa-vectorial-eps\/wp-json\/wp\/v2\/pages\/2059\/revisions\/3140"}],"wp:featuredmedia":[{"embeddable":true,"href":"https:\/\/www.bc-maps.com\/mapa-vectorial-eps\/wp-json\/wp\/v2\/media\/2065"}],"wp:attachment":[{"href":"https:\/\/www.bc-maps.com\/mapa-vectorial-eps\/wp-json\/wp\/v2\/media?parent=2059"}],"curies":[{"name":"wp","href":"https:\/\/api.w.org\/{rel}","templated":true}]}}