{"id":2058,"date":"2013-10-28T10:35:19","date_gmt":"2013-10-28T10:35:19","guid":{"rendered":"http:\/\/www.bc-maps.com\/mapa-vectorial-eps\/?page_id=2058"},"modified":"2018-10-04T15:01:32","modified_gmt":"2018-10-04T15:01:32","slug":"londres-ilustrator","status":"publish","type":"page","link":"https:\/\/www.bc-maps.com\/mapa-vectorial-eps\/mapas-vectoriales\/mapas-de-europa\/ciudades\/londres-ilustrator\/","title":{"rendered":"Mapa en Illustrator de Londres"},"content":{"rendered":"<h1>Planos y mapas vectoriales de\u00a0Londres<\/h1>\n<h2>Mapas vectoriales editables con de las calles de\u00a0Londres<\/h2>\n<h3>Planos vectoriales de\u00a0Londres<\/h3>\n<p>Podemos crear cualquier tipo de mapa de la ciudad de Londres, planos parciales, planos generales, planos de detalle\u2026etc.\u00a0en <a href=\"http:\/\/www.adobe.com\/es\">adobe illustrator<\/a><\/p>\n<p>Formatos editables, textos y colores, estructurados por medio de capas de informaci\u00f3n, illustrator, eps, pdf, svg, freehand.<\/p>\n<div class=\"mceTemp\"><\/div>\n<figure id=\"attachment_3121\" aria-describedby=\"caption-attachment-3121\" style=\"width: 300px\" class=\"wp-caption alignnone\"><a href=\"http:\/\/www.bc-maps.com\/wp-content\/uploads\/2013\/10\/Londres-mapa-vectorial-illustrator-eps.jpg\" target=\"_blank\" rel=\"noopener noreferrer\"><img loading=\"lazy\" decoding=\"async\" class=\"wp-image-3121 size-medium\" title=\"Londres mapa vectorial illustrator eps\" src=\"http:\/\/www.bc-maps.com\/wp-content\/uploads\/2013\/10\/Londres-mapa-vectorial-illustrator-eps-300x215.jpg\" alt=\"Londres mapa vectorial illustrator eps\" width=\"300\" height=\"215\" srcset=\"https:\/\/www.bc-maps.com\/wp-content\/uploads\/2013\/10\/Londres-mapa-vectorial-illustrator-eps-300x215.jpg 300w, https:\/\/www.bc-maps.com\/wp-content\/uploads\/2013\/10\/Londres-mapa-vectorial-illustrator-eps-768x551.jpg 768w, https:\/\/www.bc-maps.com\/wp-content\/uploads\/2013\/10\/Londres-mapa-vectorial-illustrator-eps-1024x734.jpg 1024w, https:\/\/www.bc-maps.com\/wp-content\/uploads\/2013\/10\/Londres-mapa-vectorial-illustrator-eps.jpg 1976w\" sizes=\"auto, (max-width: 300px) 100vw, 300px\" \/><\/a><figcaption id=\"caption-attachment-3121\" class=\"wp-caption-text\">Londres mapa vectorial illustrator eps<\/figcaption><\/figure>\n<p>El contenido de informaci\u00f3n depender\u00e1 del tama\u00f1o de la zona y la escala o medidas de reproducci\u00f3n, ya que no trabajamos con textos inferiores a 5 puntos para que sean legibles.<\/p>\n","protected":false},"excerpt":{"rendered":"<p>Planos y mapas vectoriales de\u00a0Londres Mapas vectoriales editables con de las calles de\u00a0Londres Planos vectoriales de\u00a0Londres Podemos crear cualquier tipo de mapa de la ciudad de Londres, planos parciales, planos generales, planos de detalle\u2026etc.\u00a0en adobe illustrator Formatos editables, textos y colores, estructurados por medio de capas de informaci\u00f3n, illustrator, eps, pdf, svg, freehand. El contenido &hellip; <a href=\"https:\/\/www.bc-maps.com\/mapa-vectorial-eps\/mapas-vectoriales\/mapas-de-europa\/ciudades\/londres-ilustrator\/\" class=\"more-link\">Seguir leyendo <span class=\"screen-reader-text\">Mapa en Illustrator de Londres<\/span> <span class=\"meta-nav\">&rarr;<\/span><\/a><\/p>\n","protected":false},"author":1,"featured_media":0,"parent":3611,"menu_order":0,"comment_status":"closed","ping_status":"closed","template":"","meta":{"footnotes":""},"class_list":["post-2058","page","type-page","status-publish","hentry"],"_links":{"self":[{"href":"https:\/\/www.bc-maps.com\/mapa-vectorial-eps\/wp-json\/wp\/v2\/pages\/2058","targetHints":{"allow":["GET"]}}],"collection":[{"href":"https:\/\/www.bc-maps.com\/mapa-vectorial-eps\/wp-json\/wp\/v2\/pages"}],"about":[{"href":"https:\/\/www.bc-maps.com\/mapa-vectorial-eps\/wp-json\/wp\/v2\/types\/page"}],"author":[{"embeddable":true,"href":"https:\/\/www.bc-maps.com\/mapa-vectorial-eps\/wp-json\/wp\/v2\/users\/1"}],"replies":[{"embeddable":true,"href":"https:\/\/www.bc-maps.com\/mapa-vectorial-eps\/wp-json\/wp\/v2\/comments?post=2058"}],"version-history":[{"count":4,"href":"https:\/\/www.bc-maps.com\/mapa-vectorial-eps\/wp-json\/wp\/v2\/pages\/2058\/revisions"}],"predecessor-version":[{"id":3640,"href":"https:\/\/www.bc-maps.com\/mapa-vectorial-eps\/wp-json\/wp\/v2\/pages\/2058\/revisions\/3640"}],"up":[{"embeddable":true,"href":"https:\/\/www.bc-maps.com\/mapa-vectorial-eps\/wp-json\/wp\/v2\/pages\/3611"}],"wp:attachment":[{"href":"https:\/\/www.bc-maps.com\/mapa-vectorial-eps\/wp-json\/wp\/v2\/media?parent=2058"}],"curies":[{"name":"wp","href":"https:\/\/api.w.org\/{rel}","templated":true}]}}