{"id":1788,"date":"2013-03-06T11:05:58","date_gmt":"2013-03-06T11:05:58","guid":{"rendered":"http:\/\/www.bc-maps.com\/mapa-vectorial-eps\/mapa-vectorizado-en-illustrator-de-buenos-aires\/"},"modified":"2018-10-04T16:06:23","modified_gmt":"2018-10-04T16:06:23","slug":"illustrator-rio-de-janeiro","status":"publish","type":"page","link":"https:\/\/www.bc-maps.com\/mapa-vectorial-eps\/illustrator-rio-de-janeiro\/","title":{"rendered":"Mapa vectorizado en Illustrator de Rio de Janeiro"},"content":{"rendered":"<h1>Planos y mapas vectoriales de Rio de Janeiro<\/h1>\n<h2>Mapas vectoriales editables<\/h2>\n<h3>Planos vectoriales de ciudades de Rio de Janeiro<\/h3>\n<p>Podemos crear cualquier tipo de mapa de la ciudad de Rio de Janeiro, planos parciales, planos generales, planos de detalle\u2026etc.<\/p>\n<p>El contenido de informaci\u00f3n depender\u00e1 del tama\u00f1o de la zona y la escala o medidas de reproducci\u00f3n, ya que no trabajamos con textos inferiores a 5 puntos para que sean legibles.<\/p>\n<p>El mapa vectorial se entrega siempre totalmente editable, textos como colores, y estructurado por medio de capas en formatos <a href=\"http:\/\/www.adobe.com\/es\">adobe illustrator<\/a>, freehand, corel o pdf.<\/p>\n<p>Creamos mapas de ciudades de todo el mundo para gu\u00edas de viajes, cat\u00e1logos, administraciones p\u00fablicas\u2026etc. por este motivo<\/p>\n<p>Un amplio abanico de empresas, en especial editoriales, y ayuntamientos disponen en los \u00faltimos a\u00f1os de mapas suministrados por nuestra empresa.<\/p>\n<p><span style=\"font-size: 16px; font-weight: 400;\">Podemos facilitar cualquier mapa o planos de ciudades Brasil en illustrator , elaboramos mapas vectoriales adapt\u00e1ndonos a la necesidad de cada cliente ,\u00a0BC Maps.<\/span><\/p>\n<figure id=\"attachment_3676\" aria-describedby=\"caption-attachment-3676\" style=\"width: 213px\" class=\"wp-caption alignnone\"><a href=\"http:\/\/www.bc-maps.com\/wp-content\/uploads\/2018\/10\/Rio-de-Janeiro-A4.jpg\" target=\"_blank\" rel=\"noopener\"><img loading=\"lazy\" decoding=\"async\" class=\"Rio de Janeiro mapa vectorial illustrator eps  wp-image-3676 size-medium\" title=\"Rio de Janeiro mapa vectorial illustrator eps \" src=\"http:\/\/www.bc-maps.com\/wp-content\/uploads\/2018\/10\/Rio-de-Janeiro-A4-213x300.jpg\" alt=\"Rio de Janeiro mapa vectorial illustrator eps \" width=\"213\" height=\"300\" srcset=\"https:\/\/www.bc-maps.com\/wp-content\/uploads\/2018\/10\/Rio-de-Janeiro-A4-213x300.jpg 213w, https:\/\/www.bc-maps.com\/wp-content\/uploads\/2018\/10\/Rio-de-Janeiro-A4-768x1083.jpg 768w, https:\/\/www.bc-maps.com\/wp-content\/uploads\/2018\/10\/Rio-de-Janeiro-A4-726x1024.jpg 726w, https:\/\/www.bc-maps.com\/wp-content\/uploads\/2018\/10\/Rio-de-Janeiro-A4.jpg 1198w\" sizes=\"auto, (max-width: 213px) 100vw, 213px\" \/><\/a><figcaption id=\"caption-attachment-3676\" class=\"wp-caption-text\">Rio de Janeiro mapa vectorial illustrator eps<\/figcaption><\/figure>\n","protected":false},"excerpt":{"rendered":"<p>Planos y mapas vectoriales de Rio de Janeiro Mapas vectoriales editables Planos vectoriales de ciudades de Rio de Janeiro Podemos crear cualquier tipo de mapa de la ciudad de Rio de Janeiro, planos parciales, planos generales, planos de detalle\u2026etc. El contenido de informaci\u00f3n depender\u00e1 del tama\u00f1o de la zona y la escala o medidas de &hellip; <a href=\"https:\/\/www.bc-maps.com\/mapa-vectorial-eps\/illustrator-rio-de-janeiro\/\" class=\"more-link\">Seguir leyendo <span class=\"screen-reader-text\">Mapa vectorizado en Illustrator de Rio de Janeiro<\/span> <span class=\"meta-nav\">&rarr;<\/span><\/a><\/p>\n","protected":false},"author":1,"featured_media":0,"parent":0,"menu_order":0,"comment_status":"closed","ping_status":"closed","template":"","meta":{"footnotes":""},"class_list":["post-1788","page","type-page","status-publish","hentry"],"_links":{"self":[{"href":"https:\/\/www.bc-maps.com\/mapa-vectorial-eps\/wp-json\/wp\/v2\/pages\/1788","targetHints":{"allow":["GET"]}}],"collection":[{"href":"https:\/\/www.bc-maps.com\/mapa-vectorial-eps\/wp-json\/wp\/v2\/pages"}],"about":[{"href":"https:\/\/www.bc-maps.com\/mapa-vectorial-eps\/wp-json\/wp\/v2\/types\/page"}],"author":[{"embeddable":true,"href":"https:\/\/www.bc-maps.com\/mapa-vectorial-eps\/wp-json\/wp\/v2\/users\/1"}],"replies":[{"embeddable":true,"href":"https:\/\/www.bc-maps.com\/mapa-vectorial-eps\/wp-json\/wp\/v2\/comments?post=1788"}],"version-history":[{"count":3,"href":"https:\/\/www.bc-maps.com\/mapa-vectorial-eps\/wp-json\/wp\/v2\/pages\/1788\/revisions"}],"predecessor-version":[{"id":3679,"href":"https:\/\/www.bc-maps.com\/mapa-vectorial-eps\/wp-json\/wp\/v2\/pages\/1788\/revisions\/3679"}],"wp:attachment":[{"href":"https:\/\/www.bc-maps.com\/mapa-vectorial-eps\/wp-json\/wp\/v2\/media?parent=1788"}],"curies":[{"name":"wp","href":"https:\/\/api.w.org\/{rel}","templated":true}]}}