{"id":1541,"date":"2012-06-19T10:01:48","date_gmt":"2012-06-19T10:01:48","guid":{"rendered":"http:\/\/www.bc-maps.com\/mapa-vectorial-eps\/"},"modified":"2023-06-15T16:56:06","modified_gmt":"2023-06-15T16:56:06","slug":"mapa-brasil-ilustrator","status":"publish","type":"page","link":"https:\/\/www.bc-maps.com\/mapa-vectorial-eps\/mapa-brasil-ilustrator\/","title":{"rendered":"Brasil mapa politico y carreteras en Illustrator"},"content":{"rendered":"<h1>Mapas vectoriales de Brasil<\/h1>\n<h2>Planos\u00a0editables eps illustrator politicos y de carreteras de Brasil<\/h2>\n<h3>Mapas digitales de regiones y estados<\/h3>\n<p>Podemos crear cualquier tipo de mapa de Brasil, mapas parciales, mapas generales, mapas tem\u00e1ticos\u2026etc.<\/p>\n<p>Un <strong>mapa vectorial en illustrator eps<\/strong> de <b>Brasil <\/b>es un archivo digital que representa gr\u00e1ficamente la geograf\u00eda, la infraestructura y otros elementos geoespaciales del pa\u00eds en forma de vectores.<\/p>\n<p>Los mapas se entregan en formatos editables <strong><a href=\"http:\/\/www.adobe.es\">adobe<\/a> illustrator, eps<\/strong><\/p>\n<p>Estas son algunas de las caracter\u00edsticas comunes de un mapa vectorial:<\/p>\n<p>1. Escalabilidad: Los mapas vectoriales son escalables, lo que significa que se pueden ampliar o reducir sin perder calidad.<\/p>\n<p>2. Geometr\u00eda precisa: Los elementos en un mapa vectorial se representan mediante formas geom\u00e9tricas, como l\u00edneas, puntos y pol\u00edgonos. Estas formas se definen matem\u00e1ticamente, lo que garantiza una representaci\u00f3n precisa de la geograf\u00eda y las caracter\u00edsticas del terreno.<\/p>\n<p>3. Capas y atributos: Un mapa vectorial puede contener diferentes capas que representan diferentes tipos de informaci\u00f3n, como carreteras, r\u00edos, edificios, \u00e1reas verdes, entre otros. .<\/p>\n<p>4. Edici\u00f3n y personalizaci\u00f3n: Los mapas vectoriales son editables, lo que permite agregar, eliminar o modificar elementos seg\u00fan las necesidades del usuario. Tambi\u00e9n se pueden personalizar mediante la selecci\u00f3n de colores, estilos de l\u00ednea y s\u00edmbolos.<\/p>\n<p>5. Compatibilidad: Los mapas vectoriales suelen estar disponibles en formatos est\u00e1ndar, como SVG (Scalable Vector Graphics), AI (Adobe Illustrator), EPS (Encapsulated PostScript) o DXF (Drawing Exchange Format), lo que permite su visualizaci\u00f3n y edici\u00f3n en diferentes software de dise\u00f1o y cartograf\u00eda.<\/p>\n<p>Estas caracter\u00edsticas hacen que los mapas vectoriales sean \u00fatiles para an\u00e1lisis espacial, planificaci\u00f3n urbana, navegaci\u00f3n, representaci\u00f3n cartogr\u00e1fica y otras aplicaciones donde la precisi\u00f3n y la flexibilidad son importantes.<\/p>\n<p>El contenido de informaci\u00f3n depender\u00e1 del tama\u00f1o de la zona y la escala o medidas de reproducci\u00f3n, ya que no trabajamos con textos inferiores a 5 puntos para que sean legibles.<\/p>\n<figure id=\"attachment_2922\" aria-describedby=\"caption-attachment-2922\" style=\"width: 300px\" class=\"wp-caption alignnone\"><a href=\"http:\/\/www.bc-maps.com\/wp-content\/uploads\/2012\/06\/GH-SAT-BRASIL-2.jpg\" target=\"_blank\" rel=\"noopener noreferrer\"><img loading=\"lazy\" decoding=\"async\" class=\"wp-image-2922 size-medium\" title=\"Brasil mapa vectorial illustrator eps\" src=\"http:\/\/www.bc-maps.com\/wp-content\/uploads\/2012\/06\/GH-SAT-BRASIL-2-300x300.jpg\" alt=\"Brasil mapa vectorial illustrator eps\" width=\"300\" height=\"300\" srcset=\"https:\/\/www.bc-maps.com\/wp-content\/uploads\/2012\/06\/GH-SAT-BRASIL-2-300x300.jpg 300w, https:\/\/www.bc-maps.com\/wp-content\/uploads\/2012\/06\/GH-SAT-BRASIL-2-150x150.jpg 150w, https:\/\/www.bc-maps.com\/wp-content\/uploads\/2012\/06\/GH-SAT-BRASIL-2-768x768.jpg 768w, https:\/\/www.bc-maps.com\/wp-content\/uploads\/2012\/06\/GH-SAT-BRASIL-2-1024x1024.jpg 1024w, https:\/\/www.bc-maps.com\/wp-content\/uploads\/2012\/06\/GH-SAT-BRASIL-2.jpg 1701w\" sizes=\"auto, (max-width: 300px) 100vw, 300px\" \/><\/a><figcaption id=\"caption-attachment-2922\" class=\"wp-caption-text\">Brasil mapa vectorial illustrator eps<\/figcaption><\/figure>\n<p><strong>REGI\u00d3N NORTE<\/strong><\/p>\n<p><strong>Estados<\/strong>:<\/p>\n<p>Acre, Amap\u00e1, Amazonas, Par\u00e1, Rond\u00f4nia, Roraima, Tocantins.<\/p>\n<p><strong>Ciudades m\u00e1s importantes:<\/strong><\/p>\n<p>Manaos, Bel\u00e9m, Ananindeua, Porto Velho, Macap\u00e1, Santar\u00e9m, Rio Branco, Boa Vista, Palamas.<\/p>\n<p><strong>REGi\u00d3N NORDESTE<\/strong><\/p>\n<p><strong>Estados:<\/strong><\/p>\n<p>Alagoas, Bah\u00eda, Cear\u00e1, Maranh\u00e3o, Para\u00edba, Pernambuco, Piau\u00ed, Rio Grande do Norte, Sergipe.<\/p>\n<p><strong>Ciudades m\u00e1s importantes:<\/strong><\/p>\n<p>Salvador, Fortaleza, Recife, S\u00e3o Lu\u00eds, Macei\u00f3, Natal, Teresina, Jo\u00e3o Pessoa, Jaboat\u00e3o dos Guararapes, Feira de Santana, Aracaju, Olinda, Campina Grande.<\/p>\n<p><strong>REGI\u00d3N CENTRO-OESTE<\/strong><\/p>\n<p><strong>Estados:<\/strong><\/p>\n<p>Goi\u00e1s, Mato Grosso, Mato Grosso do Sul, Distrito Federal.<\/p>\n<p><strong>Ciudades m\u00e1s importantes:<\/strong><\/p>\n<p>Bras\u00edlia, Goi\u00e2nia, Campo Grande, Cuiab\u00e1, Aparecida de Goi\u00e2nia, An\u00e1polis,<\/p>\n<p><strong>REGi\u00d3N SUDESTE<\/strong><\/p>\n<p><strong>Estados:<\/strong> Esp\u00edrito Santo, Minas Gerais, <a href=\"https:\/\/www.bc-maps.com\/mapa-vectorial-eps\/illustrator-rio-janeiro-corel-eps-2\/\" target=\"_self\" rel=\"noopener\">R\u00edo de Janeiro<\/a>, S\u00e3o Paulo.<\/p>\n<p><strong>Ciudades m\u00e1s importantes:<\/strong><\/p>\n<p>S\u00e3o Paulo, R\u00edo de Janeir,\u00a0 Belo Horizonte, Guarulhos, Campinas, S\u00e3o Gon\u00e7alo, Duque de Caxias,<\/p>\n<p>Nova Igua\u00e7u, S\u00e3o Bernardo do Campo, Osasco, Santo Andr\u00e9, Uberl\u00e2ndia, Contagem,<\/p>\n<p>S\u00e3o Jos\u00e9 dos Campos, Sorocaba, Ribeir\u00e3o Preto, Juiz de Fora, Belford, Roxo, Niter\u00f3i, S\u00e3o Jo\u00e3o de Meriti, Betim, Campos dos Goytacazes.<\/p>\n<p><strong>REGi\u00d3N SUR<\/strong><\/p>\n<p><strong>Estados:<\/strong> Paran\u00e1, Rio Grande do Sul, Santa Catarina.<\/p>\n<p><strong> Ciudades m\u00e1s importantes:<\/strong><\/p>\n<p>Curitiba, Porto Alegre, Londrina, Joinville, Caxias do Sul, Florian\u00f3polis, Pelotas, Canoas, Maring\u00e1, Ponta Grossa, Blumenau, Cascavel, Foz do Igua\u00e7u, Santa Maria, Rio Grande.<\/p>\n","protected":false},"excerpt":{"rendered":"<p>Mapas vectoriales de Brasil Planos\u00a0editables eps illustrator politicos y de carreteras de Brasil Mapas digitales de regiones y estados Podemos crear cualquier tipo de mapa de Brasil, mapas parciales, mapas generales, mapas tem\u00e1ticos\u2026etc. Un mapa vectorial en illustrator eps de Brasil es un archivo digital que representa gr\u00e1ficamente la geograf\u00eda, la infraestructura y otros elementos &hellip; <a href=\"https:\/\/www.bc-maps.com\/mapa-vectorial-eps\/mapa-brasil-ilustrator\/\" class=\"more-link\">Seguir leyendo <span class=\"screen-reader-text\">Brasil mapa politico y carreteras en Illustrator<\/span> <span class=\"meta-nav\">&rarr;<\/span><\/a><\/p>\n","protected":false},"author":1,"featured_media":2922,"parent":0,"menu_order":0,"comment_status":"closed","ping_status":"closed","template":"","meta":{"footnotes":""},"class_list":["post-1541","page","type-page","status-publish","has-post-thumbnail","hentry"],"_links":{"self":[{"href":"https:\/\/www.bc-maps.com\/mapa-vectorial-eps\/wp-json\/wp\/v2\/pages\/1541","targetHints":{"allow":["GET"]}}],"collection":[{"href":"https:\/\/www.bc-maps.com\/mapa-vectorial-eps\/wp-json\/wp\/v2\/pages"}],"about":[{"href":"https:\/\/www.bc-maps.com\/mapa-vectorial-eps\/wp-json\/wp\/v2\/types\/page"}],"author":[{"embeddable":true,"href":"https:\/\/www.bc-maps.com\/mapa-vectorial-eps\/wp-json\/wp\/v2\/users\/1"}],"replies":[{"embeddable":true,"href":"https:\/\/www.bc-maps.com\/mapa-vectorial-eps\/wp-json\/wp\/v2\/comments?post=1541"}],"version-history":[{"count":6,"href":"https:\/\/www.bc-maps.com\/mapa-vectorial-eps\/wp-json\/wp\/v2\/pages\/1541\/revisions"}],"predecessor-version":[{"id":5288,"href":"https:\/\/www.bc-maps.com\/mapa-vectorial-eps\/wp-json\/wp\/v2\/pages\/1541\/revisions\/5288"}],"wp:featuredmedia":[{"embeddable":true,"href":"https:\/\/www.bc-maps.com\/mapa-vectorial-eps\/wp-json\/wp\/v2\/media\/2922"}],"wp:attachment":[{"href":"https:\/\/www.bc-maps.com\/mapa-vectorial-eps\/wp-json\/wp\/v2\/media?parent=1541"}],"curies":[{"name":"wp","href":"https:\/\/api.w.org\/{rel}","templated":true}]}}