{"id":1522,"date":"2012-06-15T12:23:11","date_gmt":"2012-06-15T12:23:11","guid":{"rendered":"http:\/\/www.bc-maps.com\/mapa-vectorial-eps\/"},"modified":"2018-10-04T16:00:51","modified_gmt":"2018-10-04T16:00:51","slug":"illustrator-mexico-df","status":"publish","type":"page","link":"https:\/\/www.bc-maps.com\/mapa-vectorial-eps\/illustrator-mexico-df\/","title":{"rendered":"Mapa vectorizado en Illustrator de M\u00e9xico DF"},"content":{"rendered":"<h1>Planos y mapas vectoriales de M\u00e9xico DF<\/h1>\n<h2>Mapas vectoriales editables<\/h2>\n<h3>Planos vectoriales de M\u00e9xico DF<\/h3>\n<p>Podemos crear cualquier tipo de mapa de la ciudad de M\u00e9xico DF, planos parciales, planos generales, planos de detalle\u2026etc.<\/p>\n<p>El contenido de informaci\u00f3n depender\u00e1 del tama\u00f1o de la zona y la escala o medidas de reproducci\u00f3n, ya que no trabajamos con textos inferiores a 5 puntos para que sean legibles.<\/p>\n<p>El mapa vectorial se entrega siempre totalmente editable, textos como colores, y estructurado por medio de capas en formatos <a href=\"http:\/\/www.adobe.com\/es\">adobe illustrator<\/a>, freehand, corel o pdf.<\/p>\n<figure id=\"attachment_3398\" aria-describedby=\"caption-attachment-3398\" style=\"width: 232px\" class=\"wp-caption alignnone\"><a href=\"http:\/\/www.bc-maps.com\/wp-content\/uploads\/2010\/11\/AM-DF.jpg\" target=\"_blank\" rel=\"noopener\"><img loading=\"lazy\" decoding=\"async\" class=\"Mapa vectorial Area metropolitana DF wp-image-3398 size-medium\" title=\"Mapa vectorial Area metropolitana DF\" src=\"http:\/\/www.bc-maps.com\/wp-content\/uploads\/2010\/11\/AM-DF-232x300.jpg\" alt=\"Mapa vectorial Area metropolitana DF\" width=\"232\" height=\"300\" srcset=\"https:\/\/www.bc-maps.com\/wp-content\/uploads\/2010\/11\/AM-DF-232x300.jpg 232w, https:\/\/www.bc-maps.com\/wp-content\/uploads\/2010\/11\/AM-DF-768x993.jpg 768w, https:\/\/www.bc-maps.com\/wp-content\/uploads\/2010\/11\/AM-DF-792x1024.jpg 792w, https:\/\/www.bc-maps.com\/wp-content\/uploads\/2010\/11\/AM-DF.jpg 1222w\" sizes=\"auto, (max-width: 232px) 100vw, 232px\" \/><\/a><figcaption id=\"caption-attachment-3398\" class=\"wp-caption-text\">Mapa vectorial Area metropolitana DF<\/figcaption><\/figure>\n<figure id=\"attachment_3674\" aria-describedby=\"caption-attachment-3674\" style=\"width: 300px\" class=\"wp-caption alignnone\"><a href=\"http:\/\/www.bc-maps.com\/wp-content\/uploads\/2018\/10\/CENTRO-MEXICO-DF.jpg\" target=\"_blank\" rel=\"noopener\"><img loading=\"lazy\" decoding=\"async\" class=\"Mapa vectorial centro DF wp-image-3674 size-medium\" title=\"Mapa vectorial centro DF\" src=\"http:\/\/www.bc-maps.com\/wp-content\/uploads\/2018\/10\/CENTRO-MEXICO-DF-300x219.jpg\" alt=\"Mapa vectorial centro DF\" width=\"300\" height=\"219\" srcset=\"https:\/\/www.bc-maps.com\/wp-content\/uploads\/2018\/10\/CENTRO-MEXICO-DF-300x219.jpg 300w, https:\/\/www.bc-maps.com\/wp-content\/uploads\/2018\/10\/CENTRO-MEXICO-DF-768x561.jpg 768w, https:\/\/www.bc-maps.com\/wp-content\/uploads\/2018\/10\/CENTRO-MEXICO-DF-1024x748.jpg 1024w, https:\/\/www.bc-maps.com\/wp-content\/uploads\/2018\/10\/CENTRO-MEXICO-DF.jpg 1796w\" sizes=\"auto, (max-width: 300px) 100vw, 300px\" \/><\/a><figcaption id=\"caption-attachment-3674\" class=\"wp-caption-text\">Mapa vectorial centro DF<\/figcaption><\/figure>\n<div class=\"mceTemp\" style=\"text-align: -webkit-auto;\"><\/div>\n","protected":false},"excerpt":{"rendered":"<p>Planos y mapas vectoriales de M\u00e9xico DF Mapas vectoriales editables Planos vectoriales de M\u00e9xico DF Podemos crear cualquier tipo de mapa de la ciudad de M\u00e9xico DF, planos parciales, planos generales, planos de detalle\u2026etc. El contenido de informaci\u00f3n depender\u00e1 del tama\u00f1o de la zona y la escala o medidas de reproducci\u00f3n, ya que no trabajamos &hellip; <a href=\"https:\/\/www.bc-maps.com\/mapa-vectorial-eps\/illustrator-mexico-df\/\" class=\"more-link\">Seguir leyendo <span class=\"screen-reader-text\">Mapa vectorizado en Illustrator de M\u00e9xico DF<\/span> <span class=\"meta-nav\">&rarr;<\/span><\/a><\/p>\n","protected":false},"author":1,"featured_media":0,"parent":0,"menu_order":0,"comment_status":"closed","ping_status":"closed","template":"","meta":{"footnotes":""},"class_list":["post-1522","page","type-page","status-publish","hentry"],"_links":{"self":[{"href":"https:\/\/www.bc-maps.com\/mapa-vectorial-eps\/wp-json\/wp\/v2\/pages\/1522","targetHints":{"allow":["GET"]}}],"collection":[{"href":"https:\/\/www.bc-maps.com\/mapa-vectorial-eps\/wp-json\/wp\/v2\/pages"}],"about":[{"href":"https:\/\/www.bc-maps.com\/mapa-vectorial-eps\/wp-json\/wp\/v2\/types\/page"}],"author":[{"embeddable":true,"href":"https:\/\/www.bc-maps.com\/mapa-vectorial-eps\/wp-json\/wp\/v2\/users\/1"}],"replies":[{"embeddable":true,"href":"https:\/\/www.bc-maps.com\/mapa-vectorial-eps\/wp-json\/wp\/v2\/comments?post=1522"}],"version-history":[{"count":3,"href":"https:\/\/www.bc-maps.com\/mapa-vectorial-eps\/wp-json\/wp\/v2\/pages\/1522\/revisions"}],"predecessor-version":[{"id":3675,"href":"https:\/\/www.bc-maps.com\/mapa-vectorial-eps\/wp-json\/wp\/v2\/pages\/1522\/revisions\/3675"}],"wp:attachment":[{"href":"https:\/\/www.bc-maps.com\/mapa-vectorial-eps\/wp-json\/wp\/v2\/media?parent=1522"}],"curies":[{"name":"wp","href":"https:\/\/api.w.org\/{rel}","templated":true}]}}