{"id":1511,"date":"2012-06-15T12:02:07","date_gmt":"2012-06-15T12:02:07","guid":{"rendered":"http:\/\/www.bc-maps.com\/mapa-vectorial-eps\/"},"modified":"2018-10-04T15:55:31","modified_gmt":"2018-10-04T15:55:31","slug":"illustrator-buenos-aires","status":"publish","type":"page","link":"https:\/\/www.bc-maps.com\/mapa-vectorial-eps\/illustrator-buenos-aires\/","title":{"rendered":"Mapa vectorizado en Illustrator de Buenos Aires"},"content":{"rendered":"<h1>Planos y mapas vectoriales de Buenos Aires<\/h1>\n<h2>Mapas vectoriales editables<\/h2>\n<h3>Planos vectoriales de ciudades de Buenos Aires<\/h3>\n<p>Podemos crear cualquier tipo de mapa de la ciudad de Buenos Aires, planos parciales, planos generales, planos de detalle\u2026etc.<\/p>\n<p>El contenido de informaci\u00f3n depender\u00e1 del tama\u00f1o de la zona y la escala o medidas de reproducci\u00f3n, ya que no trabajamos con textos inferiores a 5 puntos para que sean legibles.<\/p>\n<p>El mapa vectorial se entrega siempre totalmente editable, textos como colores, y estructurado por medio de capas en formatos <a href=\"http:\/\/www.adobe.com\/es\">adobe illustrator<\/a>, freehand, corel o pdf.<\/p>\n<figure id=\"attachment_2891\" aria-describedby=\"caption-attachment-2891\" style=\"width: 300px\" class=\"wp-caption alignnone\"><a href=\"http:\/\/www.bc-maps.com\/wp-content\/uploads\/2012\/06\/BUENOS-AIRES-MAPA-VECTOR-1.jpg\" target=\"_blank\" rel=\"noopener\"><img loading=\"lazy\" decoding=\"async\" class=\"Buenos Aires mapa vectorial illustrator eps wp-image-2891 size-medium\" title=\"Buenos Aires mapa vectorial illustrator eps\" src=\"http:\/\/www.bc-maps.com\/wp-content\/uploads\/2012\/06\/BUENOS-AIRES-MAPA-VECTOR-1-300x178.jpg\" alt=\"Buenos Aires mapa vectorial illustrator eps\" width=\"300\" height=\"178\" srcset=\"https:\/\/www.bc-maps.com\/wp-content\/uploads\/2012\/06\/BUENOS-AIRES-MAPA-VECTOR-1-300x178.jpg 300w, https:\/\/www.bc-maps.com\/wp-content\/uploads\/2012\/06\/BUENOS-AIRES-MAPA-VECTOR-1-768x457.jpg 768w, https:\/\/www.bc-maps.com\/wp-content\/uploads\/2012\/06\/BUENOS-AIRES-MAPA-VECTOR-1-1024x609.jpg 1024w\" sizes=\"auto, (max-width: 300px) 100vw, 300px\" \/><\/a><figcaption id=\"caption-attachment-2891\" class=\"wp-caption-text\">Buenos Aires mapa vectorial illustrator eps<\/figcaption><\/figure>\n","protected":false},"excerpt":{"rendered":"<p>Planos y mapas vectoriales de Buenos Aires Mapas vectoriales editables Planos vectoriales de ciudades de Buenos Aires Podemos crear cualquier tipo de mapa de la ciudad de Buenos Aires, planos parciales, planos generales, planos de detalle\u2026etc. El contenido de informaci\u00f3n depender\u00e1 del tama\u00f1o de la zona y la escala o medidas de reproducci\u00f3n, ya que &hellip; <a href=\"https:\/\/www.bc-maps.com\/mapa-vectorial-eps\/illustrator-buenos-aires\/\" class=\"more-link\">Seguir leyendo <span class=\"screen-reader-text\">Mapa vectorizado en Illustrator de Buenos Aires<\/span> <span class=\"meta-nav\">&rarr;<\/span><\/a><\/p>\n","protected":false},"author":1,"featured_media":0,"parent":0,"menu_order":0,"comment_status":"closed","ping_status":"closed","template":"","meta":{"footnotes":""},"class_list":["post-1511","page","type-page","status-publish","hentry"],"_links":{"self":[{"href":"https:\/\/www.bc-maps.com\/mapa-vectorial-eps\/wp-json\/wp\/v2\/pages\/1511","targetHints":{"allow":["GET"]}}],"collection":[{"href":"https:\/\/www.bc-maps.com\/mapa-vectorial-eps\/wp-json\/wp\/v2\/pages"}],"about":[{"href":"https:\/\/www.bc-maps.com\/mapa-vectorial-eps\/wp-json\/wp\/v2\/types\/page"}],"author":[{"embeddable":true,"href":"https:\/\/www.bc-maps.com\/mapa-vectorial-eps\/wp-json\/wp\/v2\/users\/1"}],"replies":[{"embeddable":true,"href":"https:\/\/www.bc-maps.com\/mapa-vectorial-eps\/wp-json\/wp\/v2\/comments?post=1511"}],"version-history":[{"count":3,"href":"https:\/\/www.bc-maps.com\/mapa-vectorial-eps\/wp-json\/wp\/v2\/pages\/1511\/revisions"}],"predecessor-version":[{"id":3672,"href":"https:\/\/www.bc-maps.com\/mapa-vectorial-eps\/wp-json\/wp\/v2\/pages\/1511\/revisions\/3672"}],"wp:attachment":[{"href":"https:\/\/www.bc-maps.com\/mapa-vectorial-eps\/wp-json\/wp\/v2\/media?parent=1511"}],"curies":[{"name":"wp","href":"https:\/\/api.w.org\/{rel}","templated":true}]}}