{"id":1483,"date":"2012-06-15T10:32:20","date_gmt":"2012-06-15T10:32:20","guid":{"rendered":"http:\/\/www.bc-maps.com\/mapa-vectorial-eps\/"},"modified":"2023-06-16T14:58:06","modified_gmt":"2023-06-16T14:58:06","slug":"india-ilustrator","status":"publish","type":"page","link":"https:\/\/www.bc-maps.com\/mapa-vectorial-eps\/india-ilustrator\/","title":{"rendered":"India mapa politico y carreteras en Illustrator"},"content":{"rendered":"<h1>Mapas vectoriales de India<\/h1>\n<h2>Planos\u00a0editables eps illustrator politicos y de carreteras de India<\/h2>\n<h2>Mapas digitales de regiones de India<\/h2>\n<p>Podemos crear cualquier tipo de mapa de la India\u00a0mapas de ciudades, mapas de\u00a0provincias.<\/p>\n<p>Un <strong>mapa vectorial en illustrator eps<\/strong> de <strong>India<\/strong> es un archivo digital que representa gr\u00e1ficamente la geograf\u00eda, la infraestructura y otros elementos geoespaciales del pa\u00eds en forma de vectores.<\/p>\n<p>Los mapas se entregan en formatos editables <strong><a href=\"http:\/\/www.adobe.es\">adobe<\/a> illustrator, eps<\/strong><\/p>\n<p>Estas son algunas de las caracter\u00edsticas comunes de un mapa vectorial:<\/p>\n<p>1. Escalabilidad: Los mapas vectoriales son escalables, lo que significa que se pueden ampliar o reducir sin perder calidad.<\/p>\n<p>2. Geometr\u00eda precisa: Los elementos en un mapa vectorial se representan mediante formas geom\u00e9tricas, como l\u00edneas, puntos y pol\u00edgonos. Estas formas se definen matem\u00e1ticamente, lo que garantiza una representaci\u00f3n precisa de la geograf\u00eda y las caracter\u00edsticas del terreno.<\/p>\n<p>3. Capas y atributos: Un mapa vectorial puede contener diferentes capas que representan diferentes tipos de informaci\u00f3n, como carreteras, r\u00edos, edificios, \u00e1reas verdes, entre otros. .<\/p>\n<p>4. Edici\u00f3n y personalizaci\u00f3n: Los mapas vectoriales son editables, lo que permite agregar, eliminar o modificar elementos seg\u00fan las necesidades del usuario. Tambi\u00e9n se pueden personalizar mediante la selecci\u00f3n de colores, estilos de l\u00ednea y s\u00edmbolos.<\/p>\n<p>5. Compatibilidad: Los mapas vectoriales suelen estar disponibles en formatos est\u00e1ndar, como SVG (Scalable Vector Graphics), AI (Adobe Illustrator), EPS (Encapsulated PostScript) o DXF (Drawing Exchange Format), lo que permite su visualizaci\u00f3n y edici\u00f3n en diferentes software de dise\u00f1o y cartograf\u00eda.<\/p>\n<p>Estas caracter\u00edsticas hacen que los mapas vectoriales sean \u00fatiles para an\u00e1lisis espacial, planificaci\u00f3n urbana, navegaci\u00f3n, representaci\u00f3n cartogr\u00e1fica y otras aplicaciones donde la precisi\u00f3n y la flexibilidad son importantes.<\/p>\n<p>Los mapas de ciudades pueden contener el nombre de todas las calles o solo las principales, as\u00ed como los lugares de inter\u00e9s m\u00e1s importantes.<\/p>\n<p>El contenido de informaci\u00f3n depender\u00e1 del tama\u00f1o de la zona y la escala o medidas de reproducci\u00f3n, ya que no trabajamos con textos inferiores a 5 puntos para que sean legibles.<\/p>\n<p>Todos nuestros mapas est\u00e1n estructurados por medio de capas y son totalmente editables, colores y textos.<\/p>\n<p>Los mapas son libres de derechos de reproducci\u00f3n, incluyendo nuestro copyright, s\u00f3lo pagar\u00e1 por ellos una vez independientemente de los usos que realice.<\/p>\n<figure id=\"attachment_2988\" aria-describedby=\"caption-attachment-2988\" style=\"width: 300px\" class=\"wp-caption alignnone\"><a href=\"http:\/\/www.bc-maps.com\/wp-content\/uploads\/2012\/06\/GH-SAT-INDIA.jpg\" target=\"_blank\" rel=\"noopener noreferrer\"><img loading=\"lazy\" decoding=\"async\" class=\"wp-image-2988 size-medium\" title=\"India mapa vectorial illustrator eps\" src=\"http:\/\/www.bc-maps.com\/wp-content\/uploads\/2012\/06\/GH-SAT-INDIA-300x300.jpg\" alt=\"India mapa vectorial illustrator eps\" width=\"300\" height=\"300\" srcset=\"https:\/\/www.bc-maps.com\/wp-content\/uploads\/2012\/06\/GH-SAT-INDIA-300x300.jpg 300w, https:\/\/www.bc-maps.com\/wp-content\/uploads\/2012\/06\/GH-SAT-INDIA-150x150.jpg 150w, https:\/\/www.bc-maps.com\/wp-content\/uploads\/2012\/06\/GH-SAT-INDIA-768x768.jpg 768w, https:\/\/www.bc-maps.com\/wp-content\/uploads\/2012\/06\/GH-SAT-INDIA-1024x1024.jpg 1024w\" sizes=\"auto, (max-width: 300px) 100vw, 300px\" \/><\/a><figcaption id=\"caption-attachment-2988\" class=\"wp-caption-text\">India mapa vectorial illustrator eps<\/figcaption><\/figure>\n<p><strong>ESTADOS<\/strong><\/p>\n<p>Andhra Pradesh, Arunachal Pradesh, Assam, Bengala Occidental, Bihar, Chhattisgarh, Goa, Guyarat, Hariana, Himachal Pradesh, Jammu y Cachemira, Jharkhand, Karnataka, Kerala, Madhya Pradesh, Maharastra, Manipur, Megalaya, Mizor\u00e1n, Nagaland, Orissa, Panyab, Rajast\u00e1n, Sikkim, Tamil Nadu, Tripura, Uttar Pradesh, Uttaranchal.<\/p>\n<p><strong>Territorios de la Uni\u00f3n<\/strong><\/p>\n<p>Islas Andam\u00e1n y Nicobar, Chandigarh, Dadra y Nagar Haveli, Dam\u00e1n y Diu, Laquedivas, Pondicherry<\/p>\n<p><strong>Principales ciudades<\/strong><\/p>\n<p>Delhi, Ahmedabad, Bangalore, Bhopal, Bombay, Calcuta, Chennai, Hyderabad, Indore, Jaipur, Kanpur, Lucknow, Ludhi\u0101na, Meerut, Nagpur, Nashik, Patna, Pune, Surat, Vadodara.<\/p>\n","protected":false},"excerpt":{"rendered":"<p>Mapas vectoriales de India Planos\u00a0editables eps illustrator politicos y de carreteras de India Mapas digitales de regiones de India Podemos crear cualquier tipo de mapa de la India\u00a0mapas de ciudades, mapas de\u00a0provincias. Un mapa vectorial en illustrator eps de India es un archivo digital que representa gr\u00e1ficamente la geograf\u00eda, la infraestructura y otros elementos geoespaciales &hellip; <a href=\"https:\/\/www.bc-maps.com\/mapa-vectorial-eps\/india-ilustrator\/\" class=\"more-link\">Seguir leyendo <span class=\"screen-reader-text\">India mapa politico y carreteras en Illustrator<\/span> <span class=\"meta-nav\">&rarr;<\/span><\/a><\/p>\n","protected":false},"author":1,"featured_media":2988,"parent":0,"menu_order":0,"comment_status":"closed","ping_status":"closed","template":"","meta":{"footnotes":""},"class_list":["post-1483","page","type-page","status-publish","has-post-thumbnail","hentry"],"_links":{"self":[{"href":"https:\/\/www.bc-maps.com\/mapa-vectorial-eps\/wp-json\/wp\/v2\/pages\/1483","targetHints":{"allow":["GET"]}}],"collection":[{"href":"https:\/\/www.bc-maps.com\/mapa-vectorial-eps\/wp-json\/wp\/v2\/pages"}],"about":[{"href":"https:\/\/www.bc-maps.com\/mapa-vectorial-eps\/wp-json\/wp\/v2\/types\/page"}],"author":[{"embeddable":true,"href":"https:\/\/www.bc-maps.com\/mapa-vectorial-eps\/wp-json\/wp\/v2\/users\/1"}],"replies":[{"embeddable":true,"href":"https:\/\/www.bc-maps.com\/mapa-vectorial-eps\/wp-json\/wp\/v2\/comments?post=1483"}],"version-history":[{"count":4,"href":"https:\/\/www.bc-maps.com\/mapa-vectorial-eps\/wp-json\/wp\/v2\/pages\/1483\/revisions"}],"predecessor-version":[{"id":5352,"href":"https:\/\/www.bc-maps.com\/mapa-vectorial-eps\/wp-json\/wp\/v2\/pages\/1483\/revisions\/5352"}],"wp:featuredmedia":[{"embeddable":true,"href":"https:\/\/www.bc-maps.com\/mapa-vectorial-eps\/wp-json\/wp\/v2\/media\/2988"}],"wp:attachment":[{"href":"https:\/\/www.bc-maps.com\/mapa-vectorial-eps\/wp-json\/wp\/v2\/media?parent=1483"}],"curies":[{"name":"wp","href":"https:\/\/api.w.org\/{rel}","templated":true}]}}